{"id":16715,"date":"2023-08-02T13:46:42","date_gmt":"2023-08-02T11:46:42","guid":{"rendered":"https:\/\/www.md-elektronik.com\/?page_id=16715"},"modified":"2026-03-19T08:39:15","modified_gmt":"2026-03-19T07:39:15","slug":"messen-und-kongresse","status":"publish","type":"page","link":"https:\/\/www.md-elektronik.com\/de\/aktuelles\/messen-und-kongresse\/","title":{"rendered":"Messen und Kongresse"},"content":{"rendered":"\n\n\t<section class=\"section\" id=\"section_2054811215\">\n\t\t<div class=\"section-bg fill\" >\n\t\t\t\t\t\t\t\t\t\n\t\t\t\n\n\t\t<\/div>\n\n\t\t\n\n\t\t<div class=\"section-content relative\">\n\t\t\t\n\n<div class=\"row row-collapse row-full-width align-middle\"  id=\"row-1301127362\">\n\n\n\t<div id=\"col-1988251881\" class=\"col hide-for-small medium-12 small-12 large-6\"  data-animate=\"fadeInUp\">\n\t\t\t\t<div class=\"col-inner text-center\"  >\n\t\t\t\n\t\t\t\n\n\t<div class=\"img has-hover x md-x lg-x y md-y lg-y\" id=\"image_1022991054\">\n\t\t\t\t\t\t\t\t<div class=\"img-inner dark\" >\n\t\t\t<img decoding=\"async\" width=\"1020\" height=\"680\" src=\"https:\/\/www.md-elektronik.com\/wp-content\/uploads\/2023\/08\/Title_Draft-.jpg\" class=\"attachment-large size-large\" alt=\"\" srcset=\"https:\/\/www.md-elektronik.com\/wp-content\/uploads\/2023\/08\/Title_Draft-.jpg 1024w, https:\/\/www.md-elektronik.com\/wp-content\/uploads\/2023\/08\/Title_Draft--300x200.jpg 300w, https:\/\/www.md-elektronik.com\/wp-content\/uploads\/2023\/08\/Title_Draft--768x512.jpg 768w\" sizes=\"(max-width: 1020px) 100vw, 1020px\" \/>\t\t\t\t\t\t\n\t\t\t\t\t<\/div>\n\t\t\t\t\t\t\t\t\n<style>\n#image_1022991054 {\n  width: 100%;\n}\n<\/style>\n\t<\/div>\n\t\n\n\n\t\t<\/div>\n\t\t\t\t\t<\/div>\n\n\t\n\n\t<div id=\"col-1841745799\" class=\"col medium-12 small-12 large-6\"  >\n\t\t\t\t<div class=\"col-inner text-center\"  >\n\t\t\t\n\t\t\t\n\n\t<div id=\"text-2007937955\" class=\"text\">\n\t\t\n\n<h1>Messen und Kongresse: Pers\u00f6nlicher Kontakt &#8211; direkte Verbindungen<\/h1>\n\t\t\n<style>\n#text-2007937955 {\n  font-size: 1rem;\n}\n<\/style>\n\t<\/div>\n\t\n<p>Hier finden Sie eine \u00dcbersicht , bei welchen Veranstaltungen Sie uns als Aussteller finden k\u00f6nnen. Auf diesen Events gew\u00e4hren wir Ihnen einen direkten Einblick in die neuesten Entwicklungen, Technologien und Produkte im Bereich Daten\u00fcbertragung im Fahrzeug. Zudem nutzten unsere Mitarbeiter vor Ort die Gelegenheit zum Austausch mit Experten aus der ganzen Welt, um immer auf dem neuesten, technologischen Stand zu sein. Nehmen auch Sie die Chance wahr und tauschen Sie sich mit uns \u00fcber die neuesten Trends und Ihre ganz spezifischen Bed\u00fcrfnisse aus!<\/p>\n\n\t\t<\/div>\n\t\t\t\t\n<style>\n#col-1841745799 > .col-inner {\n  padding: 30px 30px 30px 30px;\n}\n@media (min-width:550px) {\n  #col-1841745799 > .col-inner {\n    padding: 60px 60px 60px 60px;\n  }\n}\n<\/style>\n\t<\/div>\n\n\t\n\n\n<style>\n#row-1301127362 > .col > .col-inner {\n  background-color: rgb(255, 255, 255);\n}\n<\/style>\n<\/div>\n\n\t\t<\/div>\n\n\t\t\n<style>\n#section_2054811215 {\n  padding-top: 0px;\n  padding-bottom: 0px;\n  background-color: rgb(255,255,255);\n}\n<\/style>\n\t<\/section>\n\t\n\n\t<section class=\"section\" id=\"section_1315656235\">\n\t\t<div class=\"section-bg fill\" >\n\t\t\t\t\t\t\t\t\t\n\t\t\t\n\n\t\t<\/div>\n\n\t\t\n\n\t\t<div class=\"section-content relative\">\n\t\t\t\n\n<div class=\"row\"  id=\"row-935727470\">\n\n\n\t<div id=\"col-1842755968\" class=\"col small-12 large-12\"  >\n\t\t\t\t<div class=\"col-inner text-center\"  >\n\t\t\t\n\t\t\t\n\n\t<div id=\"stack-3245463196\" class=\"stack product-stack stack-row justify-center items-stretch sm:stack-col md:stack-row md:justify-center md:items-stretch\">\n\t\t\n\n\t<div class=\"box has-hover messe-image-box  has-hover box-default box-text-bottom\" >\n\n\t\t<div class=\"box-image\" style=\"width:70%;\">\n\t\t\t\t\t\t<div class=\"\" >\n\t\t\t\t<img decoding=\"async\" width=\"540\" height=\"320\" src=\"https:\/\/www.md-elektronik.com\/wp-content\/uploads\/2023\/08\/AEC-logo.jpg\" class=\"attachment- size-\" alt=\"\" srcset=\"https:\/\/www.md-elektronik.com\/wp-content\/uploads\/2023\/08\/AEC-logo.jpg 540w, https:\/\/www.md-elektronik.com\/wp-content\/uploads\/2023\/08\/AEC-logo-300x178.jpg 300w\" sizes=\"(max-width: 540px) 100vw, 540px\" \/>\t\t\t\t\t\t\t\t\t\t\t<\/div>\n\t\t\t\t\t<\/div>\n\n\t\t<div class=\"box-text text-center\" >\n\t\t\t<div class=\"box-text-inner\">\n\t\t\t\t\n\n\t<div id=\"text-1009691547\" class=\"text messe-box\">\n\t\t\n\n<h2><a  href=\"https:\/\/events.componeers.net\/automotive-ethernet-congress\"  dpc-external=\"true\"  target=\"_blank\"  rel=\"nofollow\" >Automotive Ethernet Congress<\/a><\/h2>\n<h4>M\u00fcnchen, <br \/>Deutschland<\/h4>\n<p>24.-26. M\u00e4rz 2026<\/p>\n\t\t\t<\/div>\n\t\n<a href=\"https:\/\/www.md-elektronik.com\/wp-content\/uploads\/2022\/05\/md_elektronik_din_a4_factsheet_FAKRA_SF_v3.pdf\" class=\"button primary is-outline is-small product-box-button hidden\"  style=\"border-radius:99px;\">\n\t\t<span>Download<\/span>\n\t<\/a>\n\n\n\n\t\t\t<\/div>\n\t\t<\/div>\n\t<\/div>\n\t\n\t<div class=\"box has-hover messe-image-box  has-hover box-default box-text-bottom\" >\n\n\t\t<div class=\"box-image\" style=\"width:70%;\">\n\t\t\t\t\t\t<div class=\"\" >\n\t\t\t\t<img decoding=\"async\" width=\"540\" height=\"320\" src=\"https:\/\/www.md-elektronik.com\/wp-content\/uploads\/2023\/08\/VECS-LOGO.jpg\" class=\"attachment- size-\" alt=\"\" srcset=\"https:\/\/www.md-elektronik.com\/wp-content\/uploads\/2023\/08\/VECS-LOGO.jpg 540w, https:\/\/www.md-elektronik.com\/wp-content\/uploads\/2023\/08\/VECS-LOGO-300x178.jpg 300w\" sizes=\"(max-width: 540px) 100vw, 540px\" \/>\t\t\t\t\t\t\t\t\t\t\t<\/div>\n\t\t\t\t\t<\/div>\n\n\t\t<div class=\"box-text text-center\" >\n\t\t\t<div class=\"box-text-inner\">\n\t\t\t\t\n\n\t<div id=\"text-1810784158\" class=\"text messe-box\">\n\t\t\n\n<h2><a  href=\"https:\/\/insightevents.se\/VECS\/\"  dpc-external=\"true\"  target=\"_blank\"  rel=\"nofollow\" >VECS<\/a><\/h2>\n<h4>G\u00f6teborg,<br \/>Schweden<\/h4>\n<p>5.&amp; 6. Mai 2026<\/p>\n\t\t\t<\/div>\n\t\n<a href=\"https:\/\/www.md-elektronik.com\/wp-content\/uploads\/2022\/05\/md_elektronik_din_a4_factsheet_FAKRA_SF_v3.pdf\" class=\"button primary is-outline is-small product-box-button hidden\"  style=\"border-radius:99px;\">\n\t\t<span>Download<\/span>\n\t<\/a>\n\n\n\n\t\t\t<\/div>\n\t\t<\/div>\n\t<\/div>\n\t\n\t<div class=\"box has-hover messe-image-box  has-hover box-default box-text-bottom\" >\n\n\t\t<div class=\"box-image\" style=\"width:70%;\">\n\t\t\t<a href=\"https:\/\/aee.expo-info.jsae.or.jp\/en\/yokohama\/\" >\t\t\t<div class=\"\" >\n\t\t\t\t<img decoding=\"async\" width=\"549\" height=\"322\" src=\"https:\/\/www.md-elektronik.com\/wp-content\/uploads\/2026\/03\/AEE26-1.png\" class=\"attachment- size-\" alt=\"\" srcset=\"https:\/\/www.md-elektronik.com\/wp-content\/uploads\/2026\/03\/AEE26-1.png 549w, https:\/\/www.md-elektronik.com\/wp-content\/uploads\/2026\/03\/AEE26-1-300x176.png 300w\" sizes=\"(max-width: 549px) 100vw, 549px\" \/>\t\t\t\t\t\t\t\t\t\t\t<\/div>\n\t\t\t<\/a>\t\t<\/div>\n\n\t\t<div class=\"box-text text-center\" >\n\t\t\t<div class=\"box-text-inner\">\n\t\t\t\t\n\n\t<div id=\"text-3139550231\" class=\"text messe-box\">\n\t\t\n\n<h2><a  href=\"https:\/\/aee.expo-info.jsae.or.jp\/en\/yokohama\/\"  dpc-external=\"true\"  target=\"_blank\"  rel=\"nofollow\" >Automotive Engineering Expo<\/a><\/h2>\n<h4>Yokohama,<br \/>Japan<\/h4>\n<p>27.-29.Mai 2026<\/p>\n\t\t\t<\/div>\n\t\n<a href=\"https:\/\/www.md-elektronik.com\/wp-content\/uploads\/2022\/05\/md_elektronik_din_a4_factsheet_FAKRA_SF_v3.pdf\" class=\"button primary is-outline is-small product-box-button hidden\"  style=\"border-radius:99px;\">\n\t\t<span>Download<\/span>\n\t<\/a>\n\n\n\n\t\t\t<\/div>\n\t\t<\/div>\n\t<\/div>\n\t\n\t<div class=\"box has-hover messe-image-box hidden has-hover box-text-bottom\" >\n\n\t\t<div class=\"box-image\" style=\"width:70%;\">\n\t\t\t\t\t\t<div class=\"\" >\n\t\t\t\t<img decoding=\"async\" width=\"540\" height=\"320\" src=\"https:\/\/www.md-elektronik.com\/wp-content\/uploads\/2023\/08\/2_AutoTech-Detroit_Color.jpg\" class=\"attachment- size-\" alt=\"\" srcset=\"https:\/\/www.md-elektronik.com\/wp-content\/uploads\/2023\/08\/2_AutoTech-Detroit_Color.jpg 540w, https:\/\/www.md-elektronik.com\/wp-content\/uploads\/2023\/08\/2_AutoTech-Detroit_Color-300x178.jpg 300w\" sizes=\"(max-width: 540px) 100vw, 540px\" \/>\t\t\t\t\t\t\t\t\t\t\t<\/div>\n\t\t\t\t\t<\/div>\n\n\t\t<div class=\"box-text text-center\" >\n\t\t\t<div class=\"box-text-inner\">\n\t\t\t\t\n\n\t<div id=\"text-2500177855\" class=\"text messe-box\">\n\t\t\n\n<h2><a  href=\"https:\/\/wardsauto.informa.com\/autotech-detroit\/\"  dpc-external=\"true\"  target=\"_blank\"  rel=\"nofollow\" ><strong>AutoTech<\/strong><\/a><\/h2>\n<h4>Detroit,<br>\nVereinigte Staaten<\/h4>\n<p>07.-08. Juli 2023<\/p>\n\t\t\t<\/div>\n\t\n\n\t\t\t<\/div>\n\t\t<\/div>\n\t<\/div>\n\t\n\t<div class=\"box has-hover messe-image-box hidden has-hover box-text-bottom\" >\n\n\t\t<div class=\"box-image\" style=\"width:70%;\">\n\t\t\t\t\t\t<div class=\"\" >\n\t\t\t\t<img decoding=\"async\" width=\"540\" height=\"320\" src=\"https:\/\/www.md-elektronik.com\/wp-content\/uploads\/2023\/08\/ieee-sa-logo.png\" class=\"attachment- size-\" alt=\"\" srcset=\"https:\/\/www.md-elektronik.com\/wp-content\/uploads\/2023\/08\/ieee-sa-logo.png 540w, https:\/\/www.md-elektronik.com\/wp-content\/uploads\/2023\/08\/ieee-sa-logo-300x178.png 300w\" sizes=\"(max-width: 540px) 100vw, 540px\" \/>\t\t\t\t\t\t\t\t\t\t\t<\/div>\n\t\t\t\t\t<\/div>\n\n\t\t<div class=\"box-text text-center\" >\n\t\t\t<div class=\"box-text-inner\">\n\t\t\t\t\n\n\t<div id=\"text-2819424235\" class=\"text messe-box\">\n\t\t\n\n<h2><a  href=\"https:\/\/standards.ieee.org\/events\/automotive\/\"  dpc-external=\"true\"  target=\"_blank\"  rel=\"nofollow\" ><strong>Ethernet &#038; IP @ Automotive Technology Day<\/strong><\/a><\/h2>\n<h4>S\u00e3o Paulo,<br \/>\n Brasilien<\/h4>\n<p>19.-20. September 2023<\/p>\n\t\t\t<\/div>\n\t\n\n\t\t\t<\/div>\n\t\t<\/div>\n\t<\/div>\n\t\n\n\t\t\n<style>\n#stack-3245463196 > * {\n  --stack-gap: 1.25rem;\n}\n@media (min-width:850px) {\n  #stack-3245463196 > * {\n    --stack-gap: 1rem;\n  }\n}\n<\/style>\n\t<\/div>\n\t\n\t<div id=\"gap-313185484\" class=\"gap-element clearfix\" style=\"display:block; height:auto;\">\n\t\t\n<style>\n#gap-313185484 {\n  padding-top: 30px;\n}\n<\/style>\n\t<\/div>\n\t\n\n\t<div id=\"gap-1655038713\" class=\"gap-element clearfix\" style=\"display:block; height:auto;\">\n\t\t\n<style>\n#gap-1655038713 {\n  padding-top: 30px;\n}\n<\/style>\n\t<\/div>\n\t\n\n\n\t\t<\/div>\n\t\t\t\t\n<style>\n#col-1842755968 > .col-inner {\n  padding: 30px 30px 0px 30px;\n  margin: 0px 0px 0 0px;\n}\n@media (min-width:550px) {\n  #col-1842755968 > .col-inner {\n    padding: 60px 60px 0px 60px;\n  }\n}\n<\/style>\n\t<\/div>\n\n\t\n\n\n<\/div>\n\n\t\t<\/div>\n\n\t\t\n<style>\n#section_1315656235 {\n  padding-top: 0px;\n  padding-bottom: 0px;\n}\n<\/style>\n\t<\/section>\n\t\n\n\t<section class=\"section\" id=\"section_423303993\">\n\t\t<div class=\"section-bg fill\" >\n\t\t\t\t\t\t\t\t\t\n\t\t\t\n\n\t\t<\/div>\n\n\t\t\n\n\t\t<div class=\"section-content relative\">\n\t\t\t\n\n<div class=\"row\"  id=\"row-911730640\">\n\n\n\n<\/div>\n\n\t\t<\/div>\n\n\t\t\n<style>\n#section_423303993 {\n  padding-top: 0px;\n  padding-bottom: 0px;\n}\n<\/style>\n\t<\/section>\n\t\n\n\n","protected":false},"excerpt":{"rendered":"","protected":false},"author":2,"featured_media":16740,"parent":22,"menu_order":1,"comment_status":"closed","ping_status":"closed","template":"page-blank.php","meta":{"footnotes":""},"class_list":["post-16715","page","type-page","status-publish","has-post-thumbnail","hentry"],"_links":{"self":[{"href":"https:\/\/www.md-elektronik.com\/de\/wp-json\/wp\/v2\/pages\/16715","targetHints":{"allow":["GET"]}}],"collection":[{"href":"https:\/\/www.md-elektronik.com\/de\/wp-json\/wp\/v2\/pages"}],"about":[{"href":"https:\/\/www.md-elektronik.com\/de\/wp-json\/wp\/v2\/types\/page"}],"author":[{"embeddable":true,"href":"https:\/\/www.md-elektronik.com\/de\/wp-json\/wp\/v2\/users\/2"}],"replies":[{"embeddable":true,"href":"https:\/\/www.md-elektronik.com\/de\/wp-json\/wp\/v2\/comments?post=16715"}],"version-history":[{"count":67,"href":"https:\/\/www.md-elektronik.com\/de\/wp-json\/wp\/v2\/pages\/16715\/revisions"}],"predecessor-version":[{"id":31750,"href":"https:\/\/www.md-elektronik.com\/de\/wp-json\/wp\/v2\/pages\/16715\/revisions\/31750"}],"up":[{"embeddable":true,"href":"https:\/\/www.md-elektronik.com\/de\/wp-json\/wp\/v2\/pages\/22"}],"wp:featuredmedia":[{"embeddable":true,"href":"https:\/\/www.md-elektronik.com\/de\/wp-json\/wp\/v2\/media\/16740"}],"wp:attachment":[{"href":"https:\/\/www.md-elektronik.com\/de\/wp-json\/wp\/v2\/media?parent=16715"}],"curies":[{"name":"wp","href":"https:\/\/api.w.org\/{rel}","templated":true}]}}