{"id":17730,"date":"2023-10-02T10:55:04","date_gmt":"2023-10-02T08:55:04","guid":{"rendered":"https:\/\/www.md-elektronik.com\/karl-heinz-lode\/"},"modified":"2023-10-02T10:55:04","modified_gmt":"2023-10-02T08:55:04","slug":"karl-heinz-lode","status":"publish","type":"page","link":"https:\/\/www.md-elektronik.com\/de\/karl-heinz-lode\/","title":{"rendered":"Karl-Heinz Lode"},"content":{"rendered":"\n<div class=\"message-box relative\" style=\"padding-top:30px;padding-bottom:30px;\"><div class=\"message-box-bg-image bg-fill fill\" ><\/div><div class=\"message-box-bg-overlay bg-fill fill\" style=\"background-color:rgb(245, 245, 247);\"><\/div><div class=\"container relative\"><div class=\"inner last-reset\">\r\n\r\n<div class=\"row align-equal align-center\"  id=\"row-46816223\">\r\n\r\n\n\t<div id=\"col-21151277\" class=\"col medium-3 small-12 large-3\"  >\n\t\t\t\t<div class=\"col-inner\"  >\n\t\t\t\n\t\t\t\r\n\r\n\t<div id=\"gap-1208090213\" class=\"gap-element clearfix\" style=\"display:block; height:auto;\">\n\t\t\n<style>\n#gap-1208090213 {\n  padding-top: 10px;\n}\n<\/style>\n\t<\/div>\n\t\r\n\r\n\t<div class=\"img has-hover img-rounded x md-x lg-x y md-y lg-y\" id=\"image_270418977\">\n\t\t\t\t\t\t\t\t<div class=\"img-inner dark\" >\n\t\t\t<img decoding=\"async\" width=\"780\" height=\"780\" src=\"https:\/\/www.md-elektronik.com\/wp-content\/uploads\/2023\/08\/karl-heinz-lode.jpg\" class=\"attachment-large size-large\" alt=\"\" srcset=\"https:\/\/www.md-elektronik.com\/wp-content\/uploads\/2023\/08\/karl-heinz-lode.jpg 780w, https:\/\/www.md-elektronik.com\/wp-content\/uploads\/2023\/08\/karl-heinz-lode-300x300.jpg 300w, https:\/\/www.md-elektronik.com\/wp-content\/uploads\/2023\/08\/karl-heinz-lode-150x150.jpg 150w, https:\/\/www.md-elektronik.com\/wp-content\/uploads\/2023\/08\/karl-heinz-lode-768x768.jpg 768w\" sizes=\"(max-width: 780px) 100vw, 780px\" \/>\t\t\t\t\t\t\n\t\t\t\t\t<\/div>\n\t\t\t\t\t\t\t\t\n<style>\n#image_270418977 {\n  width: 100%;\n}\n<\/style>\n\t<\/div>\n\t\r\n\r\n\r\n\t\t<\/div>\n\t\t\t\t\t<\/div>\n\n\t\r\n\n\t<div id=\"col-1877108388\" class=\"col medium-9 small-12 large-9\"  >\n\t\t\t\t<div class=\"col-inner\"  >\n\t\t\t\n\t\t\t\r\n\r\n<p><span style=\"font-size: 130%;\"><strong>Karl-Heinz Lode<\/strong><\/span><\/p>\r\n<p>Karl-Heinz Lode ist seit \u00fcber 6 Jahren als Application Engineer f\u00fcr die MD t\u00e4tig. Dabei ist er im st\u00e4ndigen Kontakt mit der Lieferkette. Seine Aufgabe ist das L\u00f6sen der technischen Probleme von morgen. W\u00e4hrend seines Masterstudiums, welches durch MD gef\u00f6rdert wurde, besch\u00e4ftigte er sich intensiv mit der Entwicklung von Bordnetzen sowie dem autonomen Fahren. Besonders freut es ihn, durch das Einbringen seiner Erfahrungen die Mobilit\u00e4t der Zukunft mitzugestalten.\r\n\r\n<\/p>\r\n\r\n\t\t<\/div>\n\t\t\t\t\t<\/div>\n\n\t\r\n\r\n\n<style>\n#row-46816223 > .col > .col-inner {\n  padding: 0 0px 0px 0px;\n}\n<\/style>\n<\/div>\r\n\r\n<\/div><\/div><\/div>\r\n","protected":false},"excerpt":{"rendered":"","protected":false},"author":2,"featured_media":0,"parent":0,"menu_order":0,"comment_status":"closed","ping_status":"closed","template":"","meta":{"footnotes":""},"class_list":["post-17730","page","type-page","status-publish","hentry"],"_links":{"self":[{"href":"https:\/\/www.md-elektronik.com\/de\/wp-json\/wp\/v2\/pages\/17730","targetHints":{"allow":["GET"]}}],"collection":[{"href":"https:\/\/www.md-elektronik.com\/de\/wp-json\/wp\/v2\/pages"}],"about":[{"href":"https:\/\/www.md-elektronik.com\/de\/wp-json\/wp\/v2\/types\/page"}],"author":[{"embeddable":true,"href":"https:\/\/www.md-elektronik.com\/de\/wp-json\/wp\/v2\/users\/2"}],"replies":[{"embeddable":true,"href":"https:\/\/www.md-elektronik.com\/de\/wp-json\/wp\/v2\/comments?post=17730"}],"version-history":[{"count":1,"href":"https:\/\/www.md-elektronik.com\/de\/wp-json\/wp\/v2\/pages\/17730\/revisions"}],"predecessor-version":[{"id":17731,"href":"https:\/\/www.md-elektronik.com\/de\/wp-json\/wp\/v2\/pages\/17730\/revisions\/17731"}],"wp:attachment":[{"href":"https:\/\/www.md-elektronik.com\/de\/wp-json\/wp\/v2\/media?parent=17730"}],"curies":[{"name":"wp","href":"https:\/\/api.w.org\/{rel}","templated":true}]}}