{"id":19133,"date":"2023-11-15T15:21:52","date_gmt":"2023-11-15T14:21:52","guid":{"rendered":"https:\/\/www.md-elektronik.com\/?page_id=19133"},"modified":"2023-11-15T15:28:06","modified_gmt":"2023-11-15T14:28:06","slug":"martin-wittmann","status":"publish","type":"page","link":"https:\/\/www.md-elektronik.com\/de\/martin-wittmann\/","title":{"rendered":"Martin Wittmann"},"content":{"rendered":"\n<div class=\"message-box relative\" style=\"padding-top:30px;padding-bottom:30px;\"><div class=\"message-box-bg-image bg-fill fill\" ><\/div><div class=\"message-box-bg-overlay bg-fill fill\" style=\"background-color:rgb(245, 245, 247);\"><\/div><div class=\"container relative\"><div class=\"inner last-reset\">\n\n<div class=\"row align-equal align-center\"  id=\"row-2119914170\">\n\n\n\t<div id=\"col-1315130872\" class=\"col medium-3 small-12 large-3\"  >\n\t\t\t\t<div class=\"col-inner\"  >\n\t\t\t\n\t\t\t\n\n\t<div id=\"gap-2006299023\" class=\"gap-element clearfix\" style=\"display:block; height:auto;\">\n\t\t\n<style>\n#gap-2006299023 {\n  padding-top: 10px;\n}\n<\/style>\n\t<\/div>\n\t\n\n\t<div class=\"img has-hover img-rounded x md-x lg-x y md-y lg-y\" id=\"image_2048621578\">\n\t\t\t\t\t\t\t\t<div class=\"img-inner dark\" >\n\t\t\t<img decoding=\"async\" width=\"800\" height=\"800\" src=\"https:\/\/www.md-elektronik.com\/wp-content\/uploads\/2023\/11\/DSC06251-Wittmann-Martin-high.jpg\" class=\"attachment-large size-large\" alt=\"\" srcset=\"https:\/\/www.md-elektronik.com\/wp-content\/uploads\/2023\/11\/DSC06251-Wittmann-Martin-high.jpg 800w, https:\/\/www.md-elektronik.com\/wp-content\/uploads\/2023\/11\/DSC06251-Wittmann-Martin-high-300x300.jpg 300w, https:\/\/www.md-elektronik.com\/wp-content\/uploads\/2023\/11\/DSC06251-Wittmann-Martin-high-150x150.jpg 150w, https:\/\/www.md-elektronik.com\/wp-content\/uploads\/2023\/11\/DSC06251-Wittmann-Martin-high-768x768.jpg 768w\" sizes=\"(max-width: 800px) 100vw, 800px\" \/>\t\t\t\t\t\t\n\t\t\t\t\t<\/div>\n\t\t\t\t\t\t\t\t\n<style>\n#image_2048621578 {\n  width: 99%;\n}\n<\/style>\n\t<\/div>\n\t\n\n\n\t\t<\/div>\n\t\t\t\t\t<\/div>\n\n\t\n\n\t<div id=\"col-1342326739\" class=\"col medium-9 small-12 large-9\"  >\n\t\t\t\t<div class=\"col-inner\"  >\n\t\t\t\n\t\t\t\n\n<p><span style=\"font-size: 130%;\"><strong>Martin Wittmann<\/strong><\/span><\/p>\n<p>Martin Wittmann ist seit \u00fcber 8 Jahren bei MD t\u00e4tig. Nach Stationen u.a. im Bereich Entwicklung und technischer Vertrieb von Ladestationen f\u00fcr E-Autos sowie zu Beginn als Development Engineer bei MD, arbeitet er mittlerweile in der Abteilung Sales International als Senior Application Engineer. Besonders reizvoll sind f\u00fcr ihn der intensive Austausch mit den internationalen Kunden und MD-intern sowie die Vielzahl an OEM-spezifischen Anforderungen und Herausforderungen.<\/p>\n\n\t\t<\/div>\n\t\t\t\t\t<\/div>\n\n\t\n\n\n<style>\n#row-2119914170 > .col > .col-inner {\n  padding: 0 0px 0px 0px;\n}\n<\/style>\n<\/div>\n\n<\/div><\/div><\/div>\n","protected":false},"excerpt":{"rendered":"","protected":false},"author":32,"featured_media":0,"parent":0,"menu_order":0,"comment_status":"closed","ping_status":"closed","template":"","meta":{"footnotes":""},"class_list":["post-19133","page","type-page","status-publish","hentry"],"_links":{"self":[{"href":"https:\/\/www.md-elektronik.com\/de\/wp-json\/wp\/v2\/pages\/19133","targetHints":{"allow":["GET"]}}],"collection":[{"href":"https:\/\/www.md-elektronik.com\/de\/wp-json\/wp\/v2\/pages"}],"about":[{"href":"https:\/\/www.md-elektronik.com\/de\/wp-json\/wp\/v2\/types\/page"}],"author":[{"embeddable":true,"href":"https:\/\/www.md-elektronik.com\/de\/wp-json\/wp\/v2\/users\/32"}],"replies":[{"embeddable":true,"href":"https:\/\/www.md-elektronik.com\/de\/wp-json\/wp\/v2\/comments?post=19133"}],"version-history":[{"count":2,"href":"https:\/\/www.md-elektronik.com\/de\/wp-json\/wp\/v2\/pages\/19133\/revisions"}],"predecessor-version":[{"id":19165,"href":"https:\/\/www.md-elektronik.com\/de\/wp-json\/wp\/v2\/pages\/19133\/revisions\/19165"}],"wp:attachment":[{"href":"https:\/\/www.md-elektronik.com\/de\/wp-json\/wp\/v2\/media?parent=19133"}],"curies":[{"name":"wp","href":"https:\/\/api.w.org\/{rel}","templated":true}]}}