{"id":20437,"date":"2023-12-14T08:46:43","date_gmt":"2023-12-14T07:46:43","guid":{"rendered":"https:\/\/www.md-elektronik.com\/?page_id=20437"},"modified":"2023-12-14T08:47:13","modified_gmt":"2023-12-14T07:47:13","slug":"emanuel-maier","status":"publish","type":"page","link":"https:\/\/www.md-elektronik.com\/de\/autoren\/emanuel-maier\/","title":{"rendered":"Emanuel Maier"},"content":{"rendered":"\n<div class=\"message-box relative message-box-author\" style=\"padding-top:30px;padding-bottom:30px;\"><div class=\"message-box-bg-image bg-fill fill\" ><\/div><div class=\"message-box-bg-overlay bg-fill fill\" style=\"background-color:rgb(245, 245, 247);\"><\/div><div class=\"container relative\"><div class=\"inner last-reset\">\n\n<div class=\"row align-equal align-center\"  id=\"row-387112255\">\n\n\n\t<div id=\"col-1981720516\" class=\"col medium-3 small-12 large-3\"  >\n\t\t\t\t<div class=\"col-inner\"  >\n\t\t\t\n\t\t\t\n\n\t<div id=\"gap-41356084\" class=\"gap-element clearfix\" style=\"display:block; height:auto;\">\n\t\t\n<style>\n#gap-41356084 {\n  padding-top: 10px;\n}\n<\/style>\n\t<\/div>\n\t\n\n\t<div class=\"img has-hover img-rounded x md-x lg-x y md-y lg-y\" id=\"image_1379983912\">\n\t\t\t\t\t\t\t\t<div class=\"img-inner dark\" >\n\t\t\t<img decoding=\"async\" width=\"800\" height=\"800\" src=\"https:\/\/www.md-elektronik.com\/wp-content\/uploads\/2023\/12\/DSC06642-Maier_Emanuel-high.jpg\" class=\"attachment-large size-large\" alt=\"\" srcset=\"https:\/\/www.md-elektronik.com\/wp-content\/uploads\/2023\/12\/DSC06642-Maier_Emanuel-high.jpg 800w, https:\/\/www.md-elektronik.com\/wp-content\/uploads\/2023\/12\/DSC06642-Maier_Emanuel-high-300x300.jpg 300w, https:\/\/www.md-elektronik.com\/wp-content\/uploads\/2023\/12\/DSC06642-Maier_Emanuel-high-150x150.jpg 150w, https:\/\/www.md-elektronik.com\/wp-content\/uploads\/2023\/12\/DSC06642-Maier_Emanuel-high-768x768.jpg 768w\" sizes=\"(max-width: 800px) 100vw, 800px\" \/>\t\t\t\t\t\t\n\t\t\t\t\t<\/div>\n\t\t\t\t\t\t\t\t\n<style>\n#image_1379983912 {\n  width: 100%;\n}\n<\/style>\n\t<\/div>\n\t\n\n\n\t\t<\/div>\n\t\t\t\t\t<\/div>\n\n\t\n\n\t<div id=\"col-112440034\" class=\"col medium-9 small-12 large-9\"  >\n\t\t\t\t<div class=\"col-inner\"  >\n\t\t\t\n\t\t\t\n\n<p><span style=\"font-size: 130%;\"><strong>Emanuel Maier<\/strong><\/span><\/p>\n<p>Emanuel Maier startete seine internationale Karriere in der Automobilbranche bei OEMs in M\u00fcnchen und \u00fcber Stationen in Gro\u00dfbritannien, bei einem global agierenden Tier1 in Niederbayern und dessen Auslandsstandort im Silicon Valley in Kalifornien f\u00fchrte ihn sein Weg entlang der Lieferkette schlie\u00dflich nach Waldkraiburg zu MD. Seit ca. 3 Jahren ist er als Key Account Manager im Vertrieb bei MD ELEKTRONIK t\u00e4tig. In dieser Position ist Emanuel f\u00fcr das Bestandskundengesch\u00e4ft sowie die Neukundenakquise verantwortlich und spielt eine Schl\u00fcsselrolle in der Zusammenarbeit mit einem namhaften deutschen OEM. Als Bindeglied zwischen dem Einkauf des Kunden und den internen Fachabteilungen stellt er sicher, dass die Anforderungen im Bereich der kundenspezifischen Kabels\u00e4tze (KSK) erf\u00fcllt werden.<\/p>\n\n\t\t<\/div>\n\t\t\t\t\t<\/div>\n\n\t\n\n\n<style>\n#row-387112255 > .col > .col-inner {\n  padding: 0 0px 0px 0px;\n}\n<\/style>\n<\/div>\n\n<\/div><\/div><\/div>\n","protected":false},"excerpt":{"rendered":"","protected":false},"author":2,"featured_media":0,"parent":8467,"menu_order":0,"comment_status":"closed","ping_status":"closed","template":"","meta":{"footnotes":""},"class_list":["post-20437","page","type-page","status-publish","hentry"],"_links":{"self":[{"href":"https:\/\/www.md-elektronik.com\/de\/wp-json\/wp\/v2\/pages\/20437","targetHints":{"allow":["GET"]}}],"collection":[{"href":"https:\/\/www.md-elektronik.com\/de\/wp-json\/wp\/v2\/pages"}],"about":[{"href":"https:\/\/www.md-elektronik.com\/de\/wp-json\/wp\/v2\/types\/page"}],"author":[{"embeddable":true,"href":"https:\/\/www.md-elektronik.com\/de\/wp-json\/wp\/v2\/users\/2"}],"replies":[{"embeddable":true,"href":"https:\/\/www.md-elektronik.com\/de\/wp-json\/wp\/v2\/comments?post=20437"}],"version-history":[{"count":2,"href":"https:\/\/www.md-elektronik.com\/de\/wp-json\/wp\/v2\/pages\/20437\/revisions"}],"predecessor-version":[{"id":20439,"href":"https:\/\/www.md-elektronik.com\/de\/wp-json\/wp\/v2\/pages\/20437\/revisions\/20439"}],"up":[{"embeddable":true,"href":"https:\/\/www.md-elektronik.com\/de\/wp-json\/wp\/v2\/pages\/8467"}],"wp:attachment":[{"href":"https:\/\/www.md-elektronik.com\/de\/wp-json\/wp\/v2\/media?parent=20437"}],"curies":[{"name":"wp","href":"https:\/\/api.w.org\/{rel}","templated":true}]}}