{"id":20798,"date":"2024-01-17T09:00:54","date_gmt":"2024-01-17T08:00:54","guid":{"rendered":"https:\/\/www.md-elektronik.com\/?page_id=20798"},"modified":"2024-01-17T09:01:27","modified_gmt":"2024-01-17T08:01:27","slug":"markus-mussner","status":"publish","type":"page","link":"https:\/\/www.md-elektronik.com\/de\/markus-mussner\/","title":{"rendered":"Markus Mussner"},"content":{"rendered":"\n<div class=\"message-box relative message-box-author\" style=\"padding-top:30px;padding-bottom:30px;\"><div class=\"message-box-bg-image bg-fill fill\" ><\/div><div class=\"message-box-bg-overlay bg-fill fill\" style=\"background-color:rgb(245, 245, 247);\"><\/div><div class=\"container relative\"><div class=\"inner last-reset\">\r\n\r\n<div class=\"row align-equal align-center\"  id=\"row-2096271256\">\r\n\r\n\n\t<div id=\"col-1600021722\" class=\"col medium-3 small-12 large-3\"  >\n\t\t\t\t<div class=\"col-inner\"  >\n\t\t\t\n\t\t\t\r\n\r\n\t<div id=\"gap-176926101\" class=\"gap-element clearfix\" style=\"display:block; height:auto;\">\n\t\t\n<style>\n#gap-176926101 {\n  padding-top: 10px;\n}\n<\/style>\n\t<\/div>\n\t\r\n\r\n\t<div class=\"img has-hover img-rounded x md-x lg-x y md-y lg-y\" id=\"image_810620836\">\n\t\t\t\t\t\t\t\t<div class=\"img-inner dark\" >\n\t\t\t<img decoding=\"async\" width=\"800\" height=\"800\" src=\"https:\/\/www.md-elektronik.com\/wp-content\/uploads\/2024\/01\/DSC07714-Musner-Markus-high-quadr.jpg\" class=\"attachment-large size-large\" alt=\"\" srcset=\"https:\/\/www.md-elektronik.com\/wp-content\/uploads\/2024\/01\/DSC07714-Musner-Markus-high-quadr.jpg 800w, https:\/\/www.md-elektronik.com\/wp-content\/uploads\/2024\/01\/DSC07714-Musner-Markus-high-quadr-300x300.jpg 300w, https:\/\/www.md-elektronik.com\/wp-content\/uploads\/2024\/01\/DSC07714-Musner-Markus-high-quadr-150x150.jpg 150w, https:\/\/www.md-elektronik.com\/wp-content\/uploads\/2024\/01\/DSC07714-Musner-Markus-high-quadr-768x768.jpg 768w\" sizes=\"(max-width: 800px) 100vw, 800px\" \/>\t\t\t\t\t\t\n\t\t\t\t\t<\/div>\n\t\t\t\t\t\t\t\t\n<style>\n#image_810620836 {\n  width: 100%;\n}\n<\/style>\n\t<\/div>\n\t\r\n\r\n\r\n\t\t<\/div>\n\t\t\t\t\t<\/div>\n\n\t\r\n\n\t<div id=\"col-927462830\" class=\"col medium-9 small-12 large-9\"  >\n\t\t\t\t<div class=\"col-inner\"  >\n\t\t\t\n\t\t\t\r\n\r\n<p><span style=\"font-size: 130%;\"><strong>Markus Mu\u00dfner<\/strong><\/span><\/p>\r\n<p>Markus Mu\u00dfner ist Leiter Application Engineering f\u00fcr die internationalen Kunden von MD. Mit mehr als 15 Jahren Berufserfahrung und einem fast zweij\u00e4hrigen Auslandsaufenthalt in den USA ist er ein Experte auf seinem Gebiet. Seine Mission ist es, gemeinsam mit Kunden und Partnern innovative L\u00f6sungen zu schaffen, um komplexe Herausforderungen in einer sich st\u00e4ndig weiterentwickelnden Technologielandschaft erfolgreich zu meistern. Dabei sch\u00e4tzt er besonders den vielf\u00e4ltigen Kontakt zu Kunden und Lieferanten sowie die Zusammenarbeit in internationalen Teams.<\/p>\r\n\r\n\t\t<\/div>\n\t\t\t\t\t<\/div>\n\n\t\r\n\r\n\n<style>\n#row-2096271256 > .col > .col-inner {\n  padding: 0 0px 0px 0px;\n}\n<\/style>\n<\/div>\r\n\r\n<\/div><\/div><\/div>\n","protected":false},"excerpt":{"rendered":"","protected":false},"author":2,"featured_media":0,"parent":0,"menu_order":0,"comment_status":"closed","ping_status":"closed","template":"","meta":{"footnotes":""},"class_list":["post-20798","page","type-page","status-publish","hentry"],"_links":{"self":[{"href":"https:\/\/www.md-elektronik.com\/de\/wp-json\/wp\/v2\/pages\/20798","targetHints":{"allow":["GET"]}}],"collection":[{"href":"https:\/\/www.md-elektronik.com\/de\/wp-json\/wp\/v2\/pages"}],"about":[{"href":"https:\/\/www.md-elektronik.com\/de\/wp-json\/wp\/v2\/types\/page"}],"author":[{"embeddable":true,"href":"https:\/\/www.md-elektronik.com\/de\/wp-json\/wp\/v2\/users\/2"}],"replies":[{"embeddable":true,"href":"https:\/\/www.md-elektronik.com\/de\/wp-json\/wp\/v2\/comments?post=20798"}],"version-history":[{"count":2,"href":"https:\/\/www.md-elektronik.com\/de\/wp-json\/wp\/v2\/pages\/20798\/revisions"}],"predecessor-version":[{"id":20800,"href":"https:\/\/www.md-elektronik.com\/de\/wp-json\/wp\/v2\/pages\/20798\/revisions\/20800"}],"wp:attachment":[{"href":"https:\/\/www.md-elektronik.com\/de\/wp-json\/wp\/v2\/media?parent=20798"}],"curies":[{"name":"wp","href":"https:\/\/api.w.org\/{rel}","templated":true}]}}