{"id":20953,"date":"2024-01-31T14:54:06","date_gmt":"2024-01-31T13:54:06","guid":{"rendered":"https:\/\/www.md-elektronik.com\/?page_id=20953"},"modified":"2024-01-31T14:56:52","modified_gmt":"2024-01-31T13:56:52","slug":"anja-richter-christoph-zauner","status":"publish","type":"page","link":"https:\/\/www.md-elektronik.com\/de\/anja-richter-christoph-zauner\/","title":{"rendered":"Anja Richter &#8211; Christoph Zauner"},"content":{"rendered":"\n<div class=\"message-box relative\" style=\"padding-top:30px;padding-bottom:30px;\"><div class=\"message-box-bg-image bg-fill fill\" ><\/div><div class=\"message-box-bg-overlay bg-fill fill\" style=\"background-color:rgb(245, 245, 247);\"><\/div><div class=\"container relative\"><div class=\"inner last-reset\">\n\n<div class=\"row align-equal align-center\"  id=\"row-1637184314\">\n\n\n\t<div id=\"col-1617497992\" class=\"col medium-3 small-12 large-3\"  >\n\t\t\t\t<div class=\"col-inner\"  >\n\t\t\t\n\t\t\t\n\n\t<div id=\"gap-541631942\" class=\"gap-element clearfix\" style=\"display:block; height:auto;\">\n\t\t\n<style>\n#gap-541631942 {\n  padding-top: 10px;\n}\n<\/style>\n\t<\/div>\n\t\n\n\t<div class=\"img has-hover img-rounded x md-x lg-x y md-y lg-y\" id=\"image_627079297\">\n\t\t\t\t\t\t\t\t<div class=\"img-inner dark\" >\n\t\t\t<img decoding=\"async\" width=\"1000\" height=\"1000\" src=\"https:\/\/www.md-elektronik.com\/wp-content\/uploads\/2024\/01\/DSC07754-Bearbeitet-Richter-Anja-high.jpg\" class=\"attachment-large size-large\" alt=\"\" srcset=\"https:\/\/www.md-elektronik.com\/wp-content\/uploads\/2024\/01\/DSC07754-Bearbeitet-Richter-Anja-high.jpg 1000w, https:\/\/www.md-elektronik.com\/wp-content\/uploads\/2024\/01\/DSC07754-Bearbeitet-Richter-Anja-high-300x300.jpg 300w, https:\/\/www.md-elektronik.com\/wp-content\/uploads\/2024\/01\/DSC07754-Bearbeitet-Richter-Anja-high-150x150.jpg 150w, https:\/\/www.md-elektronik.com\/wp-content\/uploads\/2024\/01\/DSC07754-Bearbeitet-Richter-Anja-high-768x768.jpg 768w\" sizes=\"(max-width: 1000px) 100vw, 1000px\" \/>\t\t\t\t\t\t\n\t\t\t\t\t<\/div>\n\t\t\t\t\t\t\t\t\n<style>\n#image_627079297 {\n  width: 99%;\n}\n<\/style>\n\t<\/div>\n\t\n\n\n\t\t<\/div>\n\t\t\t\t\t<\/div>\n\n\t\n\n\t<div id=\"col-916658397\" class=\"col medium-9 small-12 large-9\"  >\n\t\t\t\t<div class=\"col-inner\"  >\n\t\t\t\n\t\t\t\n\n<p><span style=\"font-size: 130%;\"><strong>Anja Richter<\/strong><\/span><\/p>\n<p>Anja Richter, Director Business Development & Contract Management, startete ihre Karriere im Bereich der Produktionsplanung und -steuerung in der Lebensmittelindustrie, bevor ihr Weg sie vor 13 Jahren zu MD ELEKTRONIK und in die Automobilindustrie f\u00fchrte. Anjas Einstieg in die MD-Automotive-Welt begann im Bereich Operations (Order Processing), zwei Jahre sp\u00e4ter wechselte sie in die Vertriebsorganisation. In den Folgejahren vertiefte Anja ihre Expertenkenntnisse in verschiedenen operativen, strategischen und leitenden Funktionen im kaufm\u00e4nnischen und technischen Vertriebsbereich. Seit \u00fcber vier Jahren ist sie nun als Director Business Development und Contract Management t\u00e4tig. In ihrem Bereich verantwortet sie die Abteilungen Business Development & Contract Management, Sales Analytics, Project- & Program-Management Sales und insbesondere das globale Sales & Operations Planning. Ihre Mission ist es, durch Analyse, Planung, Prozessoptimierung und Digitalisierung Transparenz als Grundlage f\u00fcr nachhaltige Unternehmensentscheidungen zu schaffen und somit das weitere globale Unternehmenswachstum zu unterst\u00fctzen. <\/p>\n\n\t\t<\/div>\n\t\t\t\t\t<\/div>\n\n\t\n\n\n<style>\n#row-1637184314 > .col > .col-inner {\n  padding: 0 0px 0px 0px;\n}\n<\/style>\n<\/div>\n\n<\/div><\/div><\/div>\n\n<div class=\"message-box relative\" style=\"padding-top:30px;padding-bottom:30px;\"><div class=\"message-box-bg-image bg-fill fill\" ><\/div><div class=\"message-box-bg-overlay bg-fill fill\" style=\"background-color:rgb(245, 245, 247);\"><\/div><div class=\"container relative\"><div class=\"inner last-reset\">\n\n<div class=\"row align-equal align-center\"  id=\"row-380426943\">\n\n\n\t<div id=\"col-582329704\" class=\"col medium-3 small-12 large-3\"  >\n\t\t\t\t<div class=\"col-inner\"  >\n\t\t\t\n\t\t\t\n\n\t<div id=\"gap-1749506857\" class=\"gap-element clearfix\" style=\"display:block; height:auto;\">\n\t\t\n<style>\n#gap-1749506857 {\n  padding-top: 10px;\n}\n<\/style>\n\t<\/div>\n\t\n\n\t<div class=\"img has-hover x md-x lg-x y md-y lg-y\" id=\"image_940628481\">\n\t\t\t\t\t\t\t\t<div class=\"img-inner dark\" >\n\t\t\t<img decoding=\"async\" width=\"800\" height=\"800\" src=\"https:\/\/www.md-elektronik.com\/wp-content\/uploads\/2022\/11\/autor_christoph_zauner_md.png\" class=\"attachment-large size-large\" alt=\"\" srcset=\"https:\/\/www.md-elektronik.com\/wp-content\/uploads\/2022\/11\/autor_christoph_zauner_md.png 800w, https:\/\/www.md-elektronik.com\/wp-content\/uploads\/2022\/11\/autor_christoph_zauner_md-300x300.png 300w, https:\/\/www.md-elektronik.com\/wp-content\/uploads\/2022\/11\/autor_christoph_zauner_md-150x150.png 150w, https:\/\/www.md-elektronik.com\/wp-content\/uploads\/2022\/11\/autor_christoph_zauner_md-768x768.png 768w\" sizes=\"(max-width: 800px) 100vw, 800px\" \/>\t\t\t\t\t\t\n\t\t\t\t\t<\/div>\n\t\t\t\t\t\t\t\t\n<style>\n#image_940628481 {\n  width: 100%;\n}\n<\/style>\n\t<\/div>\n\t\n\n\n\t\t<\/div>\n\t\t\t\t\t<\/div>\n\n\t\n\n\t<div id=\"col-706799430\" class=\"col medium-9 small-12 large-9\"  >\n\t\t\t\t<div class=\"col-inner\"  >\n\t\t\t\n\t\t\t\n\n<p><span style=\"font-size: 130%;\"><strong>Christoph Zauner<\/strong><\/span><\/p>\n<p>Christoph Zauner ist Manager im Technical Product Management bei MD. Sein Fokus liegt im Bereich C-KLIC Produkte, Automotive PCB-Steckverbinder und Elektronik-Komponenten. Seine langj\u00e4hrige Berufserfahrung in der Elektronik-Entwicklung zeichnen ihn f\u00fcr diesen T\u00e4tigkeitsbereich aus. Was ihn am meisten an seinem Job reizt: \u201eNeue Produkte von Anfang an mitgestalten zu k\u00f6nnen ist ein besonderes Privileg. Der enge Kundenkontakt, die gemeinsame Arbeit in einem internationalen Team und die daraus resultierenden interkulturellen Erfahrungen machen die Aufgaben besonders interessant.<\/p>\n\n\t\t<\/div>\n\t\t\t\t\t<\/div>\n\n\t\n\n\n<style>\n#row-380426943 > .col > .col-inner {\n  padding: 0 0px 0px 0px;\n}\n<\/style>\n<\/div>\n\n<\/div><\/div><\/div>\n\n\n","protected":false},"excerpt":{"rendered":"","protected":false},"author":2,"featured_media":0,"parent":0,"menu_order":0,"comment_status":"closed","ping_status":"closed","template":"","meta":{"footnotes":""},"class_list":["post-20953","page","type-page","status-publish","hentry"],"_links":{"self":[{"href":"https:\/\/www.md-elektronik.com\/de\/wp-json\/wp\/v2\/pages\/20953","targetHints":{"allow":["GET"]}}],"collection":[{"href":"https:\/\/www.md-elektronik.com\/de\/wp-json\/wp\/v2\/pages"}],"about":[{"href":"https:\/\/www.md-elektronik.com\/de\/wp-json\/wp\/v2\/types\/page"}],"author":[{"embeddable":true,"href":"https:\/\/www.md-elektronik.com\/de\/wp-json\/wp\/v2\/users\/2"}],"replies":[{"embeddable":true,"href":"https:\/\/www.md-elektronik.com\/de\/wp-json\/wp\/v2\/comments?post=20953"}],"version-history":[{"count":3,"href":"https:\/\/www.md-elektronik.com\/de\/wp-json\/wp\/v2\/pages\/20953\/revisions"}],"predecessor-version":[{"id":20956,"href":"https:\/\/www.md-elektronik.com\/de\/wp-json\/wp\/v2\/pages\/20953\/revisions\/20956"}],"wp:attachment":[{"href":"https:\/\/www.md-elektronik.com\/de\/wp-json\/wp\/v2\/media?parent=20953"}],"curies":[{"name":"wp","href":"https:\/\/api.w.org\/{rel}","templated":true}]}}