{"id":21295,"date":"2024-02-15T08:41:31","date_gmt":"2024-02-15T07:41:31","guid":{"rendered":"https:\/\/www.md-elektronik.com\/?page_id=21295"},"modified":"2024-02-15T08:42:25","modified_gmt":"2024-02-15T07:42:25","slug":"anna-maria-girschitzka","status":"publish","type":"page","link":"https:\/\/www.md-elektronik.com\/de\/anna-maria-girschitzka\/","title":{"rendered":"Anna-Maria Girschitzka"},"content":{"rendered":"\n<div class=\"message-box relative\" style=\"padding-top:30px;padding-bottom:30px;\"><div class=\"message-box-bg-image bg-fill fill\" ><\/div><div class=\"message-box-bg-overlay bg-fill fill\" style=\"background-color:rgb(245, 245, 247);\"><\/div><div class=\"container relative\"><div class=\"inner last-reset\">\n\n<div class=\"row align-equal align-center\"  id=\"row-2027294195\">\n\n\n\t<div id=\"col-1027045037\" class=\"col medium-3 small-12 large-3\"  >\n\t\t\t\t<div class=\"col-inner\"  >\n\t\t\t\n\t\t\t\n\n\t<div id=\"gap-759272869\" class=\"gap-element clearfix\" style=\"display:block; height:auto;\">\n\t\t\n<style>\n#gap-759272869 {\n  padding-top: 10px;\n}\n<\/style>\n\t<\/div>\n\t\n\n\t<div class=\"img has-hover img-rounded x md-x lg-x y md-y lg-y\" id=\"image_714407155\">\n\t\t\t\t\t\t\t\t<div class=\"img-inner dark\" >\n\t\t\t<img decoding=\"async\" width=\"800\" height=\"800\" src=\"https:\/\/www.md-elektronik.com\/wp-content\/uploads\/2024\/02\/DSC08386-Girschitzka-Anna-Maria-high.png\" class=\"attachment-large size-large\" alt=\"\" srcset=\"https:\/\/www.md-elektronik.com\/wp-content\/uploads\/2024\/02\/DSC08386-Girschitzka-Anna-Maria-high.png 800w, https:\/\/www.md-elektronik.com\/wp-content\/uploads\/2024\/02\/DSC08386-Girschitzka-Anna-Maria-high-300x300.png 300w, https:\/\/www.md-elektronik.com\/wp-content\/uploads\/2024\/02\/DSC08386-Girschitzka-Anna-Maria-high-150x150.png 150w, https:\/\/www.md-elektronik.com\/wp-content\/uploads\/2024\/02\/DSC08386-Girschitzka-Anna-Maria-high-768x768.png 768w\" sizes=\"(max-width: 800px) 100vw, 800px\" \/>\t\t\t\t\t\t\n\t\t\t\t\t<\/div>\n\t\t\t\t\t\t\t\t\n<style>\n#image_714407155 {\n  width: 99%;\n}\n<\/style>\n\t<\/div>\n\t\n\n\n\t\t<\/div>\n\t\t\t\t\t<\/div>\n\n\t\n\n\t<div id=\"col-86371924\" class=\"col medium-9 small-12 large-9\"  >\n\t\t\t\t<div class=\"col-inner\"  >\n\t\t\t\n\t\t\t\n\n<p><span style=\"font-size: 130%;\"><strong>Anna-Maria Girschitzka<\/strong><\/span><\/p>\n<p>Anna-Maria Girschitzka ist seit ihrem Abschluss als Wirtschaftsingenieurin im April 2023 im Application Engineering f\u00fcr internationale Kunden t\u00e4tig und dort f\u00fcr die technische Kundenbetreuung zust\u00e4ndig. Ihre Ausbildung zur Automobilkauffrau ebnete ihr bereits den Weg in die Automobilbranche. An ihrem Job reizt sie besonders der Austausch und die Zusammenarbeit mit verschiedenen internationalen OEMs und die M\u00f6glichkeit, an der Entwicklung innovativer L\u00f6sungen f\u00fcr komplexe technologische Herausforderungen mitzuwirken.<\/p>\n\n\t\t<\/div>\n\t\t\t\t\t<\/div>\n\n\t\n\n\n<style>\n#row-2027294195 > .col > .col-inner {\n  padding: 0 0px 0px 0px;\n}\n<\/style>\n<\/div>\n\n<\/div><\/div><\/div>\n","protected":false},"excerpt":{"rendered":"","protected":false},"author":1,"featured_media":0,"parent":0,"menu_order":0,"comment_status":"closed","ping_status":"closed","template":"","meta":{"footnotes":""},"class_list":["post-21295","page","type-page","status-publish","hentry"],"_links":{"self":[{"href":"https:\/\/www.md-elektronik.com\/de\/wp-json\/wp\/v2\/pages\/21295","targetHints":{"allow":["GET"]}}],"collection":[{"href":"https:\/\/www.md-elektronik.com\/de\/wp-json\/wp\/v2\/pages"}],"about":[{"href":"https:\/\/www.md-elektronik.com\/de\/wp-json\/wp\/v2\/types\/page"}],"author":[{"embeddable":true,"href":"https:\/\/www.md-elektronik.com\/de\/wp-json\/wp\/v2\/users\/1"}],"replies":[{"embeddable":true,"href":"https:\/\/www.md-elektronik.com\/de\/wp-json\/wp\/v2\/comments?post=21295"}],"version-history":[{"count":2,"href":"https:\/\/www.md-elektronik.com\/de\/wp-json\/wp\/v2\/pages\/21295\/revisions"}],"predecessor-version":[{"id":21297,"href":"https:\/\/www.md-elektronik.com\/de\/wp-json\/wp\/v2\/pages\/21295\/revisions\/21297"}],"wp:attachment":[{"href":"https:\/\/www.md-elektronik.com\/de\/wp-json\/wp\/v2\/media?parent=21295"}],"curies":[{"name":"wp","href":"https:\/\/api.w.org\/{rel}","templated":true}]}}