{"id":21858,"date":"2024-03-13T08:36:56","date_gmt":"2024-03-13T07:36:56","guid":{"rendered":"https:\/\/www.md-elektronik.com\/?page_id=21858"},"modified":"2024-03-13T08:37:36","modified_gmt":"2024-03-13T07:37:36","slug":"alexander-haas","status":"publish","type":"page","link":"https:\/\/www.md-elektronik.com\/de\/alexander-haas\/","title":{"rendered":"Alexander Haas"},"content":{"rendered":"\n<div class=\"message-box relative\" style=\"padding-top:30px;padding-bottom:30px;\"><div class=\"message-box-bg-image bg-fill fill\" ><\/div><div class=\"message-box-bg-overlay bg-fill fill\" style=\"background-color:rgb(245, 245, 247);\"><\/div><div class=\"container relative\"><div class=\"inner last-reset\">\n\n<div class=\"row align-equal align-center\"  id=\"row-1880670525\">\n\n\n\t<div id=\"col-1885423890\" class=\"col medium-3 small-12 large-3\"  >\n\t\t\t\t<div class=\"col-inner\"  >\n\t\t\t\n\t\t\t\n\n\t<div id=\"gap-1960594522\" class=\"gap-element clearfix\" style=\"display:block; height:auto;\">\n\t\t\n<style>\n#gap-1960594522 {\n  padding-top: 10px;\n}\n<\/style>\n\t<\/div>\n\t\n\n\t<div class=\"img has-hover img-rounded x md-x lg-x y md-y lg-y\" id=\"image_1504595582\">\n\t\t\t\t\t\t\t\t<div class=\"img-inner dark\" >\n\t\t\t<img decoding=\"async\" width=\"1020\" height=\"1020\" src=\"https:\/\/www.md-elektronik.com\/wp-content\/uploads\/2024\/03\/DSC09448-Haas_Alexander-high-1024x1024.jpg\" class=\"attachment-large size-large\" alt=\"\" srcset=\"https:\/\/www.md-elektronik.com\/wp-content\/uploads\/2024\/03\/DSC09448-Haas_Alexander-high-1024x1024.jpg 1024w, https:\/\/www.md-elektronik.com\/wp-content\/uploads\/2024\/03\/DSC09448-Haas_Alexander-high-300x300.jpg 300w, https:\/\/www.md-elektronik.com\/wp-content\/uploads\/2024\/03\/DSC09448-Haas_Alexander-high-150x150.jpg 150w, https:\/\/www.md-elektronik.com\/wp-content\/uploads\/2024\/03\/DSC09448-Haas_Alexander-high-768x768.jpg 768w, https:\/\/www.md-elektronik.com\/wp-content\/uploads\/2024\/03\/DSC09448-Haas_Alexander-high.jpg 1440w\" sizes=\"(max-width: 1020px) 100vw, 1020px\" \/>\t\t\t\t\t\t\n\t\t\t\t\t<\/div>\n\t\t\t\t\t\t\t\t\n<style>\n#image_1504595582 {\n  width: 99%;\n}\n<\/style>\n\t<\/div>\n\t\n\n\n\t\t<\/div>\n\t\t\t\t\t<\/div>\n\n\t\n\n\t<div id=\"col-150730753\" class=\"col medium-9 small-12 large-9\"  >\n\t\t\t\t<div class=\"col-inner\"  >\n\t\t\t\n\t\t\t\n\n<p><span style=\"font-size: 130%;\"><strong>Dr. Alexander Haas<\/strong><\/span><\/p>\n<p>Nach dem Studium der Elektro- und Informationstechnik an der Technischen Universit\u00e4t M\u00fcnchen promovierte Alexander Haas zum Thema \u201eWerkstoffe in Bordnetzen\u201c in Kooperation mit einem gro\u00dfen OEM. Seit 2014 ist er leitender Angestellter in der MD Gruppe mit der Gesamtverantwortung f\u00fcr alle Pr\u00fcflabore. An seiner Arbeit sch\u00e4tzt er besonders die internationale, kultur\u00fcbergreifende Zusammenarbeit und die Vernetzung aller Labore der Gruppe zu einer gro\u00dfen Familie. Privat spielt er leidenschaftlich gerne Boogie Piano und ist Mitglied einer Rockabilly Band.<\/p>\n\n\t\t<\/div>\n\t\t\t\t\t<\/div>\n\n\t\n\n\n<style>\n#row-1880670525 > .col > .col-inner {\n  padding: 0 0px 0px 0px;\n}\n<\/style>\n<\/div>\n\n<\/div><\/div><\/div>\n\n\n","protected":false},"excerpt":{"rendered":"","protected":false},"author":2,"featured_media":0,"parent":0,"menu_order":0,"comment_status":"closed","ping_status":"closed","template":"","meta":{"footnotes":""},"class_list":["post-21858","page","type-page","status-publish","hentry"],"_links":{"self":[{"href":"https:\/\/www.md-elektronik.com\/de\/wp-json\/wp\/v2\/pages\/21858","targetHints":{"allow":["GET"]}}],"collection":[{"href":"https:\/\/www.md-elektronik.com\/de\/wp-json\/wp\/v2\/pages"}],"about":[{"href":"https:\/\/www.md-elektronik.com\/de\/wp-json\/wp\/v2\/types\/page"}],"author":[{"embeddable":true,"href":"https:\/\/www.md-elektronik.com\/de\/wp-json\/wp\/v2\/users\/2"}],"replies":[{"embeddable":true,"href":"https:\/\/www.md-elektronik.com\/de\/wp-json\/wp\/v2\/comments?post=21858"}],"version-history":[{"count":2,"href":"https:\/\/www.md-elektronik.com\/de\/wp-json\/wp\/v2\/pages\/21858\/revisions"}],"predecessor-version":[{"id":21860,"href":"https:\/\/www.md-elektronik.com\/de\/wp-json\/wp\/v2\/pages\/21858\/revisions\/21860"}],"wp:attachment":[{"href":"https:\/\/www.md-elektronik.com\/de\/wp-json\/wp\/v2\/media?parent=21858"}],"curies":[{"name":"wp","href":"https:\/\/api.w.org\/{rel}","templated":true}]}}