{"id":22116,"date":"2024-04-04T09:34:59","date_gmt":"2024-04-04T07:34:59","guid":{"rendered":"https:\/\/www.md-elektronik.com\/martin-pichlmeier\/"},"modified":"2024-04-04T09:35:53","modified_gmt":"2024-04-04T07:35:53","slug":"martin-pichlmeier","status":"publish","type":"page","link":"https:\/\/www.md-elektronik.com\/de\/martin-pichlmeier\/","title":{"rendered":"Martin Pichlmeier"},"content":{"rendered":"\n<div class=\"message-box relative\" style=\"padding-top:30px;padding-bottom:30px;\"><div class=\"message-box-bg-image bg-fill fill\" ><\/div><div class=\"message-box-bg-overlay bg-fill fill\" style=\"background-color:rgb(245, 245, 247);\"><\/div><div class=\"container relative\"><div class=\"inner last-reset\">\n\n<div class=\"row align-equal align-center\"  id=\"row-1012959256\">\n\n\n\t<div id=\"col-1929828714\" class=\"col medium-3 small-12 large-3\"  >\n\t\t\t\t<div class=\"col-inner\"  >\n\t\t\t\n\t\t\t\n\n\t<div id=\"gap-889752223\" class=\"gap-element clearfix\" style=\"display:block; height:auto;\">\n\t\t\n<style>\n#gap-889752223 {\n  padding-top: 10px;\n}\n<\/style>\n\t<\/div>\n\t\n\n\t<div class=\"img has-hover x md-x lg-x y md-y lg-y\" id=\"image_1716980254\">\n\t\t\t\t\t\t\t\t<div class=\"img-inner dark\" >\n\t\t\t<img decoding=\"async\" width=\"800\" height=\"800\" src=\"https:\/\/www.md-elektronik.com\/wp-content\/uploads\/2024\/04\/Pichlmeier-Martin.jpg\" class=\"attachment-original size-original\" alt=\"\" srcset=\"https:\/\/www.md-elektronik.com\/wp-content\/uploads\/2024\/04\/Pichlmeier-Martin.jpg 800w, https:\/\/www.md-elektronik.com\/wp-content\/uploads\/2024\/04\/Pichlmeier-Martin-300x300.jpg 300w, https:\/\/www.md-elektronik.com\/wp-content\/uploads\/2024\/04\/Pichlmeier-Martin-150x150.jpg 150w, https:\/\/www.md-elektronik.com\/wp-content\/uploads\/2024\/04\/Pichlmeier-Martin-768x768.jpg 768w\" sizes=\"(max-width: 800px) 100vw, 800px\" \/>\t\t\t\t\t\t\n\t\t\t\t\t<\/div>\n\t\t\t\t\t\t\t\t\n<style>\n#image_1716980254 {\n  width: 99%;\n}\n<\/style>\n\t<\/div>\n\t\n\n\n\t\t<\/div>\n\t\t\t\t\t<\/div>\n\n\t\n\n\t<div id=\"col-1855331627\" class=\"col medium-9 small-12 large-9\"  >\n\t\t\t\t<div class=\"col-inner\"  >\n\t\t\t\n\t\t\t\n\n<p><span style=\"font-size: 130%;\"><strong>Martin Pichlmeier<\/strong><\/span><\/p>\n<p>Martin Pichlmeier ist Manager im Bereich Technical Product Management. Seine Mission ist es, MD als Lieferanten und Entwicklungspartner f\u00fcr Steckkomponenten im Automobilsektor aufzubauen. Mehr als 14 Jahre Erfahrung im Bereich Kabelkonfektion und Komponentenentwicklung machen ihm zu einem Experten auf diesem Gebiet. Nach seinem Einstieg im Bereich Kabelkonfektion hat er als Manager Development eine Prozess-Entwicklungs-Abteilung aufgebaut und gef\u00fchrt. Der direkte Austausch mit Kunden weltweit, das Entwickeln neuer technischer L\u00f6sungen und die Markteinf\u00fchrung von Produkten sch\u00e4tzt er an seinem Job ganz besonders.<\/p>\n\n\t\t<\/div>\n\t\t\t\t\t<\/div>\n\n\t\n\n\n<style>\n#row-1012959256 > .col > .col-inner {\n  padding: 0 0px 0px 0px;\n}\n<\/style>\n<\/div>\n\n<\/div><\/div><\/div>\n","protected":false},"excerpt":{"rendered":"","protected":false},"author":2,"featured_media":0,"parent":0,"menu_order":0,"comment_status":"closed","ping_status":"closed","template":"","meta":{"footnotes":""},"class_list":["post-22116","page","type-page","status-publish","hentry"],"_links":{"self":[{"href":"https:\/\/www.md-elektronik.com\/de\/wp-json\/wp\/v2\/pages\/22116","targetHints":{"allow":["GET"]}}],"collection":[{"href":"https:\/\/www.md-elektronik.com\/de\/wp-json\/wp\/v2\/pages"}],"about":[{"href":"https:\/\/www.md-elektronik.com\/de\/wp-json\/wp\/v2\/types\/page"}],"author":[{"embeddable":true,"href":"https:\/\/www.md-elektronik.com\/de\/wp-json\/wp\/v2\/users\/2"}],"replies":[{"embeddable":true,"href":"https:\/\/www.md-elektronik.com\/de\/wp-json\/wp\/v2\/comments?post=22116"}],"version-history":[{"count":1,"href":"https:\/\/www.md-elektronik.com\/de\/wp-json\/wp\/v2\/pages\/22116\/revisions"}],"predecessor-version":[{"id":22121,"href":"https:\/\/www.md-elektronik.com\/de\/wp-json\/wp\/v2\/pages\/22116\/revisions\/22121"}],"wp:attachment":[{"href":"https:\/\/www.md-elektronik.com\/de\/wp-json\/wp\/v2\/media?parent=22116"}],"curies":[{"name":"wp","href":"https:\/\/api.w.org\/{rel}","templated":true}]}}