{"id":22265,"date":"2024-04-24T09:06:55","date_gmt":"2024-04-24T07:06:55","guid":{"rendered":"https:\/\/www.md-elektronik.com\/?page_id=22265"},"modified":"2024-04-24T09:07:12","modified_gmt":"2024-04-24T07:07:12","slug":"benedikt-strauss-robert-lemaire","status":"publish","type":"page","link":"https:\/\/www.md-elektronik.com\/de\/benedikt-strauss-robert-lemaire\/","title":{"rendered":"Benedikt Strauss &#8211; Robert Lemaire"},"content":{"rendered":"\n<div class=\"message-box relative\" style=\"padding-top:30px;padding-bottom:30px;\"><div class=\"message-box-bg-image bg-fill fill\" ><\/div><div class=\"message-box-bg-overlay bg-fill fill\" style=\"background-color:rgb(245, 245, 247);\"><\/div><div class=\"container relative\"><div class=\"inner last-reset\">\r\n\r\n<div class=\"row align-equal align-center\"  id=\"row-1999776535\">\r\n\r\n\n\t<div id=\"col-1784119483\" class=\"col medium-3 small-12 large-3\"  >\n\t\t\t\t<div class=\"col-inner\"  >\n\t\t\t\n\t\t\t\r\n\r\n\t<div id=\"gap-1963778155\" class=\"gap-element clearfix\" style=\"display:block; height:auto;\">\n\t\t\n<style>\n#gap-1963778155 {\n  padding-top: 10px;\n}\n<\/style>\n\t<\/div>\n\t\r\n\r\n\t<div class=\"img has-hover img-rounded x md-x lg-x y md-y lg-y\" id=\"image_1572896044\">\n\t\t\t\t\t\t\t\t<div class=\"img-inner dark\" >\n\t\t\t<img decoding=\"async\" width=\"800\" height=\"800\" src=\"https:\/\/www.md-elektronik.com\/wp-content\/uploads\/2024\/04\/md_benedikt_strauss_qr.jpg\" class=\"attachment-large size-large\" alt=\"\" srcset=\"https:\/\/www.md-elektronik.com\/wp-content\/uploads\/2024\/04\/md_benedikt_strauss_qr.jpg 800w, https:\/\/www.md-elektronik.com\/wp-content\/uploads\/2024\/04\/md_benedikt_strauss_qr-300x300.jpg 300w, https:\/\/www.md-elektronik.com\/wp-content\/uploads\/2024\/04\/md_benedikt_strauss_qr-150x150.jpg 150w, https:\/\/www.md-elektronik.com\/wp-content\/uploads\/2024\/04\/md_benedikt_strauss_qr-768x768.jpg 768w\" sizes=\"(max-width: 800px) 100vw, 800px\" \/>\t\t\t\t\t\t\n\t\t\t\t\t<\/div>\n\t\t\t\t\t\t\t\t\n<style>\n#image_1572896044 {\n  width: 99%;\n}\n<\/style>\n\t<\/div>\n\t\r\n\r\n\r\n\t\t<\/div>\n\t\t\t\t\t<\/div>\n\n\t\r\n\n\t<div id=\"col-2135362790\" class=\"col medium-9 small-12 large-9\"  >\n\t\t\t\t<div class=\"col-inner\"  >\n\t\t\t\n\t\t\t\r\n\r\n<p><span style=\"font-size: 130%;\"><strong>Benedikt Strau\u00df<\/strong><\/span><\/p>\r\n<p>Benedikt Strau\u00df ist Expert Automation im Bereich Technik bei MD. Seine Mission ist es, den Automatisierungsgrad im Bereich der Kabelkonfektion weiter auszubauen. Mehr als 10 Jahre Branchenerfahrung machen ihn zu einem Experten auf diesem Gebiet. Durch seinen Einstieg als Konstrukteur hat er die MD interne Anlagenautomation mit aufgebaut und die Entwicklung neuer Fertigungskonzepte vorangetrieben. Neben dem engen Kontakt zur Fertigung und dem Arbeiten in einem versierten Team sch\u00e4tzt er die abwechslungsreichen Anforderungen an seinem Job ganz besonders.<\/p>\r\n\r\n\t\t<\/div>\n\t\t\t\t\t<\/div>\n\n\t\r\n\r\n\n<style>\n#row-1999776535 > .col > .col-inner {\n  padding: 0 0px 0px 0px;\n}\n<\/style>\n<\/div>\r\n\r\n<\/div><\/div><\/div>\r\n\r\n<div class=\"message-box relative\" style=\"padding-top:30px;padding-bottom:30px;\"><div class=\"message-box-bg-image bg-fill fill\" ><\/div><div class=\"message-box-bg-overlay bg-fill fill\" style=\"background-color:rgb(245, 245, 247);\"><\/div><div class=\"container relative\"><div class=\"inner last-reset\">\r\n\r\n<div class=\"row align-equal align-center\"  id=\"row-875227939\">\r\n\r\n\n\t<div id=\"col-395370121\" class=\"col medium-3 small-12 large-3\"  >\n\t\t\t\t<div class=\"col-inner\"  >\n\t\t\t\n\t\t\t\r\n\r\n\t<div id=\"gap-905041427\" class=\"gap-element clearfix\" style=\"display:block; height:auto;\">\n\t\t\n<style>\n#gap-905041427 {\n  padding-top: 10px;\n}\n<\/style>\n\t<\/div>\n\t\r\n\r\n\t<div class=\"img has-hover img-rounded x md-x lg-x y md-y lg-y\" id=\"image_165283469\">\n\t\t\t\t\t\t\t\t<div class=\"img-inner dark\" >\n\t\t\t<img decoding=\"async\" width=\"800\" height=\"800\" src=\"https:\/\/www.md-elektronik.com\/wp-content\/uploads\/2024\/04\/md_robert_lemaire.jpg\" class=\"attachment-large size-large\" alt=\"\" srcset=\"https:\/\/www.md-elektronik.com\/wp-content\/uploads\/2024\/04\/md_robert_lemaire.jpg 800w, https:\/\/www.md-elektronik.com\/wp-content\/uploads\/2024\/04\/md_robert_lemaire-300x300.jpg 300w, https:\/\/www.md-elektronik.com\/wp-content\/uploads\/2024\/04\/md_robert_lemaire-150x150.jpg 150w, https:\/\/www.md-elektronik.com\/wp-content\/uploads\/2024\/04\/md_robert_lemaire-768x768.jpg 768w\" sizes=\"(max-width: 800px) 100vw, 800px\" \/>\t\t\t\t\t\t\n\t\t\t\t\t<\/div>\n\t\t\t\t\t\t\t\t\n<style>\n#image_165283469 {\n  width: 99%;\n}\n<\/style>\n\t<\/div>\n\t\r\n\r\n\r\n\t\t<\/div>\n\t\t\t\t\t<\/div>\n\n\t\r\n\n\t<div id=\"col-1749732185\" class=\"col medium-9 small-12 large-9\"  >\n\t\t\t\t<div class=\"col-inner\"  >\n\t\t\t\n\t\t\t\r\n\r\n<p><span style=\"font-size: 130%;\"><strong>Robert Lemaire<\/strong><\/span><\/p>\r\n<p>Robert Lemaire ist bei MD Elektronik Senior Manager im Bereich Automation Solutions. \r\nEr kann auf \u00fcber 20 Jahre Berufserfahrung im Sondermaschinenbau zur\u00fcckgreifen.\r\nSein beruflicher Werdegang hat ihn durch verschiedene Positionen gef\u00fchrt, von der Entwicklung der Steuerungssoftware f\u00fcr hochautomatisierte Anlagen bis hin zur Leitung von Teams f\u00fcr komplexe Automatisierungsprojekte. Seit seinem Start bei MD im Jahre 2015 gilt sein Engagement der Innovation und der kontinuierlichen Verbesserung, um stets auf dem neuesten Stand der Technologie zu bleiben. Als Senior Manager hat er erfolgreich an der Entwicklung und Implementierung von flexiblen Automatisierungsl\u00f6sungen gearbeitet, die dazu beitragen, die Produktionskapazit\u00e4ten zu erh\u00f6hen, die Qualit\u00e4t zu verbessern, die Kosten zu senken und damit die Wettbewerbsf\u00e4higkeit von MD zu st\u00e4rken.\r\n<\/p>\r\n\r\n\t\t<\/div>\n\t\t\t\t\t<\/div>\n\n\t\r\n\r\n\n<style>\n#row-875227939 > .col > .col-inner {\n  padding: 0 0px 0px 0px;\n}\n<\/style>\n<\/div>\r\n\r\n<\/div><\/div><\/div>\n\n\n","protected":false},"excerpt":{"rendered":"","protected":false},"author":2,"featured_media":0,"parent":0,"menu_order":0,"comment_status":"closed","ping_status":"closed","template":"","meta":{"footnotes":""},"class_list":["post-22265","page","type-page","status-publish","hentry"],"_links":{"self":[{"href":"https:\/\/www.md-elektronik.com\/de\/wp-json\/wp\/v2\/pages\/22265","targetHints":{"allow":["GET"]}}],"collection":[{"href":"https:\/\/www.md-elektronik.com\/de\/wp-json\/wp\/v2\/pages"}],"about":[{"href":"https:\/\/www.md-elektronik.com\/de\/wp-json\/wp\/v2\/types\/page"}],"author":[{"embeddable":true,"href":"https:\/\/www.md-elektronik.com\/de\/wp-json\/wp\/v2\/users\/2"}],"replies":[{"embeddable":true,"href":"https:\/\/www.md-elektronik.com\/de\/wp-json\/wp\/v2\/comments?post=22265"}],"version-history":[{"count":2,"href":"https:\/\/www.md-elektronik.com\/de\/wp-json\/wp\/v2\/pages\/22265\/revisions"}],"predecessor-version":[{"id":22267,"href":"https:\/\/www.md-elektronik.com\/de\/wp-json\/wp\/v2\/pages\/22265\/revisions\/22267"}],"wp:attachment":[{"href":"https:\/\/www.md-elektronik.com\/de\/wp-json\/wp\/v2\/media?parent=22265"}],"curies":[{"name":"wp","href":"https:\/\/api.w.org\/{rel}","templated":true}]}}