{"id":225,"date":"2019-06-12T10:56:45","date_gmt":"2019-06-12T08:56:45","guid":{"rendered":"https:\/\/www.md-elektronik.de\/?page_id=225"},"modified":"2026-03-24T09:52:01","modified_gmt":"2026-03-24T08:52:01","slug":"zertifikate","status":"publish","type":"page","link":"https:\/\/www.md-elektronik.com\/de\/ueber-uns\/zertifikate\/","title":{"rendered":"Zertifikate"},"content":{"rendered":"\n<div class=\"row\"  id=\"row-594738915\">\n\n\n\t<div id=\"col-185383464\" class=\"col medium-4 small-12 large-4\"  >\n\t\t\t\t<div class=\"col-inner\"  >\n\t\t\t\n\t\t\t\n\n<h2>Qualit\u00e4t<\/h2>\n<p><strong>MD ELEKTRONIK &#8211; Deutschland\u00a0&#8211;\u00a0ISO 9001<\/strong><\/p>\n<ul>\n<li><a href=\"https:\/\/www.md-elektronik.com\/wp-content\/uploads\/2024\/07\/16739ms_de.pdf\">Deutsche Version<\/a><\/li>\n<li><a href=\"https:\/\/www.md-elektronik.com\/wp-content\/uploads\/2024\/07\/16739ms_en.pdf\">Englische Version<\/a><\/li>\n<\/ul>\n<p><strong>MD ELEKTRONIK &#8211; Tschechische Republik &#8211; IATF 16949<\/strong><\/p>\n<ul>\n<li><a href=\"https:\/\/www.md-elektronik.com\/wp-content\/uploads\/2025\/08\/16739msIATF_ts02.pdf\">Tschechische Version<\/a><\/li>\n<li><a href=\"https:\/\/www.md-elektronik.com\/wp-content\/uploads\/2025\/08\/16739msIATF_en02.pdf\">Englische Version<\/a><\/li>\n<\/ul>\n<p><strong>MD ELECTRONICS &#8211; China (Beijing) &#8211; IATF 16949<\/strong><\/p>\n<ul>\n<li><a href=\"https:\/\/www.md-elektronik.com\/wp-content\/uploads\/2023\/12\/16739msIATF_chi03.pdf\">Chinesische Version<\/a><\/li>\n<li><a href=\"https:\/\/www.md-elektronik.com\/wp-content\/uploads\/2023\/12\/16739msIATF_en03.pdf\">Englische Version<\/a><\/li>\n<\/ul>\n<p><strong>MD ELECTRONICS &#8211; China (Changzhou) &#8211; IATF 16949<\/strong><\/p>\n<ul>\n<li><a href=\"https:\/\/www.md-elektronik.com\/wp-content\/uploads\/2024\/11\/16739msIATF_chi06.pdf\">Chinesische Version<\/a><\/li>\n<li><a href=\"https:\/\/www.md-elektronik.com\/wp-content\/uploads\/2024\/11\/16739msIATF_en06.pdf\">Englische Version<\/a><\/li>\n<\/ul>\n<p><strong>MD ELEKTRONIK &#8211; Mexiko &#8211;\u00a0 IATF 16949<\/strong><\/p>\n<ul>\n<li><a href=\"https:\/\/www.md-elektronik.com\/wp-content\/uploads\/2024\/07\/16739msIATF_sp05.pdf\">Spanische Version<\/a><\/li>\n<li><a href=\"https:\/\/www.md-elektronik.com\/wp-content\/uploads\/2024\/07\/16739msIATF_en05.pdf\">Englische Version<\/a><\/li>\n<\/ul>\n<p><strong>MD ELEKTRONIK &#8211; Bulgarien &#8211;\u00a0 IATF 16949<\/strong><\/p>\n<ul>\n<li><a href=\"https:\/\/www.md-elektronik.com\/wp-content\/uploads\/2024\/11\/16739msIATF_bul07.pdf\">Bulgarische Version<\/a><\/li>\n<li><a href=\"https:\/\/www.md-elektronik.com\/wp-content\/uploads\/2024\/11\/16739msIATF_en07.pdf\">Englische Version<\/a><\/li>\n<\/ul>\n\n\t\t<\/div>\n\t\t\t\t\t<\/div>\n\n\t\n\n\t<div id=\"col-1152650682\" class=\"col medium-4 small-12 large-4\"  >\n\t\t\t\t<div class=\"col-inner\"  >\n\t\t\t\n\t\t\t\n\n<h2>Umwelt, Arbeits- und Gesundheitsschutz<\/h2>\n<p><strong>MD ELEKTRONIK &#8211; Global &#8211; ISO 14001<span lang=\"de\" data-ogsc=\"rgb(31, 73, 125)\">\/ ISO 45001<\/span><br \/><\/strong><\/p>\n<ul>\n<li><a href=\"https:\/\/www.md-elektronik.com\/wp-content\/uploads\/2024\/11\/Hauptzertifikat_14001_45001_DE.pdf\">Hauptzertifikat (Deutsche Version)<\/a><\/li>\n<li><a href=\"https:\/\/www.md-elektronik.com\/wp-content\/uploads\/2024\/11\/Hauptzertifikat_14001_45001_EN.pdf\">Hauptzertifikat (Englische Version)<\/a><\/li>\n<\/ul>\n<p><strong>MD ELEKTRONIK &#8211; Deutschland &#8211; ISO 14001<span lang=\"de\" data-ogsc=\"rgb(31, 73, 125)\">\/ ISO 45001<\/span><br \/><\/strong><\/p>\n<ul>\n<li><a href=\"https:\/\/www.md-elektronik.com\/wp-content\/uploads\/2024\/02\/14001_45001_Waldkraiburg_20240214_de.pdf\">Deutsche Version<\/a><\/li>\n<li><a href=\"https:\/\/www.md-elektronik.com\/wp-content\/uploads\/2024\/02\/14001_45001_Waldkraiburg_20240214_en.pdf\">Englische Version<\/a><\/li>\n<\/ul>\n<p><strong>MD ELEKTRONIK &#8211; Tschechische Republik (Chot\u011b\u0161ov ) &#8211; ISO 14001<span lang=\"de\" data-ogsc=\"rgb(31, 73, 125)\">\/ ISO 45001<\/span><\/strong><\/p>\n<ul>\n<li><a href=\"https:\/\/www.md-elektronik.com\/wp-content\/uploads\/2024\/03\/14001_45001_CZ-Chotesov_20240803_v2_cs.pdf\">Tschechische Version<\/a><\/li>\n<li><a href=\"https:\/\/www.md-elektronik.com\/wp-content\/uploads\/2024\/03\/14001_45001_CZ-Chotesov_20240803_en.pdf\">Englische Version<\/a><\/li>\n<li><a href=\"https:\/\/www.md-elektronik.com\/wp-content\/uploads\/2024\/03\/14001_45001_CZ-Chotesov_20240803_de.pdf\">Deutsche Version<\/a><\/li>\n<\/ul>\n<p><strong>MD ELEKTRONIK &#8211; Tschechische Republik (Pilsen, \u00dan\u011b\u0161ovsk\u00e1)- ISO 14001<span lang=\"de\" data-ogsc=\"rgb(31, 73, 125)\">\/ ISO 45001<\/span><\/strong><\/p>\n<ul>\n<li><a href=\"https:\/\/www.md-elektronik.com\/wp-content\/uploads\/2024\/03\/14001_45001_CZ-Plzen_U_20240803_cs.pdf\">Tschechische Version<\/a><\/li>\n<li><a href=\"https:\/\/www.md-elektronik.com\/wp-content\/uploads\/2024\/03\/14001_45001_CZ-Plzen_U_20240803_en.pdf\">Englische Version<\/a><\/li>\n<li><a href=\"https:\/\/www.md-elektronik.com\/wp-content\/uploads\/2024\/03\/14001_45001_CZ-Plzen_U_20240803_de.pdf\">Deutsche Version<\/a><\/li>\n<\/ul>\n<p><strong>MD ELEKTRONIK &#8211; Tschechische Republik (Pilsen, Obchodn\u00ed) &#8211; ISO 14001<span lang=\"de\" data-ogsc=\"rgb(31, 73, 125)\">\/ ISO 45001<\/span><\/strong><\/p>\n<ul>\n<li><a href=\"https:\/\/www.md-elektronik.com\/wp-content\/uploads\/2024\/03\/14001_45001_CZ-Plzen_O_20240803_cs.pdf\">Tschechische Version<\/a><\/li>\n<li><a href=\"https:\/\/www.md-elektronik.com\/wp-content\/uploads\/2024\/03\/14001_45001_CZ-Plzen_O_20240803_en.pdf\">Englische Version<\/a><\/li>\n<li><a href=\"https:\/\/www.md-elektronik.com\/wp-content\/uploads\/2024\/03\/14001_45001_CZ-Plzen_O_20240803_de.pdf\">Deutsche Version<\/a><\/li>\n<\/ul>\n<p><strong>MD ELECTRONICS &#8211; China (Beijing) &#8211; ISO 14001\/ ISO 45001<\/strong><\/p>\n<ul>\n<li><a href=\"https:\/\/www.md-elektronik.com\/wp-content\/uploads\/2024\/02\/14001_45001_CN-Beijing_20241502_cn.pdf\">Chinesische Version<\/a><\/li>\n<li><a href=\"https:\/\/www.md-elektronik.com\/wp-content\/uploads\/2024\/02\/14001_45001_CN-Beijing_20241502_en.pdf\">Englische Version<\/a><\/li>\n<li><a href=\"https:\/\/www.md-elektronik.com\/wp-content\/uploads\/2024\/02\/14001_45001_CN-Beijing_20241502_de-1.pdf\">Deutsche Version<\/a><\/li>\n<\/ul>\n<p><strong>MD ELECTRONICS &#8211; China (Changzhou) &#8211; \u00a0ISO 14001\/ ISO 45001<\/strong><\/p>\n<ul>\n<li><a href=\"https:\/\/www.md-elektronik.com\/wp-content\/uploads\/2024\/02\/14001_45001_CN-Changzhou_20240214_cn.pdf\">Chinesische Version<\/a><\/li>\n<li><a href=\"https:\/\/www.md-elektronik.com\/wp-content\/uploads\/2024\/02\/14001_45001_CN-Changzhou_20240214_en.pdf\">Englische Version<\/a><\/li>\n<li><a href=\"https:\/\/www.md-elektronik.com\/wp-content\/uploads\/2024\/02\/14001_45001_CN-Changzhou_20240214_de.pdf\">Deutsche Version<\/a><\/li>\n<\/ul>\n<p><strong>MD ELEKTRONIK &#8211; Mexiko &#8211; ISO 14001<span lang=\"de\" data-ogsc=\"rgb(31, 73, 125)\">\/ ISO 45001<\/span><\/strong><\/p>\n<ul>\n<li><a href=\"https:\/\/www.md-elektronik.com\/wp-content\/uploads\/2024\/11\/Zertifikat-MDMX_ES_14001_45001.pdf\">Spanische Version<\/a><\/li>\n<li><a href=\"https:\/\/www.md-elektronik.com\/wp-content\/uploads\/2024\/11\/Zertifikat-MDMX_EN14001_45001-2.pdf\">Englische Version<\/a><\/li>\n<li><a href=\"https:\/\/www.md-elektronik.com\/wp-content\/uploads\/2024\/11\/Zertifikat-MDMX_DE_14001_45001.pdf\">Deutsche Version<\/a><\/li>\n<\/ul>\n<p><strong>MD ELEKTRONIK &#8211; Bulgarien &#8211; ISO 14001<span lang=\"de\" data-ogsc=\"rgb(31, 73, 125)\">\/ ISO 45001<\/span><\/strong><\/p>\n<ul>\n<li><a href=\"https:\/\/www.md-elektronik.com\/wp-content\/uploads\/2024\/02\/16739ms_08_EOOD_141_451_DIN_EN_ISO_14001_45001_bg.pdf\">Bulgarische Version<\/a><\/li>\n<li><a href=\"https:\/\/www.md-elektronik.com\/wp-content\/uploads\/2024\/02\/16739ms_08_EOOD_141_451_DIN_EN_ISO_14001_45001_en.pdf\">Englische Version<\/a><\/li>\n<li><a href=\"https:\/\/www.md-elektronik.com\/wp-content\/uploads\/2024\/02\/16739ms_08_EOOD_141_451_DIN_EN_ISO_14001_45001_de.pdf\">Deutsche Version<\/a><\/li>\n<\/ul>\n\n\t\t<\/div>\n\t\t\t\t\t<\/div>\n\n\t\n\n\t<div id=\"col-410061502\" class=\"col medium-4 small-12 large-4\"  >\n\t\t\t\t<div class=\"col-inner\"  >\n\t\t\t\n\t\t\t\n\n<h2>Akkreditierte Labore<\/h2>\n<p><strong>MD ELEKTRONIK &#8211; Deutschland<\/strong><\/p>\n<ul>\n<li><a href=\"https:\/\/www.md-elektronik.com\/wp-content\/uploads\/2024\/03\/Akkreditierungsurkunde-DAkkS-D-PL-19548-01-01.pdf\" target=\"_blank\" rel=\"noopener noreferrer\">Akkreditierungsurkunde (DAkkS) D-PL-19548-01-01<\/a><\/li>\n<li><a href=\"https:\/\/www.md-elektronik.com\/wp-content\/uploads\/2024\/03\/Akkreditierungsurkunde-DAkkS-D-PL-19548-01-03.pdf\">Akkreditierungsurkunde (DAkkS) D-PL-19548-01-03<\/a><\/li>\n<li><a href=\"https:\/\/www.md-elektronik.com\/wp-content\/uploads\/2026\/01\/C43615-DE-LALG-70098652-Liste-der-Verfahren-Standort-MDD.pdf\">Liste der Verfahren &#8211; Standort MD(D)<\/a>\u00a0<\/li>\n<li><a href=\"https:\/\/www.md-elektronik.com\/wp-content\/uploads\/2025\/01\/MD-Test-Laboratory-decision-rules.pdf\">MD Pr\u00fcflabor Entscheidungsregeln (Englische Version)<\/a><\/li>\n<\/ul>\n<p><img decoding=\"async\" class=\"alignnone  wp-image-9025\" src=\"https:\/\/www.md-elektronik.com\/wp-content\/uploads\/2024\/07\/D-PL-19548-01-00_DAkkS_Symbol_ILAC_RGB_2.1-scaled.jpg\" alt=\"\" width=\"160\" height=\"61\" \/><\/p>\n<p><em><sub>Die Akkreditierung gilt f\u00fcr den in der Urkundenanlage D-PL-22492-01-01 und D-PL-22492-01-03 festgelegten Umfang\u00a0<\/sub><\/em><\/p>\n<p><strong><br \/>MD ELEKTRONIK &#8211; Tschechische Republik\u00a0<\/strong><\/p>\n<ul>\n<li><a href=\"https:\/\/www.md-elektronik.com\/wp-content\/uploads\/2025\/03\/Akkreditierungsurkunde-DAkkS-D-PL-19548-01-02.pdf\" target=\"_blank\" rel=\"noopener noreferrer\">Akkreditierungsurkunde (DAkkS) D-PL-19548-01-02<\/a><\/li>\n<li><a href=\"https:\/\/www.md-elektronik.com\/wp-content\/uploads\/2024\/10\/List-of-test-methods-location-MDCZ.pdf\">Liste der Verfahren &#8211; Standort MD(CZ) (Englische Version)<\/a><\/li>\n<li><a href=\"https:\/\/www.md-elektronik.com\/wp-content\/uploads\/2025\/01\/MD-Test-Laboratory-decision-rules.pdf\">MD Pr\u00fcflabor Entscheidungsregeln (Englische Version)<\/a><\/li>\n<\/ul>\n<p><img decoding=\"async\" class=\"alignnone  wp-image-9019\" src=\"https:\/\/www.md-elektronik.com\/wp-content\/uploads\/2022\/02\/DAkkS_Symbol_ILAC_RGB_2.1_CZ_small-300x117.jpg\" alt=\"\" width=\"160\" height=\"61\" \/><\/p>\n<p><em><sub>Die Akkreditierung gilt f\u00fcr den in der Urkundenanlage D-PL-19548-01-02 festgelegten Umfang<\/sub><\/em><\/p>\n<p>\u00a0<\/p>\n<p>\u200b\u200b\u200b\u200b\u200b\u200b\u200b<strong>MD ELECTRONICS \u2013 China (Changzhou)<\/strong><\/p>\n<ul>\n<li><a href=\"https:\/\/www.md-elektronik.com\/wp-content\/uploads\/2026\/03\/Accreditation-of-the-German-National-Accreditation-Body-DAkkS-D-PL-22492-01-00.pdf\" target=\"_blank\" rel=\"noopener noreferrer\">Akkreditierungsurkunde (DAkkS) D-PL-22492-01-00 (Englische Version)<\/a><\/li>\n<li><a href=\"https:\/\/www.md-elektronik.com\/wp-content\/uploads\/2025\/01\/List-of-Test-Methods-Location-MDCN.C.pdf\">Liste der Verfahren \u2013 Standort MD(CN.C) (Englische Version)<\/a><\/li>\n<li><a href=\"https:\/\/www.md-elektronik.com\/wp-content\/uploads\/2025\/01\/MD-Test-Laboratory-decision-rules.pdf\">MD Pr\u00fcflabor Entscheidungsregeln (Englische Version)<\/a><\/li>\n<\/ul>\n<p><img decoding=\"async\" class=\"\" src=\"https:\/\/www.md-elektronik.com\/wp-content\/uploads\/2026\/03\/ILACDAKKS-RGB_D-PL-22492-01-00-scaled.jpg\" width=\"160\" height=\"61\" \/><\/p>\n<p><em><sub>Die Akkreditierung gilt f\u00fcr den in der Urkundenanlage D-PL-22492-01-00 festgelegten Umfang<\/sub><\/em><\/p>\n<p>\u00a0<\/p>\n<h2>Nicht akkreditierte Labore<\/h2>\n<p><strong>MD ELEKTRONIK \u2013 Mexiko<\/strong><\/p>\n<ul>\n<li><a href=\"https:\/\/www.md-elektronik.com\/wp-content\/uploads\/2025\/01\/MD-Test-Laboratory-decision-rules.pdf\" target=\"_blank\" rel=\"noopener noreferrer\">MD Pr\u00fcflabor Entscheidungsregeln (Englische Version)<\/a>\u00a0<\/li>\n<li><a href=\"https:\/\/www.md-elektronik.com\/wp-content\/uploads\/2025\/02\/List-of-test-methods-location-MDMX.pdf\">Liste der Verfahren \u2013 Standort MD(MX) (Englische Version)<\/a><\/li>\n<\/ul>\n<p>\u00a0<\/p>\n<p>\u00a0<\/p>\n<p>\u00a0<\/p>\n<p>\u00a0<\/p>\n<p>\u00a0<\/p>\n\n\t\t<\/div>\n\t\t\t\t\t<\/div>\n\n\t\n\n<\/div>\n\n","protected":false},"excerpt":{"rendered":"","protected":false},"author":2,"featured_media":0,"parent":5715,"menu_order":3,"comment_status":"closed","ping_status":"closed","template":"","meta":{"footnotes":""},"class_list":["post-225","page","type-page","status-publish","hentry"],"_links":{"self":[{"href":"https:\/\/www.md-elektronik.com\/de\/wp-json\/wp\/v2\/pages\/225","targetHints":{"allow":["GET"]}}],"collection":[{"href":"https:\/\/www.md-elektronik.com\/de\/wp-json\/wp\/v2\/pages"}],"about":[{"href":"https:\/\/www.md-elektronik.com\/de\/wp-json\/wp\/v2\/types\/page"}],"author":[{"embeddable":true,"href":"https:\/\/www.md-elektronik.com\/de\/wp-json\/wp\/v2\/users\/2"}],"replies":[{"embeddable":true,"href":"https:\/\/www.md-elektronik.com\/de\/wp-json\/wp\/v2\/comments?post=225"}],"version-history":[{"count":139,"href":"https:\/\/www.md-elektronik.com\/de\/wp-json\/wp\/v2\/pages\/225\/revisions"}],"predecessor-version":[{"id":31778,"href":"https:\/\/www.md-elektronik.com\/de\/wp-json\/wp\/v2\/pages\/225\/revisions\/31778"}],"up":[{"embeddable":true,"href":"https:\/\/www.md-elektronik.com\/de\/wp-json\/wp\/v2\/pages\/5715"}],"wp:attachment":[{"href":"https:\/\/www.md-elektronik.com\/de\/wp-json\/wp\/v2\/media?parent=225"}],"curies":[{"name":"wp","href":"https:\/\/api.w.org\/{rel}","templated":true}]}}