{"id":22505,"date":"2024-05-14T08:43:48","date_gmt":"2024-05-14T06:43:48","guid":{"rendered":"https:\/\/www.md-elektronik.com\/?page_id=22505"},"modified":"2024-05-14T08:44:32","modified_gmt":"2024-05-14T06:44:32","slug":"sabrina-boehler-michael-mayerhofer","status":"publish","type":"page","link":"https:\/\/www.md-elektronik.com\/de\/sabrina-boehler-michael-mayerhofer\/","title":{"rendered":"Sabrina Boehler &#8211; Michael Mayerhofer"},"content":{"rendered":"\n<div class=\"message-box relative\" style=\"padding-top:30px;padding-bottom:30px;\"><div class=\"message-box-bg-image bg-fill fill\" ><\/div><div class=\"message-box-bg-overlay bg-fill fill\" style=\"background-color:rgb(245, 245, 247);\"><\/div><div class=\"container relative\"><div class=\"inner last-reset\">\n\n<div class=\"row align-equal align-center\"  id=\"row-1114483966\">\n\n\n\t<div id=\"col-352509323\" class=\"col medium-3 small-12 large-3\"  >\n\t\t\t\t<div class=\"col-inner\"  >\n\t\t\t\n\t\t\t\n\n\t<div id=\"gap-698640711\" class=\"gap-element clearfix\" style=\"display:block; height:auto;\">\n\t\t\n<style>\n#gap-698640711 {\n  padding-top: 10px;\n}\n<\/style>\n\t<\/div>\n\t\n\n\t<div class=\"img has-hover img-rounded x md-x lg-x y md-y lg-y\" id=\"image_1641327555\">\n\t\t\t\t\t\t\t\t<div class=\"img-inner dark\" >\n\t\t\t<img decoding=\"async\" width=\"1020\" height=\"1020\" src=\"https:\/\/www.md-elektronik.com\/wp-content\/uploads\/2024\/05\/3.3.jpg\" class=\"attachment-large size-large\" alt=\"\" srcset=\"https:\/\/www.md-elektronik.com\/wp-content\/uploads\/2024\/05\/3.3.jpg 1024w, https:\/\/www.md-elektronik.com\/wp-content\/uploads\/2024\/05\/3.3-300x300.jpg 300w, https:\/\/www.md-elektronik.com\/wp-content\/uploads\/2024\/05\/3.3-150x150.jpg 150w, https:\/\/www.md-elektronik.com\/wp-content\/uploads\/2024\/05\/3.3-768x768.jpg 768w\" sizes=\"(max-width: 1020px) 100vw, 1020px\" \/>\t\t\t\t\t\t\n\t\t\t\t\t<\/div>\n\t\t\t\t\t\t\t\t\n<style>\n#image_1641327555 {\n  width: 99%;\n}\n<\/style>\n\t<\/div>\n\t\n\n\n\t\t<\/div>\n\t\t\t\t\t<\/div>\n\n\t\n\n\t<div id=\"col-1189937045\" class=\"col medium-9 small-12 large-9\"  >\n\t\t\t\t<div class=\"col-inner\"  >\n\t\t\t\n\t\t\t\n\n<p><span style=\"font-size: 130%;\"><strong>Sabrina B\u00f6hler<\/strong><\/span><\/p>\n<p>Sabrina B\u00f6hler ist Manager Innovation Management bei MD ELEKTRONIK. W\u00e4hrend ihres Studiums an der Technischen Universit\u00e4t M\u00fcnchen hat sie ihre Passion f\u00fcr Innovationen entdeckt und anschlie\u00dfend an der Friedrich-Alexander-Universit\u00e4t Erlangen-N\u00fcrnberg \u00fcber IT-basierte Innovationsplattformen promoviert. Seit 2019 unterst\u00fctzt sie die Kollegen aus den technischen Fachbereichen bei MD, mittels unterschiedlicher Innovationsmethoden und -formate, bei der Entwicklung zukunftsweisender L\u00f6sungen. Innovationen brauchen eine starke intrinsische Motivation. Ihr Antrieb ist daher, Menschen zusammenzubringen und f\u00fcr Innovation zu motivieren und zu bef\u00e4higen. <\/p>\n\n\t\t<\/div>\n\t\t\t\t\t<\/div>\n\n\t\n\n\n<style>\n#row-1114483966 > .col > .col-inner {\n  padding: 0 0px 0px 0px;\n}\n<\/style>\n<\/div>\n\n<\/div><\/div><\/div>\n\n<div class=\"message-box relative\" style=\"padding-top:30px;padding-bottom:30px;\"><div class=\"message-box-bg-image bg-fill fill\" ><\/div><div class=\"message-box-bg-overlay bg-fill fill\" style=\"background-color:rgb(245, 245, 247);\"><\/div><div class=\"container relative\"><div class=\"inner last-reset\">\r\n\r\n<div class=\"row align-equal align-center\"  id=\"row-613070553\">\r\n\r\n\n\t<div id=\"col-1080753519\" class=\"col medium-3 small-12 large-3\"  >\n\t\t\t\t<div class=\"col-inner\"  >\n\t\t\t\n\t\t\t\r\n\r\n\t<div id=\"gap-1562906370\" class=\"gap-element clearfix\" style=\"display:block; height:auto;\">\n\t\t\n<style>\n#gap-1562906370 {\n  padding-top: 10px;\n}\n<\/style>\n\t<\/div>\n\t\r\n\r\n\t<div class=\"img has-hover img-rounded x md-x lg-x y md-y lg-y\" id=\"image_61238084\">\n\t\t\t\t\t\t\t\t<div class=\"img-inner dark\" >\n\t\t\t<img decoding=\"async\" width=\"1020\" height=\"1020\" src=\"https:\/\/www.md-elektronik.com\/wp-content\/uploads\/2024\/05\/2.jpg\" class=\"attachment-large size-large\" alt=\"\" srcset=\"https:\/\/www.md-elektronik.com\/wp-content\/uploads\/2024\/05\/2.jpg 1024w, https:\/\/www.md-elektronik.com\/wp-content\/uploads\/2024\/05\/2-300x300.jpg 300w, https:\/\/www.md-elektronik.com\/wp-content\/uploads\/2024\/05\/2-150x150.jpg 150w, https:\/\/www.md-elektronik.com\/wp-content\/uploads\/2024\/05\/2-768x768.jpg 768w\" sizes=\"(max-width: 1020px) 100vw, 1020px\" \/>\t\t\t\t\t\t\n\t\t\t\t\t<\/div>\n\t\t\t\t\t\t\t\t\n<style>\n#image_61238084 {\n  width: 99%;\n}\n<\/style>\n\t<\/div>\n\t\r\n\r\n\r\n\t\t<\/div>\n\t\t\t\t\t<\/div>\n\n\t\r\n\n\t<div id=\"col-788498508\" class=\"col medium-9 small-12 large-9\"  >\n\t\t\t\t<div class=\"col-inner\"  >\n\t\t\t\n\t\t\t\r\n\r\n<p><span style=\"font-size: 130%;\"><strong>Michael Mayerhofer<\/strong><\/span><\/p>\r\n<p>Michael ist Innovation Consultant bei MD und hat einen Hintergrund in den Bereichen Technologie und Innovation. Er war Mitbegr\u00fcnder des weltweit ersten Startups f\u00fcr Reinigungsdrohnen und hat seitdem bei Amazon sowie als Innovation Architect und Intrapreneur gearbeitet. Bei MD nutzt Michael seine Erfahrung, um Fachexperten dabei zu helfen innovative L\u00f6sungen zu entwickeln. Er setzt sich leidenschaftlich f\u00fcr Innovationen ein und engagiert sich f\u00fcr die F\u00f6rderung eines kollaborativen Umfelds, in dem Ideen gedeihen k\u00f6nnen.<\/p>\r\n\r\n\t\t<\/div>\n\t\t\t\t\t<\/div>\n\n\t\r\n\r\n\n<style>\n#row-613070553 > .col > .col-inner {\n  padding: 0 0px 0px 0px;\n}\n<\/style>\n<\/div>\r\n\r\n<\/div><\/div><\/div>\n","protected":false},"excerpt":{"rendered":"","protected":false},"author":2,"featured_media":0,"parent":0,"menu_order":0,"comment_status":"closed","ping_status":"closed","template":"","meta":{"footnotes":""},"class_list":["post-22505","page","type-page","status-publish","hentry"],"_links":{"self":[{"href":"https:\/\/www.md-elektronik.com\/de\/wp-json\/wp\/v2\/pages\/22505","targetHints":{"allow":["GET"]}}],"collection":[{"href":"https:\/\/www.md-elektronik.com\/de\/wp-json\/wp\/v2\/pages"}],"about":[{"href":"https:\/\/www.md-elektronik.com\/de\/wp-json\/wp\/v2\/types\/page"}],"author":[{"embeddable":true,"href":"https:\/\/www.md-elektronik.com\/de\/wp-json\/wp\/v2\/users\/2"}],"replies":[{"embeddable":true,"href":"https:\/\/www.md-elektronik.com\/de\/wp-json\/wp\/v2\/comments?post=22505"}],"version-history":[{"count":2,"href":"https:\/\/www.md-elektronik.com\/de\/wp-json\/wp\/v2\/pages\/22505\/revisions"}],"predecessor-version":[{"id":22507,"href":"https:\/\/www.md-elektronik.com\/de\/wp-json\/wp\/v2\/pages\/22505\/revisions\/22507"}],"wp:attachment":[{"href":"https:\/\/www.md-elektronik.com\/de\/wp-json\/wp\/v2\/media?parent=22505"}],"curies":[{"name":"wp","href":"https:\/\/api.w.org\/{rel}","templated":true}]}}