{"id":23117,"date":"2024-07-10T14:27:03","date_gmt":"2024-07-10T12:27:03","guid":{"rendered":"https:\/\/www.md-elektronik.com\/?page_id=23117"},"modified":"2024-07-10T14:35:52","modified_gmt":"2024-07-10T12:35:52","slug":"gerd-mittermaier","status":"publish","type":"page","link":"https:\/\/www.md-elektronik.com\/de\/gerd-mittermaier\/","title":{"rendered":"Gerd Mittermaier"},"content":{"rendered":"\n<div class=\"message-box relative\" style=\"padding-top:30px;padding-bottom:30px;\"><div class=\"message-box-bg-image bg-fill fill\" ><\/div><div class=\"message-box-bg-overlay bg-fill fill\" style=\"background-color:rgb(245, 245, 247);\"><\/div><div class=\"container relative\"><div class=\"inner last-reset\">\n\n<div class=\"row align-equal align-center\"  id=\"row-309377242\">\n\n\n\t<div id=\"col-1135453990\" class=\"col medium-3 small-12 large-3\"  >\n\t\t\t\t<div class=\"col-inner\"  >\n\t\t\t\n\t\t\t\n\n\t<div id=\"gap-306827256\" class=\"gap-element clearfix\" style=\"display:block; height:auto;\">\n\t\t\n<style>\n#gap-306827256 {\n  padding-top: 10px;\n}\n<\/style>\n\t<\/div>\n\t\n\n\t<div class=\"img has-hover x md-x lg-x y md-y lg-y\" id=\"image_665166206\">\n\t\t\t\t\t\t\t\t<div class=\"img-inner dark\" >\n\t\t\t<img decoding=\"async\" width=\"789\" height=\"789\" src=\"https:\/\/www.md-elektronik.com\/wp-content\/uploads\/2024\/07\/gerd-mittermeier_quadr.png\" class=\"attachment-large size-large\" alt=\"\" srcset=\"https:\/\/www.md-elektronik.com\/wp-content\/uploads\/2024\/07\/gerd-mittermeier_quadr.png 789w, https:\/\/www.md-elektronik.com\/wp-content\/uploads\/2024\/07\/gerd-mittermeier_quadr-300x300.png 300w, https:\/\/www.md-elektronik.com\/wp-content\/uploads\/2024\/07\/gerd-mittermeier_quadr-150x150.png 150w, https:\/\/www.md-elektronik.com\/wp-content\/uploads\/2024\/07\/gerd-mittermeier_quadr-768x768.png 768w\" sizes=\"(max-width: 789px) 100vw, 789px\" \/>\t\t\t\t\t\t\n\t\t\t\t\t<\/div>\n\t\t\t\t\t\t\t\t\n<style>\n#image_665166206 {\n  width: 99%;\n}\n<\/style>\n\t<\/div>\n\t\n\n\n\t\t<\/div>\n\t\t\t\t\t<\/div>\n\n\t\n\n\t<div id=\"col-1498468459\" class=\"col medium-9 small-12 large-9\"  >\n\t\t\t\t<div class=\"col-inner\"  >\n\t\t\t\n\t\t\t\n\n<p><span style=\"font-size: 130%;\"><strong>Gerd Mittermaier<\/strong><\/span><\/p>\n<p>Gerd Mittermaier, Global Vice President Product Management \u2013 Markets \u2013 R&D, ist verantwortlich f\u00fcr die Produktentwicklung, Innovation Management, Produkt Management, und das Patentwesen innerhalb der MD Gruppe. Er ist Enthusiast f\u00fcr die neuesten Technologien der Kommunikation und des vernetzen Fahrens in der Automobilindustrie. Seine mehr als 15-j\u00e4hrige Branchenerfahrung und 12-j\u00e4hrige F\u00fchrungsverantwortung in den Bereichen technische Kundenbetreuung, Vertrieb und R&D machen ihn zu einem Experten auf diesen Gebieten. Neben seinem engen Kontakt zu den Automobilherstellern pflegt er auch aus seiner fr\u00fcheren T\u00e4tigkeit als Halbleiterentwickler einen intensiven Austausch mit den Halbleiterherstellern. <\/p>\n<p>Durch die von ihm etablierten MD Tech Offices in San Jos\u00e9, California, U.S.A. und Shenzhen, China kann die MD Gruppe intensive Kontakte in die globalen Technologiezentren pflegen.<\/p>\n\n\t\t<\/div>\n\t\t\t\t\t<\/div>\n\n\t\n\n\n<style>\n#row-309377242 > .col > .col-inner {\n  padding: 0 0px 0px 0px;\n}\n<\/style>\n<\/div>\n\n<\/div><\/div><\/div>\n\n\n","protected":false},"excerpt":{"rendered":"","protected":false},"author":2,"featured_media":0,"parent":0,"menu_order":0,"comment_status":"closed","ping_status":"closed","template":"","meta":{"footnotes":""},"class_list":["post-23117","page","type-page","status-publish","hentry"],"_links":{"self":[{"href":"https:\/\/www.md-elektronik.com\/de\/wp-json\/wp\/v2\/pages\/23117","targetHints":{"allow":["GET"]}}],"collection":[{"href":"https:\/\/www.md-elektronik.com\/de\/wp-json\/wp\/v2\/pages"}],"about":[{"href":"https:\/\/www.md-elektronik.com\/de\/wp-json\/wp\/v2\/types\/page"}],"author":[{"embeddable":true,"href":"https:\/\/www.md-elektronik.com\/de\/wp-json\/wp\/v2\/users\/2"}],"replies":[{"embeddable":true,"href":"https:\/\/www.md-elektronik.com\/de\/wp-json\/wp\/v2\/comments?post=23117"}],"version-history":[{"count":2,"href":"https:\/\/www.md-elektronik.com\/de\/wp-json\/wp\/v2\/pages\/23117\/revisions"}],"predecessor-version":[{"id":23119,"href":"https:\/\/www.md-elektronik.com\/de\/wp-json\/wp\/v2\/pages\/23117\/revisions\/23119"}],"wp:attachment":[{"href":"https:\/\/www.md-elektronik.com\/de\/wp-json\/wp\/v2\/media?parent=23117"}],"curies":[{"name":"wp","href":"https:\/\/api.w.org\/{rel}","templated":true}]}}