{"id":23688,"date":"2024-08-12T09:12:21","date_gmt":"2024-08-12T07:12:21","guid":{"rendered":"https:\/\/www.md-elektronik.com\/youliang-zhuang\/"},"modified":"2024-08-12T09:13:02","modified_gmt":"2024-08-12T07:13:02","slug":"youliang-zhuang","status":"publish","type":"page","link":"https:\/\/www.md-elektronik.com\/de\/youliang-zhuang\/","title":{"rendered":"Youliang Zhuang"},"content":{"rendered":"\n<div class=\"message-box relative\" style=\"padding-top:30px;padding-bottom:30px;\"><div class=\"message-box-bg-image bg-fill fill\" ><\/div><div class=\"message-box-bg-overlay bg-fill fill\" style=\"background-color:rgb(245, 245, 247);\"><\/div><div class=\"container relative\"><div class=\"inner last-reset\">\r\n\r\n<div class=\"row align-equal align-center\"  id=\"row-480371039\">\r\n\r\n\n\t<div id=\"col-29160562\" class=\"col medium-3 small-12 large-3\"  >\n\t\t\t\t<div class=\"col-inner\"  >\n\t\t\t\n\t\t\t\r\n\r\n\t<div id=\"gap-323327423\" class=\"gap-element clearfix\" style=\"display:block; height:auto;\">\n\t\t\n<style>\n#gap-323327423 {\n  padding-top: 10px;\n}\n<\/style>\n\t<\/div>\n\t\r\n\r\n\t<div class=\"img has-hover img-rounded x md-x lg-x y md-y lg-y\" id=\"image_1273198629\">\n\t\t\t\t\t\t\t\t<div class=\"img-inner dark\" >\n\t\t\t<img decoding=\"async\" width=\"800\" height=\"800\" src=\"https:\/\/www.md-elektronik.com\/wp-content\/uploads\/2024\/08\/Autorenbild-Youliang-Zhuang.jpg\" class=\"attachment-large size-large\" alt=\"\" srcset=\"https:\/\/www.md-elektronik.com\/wp-content\/uploads\/2024\/08\/Autorenbild-Youliang-Zhuang.jpg 800w, https:\/\/www.md-elektronik.com\/wp-content\/uploads\/2024\/08\/Autorenbild-Youliang-Zhuang-300x300.jpg 300w, https:\/\/www.md-elektronik.com\/wp-content\/uploads\/2024\/08\/Autorenbild-Youliang-Zhuang-150x150.jpg 150w, https:\/\/www.md-elektronik.com\/wp-content\/uploads\/2024\/08\/Autorenbild-Youliang-Zhuang-768x768.jpg 768w\" sizes=\"(max-width: 800px) 100vw, 800px\" \/>\t\t\t\t\t\t\n\t\t\t\t\t<\/div>\n\t\t\t\t\t\t\t\t\n<style>\n#image_1273198629 {\n  width: 99%;\n}\n<\/style>\n\t<\/div>\n\t\r\n\r\n\r\n\t\t<\/div>\n\t\t\t\t\t<\/div>\n\n\t\r\n\n\t<div id=\"col-2063276809\" class=\"col medium-9 small-12 large-9\"  >\n\t\t\t\t<div class=\"col-inner\"  >\n\t\t\t\n\t\t\t\r\n\r\n<p><span style=\"font-size: 130%;\"><strong>Youliang Zhuang<\/strong><\/span><\/p>\r\n<p>Youliang ist seit 20 Jahren im Bereich der Steckverbinderentwicklung t\u00e4tig. Bevor er im Jahr 2023 zu MD Asia-Pacific (Beijing) ELECTRONICS Co., Ltd. kam, war er Steckverbinderexperte bei einem der gr\u00f6\u00dften Unternehmen Chinas. Derzeit ist er Leiter der Forschung und Entwicklung in China und verantwortlich f\u00fcr Produktentwicklung, Projektmanagement und Produktmanagement. Youliang arbeitet von Shanghai aus. Er hat seine Abteilung aufgebaut und die Bereiche Produktentwicklung und Produktmanagement in China etabliert. Dar\u00fcber hinaus sieht er sich als Kommunikator und arbeitet eng mit der MD Zentrale in Deutschland zusammen. Youliang ist stolz darauf, bei MD China zu arbeiten, und glaubt an das Potential des Unternehmens. Es fasziniert ihn, was MD zu bieten hat, und was unsere Produkte und Dienstleistungen bewirken k\u00f6nnen. In seiner Freizeit verbringt er gerne Zeit mit seiner Familie, f\u00e4hrt mit Freunden Fahrrad, liest Philosophie-B\u00fccher und spielt Videospiele.\r\n<\/p>\r\n\r\n\t\t<\/div>\n\t\t\t\t\t<\/div>\n\n\t\r\n\r\n\n<style>\n#row-480371039 > .col > .col-inner {\n  padding: 0 0px 0px 0px;\n}\n<\/style>\n<\/div>\r\n\r\n<\/div><\/div><\/div>\n\n\n","protected":false},"excerpt":{"rendered":"","protected":false},"author":1,"featured_media":0,"parent":0,"menu_order":0,"comment_status":"closed","ping_status":"closed","template":"","meta":{"footnotes":""},"class_list":["post-23688","page","type-page","status-publish","hentry"],"_links":{"self":[{"href":"https:\/\/www.md-elektronik.com\/de\/wp-json\/wp\/v2\/pages\/23688","targetHints":{"allow":["GET"]}}],"collection":[{"href":"https:\/\/www.md-elektronik.com\/de\/wp-json\/wp\/v2\/pages"}],"about":[{"href":"https:\/\/www.md-elektronik.com\/de\/wp-json\/wp\/v2\/types\/page"}],"author":[{"embeddable":true,"href":"https:\/\/www.md-elektronik.com\/de\/wp-json\/wp\/v2\/users\/1"}],"replies":[{"embeddable":true,"href":"https:\/\/www.md-elektronik.com\/de\/wp-json\/wp\/v2\/comments?post=23688"}],"version-history":[{"count":1,"href":"https:\/\/www.md-elektronik.com\/de\/wp-json\/wp\/v2\/pages\/23688\/revisions"}],"predecessor-version":[{"id":23693,"href":"https:\/\/www.md-elektronik.com\/de\/wp-json\/wp\/v2\/pages\/23688\/revisions\/23693"}],"wp:attachment":[{"href":"https:\/\/www.md-elektronik.com\/de\/wp-json\/wp\/v2\/media?parent=23688"}],"curies":[{"name":"wp","href":"https:\/\/api.w.org\/{rel}","templated":true}]}}