{"id":23984,"date":"2024-09-11T08:29:08","date_gmt":"2024-09-11T06:29:08","guid":{"rendered":"https:\/\/www.md-elektronik.com\/autor-oscar-vega\/"},"modified":"2024-09-11T08:29:42","modified_gmt":"2024-09-11T06:29:42","slug":"autor-oscar-vega","status":"publish","type":"page","link":"https:\/\/www.md-elektronik.com\/de\/autor-oscar-vega\/","title":{"rendered":"Autor Oscar Vega"},"content":{"rendered":"\n<div class=\"message-box relative\" style=\"padding-top:30px;padding-bottom:30px;\"><div class=\"message-box-bg-image bg-fill fill\" ><\/div><div class=\"message-box-bg-overlay bg-fill fill\" style=\"background-color:rgb(245, 245, 247);\"><\/div><div class=\"container relative\"><div class=\"inner last-reset\">\n\n<div class=\"row align-equal align-center\"  id=\"row-1074331623\">\n\n\n\t<div id=\"col-739641935\" class=\"col medium-3 small-12 large-3\"  >\n\t\t\t\t<div class=\"col-inner\"  >\n\t\t\t\n\t\t\t\n\n\t<div id=\"gap-1622835683\" class=\"gap-element clearfix\" style=\"display:block; height:auto;\">\n\t\t\n<style>\n#gap-1622835683 {\n  padding-top: 10px;\n}\n<\/style>\n\t<\/div>\n\t\n\n\t<div class=\"img has-hover x md-x lg-x y md-y lg-y\" id=\"image_297665846\">\n\t\t\t\t\t\t\t\t<div class=\"img-inner dark\" >\n\t\t\t<img decoding=\"async\" width=\"800\" height=\"800\" src=\"https:\/\/www.md-elektronik.com\/wp-content\/uploads\/2024\/09\/DSC02239-Vega-Oscar-high.jpg\" class=\"attachment-large size-large\" alt=\"\" srcset=\"https:\/\/www.md-elektronik.com\/wp-content\/uploads\/2024\/09\/DSC02239-Vega-Oscar-high.jpg 800w, https:\/\/www.md-elektronik.com\/wp-content\/uploads\/2024\/09\/DSC02239-Vega-Oscar-high-300x300.jpg 300w, https:\/\/www.md-elektronik.com\/wp-content\/uploads\/2024\/09\/DSC02239-Vega-Oscar-high-150x150.jpg 150w, https:\/\/www.md-elektronik.com\/wp-content\/uploads\/2024\/09\/DSC02239-Vega-Oscar-high-768x768.jpg 768w\" sizes=\"(max-width: 800px) 100vw, 800px\" \/>\t\t\t\t\t\t\n\t\t\t\t\t<\/div>\n\t\t\t\t\t\t\t\t\n<style>\n#image_297665846 {\n  width: 99%;\n}\n<\/style>\n\t<\/div>\n\t\n\n\n\t\t<\/div>\n\t\t\t\t\t<\/div>\n\n\t\n\n\t<div id=\"col-1530648583\" class=\"col medium-9 small-12 large-9\"  >\n\t\t\t\t<div class=\"col-inner\"  >\n\t\t\t\n\t\t\t\n\n<p><span style=\"font-size: 130%;\"><strong>Oscar Vega<\/strong><\/span><\/p>\n<p>Oscar Vega ist Project &amp; Application Engineering Manager bei MD in Le\u00f3n, Mexico. Mehr als zehn Jahre Erfahrung in der Automobilindustrie umfassten T\u00e4tigkeiten in verschiedenen L\u00e4ndern, darunter die USA, China, Japan, Deutschland und Mexiko.<\/p>\n<p>Mit den Spezialgebieten Programmmanagement, Forschung und Entwicklung sowie Qualit\u00e4tssicherung bringt Oscar unsch\u00e4tzbares Fachwissen bei MD ein und f\u00f6rdert so Innovationen und Exzellenz im Fahrzeugbau.<\/p>\n<p>Was ist Oscars Mission? Alles dreht sich um Teamarbeit und kreative Probleml\u00f6sung. Er sch\u00e4tzt die Zusammenarbeit mit Kunden und Partnern, um die sich st\u00e4ndig weiterentwickelnden Herausforderungen in unserer Technologielandschaft anzugehen.<\/p>\n<p>Die Schaffung eines unterst\u00fctzenden Umfelds, in dem sich jeder entfalten kann, hat f\u00fcr Oscar Priorit\u00e4t. Es ist ihm wichtig, Weiterentwicklung und Motivation der Teammitglieder zu f\u00f6rdern, um gemeinsam die Ziele von MD zu erreichen. Mit einer offenen Kommunikation und Eigenverantwortung stellt Oscar sicher, dass alle Teammitglieder Anerkennung erfahren und motiviert sind, ihr Bestes zu geben, weil sie wissen, dass der Erfolg des Einzelnen den Erfolg f\u00fcr das gesamte Unternehmen bringt.<\/p>\n\n\t\t<\/div>\n\t\t\t\t\t<\/div>\n\n\t\n\n\n<style>\n#row-1074331623 > .col > .col-inner {\n  padding: 0 0px 0px 0px;\n}\n<\/style>\n<\/div>\n\n<\/div><\/div><\/div>\n\n\n","protected":false},"excerpt":{"rendered":"","protected":false},"author":1,"featured_media":0,"parent":0,"menu_order":0,"comment_status":"closed","ping_status":"closed","template":"","meta":{"footnotes":""},"class_list":["post-23984","page","type-page","status-publish","hentry"],"_links":{"self":[{"href":"https:\/\/www.md-elektronik.com\/de\/wp-json\/wp\/v2\/pages\/23984","targetHints":{"allow":["GET"]}}],"collection":[{"href":"https:\/\/www.md-elektronik.com\/de\/wp-json\/wp\/v2\/pages"}],"about":[{"href":"https:\/\/www.md-elektronik.com\/de\/wp-json\/wp\/v2\/types\/page"}],"author":[{"embeddable":true,"href":"https:\/\/www.md-elektronik.com\/de\/wp-json\/wp\/v2\/users\/1"}],"replies":[{"embeddable":true,"href":"https:\/\/www.md-elektronik.com\/de\/wp-json\/wp\/v2\/comments?post=23984"}],"version-history":[{"count":1,"href":"https:\/\/www.md-elektronik.com\/de\/wp-json\/wp\/v2\/pages\/23984\/revisions"}],"predecessor-version":[{"id":23989,"href":"https:\/\/www.md-elektronik.com\/de\/wp-json\/wp\/v2\/pages\/23984\/revisions\/23989"}],"wp:attachment":[{"href":"https:\/\/www.md-elektronik.com\/de\/wp-json\/wp\/v2\/media?parent=23984"}],"curies":[{"name":"wp","href":"https:\/\/api.w.org\/{rel}","templated":true}]}}