{"id":25109,"date":"2024-11-26T09:31:19","date_gmt":"2024-11-26T08:31:19","guid":{"rendered":"https:\/\/www.md-elektronik.com\/rudolf-engl-johann-geier\/"},"modified":"2024-11-26T09:32:57","modified_gmt":"2024-11-26T08:32:57","slug":"rudolf-engl-johann-geier","status":"publish","type":"page","link":"https:\/\/www.md-elektronik.com\/de\/rudolf-engl-johann-geier\/","title":{"rendered":"Rudolf Engl &#8211; Johann Geier"},"content":{"rendered":"\n<div class=\"message-box relative\" style=\"padding-top:30px;padding-bottom:30px;\"><div class=\"message-box-bg-image bg-fill fill\" ><\/div><div class=\"message-box-bg-overlay bg-fill fill\" style=\"background-color:rgb(245, 245, 247);\"><\/div><div class=\"container relative\"><div class=\"inner last-reset\">\n\n<div class=\"row align-equal align-center\"  id=\"row-1231782496\">\n\n\n\t<div id=\"col-763217941\" class=\"col medium-3 small-12 large-3\"  >\n\t\t\t\t<div class=\"col-inner\"  >\n\t\t\t\n\t\t\t\n\n\t<div id=\"gap-941109476\" class=\"gap-element clearfix\" style=\"display:block; height:auto;\">\n\t\t\n<style>\n#gap-941109476 {\n  padding-top: 10px;\n}\n<\/style>\n\t<\/div>\n\t\n\n\t<div class=\"img has-hover x md-x lg-x y md-y lg-y\" id=\"image_1495195528\">\n\t\t\t\t\t\t\t\t<div class=\"img-inner dark\" >\n\t\t\t<img decoding=\"async\" width=\"1020\" height=\"1020\" src=\"https:\/\/www.md-elektronik.com\/wp-content\/uploads\/2024\/11\/rudolf-engl-1024x1024.jpg\" class=\"attachment-large size-large\" alt=\"\" srcset=\"https:\/\/www.md-elektronik.com\/wp-content\/uploads\/2024\/11\/rudolf-engl-1024x1024.jpg 1024w, https:\/\/www.md-elektronik.com\/wp-content\/uploads\/2024\/11\/rudolf-engl-300x300.jpg 300w, https:\/\/www.md-elektronik.com\/wp-content\/uploads\/2024\/11\/rudolf-engl-150x150.jpg 150w, https:\/\/www.md-elektronik.com\/wp-content\/uploads\/2024\/11\/rudolf-engl-768x768.jpg 768w, https:\/\/www.md-elektronik.com\/wp-content\/uploads\/2024\/11\/rudolf-engl-400x400.jpg 400w, https:\/\/www.md-elektronik.com\/wp-content\/uploads\/2024\/11\/rudolf-engl-600x600.jpg 600w, https:\/\/www.md-elektronik.com\/wp-content\/uploads\/2024\/11\/rudolf-engl.jpg 1240w\" sizes=\"(max-width: 1020px) 100vw, 1020px\" \/>\t\t\t\t\t\t\n\t\t\t\t\t<\/div>\n\t\t\t\t\t\t\t\t\n<style>\n#image_1495195528 {\n  width: 99%;\n}\n<\/style>\n\t<\/div>\n\t\n\n\n\t\t<\/div>\n\t\t\t\t\t<\/div>\n\n\t\n\n\t<div id=\"col-1136340906\" class=\"col medium-9 small-12 large-9\"  >\n\t\t\t\t<div class=\"col-inner\"  >\n\t\t\t\n\t\t\t\n\n<p><span style=\"font-size: 130%;\"><strong>Rudolf Engl<\/strong><\/span><\/p>\n<p>Nach dem Studium der Elektrotechnik mit Schwerpunkt Hochfrequenztechnik begann Rudolf Engl seine berufliche Laufbahn als Elektronik-Entwicklungsingenieur bei Eurocopter (heute Airbus Helicopters). Im Anschluss daran konnte er seine Elektronikkenntnisse bei verschiedenen Entwicklungen der Fahrzeugelektronik f\u00fcr die Firmen Webasto, Beissbarth oder Atron vertiefen und war neben der Entwicklungst\u00e4tigkeit meist auch f\u00fcr die Projektleitung der HW-Komponenten, wie z.B. dem Fahrgeldrechner AFR4 der Atron electronic GmbH, verantwortlich. Mit dem Wechsel zu MD ELEKTRONIK im Jahr 2013 war er mit der Entwicklung verschiedener automotiver USB Elektronikbaugruppen betraut und \u00fcbernahm 2018 die Leitung der Abteilung Elektronikentwicklung. Parallel dazu kamen neben der Elektronik Entwicklung verschiedene Aufgaben in Steckerentwicklungsprojekten zu seinem Aufgabengebiet hinzu. Seit Anfang 2020 besch\u00e4ftigt er sich mit zunehmender Intensit\u00e4t mit dem Thema der optischen Daten\u00fcbertragung im Fahrzeug.<\/p>\n\n\t\t<\/div>\n\t\t\t\t\t<\/div>\n\n\t\n\n\n<style>\n#row-1231782496 > .col > .col-inner {\n  padding: 0 0px 0px 0px;\n}\n<\/style>\n<\/div>\n\n<\/div><\/div><\/div>\n\n\n","protected":false},"excerpt":{"rendered":"","protected":false},"author":2,"featured_media":0,"parent":0,"menu_order":0,"comment_status":"closed","ping_status":"closed","template":"","meta":{"footnotes":""},"class_list":["post-25109","page","type-page","status-publish","hentry"],"_links":{"self":[{"href":"https:\/\/www.md-elektronik.com\/de\/wp-json\/wp\/v2\/pages\/25109","targetHints":{"allow":["GET"]}}],"collection":[{"href":"https:\/\/www.md-elektronik.com\/de\/wp-json\/wp\/v2\/pages"}],"about":[{"href":"https:\/\/www.md-elektronik.com\/de\/wp-json\/wp\/v2\/types\/page"}],"author":[{"embeddable":true,"href":"https:\/\/www.md-elektronik.com\/de\/wp-json\/wp\/v2\/users\/2"}],"replies":[{"embeddable":true,"href":"https:\/\/www.md-elektronik.com\/de\/wp-json\/wp\/v2\/comments?post=25109"}],"version-history":[{"count":1,"href":"https:\/\/www.md-elektronik.com\/de\/wp-json\/wp\/v2\/pages\/25109\/revisions"}],"predecessor-version":[{"id":25114,"href":"https:\/\/www.md-elektronik.com\/de\/wp-json\/wp\/v2\/pages\/25109\/revisions\/25114"}],"wp:attachment":[{"href":"https:\/\/www.md-elektronik.com\/de\/wp-json\/wp\/v2\/media?parent=25109"}],"curies":[{"name":"wp","href":"https:\/\/api.w.org\/{rel}","templated":true}]}}