{"id":28463,"date":"2025-06-11T08:33:03","date_gmt":"2025-06-11T06:33:03","guid":{"rendered":"https:\/\/www.md-elektronik.com\/sladjan-ivanovic\/"},"modified":"2025-06-11T08:33:21","modified_gmt":"2025-06-11T06:33:21","slug":"sladjan-ivanovic","status":"publish","type":"page","link":"https:\/\/www.md-elektronik.com\/de\/sladjan-ivanovic\/","title":{"rendered":"Sladjan Ivanovic"},"content":{"rendered":"\n<div class=\"message-box relative\" style=\"padding-top:30px;padding-bottom:30px;\"><div class=\"message-box-bg-image bg-fill fill\" ><\/div><div class=\"message-box-bg-overlay bg-fill fill\" style=\"background-color:rgb(245, 245, 247);\"><\/div><div class=\"container relative\"><div class=\"inner last-reset\">\n\n<div class=\"row align-equal align-center\"  id=\"row-1151229441\">\n\n\n\t<div id=\"col-1136104392\" class=\"col medium-3 small-12 large-3\"  >\n\t\t\t\t<div class=\"col-inner\"  >\n\t\t\t\n\t\t\t\n\n\t<div id=\"gap-1698644866\" class=\"gap-element clearfix\" style=\"display:block; height:auto;\">\n\t\t\n<style>\n#gap-1698644866 {\n  padding-top: 10px;\n}\n<\/style>\n\t<\/div>\n\t\n\n\t<div class=\"img has-hover x md-x lg-x y md-y lg-y\" id=\"image_1916276861\">\n\t\t\t\t\t\t\t\t<div class=\"img-inner dark\" >\n\t\t\t<img decoding=\"async\" width=\"800\" height=\"800\" src=\"https:\/\/www.md-elektronik.com\/wp-content\/uploads\/2025\/06\/DSC00155-Ivanovic-Sladjan-high.jpg\" class=\"attachment-large size-large\" alt=\"\" srcset=\"https:\/\/www.md-elektronik.com\/wp-content\/uploads\/2025\/06\/DSC00155-Ivanovic-Sladjan-high.jpg 800w, https:\/\/www.md-elektronik.com\/wp-content\/uploads\/2025\/06\/DSC00155-Ivanovic-Sladjan-high-300x300.jpg 300w, https:\/\/www.md-elektronik.com\/wp-content\/uploads\/2025\/06\/DSC00155-Ivanovic-Sladjan-high-150x150.jpg 150w, https:\/\/www.md-elektronik.com\/wp-content\/uploads\/2025\/06\/DSC00155-Ivanovic-Sladjan-high-768x768.jpg 768w\" sizes=\"(max-width: 800px) 100vw, 800px\" \/>\t\t\t\t\t\t\n\t\t\t\t\t<\/div>\n\t\t\t\t\t\t\t\t\n<style>\n#image_1916276861 {\n  width: 99%;\n}\n<\/style>\n\t<\/div>\n\t\n\n\n\t\t<\/div>\n\t\t\t\t\t<\/div>\n\n\t\n\n\t<div id=\"col-510249391\" class=\"col medium-9 small-12 large-9\"  >\n\t\t\t\t<div class=\"col-inner\"  >\n\t\t\t\n\t\t\t\n\n<p><span style=\"font-size: 130%;\"><strong>Sladjan Ivanovic<\/strong><\/span><\/p>\n<p>Sladjan ist ein erfahrener Fachmann im Bereich Vertriebs- und Projektmanagement mit \u00fcber 30 Jahren Berufserfahrung in der Automobilindustrie. Er hat ein umfangreiches Netzwerk mit Kontakten sowohl zu OEMs als auch Tier-1-Kunden aufgebaut und weltweit die Gesch\u00e4ftsentwicklung und das Profitabilit\u00e4tswachstum unmittelbar unterst\u00fctzt. Als Diplomingenieur, der flie\u00dfend vier Sprachen spricht, verf\u00fcgt Sladjan \u00fcber ein tiefes Verst\u00e4ndnis des internationalen Managements und dank seines multikulturellen Hintergrunds kann er problemlos und respektvoll mit Kunden und Lieferanten auf der ganzen Welt interagieren.<\/p>\n<p>Sladjan arbeitet hart daf\u00fcr, den Marktanteil von MD in Frankreich zu steigern, getreu seinem Motto: Gehe immer voran, gib niemals auf.<\/p>\n\n\t\t<\/div>\n\t\t\t\t\t<\/div>\n\n\t\n\n\n<style>\n#row-1151229441 > .col > .col-inner {\n  padding: 0 0px 0px 0px;\n}\n<\/style>\n<\/div>\n\n<\/div><\/div><\/div>\n","protected":false},"excerpt":{"rendered":"","protected":false},"author":2,"featured_media":0,"parent":0,"menu_order":0,"comment_status":"closed","ping_status":"closed","template":"","meta":{"footnotes":""},"class_list":["post-28463","page","type-page","status-publish","hentry"],"_links":{"self":[{"href":"https:\/\/www.md-elektronik.com\/de\/wp-json\/wp\/v2\/pages\/28463","targetHints":{"allow":["GET"]}}],"collection":[{"href":"https:\/\/www.md-elektronik.com\/de\/wp-json\/wp\/v2\/pages"}],"about":[{"href":"https:\/\/www.md-elektronik.com\/de\/wp-json\/wp\/v2\/types\/page"}],"author":[{"embeddable":true,"href":"https:\/\/www.md-elektronik.com\/de\/wp-json\/wp\/v2\/users\/2"}],"replies":[{"embeddable":true,"href":"https:\/\/www.md-elektronik.com\/de\/wp-json\/wp\/v2\/comments?post=28463"}],"version-history":[{"count":1,"href":"https:\/\/www.md-elektronik.com\/de\/wp-json\/wp\/v2\/pages\/28463\/revisions"}],"predecessor-version":[{"id":28468,"href":"https:\/\/www.md-elektronik.com\/de\/wp-json\/wp\/v2\/pages\/28463\/revisions\/28468"}],"wp:attachment":[{"href":"https:\/\/www.md-elektronik.com\/de\/wp-json\/wp\/v2\/media?parent=28463"}],"curies":[{"name":"wp","href":"https:\/\/api.w.org\/{rel}","templated":true}]}}