{"id":29208,"date":"2025-06-25T08:28:39","date_gmt":"2025-06-25T06:28:39","guid":{"rendered":"https:\/\/www.md-elektronik.com\/?page_id=29208"},"modified":"2025-06-25T08:29:28","modified_gmt":"2025-06-25T06:29:28","slug":"johannes-trae","status":"publish","type":"page","link":"https:\/\/www.md-elektronik.com\/de\/johannes-trae\/","title":{"rendered":"Johannes Trae"},"content":{"rendered":"\n<div class=\"message-box relative\" style=\"padding-top:30px;padding-bottom:30px;\"><div class=\"message-box-bg-image bg-fill fill\" ><\/div><div class=\"message-box-bg-overlay bg-fill fill\" style=\"background-color:rgb(245, 245, 247);\"><\/div><div class=\"container relative\"><div class=\"inner last-reset\">\n\n<div class=\"row align-equal align-center\"  id=\"row-1165875713\">\n\n\n\t<div id=\"col-1869487608\" class=\"col medium-3 small-12 large-3\"  >\n\t\t\t\t<div class=\"col-inner\"  >\n\t\t\t\n\t\t\t\n\n\t<div id=\"gap-926239309\" class=\"gap-element clearfix\" style=\"display:block; height:auto;\">\n\t\t\n<style>\n#gap-926239309 {\n  padding-top: 10px;\n}\n<\/style>\n\t<\/div>\n\t\n\n\t<div class=\"img has-hover x md-x lg-x y md-y lg-y\" id=\"image_963248216\">\n\t\t\t\t\t\t\t\t<div class=\"img-inner dark\" >\n\t\t\t<img decoding=\"async\" width=\"800\" height=\"800\" src=\"https:\/\/www.md-elektronik.com\/wp-content\/uploads\/2025\/06\/DSC2557.jpg\" class=\"attachment-large size-large\" alt=\"\" srcset=\"https:\/\/www.md-elektronik.com\/wp-content\/uploads\/2025\/06\/DSC2557.jpg 800w, https:\/\/www.md-elektronik.com\/wp-content\/uploads\/2025\/06\/DSC2557-300x300.jpg 300w, https:\/\/www.md-elektronik.com\/wp-content\/uploads\/2025\/06\/DSC2557-150x150.jpg 150w, https:\/\/www.md-elektronik.com\/wp-content\/uploads\/2025\/06\/DSC2557-768x768.jpg 768w\" sizes=\"(max-width: 800px) 100vw, 800px\" \/>\t\t\t\t\t\t\n\t\t\t\t\t<\/div>\n\t\t\t\t\t\t\t\t\n<style>\n#image_963248216 {\n  width: 99%;\n}\n<\/style>\n\t<\/div>\n\t\n\n\n\t\t<\/div>\n\t\t\t\t\t<\/div>\n\n\t\n\n\t<div id=\"col-583614871\" class=\"col medium-9 small-12 large-9\"  >\n\t\t\t\t<div class=\"col-inner\"  >\n\t\t\t\n\t\t\t\n\n<p><span style=\"font-size: 130%;\"><strong>Johannes Tr\u00e4<\/strong><\/span><\/p>\n<p>Johannes Tr\u00e4 ist als Director Development verantwortlich f\u00fcr Entwicklungsabteilungen mit den Themen Product Design, Hochfrequenz, Elektronik, Sensoric und Optik im Headquarter der MD Gruppe. Dar\u00fcber hinaus geh\u00f6rt die Simulation, das Rapid Prototyping Center sowie das Engineering Test Facility als Labor f\u00fcr entwicklungsbegleitende Pr\u00fcfungen zu seinem Verantwortungsbereich.<br \/>\n\u00dcber 22-j\u00e4hrige Branchenerfahrung im Automobilsektor, davon 17 Jahre F\u00fchrungsverantwortung vom Application Engineering, \u00fcber die Leitung der Infotainment-Entwicklung bis zur Fachbereichsleitung aller Entwicklungsabteilungen machen ihn zu einem Experten in dieser Branche. Da die neuesten Technologien im globalen Markt entwickelt werden, ist ihm die internationale Aufstellung der R&D ein wichtiger Schwerpunkt. Der Aufbau von R&D DesignCentern im asiatischen und nordamerikanischen Raum geh\u00f6rte ebenso zu seinen Aufgaben wie die Implementierung und Ausbildung von interkulturellen Entwicklerteams, die gemeinsam kunden- und l\u00e4nder\u00fcbergreifende L\u00f6sungen entwickeln. Er pflegt auch engen Kontakt zu einem internationalen Lieferanten- und Dienstleisternetzwerk um mit seinen globalen R&D-Teams kontinuierlich an der Ausweitung der Grenzen des technisch Machbaren im Interesse einer schnellen, agilen und innovativen Produktentwicklung zu arbeiten<\/p>\n\n\t\t<\/div>\n\t\t\t\t\t<\/div>\n\n\t\n\n\n<style>\n#row-1165875713 > .col > .col-inner {\n  padding: 0 0px 0px 0px;\n}\n<\/style>\n<\/div>\n\n<\/div><\/div><\/div>\n\n\n","protected":false},"excerpt":{"rendered":"","protected":false},"author":2,"featured_media":0,"parent":0,"menu_order":0,"comment_status":"closed","ping_status":"closed","template":"","meta":{"footnotes":""},"class_list":["post-29208","page","type-page","status-publish","hentry"],"_links":{"self":[{"href":"https:\/\/www.md-elektronik.com\/de\/wp-json\/wp\/v2\/pages\/29208","targetHints":{"allow":["GET"]}}],"collection":[{"href":"https:\/\/www.md-elektronik.com\/de\/wp-json\/wp\/v2\/pages"}],"about":[{"href":"https:\/\/www.md-elektronik.com\/de\/wp-json\/wp\/v2\/types\/page"}],"author":[{"embeddable":true,"href":"https:\/\/www.md-elektronik.com\/de\/wp-json\/wp\/v2\/users\/2"}],"replies":[{"embeddable":true,"href":"https:\/\/www.md-elektronik.com\/de\/wp-json\/wp\/v2\/comments?post=29208"}],"version-history":[{"count":2,"href":"https:\/\/www.md-elektronik.com\/de\/wp-json\/wp\/v2\/pages\/29208\/revisions"}],"predecessor-version":[{"id":29210,"href":"https:\/\/www.md-elektronik.com\/de\/wp-json\/wp\/v2\/pages\/29208\/revisions\/29210"}],"wp:attachment":[{"href":"https:\/\/www.md-elektronik.com\/de\/wp-json\/wp\/v2\/media?parent=29208"}],"curies":[{"name":"wp","href":"https:\/\/api.w.org\/{rel}","templated":true}]}}