{"id":30765,"date":"2025-11-06T08:55:47","date_gmt":"2025-11-06T07:55:47","guid":{"rendered":"https:\/\/www.md-elektronik.com\/martin-huber\/"},"modified":"2025-11-06T08:57:01","modified_gmt":"2025-11-06T07:57:01","slug":"martin-huber","status":"publish","type":"page","link":"https:\/\/www.md-elektronik.com\/de\/martin-huber\/","title":{"rendered":"Martin Huber"},"content":{"rendered":"\n<div class=\"message-box relative ml-author-box\" style=\"padding-top:30px;padding-bottom:30px;\"><div class=\"message-box-bg-image bg-fill fill\" ><\/div><div class=\"message-box-bg-overlay bg-fill fill\" style=\"background-color:rgb(245, 245, 247);\"><\/div><div class=\"container relative\"><div class=\"inner last-reset\">\n\n<div class=\"row align-equal align-center\"  id=\"row-481881114\">\n\n\n\t<div id=\"col-981107082\" class=\"col medium-3 small-12 large-3\"  >\n\t\t\t\t<div class=\"col-inner\"  >\n\t\t\t\n\t\t\t\n\n\t<div id=\"gap-1944192239\" class=\"gap-element clearfix\" style=\"display:block; height:auto;\">\n\t\t\n<style>\n#gap-1944192239 {\n  padding-top: 10px;\n}\n<\/style>\n\t<\/div>\n\t\n\n\t<div class=\"img has-hover x md-x lg-x y md-y lg-y\" id=\"image_1588269243\">\n\t\t\t\t\t\t\t\t<div class=\"img-inner dark\" >\n\t\t\t<img decoding=\"async\" width=\"800\" height=\"800\" src=\"https:\/\/www.md-elektronik.com\/wp-content\/uploads\/2025\/11\/Martin-Huber.jpg\" class=\"attachment-large size-large\" alt=\"\" srcset=\"https:\/\/www.md-elektronik.com\/wp-content\/uploads\/2025\/11\/Martin-Huber.jpg 800w, https:\/\/www.md-elektronik.com\/wp-content\/uploads\/2025\/11\/Martin-Huber-300x300.jpg 300w, https:\/\/www.md-elektronik.com\/wp-content\/uploads\/2025\/11\/Martin-Huber-150x150.jpg 150w, https:\/\/www.md-elektronik.com\/wp-content\/uploads\/2025\/11\/Martin-Huber-768x768.jpg 768w\" sizes=\"(max-width: 800px) 100vw, 800px\" \/>\t\t\t\t\t\t\n\t\t\t\t\t<\/div>\n\t\t\t\t\t\t\t\t\n<style>\n#image_1588269243 {\n  width: 99%;\n}\n<\/style>\n\t<\/div>\n\t\n\n\n\t\t<\/div>\n\t\t\t\t\t<\/div>\n\n\t\n\n\t<div id=\"col-2048106426\" class=\"col medium-9 small-12 large-9\"  >\n\t\t\t\t<div class=\"col-inner\"  >\n\t\t\t\n\t\t\t\n\n<p><span style=\"font-size: 130%;\"><strong>Martin Huber<\/strong><\/span><\/p>\n<p>Martin Huber ist strategischer Produktmanager bei MD ELEKTRONIK und verf\u00fcgt \u00fcber mehr als 20 Jahre Erfahrung in der Automobilbranche. Mit seinem umfassenden Know-how unterst\u00fctzt er MD als Produkt- und Trendscout dabei, mittel- bis langfristige technologische Entwicklungen fr\u00fchzeitig zu erkennen und einzuordnen. Seine Leidenschaft gilt der Zusammenarbeit mit Kunden, Startups, Halbleiterherstellern und Lieferanten, um innovative L\u00f6sungen f\u00fcr zuk\u00fcnftige Produkte zu identifizieren und nutzbare Wege f\u00fcr MD in der Automobilindustrie aufzuzeigen.<br \/>\nSeine Karriere begann als Entwickler und Projektleiter, wo er ma\u00dfgeblich an der Entwicklung von FAKRA LC- und HSD-Steckkomponenten sowie den ersten Automatisierungsanlagen beteiligt war. In der Folge \u00fcbernahm er die Leitung der Hochfrequenz-Entwicklungsabteilung. Im Auftrag der Gesch\u00e4ftsf\u00fchrung baute er sp\u00e4ter die Patentabteilung auf und f\u00fchrte diese erfolgreich, bevor er Anfang 2025 die Rolle des Technologie- und Trendscouts \u00fcbernahm. Besonders sch\u00e4tzt Martin Huber an seiner Position die N\u00e4he zu neuen Technologien und den vielseitigen Austausch mit Kollegen, Kunden und Technologietreibern.<\/p>\n\n\t\t<\/div>\n\t\t\t\t\t<\/div>\n\n\t\n\n\n<style>\n#row-481881114 > .col > .col-inner {\n  padding: 0 0px 0px 0px;\n}\n<\/style>\n<\/div>\n\n<\/div><\/div><\/div>\n\n\n","protected":false},"excerpt":{"rendered":"","protected":false},"author":2,"featured_media":0,"parent":0,"menu_order":0,"comment_status":"closed","ping_status":"closed","template":"","meta":{"footnotes":""},"class_list":["post-30765","page","type-page","status-publish","hentry"],"_links":{"self":[{"href":"https:\/\/www.md-elektronik.com\/de\/wp-json\/wp\/v2\/pages\/30765","targetHints":{"allow":["GET"]}}],"collection":[{"href":"https:\/\/www.md-elektronik.com\/de\/wp-json\/wp\/v2\/pages"}],"about":[{"href":"https:\/\/www.md-elektronik.com\/de\/wp-json\/wp\/v2\/types\/page"}],"author":[{"embeddable":true,"href":"https:\/\/www.md-elektronik.com\/de\/wp-json\/wp\/v2\/users\/2"}],"replies":[{"embeddable":true,"href":"https:\/\/www.md-elektronik.com\/de\/wp-json\/wp\/v2\/comments?post=30765"}],"version-history":[{"count":1,"href":"https:\/\/www.md-elektronik.com\/de\/wp-json\/wp\/v2\/pages\/30765\/revisions"}],"predecessor-version":[{"id":30770,"href":"https:\/\/www.md-elektronik.com\/de\/wp-json\/wp\/v2\/pages\/30765\/revisions\/30770"}],"wp:attachment":[{"href":"https:\/\/www.md-elektronik.com\/de\/wp-json\/wp\/v2\/media?parent=30765"}],"curies":[{"name":"wp","href":"https:\/\/api.w.org\/{rel}","templated":true}]}}