{"id":31202,"date":"2025-12-18T09:48:21","date_gmt":"2025-12-18T08:48:21","guid":{"rendered":"https:\/\/www.md-elektronik.com\/ichiro-yamamoto\/"},"modified":"2025-12-18T09:49:16","modified_gmt":"2025-12-18T08:49:16","slug":"ichiro-yamamoto","status":"publish","type":"page","link":"https:\/\/www.md-elektronik.com\/de\/ichiro-yamamoto\/","title":{"rendered":"Ichiro Yamamoto"},"content":{"rendered":"\n<div class=\"message-box relative ml-author-box\" style=\"padding-top:30px;padding-bottom:30px;\"><div class=\"message-box-bg-image bg-fill fill\" ><\/div><div class=\"message-box-bg-overlay bg-fill fill\" style=\"background-color:rgb(245, 245, 247);\"><\/div><div class=\"container relative\"><div class=\"inner last-reset\">\n\n<div class=\"row align-equal align-center\"  id=\"row-1618707318\">\n\n\n\t<div id=\"col-1663906049\" class=\"col medium-3 small-12 large-3\"  >\n\t\t\t\t<div class=\"col-inner\"  >\n\t\t\t\n\t\t\t\n\n\t<div id=\"gap-223281611\" class=\"gap-element clearfix\" style=\"display:block; height:auto;\">\n\t\t\n<style>\n#gap-223281611 {\n  padding-top: 10px;\n}\n<\/style>\n\t<\/div>\n\t\n\n\t<div class=\"img has-hover x md-x lg-x y md-y lg-y\" id=\"image_1742081728\">\n\t\t\t\t\t\t\t\t<div class=\"img-inner dark\" >\n\t\t\t<img decoding=\"async\" width=\"486\" height=\"486\" src=\"https:\/\/www.md-elektronik.com\/wp-content\/uploads\/2025\/12\/md_ichiro.jpg\" class=\"attachment-large size-large\" alt=\"\" srcset=\"https:\/\/www.md-elektronik.com\/wp-content\/uploads\/2025\/12\/md_ichiro.jpg 486w, https:\/\/www.md-elektronik.com\/wp-content\/uploads\/2025\/12\/md_ichiro-300x300.jpg 300w, https:\/\/www.md-elektronik.com\/wp-content\/uploads\/2025\/12\/md_ichiro-150x150.jpg 150w\" sizes=\"(max-width: 486px) 100vw, 486px\" \/>\t\t\t\t\t\t\n\t\t\t\t\t<\/div>\n\t\t\t\t\t\t\t\t\n<style>\n#image_1742081728 {\n  width: 99%;\n}\n<\/style>\n\t<\/div>\n\t\n\n\n\t\t<\/div>\n\t\t\t\t\t<\/div>\n\n\t\n\n\t<div id=\"col-206911917\" class=\"col medium-9 small-12 large-9\"  >\n\t\t\t\t<div class=\"col-inner\"  >\n\t\t\t\n\t\t\t\n\n<p><span style=\"font-size: 130%;\"><strong>Ichiro Yamamoto<\/strong><\/span><\/p>\n<p>Ichiro Yamamoto bringt mehr als 30 Jahre Vertriebserfahrung in der japanischen Automobilindustrie in seine Rolle bei MD ELECTRONICS Japan G.K. ein. Er verbindet technisches Verst\u00e4ndnis mit starken Kundenbeziehungen und arbeitet eng mit OEMs und Zulieferern in ganz Japan zusammen. Mit Wohnsitz in Tokio legt er Wert auf eine ausgewogene Lebensweise und genie\u00dft Reisen, Lesen und Filme mit seiner Frau. Als Tr\u00e4ger eines schwarzen G\u00fcrtels in Aikido freut er sich darauf, bald wieder mit dem Training zu beginnen. Yamamoto sieht gro\u00dfes Potenzial f\u00fcr die MD Gruppe in Japan \u2013 gest\u00fctzt durch die steigende Nachfrage nach spezialisierten Bordnetzl\u00f6sungen und die technologischen St\u00e4rken des Unternehmens.<\/p>\n\n\t\t<\/div>\n\t\t\t\t\t<\/div>\n\n\t\n\n\n<style>\n#row-1618707318 > .col > .col-inner {\n  padding: 0 0px 0px 0px;\n}\n<\/style>\n<\/div>\n\n<\/div><\/div><\/div>\n\n\n","protected":false},"excerpt":{"rendered":"","protected":false},"author":2,"featured_media":0,"parent":0,"menu_order":0,"comment_status":"closed","ping_status":"closed","template":"","meta":{"footnotes":""},"class_list":["post-31202","page","type-page","status-publish","hentry"],"_links":{"self":[{"href":"https:\/\/www.md-elektronik.com\/de\/wp-json\/wp\/v2\/pages\/31202","targetHints":{"allow":["GET"]}}],"collection":[{"href":"https:\/\/www.md-elektronik.com\/de\/wp-json\/wp\/v2\/pages"}],"about":[{"href":"https:\/\/www.md-elektronik.com\/de\/wp-json\/wp\/v2\/types\/page"}],"author":[{"embeddable":true,"href":"https:\/\/www.md-elektronik.com\/de\/wp-json\/wp\/v2\/users\/2"}],"replies":[{"embeddable":true,"href":"https:\/\/www.md-elektronik.com\/de\/wp-json\/wp\/v2\/comments?post=31202"}],"version-history":[{"count":1,"href":"https:\/\/www.md-elektronik.com\/de\/wp-json\/wp\/v2\/pages\/31202\/revisions"}],"predecessor-version":[{"id":31207,"href":"https:\/\/www.md-elektronik.com\/de\/wp-json\/wp\/v2\/pages\/31202\/revisions\/31207"}],"wp:attachment":[{"href":"https:\/\/www.md-elektronik.com\/de\/wp-json\/wp\/v2\/media?parent=31202"}],"curies":[{"name":"wp","href":"https:\/\/api.w.org\/{rel}","templated":true}]}}