{"id":5739,"date":"2021-03-23T09:50:38","date_gmt":"2021-03-23T08:50:38","guid":{"rendered":"https:\/\/www.md-elektronik.de\/?page_id=5739"},"modified":"2026-03-27T12:39:05","modified_gmt":"2026-03-27T11:39:05","slug":"unsere-mission","status":"publish","type":"page","link":"https:\/\/www.md-elektronik.com\/de\/ueber-uns\/unsere-mission\/","title":{"rendered":"Unsere Mission"},"content":{"rendered":"\n\n\t<section class=\"section\" id=\"section_1658741096\">\n\t\t<div class=\"section-bg fill\" >\n\t\t\t\t\t\t\t\t\t\n\t\t\t\n\n\t\t<\/div>\n\n\t\t\n\n\t\t<div class=\"section-content relative\">\n\t\t\t\n\n<div class=\"row row-collapse align-middle align-center\"  id=\"row-959506420\">\n\n\n\t<div id=\"col-1435046954\" class=\"col small-12 large-12\"  >\n\t\t\t\t<div class=\"col-inner text-center\"  >\n\t\t\t\n\t\t\t\n\n<div class=\"container section-title-container\" style=\"margin-bottom:15px;\"><h1 class=\"section-title section-title-center\"><b><\/b><span class=\"section-title-main\" style=\"font-size:154%;\">Unsere Mission<\/span><b><\/b><\/h1><\/div>\n\n<p><a href=\"https:\/\/www.md-elektronik.com\/de\/c-a-s-e\/\">C.A.S.E<\/a>. beschreibt die Mobilit\u00e4t von morgen: Connected, Autonomous, Shared &amp; Service und Electric. Zahlreiche, daf\u00fcr notwendige Anwendungen im Fahrzeug erfordern die sichere und zuverl\u00e4ssige \u00dcbertragung enorm gro\u00dfer Datenmengen in Echtzeit.&nbsp;<\/p>\n<p>Wir haben ein klares Ziel vor Augen: Wir wollen das weltweit f\u00fchrende Unternehmen im Zukunftsmarkt Daten\u00fcbertragung im Automobil sein.<\/p>\n<p>Ein klares Ziel vor Augen zu haben, ist die beste Art der Motivation. <br \/><strong>Unsere Mission \u2013 Wenn aus einer Vision Realit\u00e4t wird:<\/strong><\/p>\n\n\t\t<\/div>\n\t\t\t\t\n<style>\n#col-1435046954 > .col-inner {\n  padding: 30px 30px 10px 30px;\n}\n<\/style>\n\t<\/div>\n\n\t\n\n<\/div>\n\n\t\t<\/div>\n\n\t\t\n<style>\n#section_1658741096 {\n  padding-top: 30px;\n  padding-bottom: 30px;\n  background-color: rgb(245, 245, 247);\n}\n<\/style>\n\t<\/section>\n\t\n\n\t<section class=\"section\" id=\"section_534808100\">\n\t\t<div class=\"section-bg fill\" >\n\t\t\t\t\t\t\t\t\t\n\t\t\t\n\n\t\t<\/div>\n\n\t\t\n\n\t\t<div class=\"section-content relative\">\n\t\t\t\n\n<div class=\"row row-collapse row-full-width align-middle\"  id=\"row-2145505741\">\n\n\n\t<div id=\"col-54554991\" class=\"col medium-6 small-12 large-6\"  data-animate=\"fadeInUp\">\n\t\t\t\t<div class=\"col-inner\"  >\n\t\t\t\n\t\t\t\n\n\t<div class=\"img has-hover x md-x lg-x y md-y lg-y\" id=\"image_1903831701\">\n\t\t\t\t\t\t\t\t<div class=\"img-inner image-cover dark\" style=\"padding-top:65%;\">\n\t\t\t<img decoding=\"async\" width=\"1020\" height=\"680\" src=\"https:\/\/www.md-elektronik.com\/wp-content\/uploads\/2021\/03\/Mission_Leidenschaftliche-Mitarbeiter-1024x683.jpg\" class=\"attachment-large size-large\" alt=\"\" srcset=\"https:\/\/www.md-elektronik.com\/wp-content\/uploads\/2021\/03\/Mission_Leidenschaftliche-Mitarbeiter-1024x683.jpg 1024w, https:\/\/www.md-elektronik.com\/wp-content\/uploads\/2021\/03\/Mission_Leidenschaftliche-Mitarbeiter-300x200.jpg 300w, https:\/\/www.md-elektronik.com\/wp-content\/uploads\/2021\/03\/Mission_Leidenschaftliche-Mitarbeiter-768x512.jpg 768w, https:\/\/www.md-elektronik.com\/wp-content\/uploads\/2021\/03\/Mission_Leidenschaftliche-Mitarbeiter.jpg 1440w\" sizes=\"(max-width: 1020px) 100vw, 1020px\" \/>\t\t\t\t\t\t\n\t\t\t\t\t<\/div>\n\t\t\t\t\t\t\t\t\n<style>\n#image_1903831701 {\n  width: 100%;\n}\n<\/style>\n\t<\/div>\n\t\n\n\n\t\t<\/div>\n\t\t\t\t\t<\/div>\n\n\t\n\n\t<div id=\"col-633384583\" class=\"col medium-6 small-12 large-6\"  >\n\t\t\t\t<div class=\"col-inner text-center\"  >\n\t\t\t\n\t\t\t\n\n<div class=\"container section-title-container\" style=\"margin-bottom:15px;\"><h2 class=\"section-title section-title-center\"><b><\/b><span class=\"section-title-main\" >Leidenschaftliche Mitarbeiter \u2013 der entscheidende Erfolgsfaktor<\/span><b><\/b><\/h2><\/div>\n\n<p>Wenn die Vision zur Herzensangelegenheit wird. Leidenschaftliche Mitarbeiter sind unser gr\u00f6\u00dftes Kapital. Wir arbeiten gemeinsam mit gro\u00dfer Begeisterung an den Daten\u00fcbertragungsl\u00f6sungen f\u00fcr die Mobilit\u00e4t von morgen.<\/p>\n<p><strong>Beyond Connections!<\/strong><\/p>\n\n\t\t<\/div>\n\t\t\t\t\n<style>\n#col-633384583 > .col-inner {\n  padding: 30px 30px 30px 30px;\n}\n@media (min-width:550px) {\n  #col-633384583 > .col-inner {\n    padding: 60px 60px 60px 60px;\n  }\n}\n<\/style>\n\t<\/div>\n\n\t\n\n\n<style>\n#row-2145505741 > .col > .col-inner {\n  background-color: rgb(255, 255, 255);\n}\n<\/style>\n<\/div>\n\n\t\t<\/div>\n\n\t\t\n<style>\n#section_534808100 {\n  padding-top: 0px;\n  padding-bottom: 0px;\n  background-color: rgb(255,255,255);\n}\n<\/style>\n\t<\/section>\n\t\n\n\t<section class=\"section mb-20 mt-20\" id=\"section_1854058572\">\n\t\t<div class=\"section-bg fill\" >\n\t\t\t\t\t\t\t\t\t\n\t\t\t\n\n\t\t<\/div>\n\n\t\t\n\n\t\t<div class=\"section-content relative\">\n\t\t\t\n\n<div class=\"row row-collapse align-middle\"  id=\"row-342059730\">\n\n\n\t<div id=\"col-790622266\" class=\"col medium-6 small-12 large-6\"  >\n\t\t\t\t<div class=\"col-inner text-center\"  >\n\t\t\t\n\t\t\t\n\n<div class=\"container section-title-container\" style=\"margin-bottom:15px;\"><h2 class=\"section-title section-title-center\"><b><\/b><span class=\"section-title-main\" >Kundenorientierung als Firmenphilosophie<\/span><b><\/b><\/h2><\/div>\n\n<p>Den Kunden in den Mittelpunkt unseres Handelns zu stellen ist Teil unserer Unternehmenskultur. <br \/>Und das mit Erfolg:<\/p>\n<p>Wir kennen Ihre Bed\u00fcrfnisse bereits, bevor Sie diese formulieren. Um Mobilit\u00e4ts-Trends fr\u00fchzeitig aufzugreifen und als erstes Unternehmen die passenden L\u00f6sungen entwickeln zu k\u00f6nnen, pflegen wir einen sehr engen Kontakt zu den OEMs &amp; Technologietreibern im Bereich Daten\u00fcbertragung.<\/p>\n<p><strong>Nur so k\u00f6nnen wir bereits heute wissen und verstehen, was das Auto der Zukunft technisch ben\u00f6tigt \u2013 und realisieren dies f\u00fcr Sie. <\/strong><\/p>\n\n\t\t<\/div>\n\t\t\t\t\n<style>\n#col-790622266 > .col-inner {\n  padding: 30px 30px 30px 30px;\n}\n@media (min-width:550px) {\n  #col-790622266 > .col-inner {\n    padding: 60px 60px 60px 60px;\n  }\n}\n<\/style>\n\t<\/div>\n\n\t\n\n\t<div id=\"col-1465380872\" class=\"col medium-6 small-12 large-6 small-col-first\"  data-animate=\"fadeInUp\">\n\t\t\t\t<div class=\"col-inner\"  >\n\t\t\t\n\t\t\t\n\n\t<div class=\"img has-hover x md-x lg-x y md-y lg-y\" id=\"image_1132877417\">\n\t\t\t\t\t\t\t\t<div class=\"img-inner image-cover dark\" style=\"padding-top:92.5%;\">\n\t\t\t<img decoding=\"async\" width=\"1020\" height=\"440\" src=\"https:\/\/www.md-elektronik.com\/wp-content\/uploads\/2021\/03\/Mission_Kundenorientierung-als-Firmenphilosophie-1-1024x442.jpg\" class=\"attachment-large size-large\" alt=\"\" srcset=\"https:\/\/www.md-elektronik.com\/wp-content\/uploads\/2021\/03\/Mission_Kundenorientierung-als-Firmenphilosophie-1-1024x442.jpg 1024w, https:\/\/www.md-elektronik.com\/wp-content\/uploads\/2021\/03\/Mission_Kundenorientierung-als-Firmenphilosophie-1-300x129.jpg 300w, https:\/\/www.md-elektronik.com\/wp-content\/uploads\/2021\/03\/Mission_Kundenorientierung-als-Firmenphilosophie-1-768x331.jpg 768w, https:\/\/www.md-elektronik.com\/wp-content\/uploads\/2021\/03\/Mission_Kundenorientierung-als-Firmenphilosophie-1.jpg 1440w\" sizes=\"(max-width: 1020px) 100vw, 1020px\" \/>\t\t\t\t\t\t\n\t\t\t\t\t<\/div>\n\t\t\t\t\t\t\t\t\n<style>\n#image_1132877417 {\n  width: 100%;\n}\n<\/style>\n\t<\/div>\n\t\n\n\n\t\t<\/div>\n\t\t\t\t\t<\/div>\n\n\t\n\n\n<style>\n#row-342059730 > .col > .col-inner {\n  background-color: rgb(255, 255, 255);\n}\n<\/style>\n<\/div>\n\n\t\t<\/div>\n\n\t\t\n<style>\n#section_1854058572 {\n  padding-top: 0px;\n  padding-bottom: 0px;\n}\n<\/style>\n\t<\/section>\n\t\n\n\t<section class=\"section mb-20\" id=\"section_983620019\">\n\t\t<div class=\"section-bg fill\" >\n\t\t\t\t\t\t\t\t\t\n\t\t\t\n\n\t\t<\/div>\n\n\t\t\n\n\t\t<div class=\"section-content relative\">\n\t\t\t\n\n<div class=\"row row-collapse row-full-width align-middle bg-white\"  id=\"row-717238425\">\n\n\n\t<div id=\"col-1633838914\" class=\"col medium-6 small-12 large-6\"  data-animate=\"fadeInUp\">\n\t\t\t\t<div class=\"col-inner\"  >\n\t\t\t\n\t\t\t\n\n\t<div class=\"img has-hover x md-x lg-x y md-y lg-y\" id=\"image_1110149599\">\n\t\t\t\t\t\t\t\t<div class=\"img-inner image-zoom image-cover dark\" style=\"padding-top:65%;\">\n\t\t\t<img decoding=\"async\" width=\"1020\" height=\"680\" src=\"https:\/\/www.md-elektronik.com\/wp-content\/uploads\/2021\/03\/Mission_One-Step-Ahead-Solutions-1024x683.jpg\" class=\"attachment-large size-large\" alt=\"\" srcset=\"https:\/\/www.md-elektronik.com\/wp-content\/uploads\/2021\/03\/Mission_One-Step-Ahead-Solutions-1024x683.jpg 1024w, https:\/\/www.md-elektronik.com\/wp-content\/uploads\/2021\/03\/Mission_One-Step-Ahead-Solutions-300x200.jpg 300w, https:\/\/www.md-elektronik.com\/wp-content\/uploads\/2021\/03\/Mission_One-Step-Ahead-Solutions-768x512.jpg 768w, https:\/\/www.md-elektronik.com\/wp-content\/uploads\/2021\/03\/Mission_One-Step-Ahead-Solutions.jpg 1440w\" sizes=\"(max-width: 1020px) 100vw, 1020px\" \/>\t\t\t\t\t\t\n\t\t\t\t\t<\/div>\n\t\t\t\t\t\t\t\t\n<style>\n#image_1110149599 {\n  width: 100%;\n}\n<\/style>\n\t<\/div>\n\t\n\n\n\t\t<\/div>\n\t\t\t\t\t<\/div>\n\n\t\n\n\t<div id=\"col-776437384\" class=\"col medium-6 small-12 large-6\"  >\n\t\t\t\t<div class=\"col-inner text-center\"  >\n\t\t\t\n\t\t\t\n\n<div class=\"container section-title-container\" style=\"margin-bottom:15px;\"><h2 class=\"section-title section-title-center\"><b><\/b><span class=\"section-title-main\" >One-step-ahead solutions<\/span><b><\/b><\/h2><\/div>\n\n<p>In unserer Entwicklung setzen wir auf ein Team von 60 Spezialisten mit einem geballten Wissen basierend auf mehr als 25 Jahren Erfahrung im Bereich der hochfrequenten Daten\u00fcbertragung im Fahrzeug.<\/p>\n<p>Unser Entwicklungsansatz beruht auf einem tiefgreifenden Verst\u00e4ndnis f\u00fcr das gesamte System \u2013 von Chip zu Chip \u2013 und der engen Zusammenarbeit mit Halbleiterherstellern:<\/p>\n<p><strong>Wir verstehen die Systeme der Zukunft und k\u00f6nnen so innovative Daten\u00fcbertragungsl\u00f6sungen entwickeln.<\/strong><\/p>\n\n\t\t<\/div>\n\t\t\t\t\n<style>\n#col-776437384 > .col-inner {\n  padding: 30px 30px 30px 30px;\n}\n@media (min-width:550px) {\n  #col-776437384 > .col-inner {\n    padding: 60px 60px 60px 60px;\n  }\n}\n<\/style>\n\t<\/div>\n\n\t\n\n\n<style>\n#row-717238425 > .col > .col-inner {\n  background-color: rgb(255, 255, 255);\n}\n<\/style>\n<\/div>\n\n\t\t<\/div>\n\n\t\t\n<style>\n#section_983620019 {\n  padding-top: 0px;\n  padding-bottom: 0px;\n  background-color: #f5f5f7;\n}\n<\/style>\n\t<\/section>\n\t\n\n\t<section class=\"section mb-20\" id=\"section_1378936905\">\n\t\t<div class=\"section-bg fill\" >\n\t\t\t\t\t\t\t\t\t\n\t\t\t\n\n\t\t<\/div>\n\n\t\t\n\n\t\t<div class=\"section-content relative\">\n\t\t\t\n\n<div class=\"row row-collapse row-full-width align-middle bg-white\"  id=\"row-542697052\">\n\n\n\t<div id=\"col-108326279\" class=\"col medium-6 small-12 large-6\"  >\n\t\t\t\t<div class=\"col-inner text-center\" style=\"background-color:rgb(255,255,255);\" >\n\t\t\t\n\t\t\t\n\n<div class=\"container section-title-container\" style=\"margin-bottom:15px;\"><h2 class=\"section-title section-title-center\"><b><\/b><span class=\"section-title-main\" >Modernste Fertigungstechnologien<\/span><b><\/b><\/h2><\/div>\n\n<p>Kein Auto ohne Daten\u00fcbertragung. Um der rasant steigenden Nachfrage nachkommen zu k\u00f6nnen, ist das Thema Automatisierung unabdingbar. Hinzu kommt der Aspekt der Miniaturisierung der Bauteile: Die immer kleiner werdenden Bauteile k\u00f6nnen in der ben\u00f6tigten Qualit\u00e4t nicht mehr manuell verarbeitet werden.<\/p>\n<p>Das Spannungsfeld von h\u00f6chster Automatisierung und h\u00f6chster Flexibilit\u00e4t l\u00f6sen wir durch unseren modularen Ansatz auf. Dieser wird in unserem hausinternen Maschinenbau kontinuierlich weiterentwickelt.<\/p>\n<p><strong>Nur deshalb k\u00f6nnen wir trotz des hohen Automatisierungsgrads immer noch sehr flexibel auf kurzfristige \u00c4nderungen reagieren.<\/strong><\/p>\n\n\t\t<\/div>\n\t\t\t\t\n<style>\n#col-108326279 > .col-inner {\n  padding: 30px 30px 30px 30px;\n}\n@media (min-width:550px) {\n  #col-108326279 > .col-inner {\n    padding: 60px 60px 60px 60px;\n  }\n}\n<\/style>\n\t<\/div>\n\n\t\n\n\t<div id=\"col-1219372378\" class=\"col medium-6 small-12 large-6 small-col-first\"  data-animate=\"fadeInUp\">\n\t\t\t\t<div class=\"col-inner\"  >\n\t\t\t\n\t\t\t\n\n\t<div class=\"img has-hover x md-x lg-x y md-y lg-y\" id=\"image_126887118\">\n\t\t\t\t\t\t\t\t<div class=\"img-inner image-cover dark\" style=\"padding-top:65%;\">\n\t\t\t<img decoding=\"async\" width=\"1020\" height=\"680\" src=\"https:\/\/www.md-elektronik.com\/wp-content\/uploads\/2021\/03\/Mission_Modernste-Fertigungstechnologien-1024x683.jpg\" class=\"attachment-large size-large\" alt=\"\" srcset=\"https:\/\/www.md-elektronik.com\/wp-content\/uploads\/2021\/03\/Mission_Modernste-Fertigungstechnologien-1024x683.jpg 1024w, https:\/\/www.md-elektronik.com\/wp-content\/uploads\/2021\/03\/Mission_Modernste-Fertigungstechnologien-300x200.jpg 300w, https:\/\/www.md-elektronik.com\/wp-content\/uploads\/2021\/03\/Mission_Modernste-Fertigungstechnologien-768x512.jpg 768w, https:\/\/www.md-elektronik.com\/wp-content\/uploads\/2021\/03\/Mission_Modernste-Fertigungstechnologien.jpg 1440w\" sizes=\"(max-width: 1020px) 100vw, 1020px\" \/>\t\t\t\t\t\t\n\t\t\t\t\t<\/div>\n\t\t\t\t\t\t\t\t\n<style>\n#image_126887118 {\n  width: 100%;\n}\n<\/style>\n\t<\/div>\n\t\n\n\n\t\t<\/div>\n\t\t\t\t\t<\/div>\n\n\t\n\n\n<style>\n#row-542697052 > .col > .col-inner {\n  background-color: rgb(255,255,255);\n}\n<\/style>\n<\/div>\n\n\t\t<\/div>\n\n\t\t\n<style>\n#section_1378936905 {\n  padding-top: 0px;\n  padding-bottom: 0px;\n  background-color: #f5f5f7;\n}\n<\/style>\n\t<\/section>\n\t\n\n\t<section class=\"section mb-20\" id=\"section_523681200\">\n\t\t<div class=\"section-bg fill\" >\n\t\t\t\t\t\t\t\t\t\n\t\t\t\n\n\t\t<\/div>\n\n\t\t\n\n\t\t<div class=\"section-content relative\">\n\t\t\t\n\n<div class=\"row row-collapse row-full-width align-middle bg-white\"  id=\"row-740367661\">\n\n\n\t<div id=\"col-633384131\" class=\"col medium-6 small-12 large-6\"  data-animate=\"fadeInUp\">\n\t\t\t\t<div class=\"col-inner text-center\"  >\n\t\t\t\n\t\t\t\n\n\t<div class=\"img has-hover x md-x lg-x y md-y lg-y\" id=\"image_534878944\">\n\t\t\t\t\t\t\t\t<div class=\"img-inner dark\" >\n\t\t\t<img decoding=\"async\" width=\"1536\" height=\"1024\" src=\"https:\/\/www.md-elektronik.com\/wp-content\/uploads\/2026\/03\/md_grafik_global_footprint_2026_de-1536x1024.jpg\" class=\"attachment-1536x1536 size-1536x1536\" alt=\"\" srcset=\"https:\/\/www.md-elektronik.com\/wp-content\/uploads\/2026\/03\/md_grafik_global_footprint_2026_de-1536x1024.jpg 1536w, https:\/\/www.md-elektronik.com\/wp-content\/uploads\/2026\/03\/md_grafik_global_footprint_2026_de-300x200.jpg 300w, https:\/\/www.md-elektronik.com\/wp-content\/uploads\/2026\/03\/md_grafik_global_footprint_2026_de-1024x683.jpg 1024w, https:\/\/www.md-elektronik.com\/wp-content\/uploads\/2026\/03\/md_grafik_global_footprint_2026_de-768x512.jpg 768w, https:\/\/www.md-elektronik.com\/wp-content\/uploads\/2026\/03\/md_grafik_global_footprint_2026_de-2048x1366.jpg 2048w\" sizes=\"(max-width: 1536px) 100vw, 1536px\" \/>\t\t\t\t\t\t\n\t\t\t\t\t<\/div>\n\t\t\t\t\t\t\t\t\n<style>\n#image_534878944 {\n  width: 84%;\n}\n<\/style>\n\t<\/div>\n\t\n\n\n\t\t<\/div>\n\t\t\t\t\t<\/div>\n\n\t\n\n\t<div id=\"col-538559592\" class=\"col medium-6 small-12 large-6\"  >\n\t\t\t\t<div class=\"col-inner text-center\" style=\"background-color:rgb(255,255,255);\" >\n\t\t\t\n\t\t\t\n\n<div class=\"container section-title-container\" style=\"margin-bottom:15px;\"><h2 class=\"section-title section-title-center\"><b><\/b><span class=\"section-title-main\" >Global Footprint<\/span><b><\/b><\/h2><\/div>\n\n<p style=\"text-align: center;\">9 L\u00e4nder I 3 Kontinente I 5.000 Mitarbeiter I 100% Automotive<\/p>\n<p style=\"text-align: center;\">Wir sind wo Sie sind und wo Sie uns brauchen. Wir sind auf allen wesentlichen M\u00e4rkten der Automobilindustrie vertreten.<\/p>\n<p style=\"text-align: left;\"><strong>Ihre Vorteile:<\/strong><\/p>\n<ul>\n<li style=\"text-align: left;\">Ein H\u00f6chstma\u00df an Flexibilit\u00e4t aufgrund der kurzen Versorgungswege.<\/li>\n<li style=\"text-align: left;\">Nachhaltigkeit: 90 % des Outputs unserer Fabriken bleiben auf dem jeweiligen Kontinent.<\/li>\n<li style=\"text-align: left;\">Modernste Technologien in allen Produktionsstandorten sind Basis f\u00fcr eine gleichbleibend hohe Qualit\u00e4t und Zuverl\u00e4ssigkeit der Bauteile.<\/li>\n<li style=\"text-align: left;\">Sie ben\u00f6tigen schnellen Support? Wir sind innerhalb k\u00fcrzester Zeit bei Ihnen vor Ort.<\/li>\n<li style=\"text-align: left;\">Egal ob Spanisch, Chinesisch oder Englisch: Wir sprechen die gleiche Sprache wie Sie.<\/li>\n<\/ul>\n\n\t\t<\/div>\n\t\t\t\t\n<style>\n#col-538559592 > .col-inner {\n  padding: 30px 30px 30px 30px;\n}\n@media (min-width:550px) {\n  #col-538559592 > .col-inner {\n    padding: 60px 60px 60px 60px;\n  }\n}\n<\/style>\n\t<\/div>\n\n\t\n\n\n<style>\n#row-740367661 > .col > .col-inner {\n  background-color: rgb(255,255,255);\n}\n<\/style>\n<\/div>\n\n\t\t<\/div>\n\n\t\t\n<style>\n#section_523681200 {\n  padding-top: 0px;\n  padding-bottom: 0px;\n  background-color: #f5f5f7;\n}\n<\/style>\n\t<\/section>\n\t\n\n","protected":false},"excerpt":{"rendered":"","protected":false},"author":1,"featured_media":0,"parent":5715,"menu_order":2,"comment_status":"closed","ping_status":"closed","template":"page-blank.php","meta":{"footnotes":""},"class_list":["post-5739","page","type-page","status-publish","hentry"],"_links":{"self":[{"href":"https:\/\/www.md-elektronik.com\/de\/wp-json\/wp\/v2\/pages\/5739","targetHints":{"allow":["GET"]}}],"collection":[{"href":"https:\/\/www.md-elektronik.com\/de\/wp-json\/wp\/v2\/pages"}],"about":[{"href":"https:\/\/www.md-elektronik.com\/de\/wp-json\/wp\/v2\/types\/page"}],"author":[{"embeddable":true,"href":"https:\/\/www.md-elektronik.com\/de\/wp-json\/wp\/v2\/users\/1"}],"replies":[{"embeddable":true,"href":"https:\/\/www.md-elektronik.com\/de\/wp-json\/wp\/v2\/comments?post=5739"}],"version-history":[{"count":8,"href":"https:\/\/www.md-elektronik.com\/de\/wp-json\/wp\/v2\/pages\/5739\/revisions"}],"predecessor-version":[{"id":31828,"href":"https:\/\/www.md-elektronik.com\/de\/wp-json\/wp\/v2\/pages\/5739\/revisions\/31828"}],"up":[{"embeddable":true,"href":"https:\/\/www.md-elektronik.com\/de\/wp-json\/wp\/v2\/pages\/5715"}],"wp:attachment":[{"href":"https:\/\/www.md-elektronik.com\/de\/wp-json\/wp\/v2\/media?parent=5739"}],"curies":[{"name":"wp","href":"https:\/\/api.w.org\/{rel}","templated":true}]}}