{"id":5763,"date":"2021-03-23T10:21:58","date_gmt":"2021-03-23T09:21:58","guid":{"rendered":"https:\/\/www.md-elektronik.de\/?page_id=5763"},"modified":"2023-07-04T15:42:55","modified_gmt":"2023-07-04T13:42:55","slug":"infotainment","status":"publish","type":"page","link":"https:\/\/www.md-elektronik.com\/de\/anwendungen\/infotainment\/","title":{"rendered":"Infotainment"},"content":{"rendered":"\n\n\t<section class=\"section\" id=\"section_1004216706\">\n\t\t<div class=\"section-bg fill\" >\n\t\t\t\t\t\t\t\t\t\n\t\t\t\n\n\t\t<\/div>\n\n\t\t\n\n\t\t<div class=\"section-content relative\">\n\t\t\t\n\n<div class=\"row row-collapse row-full-width align-middle\"  id=\"row-2099636589\">\n\n\n\t<div id=\"col-409044907\" class=\"col medium-6 small-12 large-6\"  >\n\t\t\t\t<div class=\"col-inner text-center\"  >\n\t\t\t\n\t\t\t\n\n<h1><strong>Wir machen Ihr Fahrzeug zum mobilen Wohnzimmer. Oder zum B\u00fcro. Oder zur Multimediab\u00fchne.<\/strong><\/h1>\n<p>Der Megatrend \u201eAutonomous\u201c ver\u00e4ndert den Innenraum eines Fahrzeugs massiv. So wird das Auto der Zukunft zum mobilen Wohnzimmer. Oder zum B\u00fcro. Oder zur Multimediab\u00fchne.<\/p>\n<p>Auch wenn es noch ein paar Jahre dauern wird, bis autonom fahrende Fahrzeuge die Stra\u00dfen beherrschen: 4K- und k\u00fcnftig auch 8K-Displays halten bereits heute Einzug in den Innenraum von Fahrzeugen. Ebenso sind die Anbindung und das kontaktlose Laden mobiler Endger\u00e4te im Fahrzeug mittlerweile Standard. Neue Gesch\u00e4ftsmodelle wie etwa On-Demand-Funktionen sind ebenfalls gro\u00dfes Thema im Infotainment-Sektor der Mobilit\u00e4t von morgen. All dies hat gro\u00dfe Auswirkungen auf die Netzwerk-Architektur im Fahrzeug.<\/p>\n<p><strong>Multimedia soll fester Bestandteil Ihres Fahrzeugs werden? Wir konfektionieren Ihnen die optimale Leitung zur schnellen und sicheren \u00dcbertragung der enorm gro\u00dfen Datenmengen.<\/strong><\/p>\n\n\t\t<\/div>\n\t\t\t\t\n<style>\n#col-409044907 > .col-inner {\n  padding: 30px 30px 30px 30px;\n}\n@media (min-width:550px) {\n  #col-409044907 > .col-inner {\n    padding: 60px 60px 60px 60px;\n  }\n}\n<\/style>\n\t<\/div>\n\n\t\n\n\t<div id=\"col-123399226\" class=\"col hide-for-small medium-6 small-12 large-6\"  >\n\t\t\t\t<div class=\"col-inner text-center\"  >\n\t\t\t\n\t\t\t\n\n<iframe style=\"margin-bottom: -6px;\" src=\"https:\/\/player.vimeo.com\/video\/519029503?h=6205cb104c&amp;badge=0&amp;autopause=0&amp;player_id=0&amp;app_id=58479&amp;background=1&amp;dnt=1\" width=\"960\" height=\"540\" frameborder=\"0\" allowfullscreen=\"allowfullscreen\"><\/iframe>\n\n\n\t\t<\/div>\n\t\t\t\t\t<\/div>\n\n\t\n\n\t<div id=\"col-785860668\" class=\"col show-for-small medium-6 small-12 large-6\"  data-animate=\"fadeInUp\">\n\t\t\t\t<div class=\"col-inner\"  >\n\t\t\t\n\t\t\t\n\n<iframe style=\"margin-bottom:-6px;\" src=\"https:\/\/player.vimeo.com\/video\/519029503?h=6205cb104c&amp;badge=0&amp;autopause=0&amp;player_id=0&amp;app_id=58479&amp;background=1&amp;dnt=1\" width=\"100%\" height=\"200\" frameborder=\"0\" allow=\"autoplay; fullscreen\" allowfullscreen><\/iframe>\n\n\n\t\t<\/div>\n\t\t\t\t\t<\/div>\n\n\t\n\n\n<style>\n#row-2099636589 > .col > .col-inner {\n  background-color: rgb(255, 255, 255);\n}\n<\/style>\n<\/div>\n\n\t\t<\/div>\n\n\t\t\n<style>\n#section_1004216706 {\n  padding-top: 0px;\n  padding-bottom: 0px;\n  background-color: rgb(255,255,255);\n}\n<\/style>\n\t<\/section>\n\t\n\n\t<section class=\"section mb-20 mt-20\" id=\"section_1377446718\">\n\t\t<div class=\"section-bg fill\" >\n\t\t\t\t\t\t\t\t\t\n\t\t\t\n\n\t\t<\/div>\n\n\t\t\n\n\t\t<div class=\"section-content relative\">\n\t\t\t\n\n<div class=\"row row-collapse align-middle\"  id=\"row-753725810\">\n\n\n\t<div id=\"col-2010074519\" class=\"col small-12 large-12\"  >\n\t\t\t\t<div class=\"col-inner text-center\"  >\n\t\t\t\n\t\t\t\n\n<p>Die Anforderungen an L\u00f6sungen zur Daten\u00fcbertragung haben sich mit Einzug der Multimedia-Module im Fahrzeug sehr stark gewandelt. So fordert dieser Trend innovative L\u00f6sungen zur \u00dcbertragung enorm gro\u00dfer Datenmengen bei gleichzeitig<\/p>\n<p><em>geringer <a href=\"https:\/\/www.md-elektronik.com\/de\/latenz\/\">Latenz<\/a>,<br \/><\/em><em>hoher Signalqualit\u00e4t,<br \/><\/em><em>geringem Energieverbrauch<br \/><\/em><em>miniaturisierten Bauteilen<br \/><\/em><em>und das Ganze noch ma\u00dfgeschneidert.<\/em><\/p>\n<p>Hierbei sind Sie auf einen starken Partner angewiesen, der f\u00fcr Sie neueste technologische L\u00f6sungen nach Ma\u00df entwickelt. Genau hier kommen wir ins Spiel.<\/p>\n<a href=\"mailto:sales@md-elektronik.com\" class=\"button primary is-outline\"  style=\"border-radius:99px;\">\n\t\t<span>Kontaktieren Sie uns<\/span>\n\t<i class=\"icon-angle-right\" aria-hidden=\"true\" ><\/i><\/a>\n\n\n\n\t\t<\/div>\n\t\t\t\t\n<style>\n#col-2010074519 > .col-inner {\n  padding: 30px 30px 30px 30px;\n}\n@media (min-width:550px) {\n  #col-2010074519 > .col-inner {\n    padding: 60px 60px 60px 60px;\n  }\n}\n<\/style>\n\t<\/div>\n\n\t\n\n<\/div>\n\n\t\t<\/div>\n\n\t\t\n<style>\n#section_1377446718 {\n  padding-top: 0px;\n  padding-bottom: 0px;\n}\n<\/style>\n\t<\/section>\n\t\n\n\t<section class=\"section mb-20\" id=\"section_1264452445\">\n\t\t<div class=\"section-bg fill\" >\n\t\t\t\t\t\t\t\t\t\n\t\t\t\n\n\t\t<\/div>\n\n\t\t\n\n\t\t<div class=\"section-content relative\">\n\t\t\t\n\n<div class=\"row row-collapse row-full-width align-middle bg-white\"  id=\"row-1059311250\">\n\n\n\t<div id=\"col-432198517\" class=\"col medium-6 small-12 large-6\"  data-animate=\"fadeInUp\">\n\t\t\t\t<div class=\"col-inner\"  >\n\t\t\t\n\t\t\t\n\n\t<div class=\"img has-hover x md-x lg-x y md-y lg-y\" id=\"image_997866038\">\n\t\t\t\t\t\t\t\t<div class=\"img-inner image-zoom image-cover dark\" style=\"padding-top:65%;\">\n\t\t\t<img decoding=\"async\" width=\"1020\" height=\"574\" src=\"https:\/\/www.md-elektronik.com\/wp-content\/uploads\/2021\/03\/md-elektronik-anwendungen-massgeschneidert-1024x576.jpg\" class=\"attachment-large size-large\" alt=\"\" srcset=\"https:\/\/www.md-elektronik.com\/wp-content\/uploads\/2021\/03\/md-elektronik-anwendungen-massgeschneidert-1024x576.jpg 1024w, https:\/\/www.md-elektronik.com\/wp-content\/uploads\/2021\/03\/md-elektronik-anwendungen-massgeschneidert-300x169.jpg 300w, https:\/\/www.md-elektronik.com\/wp-content\/uploads\/2021\/03\/md-elektronik-anwendungen-massgeschneidert-768x432.jpg 768w, https:\/\/www.md-elektronik.com\/wp-content\/uploads\/2021\/03\/md-elektronik-anwendungen-massgeschneidert-1536x864.jpg 1536w, https:\/\/www.md-elektronik.com\/wp-content\/uploads\/2021\/03\/md-elektronik-anwendungen-massgeschneidert.jpg 1920w\" sizes=\"(max-width: 1020px) 100vw, 1020px\" \/>\t\t\t\t\t\t\n\t\t\t\t\t<\/div>\n\t\t\t\t\t\t\t\t\n<style>\n#image_997866038 {\n  width: 100%;\n}\n<\/style>\n\t<\/div>\n\t\n\n\n\t\t<\/div>\n\t\t\t\t\t<\/div>\n\n\t\n\n\t<div id=\"col-337912779\" class=\"col medium-6 small-12 large-6\"  >\n\t\t\t\t<div class=\"col-inner text-center\"  >\n\t\t\t\n\t\t\t\n\n<h2><strong>Ma\u00dfgeschneiderte Kabelkonfektion in Perfektion<\/strong><\/h2>\n<p>Wir beherrschen das Konfektionieren von Datenleitungen f\u00fcr Fahrzeuge. Und das bereits seit mehr als 25 Jahren. Wir kreieren ausschlie\u00dflich ma\u00dfgeschneiderte L\u00f6sungen entsprechend Ihren Vorstellungen: Ihre Idee \u2013 unser Produkt.<\/p>\n<p>Mit unseren L\u00f6sungen k\u00f6nnen Sie s\u00e4mtliche g\u00e4ngigen Protokolle wie <a href=\"https:\/\/www.md-elektronik.com\/de\/apix\/\">APIX<\/a> oder <a href=\"https:\/\/www.md-elektronik.com\/de\/lvds\/\">LVDS<\/a> zur Anbindung von Displays in Ihrem Fahrzeug implementieren.<\/p>\n<p>USB-Module von Type-A und Type-C runden unser Infotainment-Paket ab, womit die Anbindung mobiler Endger\u00e4te in Ihrem Fahrzeug problemlos realisiert werden kann.<\/p>\n<p><strong>Sie wollen wissen, wie moderne Daten\u00fcbertragungsl\u00f6sungen f\u00fcr Infotainment im Fahrzeug funktionieren? Wir beraten Sie gerne.<\/strong><\/p>\n\n\t\t<\/div>\n\t\t\t\t\n<style>\n#col-337912779 > .col-inner {\n  padding: 30px 30px 30px 30px;\n}\n@media (min-width:550px) {\n  #col-337912779 > .col-inner {\n    padding: 60px 60px 60px 60px;\n  }\n}\n<\/style>\n\t<\/div>\n\n\t\n\n\n<style>\n#row-1059311250 > .col > .col-inner {\n  background-color: rgb(255, 255, 255);\n}\n<\/style>\n<\/div>\n\n\t\t<\/div>\n\n\t\t\n<style>\n#section_1264452445 {\n  padding-top: 0px;\n  padding-bottom: 0px;\n  background-color: #f5f5f7;\n}\n<\/style>\n\t<\/section>\n\t\n\n\t<section class=\"section mb-20\" id=\"section_996821797\">\n\t\t<div class=\"section-bg fill\" >\n\t\t\t\t\t\t\t\t\t\n\t\t\t\n\n\t\t<\/div>\n\n\t\t\n\n\t\t<div class=\"section-content relative\">\n\t\t\t\n\n<div class=\"row bg-white\"  id=\"row-1365964720\">\n\n\n\t<div id=\"col-939719781\" class=\"col small-12 large-12\"  >\n\t\t\t\t<div class=\"col-inner text-center\" style=\"background-color:rgb(255,255,255);\" >\n\t\t\t\n\t\t\t\n\n<h2><strong>Wir machen Ihre Idee von Infotainment im Fahrzeug zur Realit\u00e4t!<\/strong><\/h2>\n<p>Ihre W\u00fcnsche und Ideen werden bei uns gro\u00dfgeschrieben. Um Ihre Ideen Wirklichkeit werden zu lassen, konfektionieren wir alle Leitungen nach Ma\u00df. Dank unseres Global Footprints mit hochautomatisierten Produktionen in Europa, APAC und NAFTA k\u00f6nnen wir Sie jederzeit schnell und sicher beliefern.<\/p>\n<p><strong>Sie haben ein konkretes Projekt? Wir stehen Ihnen beratend zur Seite. Kontaktieren Sie uns jetzt!<\/strong><\/p>\n<a href=\"mailto:sales@md-elektronik.com\" class=\"button primary is-outline\"  style=\"border-radius:99px;\">\n\t\t<span>Kontaktieren Sie uns<\/span>\n\t<i class=\"icon-angle-right\" aria-hidden=\"true\" ><\/i><\/a>\n\n\n<p>Hier finden Sie einen \u00dcberblick unserer Infotainment-Produkte:<\/p>\n\n\t\t<\/div>\n\t\t\t\t\n<style>\n#col-939719781 > .col-inner {\n  padding: 30px 30px 30px 30px;\n}\n@media (min-width:550px) {\n  #col-939719781 > .col-inner {\n    padding: 60px 60px 0px 60px;\n  }\n}\n<\/style>\n\t<\/div>\n\n\t\n\n\n<style>\n#row-1365964720 > .col > .col-inner {\n  background-color: rgb(255,255,255);\n}\n<\/style>\n<\/div>\n<div class=\"row\"  id=\"row-1021621702\">\n\n\n\t<div id=\"col-317462155\" class=\"col medium-4 small-12 large-4\"  >\n\t\t\t\t<div class=\"col-inner text-center\"  >\n\t\t\t\n\t\t\t\n\n<p><strong><a href=\"https:\/\/www.md-elektronik.com\/de\/koax\/\">Koax<\/a><\/strong><\/p>\n\t<div id=\"stack-1638003243\" class=\"stack stack-row justify-center items-stretch\">\n\t\t\n\n\t<div class=\"box has-hover   has-hover box-text-bottom\" >\n\n\t\t<div class=\"box-image\" >\n\t\t\t<a href=\"https:\/\/www.md-elektronik.com\/de\/produkte\/koax\/fakra\/\" >\t\t\t<div class=\"\" >\n\t\t\t\t<img decoding=\"async\" width=\"600\" height=\"400\" src=\"https:\/\/www.md-elektronik.com\/wp-content\/uploads\/2021\/03\/md_Fakra-SF.png\" class=\"attachment- size-\" alt=\"\" srcset=\"https:\/\/www.md-elektronik.com\/wp-content\/uploads\/2021\/03\/md_Fakra-SF.png 600w, https:\/\/www.md-elektronik.com\/wp-content\/uploads\/2021\/03\/md_Fakra-SF-300x200.png 300w\" sizes=\"(max-width: 600px) 100vw, 600px\" \/>\t\t\t\t\t\t\t\t\t\t\t<\/div>\n\t\t\t<\/a>\t\t<\/div>\n\n\t\t<div class=\"box-text text-center is-small\" >\n\t\t\t<div class=\"box-text-inner\">\n\t\t\t\t\n\n<p>FAKRA<\/p>\n\n\t\t\t<\/div>\n\t\t<\/div>\n\t<\/div>\n\t\n\t<div class=\"box has-hover   has-hover box-text-bottom\" >\n\n\t\t<div class=\"box-image\" >\n\t\t\t<a href=\"https:\/\/www.md-elektronik.com\/de\/produkte\/koax\/mini-koax\/\" >\t\t\t<div class=\"\" >\n\t\t\t\t<img decoding=\"async\" width=\"600\" height=\"400\" src=\"https:\/\/www.md-elektronik.com\/wp-content\/uploads\/2021\/03\/md_HFM_Mini-Koax.png\" class=\"attachment- size-\" alt=\"\" srcset=\"https:\/\/www.md-elektronik.com\/wp-content\/uploads\/2021\/03\/md_HFM_Mini-Koax.png 600w, https:\/\/www.md-elektronik.com\/wp-content\/uploads\/2021\/03\/md_HFM_Mini-Koax-300x200.png 300w\" sizes=\"(max-width: 600px) 100vw, 600px\" \/>\t\t\t\t\t\t\t\t\t\t\t<\/div>\n\t\t\t<\/a>\t\t<\/div>\n\n\t\t<div class=\"box-text text-center is-small\" >\n\t\t\t<div class=\"box-text-inner\">\n\t\t\t\t\n\n<p>Mini Koax<\/p>\n\n\t\t\t<\/div>\n\t\t<\/div>\n\t<\/div>\n\t\n\n\t\t\n<style>\n#stack-1638003243 > * {\n  --stack-gap: 1rem;\n}\n<\/style>\n\t<\/div>\n\t\n\n\t\t<\/div>\n\t\t\t\t\n<style>\n#col-317462155 > .col-inner {\n  padding: 30px 0px 0px 0px;\n}\n<\/style>\n\t<\/div>\n\n\t\n\n\t<div id=\"col-1026321232\" class=\"col medium-4 small-12 large-4\"  >\n\t\t\t\t<div class=\"col-inner text-center\"  >\n\t\t\t\n\t\t\t\n\n<p><strong>Datenleitungen<\/strong><\/p>\n\t<div id=\"stack-158021766\" class=\"stack stack-row justify-center items-stretch\">\n\t\t\n\n\t<div class=\"box has-hover   has-hover box-text-bottom\" >\n\n\t\t<div class=\"box-image\" >\n\t\t\t<a href=\"https:\/\/www.md-elektronik.com\/de\/produkte\/datenleitungen\/vierdrahtleitungen\/\" >\t\t\t<div class=\"\" >\n\t\t\t\t<img decoding=\"async\" width=\"600\" height=\"400\" src=\"https:\/\/www.md-elektronik.com\/wp-content\/uploads\/2021\/03\/md_HSD-gerade.png\" class=\"attachment- size-\" alt=\"\" srcset=\"https:\/\/www.md-elektronik.com\/wp-content\/uploads\/2021\/03\/md_HSD-gerade.png 600w, https:\/\/www.md-elektronik.com\/wp-content\/uploads\/2021\/03\/md_HSD-gerade-300x200.png 300w\" sizes=\"(max-width: 600px) 100vw, 600px\" \/>\t\t\t\t\t\t\t\t\t\t\t<\/div>\n\t\t\t<\/a>\t\t<\/div>\n\n\t\t<div class=\"box-text text-center is-small\" >\n\t\t\t<div class=\"box-text-inner\">\n\t\t\t\t\n\n<p><a href=\"https:\/\/www.md-elektronik.com\/de\/hsd\/\">HSD<\/a><\/p>\n\n\t\t\t<\/div>\n\t\t<\/div>\n\t<\/div>\n\t\n\t<div class=\"box has-hover   has-hover box-text-bottom\" >\n\n\t\t<div class=\"box-image\" >\n\t\t\t<a href=\"https:\/\/www.md-elektronik.com\/de\/produkte\/datenleitungen\/zweidrahtleitungen\/\" >\t\t\t<div class=\"\" >\n\t\t\t\t<img decoding=\"async\" width=\"600\" height=\"400\" src=\"https:\/\/www.md-elektronik.com\/wp-content\/uploads\/2021\/03\/md_H-MTD.png\" class=\"attachment- size-\" alt=\"\" srcset=\"https:\/\/www.md-elektronik.com\/wp-content\/uploads\/2021\/03\/md_H-MTD.png 600w, https:\/\/www.md-elektronik.com\/wp-content\/uploads\/2021\/03\/md_H-MTD-300x200.png 300w\" sizes=\"(max-width: 600px) 100vw, 600px\" \/>\t\t\t\t\t\t\t\t\t\t\t<\/div>\n\t\t\t<\/a>\t\t<\/div>\n\n\t\t<div class=\"box-text text-center is-small\" >\n\t\t\t<div class=\"box-text-inner\">\n\t\t\t\t\n\n<p><a href=\"https:\/\/www.md-elektronik.com\/de\/h-mtd\/\">H-MTD<\/a><\/p>\n\n\t\t\t<\/div>\n\t\t<\/div>\n\t<\/div>\n\t\n\n\t\t\n<style>\n#stack-158021766 > * {\n  --stack-gap: 1rem;\n}\n<\/style>\n\t<\/div>\n\t\n\t<div id=\"stack-123229229\" class=\"stack stack-row justify-center items-stretch\">\n\t\t\n\n\t<div class=\"box has-hover   has-hover box-text-bottom\" >\n\n\t\t<div class=\"box-image\" >\n\t\t\t<a href=\"https:\/\/www.md-elektronik.com\/de\/produkte\/c-klic\/\" >\t\t\t<div class=\"\" >\n\t\t\t\t<img decoding=\"async\" width=\"600\" height=\"400\" src=\"https:\/\/www.md-elektronik.com\/wp-content\/uploads\/2021\/03\/md_HUB-C-Klic.png\" class=\"attachment- size-\" alt=\"\" srcset=\"https:\/\/www.md-elektronik.com\/wp-content\/uploads\/2021\/03\/md_HUB-C-Klic.png 600w, https:\/\/www.md-elektronik.com\/wp-content\/uploads\/2021\/03\/md_HUB-C-Klic-300x200.png 300w\" sizes=\"(max-width: 600px) 100vw, 600px\" \/>\t\t\t\t\t\t\t\t\t\t\t<\/div>\n\t\t\t<\/a>\t\t<\/div>\n\n\t\t<div class=\"box-text text-center is-small\" >\n\t\t\t<div class=\"box-text-inner\">\n\t\t\t\t\n\n<p>C-KLIC<\/p>\n\n\t\t\t<\/div>\n\t\t<\/div>\n\t<\/div>\n\t\n\t<div class=\"box has-hover   has-hover box-text-bottom\" >\n\n\t\t<div class=\"box-image\" >\n\t\t\t<a href=\"https:\/\/www.md-elektronik.com\/de\/produkte\/datenleitungen\/zweidrahtleitungen\/\" >\t\t\t<div class=\"\" >\n\t\t\t\t<img decoding=\"async\" width=\"600\" height=\"400\" src=\"https:\/\/www.md-elektronik.com\/wp-content\/uploads\/2021\/03\/md_AMEC.png\" class=\"attachment- size-\" alt=\"\" srcset=\"https:\/\/www.md-elektronik.com\/wp-content\/uploads\/2021\/03\/md_AMEC.png 600w, https:\/\/www.md-elektronik.com\/wp-content\/uploads\/2021\/03\/md_AMEC-300x200.png 300w\" sizes=\"(max-width: 600px) 100vw, 600px\" \/>\t\t\t\t\t\t\t\t\t\t\t<\/div>\n\t\t\t<\/a>\t\t<\/div>\n\n\t\t<div class=\"box-text text-center is-small\" >\n\t\t\t<div class=\"box-text-inner\">\n\t\t\t\t\n\n<p><a href=\"https:\/\/www.md-elektronik.com\/de\/amec\/\">AMEC<\/a><\/p>\n\n\t\t\t<\/div>\n\t\t<\/div>\n\t<\/div>\n\t\n\n\t\t\n<style>\n#stack-123229229 > * {\n  --stack-gap: 1rem;\n}\n<\/style>\n\t<\/div>\n\t\n\n\t\t<\/div>\n\t\t\t\t\n<style>\n#col-1026321232 > .col-inner {\n  padding: 30px 0px 0px 0px;\n}\n<\/style>\n\t<\/div>\n\n\t\n\n\t<div id=\"col-2117149220\" class=\"col medium-4 small-12 large-4\"  >\n\t\t\t\t<div class=\"col-inner text-center\"  >\n\t\t\t\n\t\t\t\n\n<p><strong>Elektronik-Module<\/strong><\/p>\n\t<div id=\"stack-1469182417\" class=\"stack stack-row justify-center items-stretch\">\n\t\t\n\n\t<div class=\"box has-hover   has-hover box-text-bottom\" >\n\n\t\t<div class=\"box-image\" >\n\t\t\t<a href=\"https:\/\/www.md-elektronik.com\/de\/produkte\/elektronik\/elektronik-module\/\" >\t\t\t<div class=\"\" >\n\t\t\t\t<img decoding=\"async\" width=\"600\" height=\"400\" src=\"https:\/\/www.md-elektronik.com\/wp-content\/uploads\/2021\/03\/USB-A_transparenter-Hintergrund-II.png\" class=\"attachment- size-\" alt=\"\" srcset=\"https:\/\/www.md-elektronik.com\/wp-content\/uploads\/2021\/03\/USB-A_transparenter-Hintergrund-II.png 600w, https:\/\/www.md-elektronik.com\/wp-content\/uploads\/2021\/03\/USB-A_transparenter-Hintergrund-II-300x200.png 300w\" sizes=\"(max-width: 600px) 100vw, 600px\" \/>\t\t\t\t\t\t\t\t\t\t\t<\/div>\n\t\t\t<\/a>\t\t<\/div>\n\n\t\t<div class=\"box-text text-center is-small\" >\n\t\t\t<div class=\"box-text-inner\">\n\t\t\t\t\n\n<p>USB Type-A<\/p>\n\n\t\t\t<\/div>\n\t\t<\/div>\n\t<\/div>\n\t\n\t<div class=\"box has-hover   has-hover box-text-bottom\" >\n\n\t\t<div class=\"box-image\" >\n\t\t\t<a href=\"https:\/\/www.md-elektronik.com\/de\/produkte\/elektronik\/elektronik-module\/\" >\t\t\t<div class=\"\" >\n\t\t\t\t<img decoding=\"async\" width=\"600\" height=\"400\" src=\"https:\/\/www.md-elektronik.com\/wp-content\/uploads\/2021\/03\/USB-C_transparenter-Hintergrund.png\" class=\"attachment- size-\" alt=\"\" srcset=\"https:\/\/www.md-elektronik.com\/wp-content\/uploads\/2021\/03\/USB-C_transparenter-Hintergrund.png 600w, https:\/\/www.md-elektronik.com\/wp-content\/uploads\/2021\/03\/USB-C_transparenter-Hintergrund-300x200.png 300w\" sizes=\"(max-width: 600px) 100vw, 600px\" \/>\t\t\t\t\t\t\t\t\t\t\t<\/div>\n\t\t\t<\/a>\t\t<\/div>\n\n\t\t<div class=\"box-text text-center is-small\" >\n\t\t\t<div class=\"box-text-inner\">\n\t\t\t\t\n\n<p>USB Type-C<\/p>\n\n\t\t\t<\/div>\n\t\t<\/div>\n\t<\/div>\n\t\n\n\t\t\n<style>\n#stack-1469182417 > * {\n  --stack-gap: 1rem;\n}\n<\/style>\n\t<\/div>\n\t\n\n\t\t<\/div>\n\t\t\t\t\n<style>\n#col-2117149220 > .col-inner {\n  padding: 30px 0px 0px 0px;\n}\n<\/style>\n\t<\/div>\n\n\t\n\n\t<div id=\"col-134420837\" class=\"col small-12 large-12\"  >\n\t\t\t\t<div class=\"col-inner text-center\"  >\n\t\t\t\n\t\t\t\n\n<p>Wir kreieren Ihre ma\u00dfgeschneiderte L\u00f6sung.<\/p>\n<a href=\"mailto:sales@md-elektronik.com\" class=\"button primary is-outline\"  style=\"border-radius:99px;\">\n\t\t<span>Kontaktieren Sie uns<\/span>\n\t<i class=\"icon-angle-right\" aria-hidden=\"true\" ><\/i><\/a>\n\n\n\n\t\t<\/div>\n\t\t\t\t\n<style>\n#col-134420837 > .col-inner {\n  padding: 30px 30px 30px 30px;\n}\n@media (min-width:550px) {\n  #col-134420837 > .col-inner {\n    padding: 0px 60px 0px 60px;\n  }\n}\n<\/style>\n\t<\/div>\n\n\t\n\n<\/div>\n\n\t\t<\/div>\n\n\t\t\n<style>\n#section_996821797 {\n  padding-top: 0px;\n  padding-bottom: 0px;\n  background-color: #f5f5f7;\n}\n<\/style>\n\t<\/section>\n\t\n\n","protected":false},"excerpt":{"rendered":"","protected":false},"author":1,"featured_media":0,"parent":5751,"menu_order":1,"comment_status":"closed","ping_status":"closed","template":"page-blank.php","meta":{"footnotes":""},"class_list":["post-5763","page","type-page","status-publish","hentry"],"_links":{"self":[{"href":"https:\/\/www.md-elektronik.com\/de\/wp-json\/wp\/v2\/pages\/5763","targetHints":{"allow":["GET"]}}],"collection":[{"href":"https:\/\/www.md-elektronik.com\/de\/wp-json\/wp\/v2\/pages"}],"about":[{"href":"https:\/\/www.md-elektronik.com\/de\/wp-json\/wp\/v2\/types\/page"}],"author":[{"embeddable":true,"href":"https:\/\/www.md-elektronik.com\/de\/wp-json\/wp\/v2\/users\/1"}],"replies":[{"embeddable":true,"href":"https:\/\/www.md-elektronik.com\/de\/wp-json\/wp\/v2\/comments?post=5763"}],"version-history":[{"count":7,"href":"https:\/\/www.md-elektronik.com\/de\/wp-json\/wp\/v2\/pages\/5763\/revisions"}],"predecessor-version":[{"id":16342,"href":"https:\/\/www.md-elektronik.com\/de\/wp-json\/wp\/v2\/pages\/5763\/revisions\/16342"}],"up":[{"embeddable":true,"href":"https:\/\/www.md-elektronik.com\/de\/wp-json\/wp\/v2\/pages\/5751"}],"wp:attachment":[{"href":"https:\/\/www.md-elektronik.com\/de\/wp-json\/wp\/v2\/media?parent=5763"}],"curies":[{"name":"wp","href":"https:\/\/api.w.org\/{rel}","templated":true}]}}