{"id":5775,"date":"2021-03-24T10:20:48","date_gmt":"2021-03-24T09:20:48","guid":{"rendered":"https:\/\/www.md-elektronik.de\/?page_id=5775"},"modified":"2023-10-11T13:06:14","modified_gmt":"2023-10-11T11:06:14","slug":"adas-autonomes-fahren","status":"publish","type":"page","link":"https:\/\/www.md-elektronik.com\/de\/anwendungen\/adas-autonomes-fahren\/","title":{"rendered":"ADAS &#038; autonomes Fahren"},"content":{"rendered":"\n\n\t<section class=\"section\" id=\"section_212512977\">\n\t\t<div class=\"section-bg fill\" >\n\t\t\t\t\t\t\t\t\t\n\t\t\t\n\n\t\t<\/div>\n\n\t\t\n\n\t\t<div class=\"section-content relative\">\n\t\t\t\n\n<div class=\"row row-collapse row-full-width align-middle\"  id=\"row-738030392\">\n\n\n\t<div id=\"col-280523936\" class=\"col medium-6 small-12 large-6\"  >\n\t\t\t\t<div class=\"col-inner text-center\"  >\n\t\t\t\n\t\t\t\n\n<h1><strong><font size=\"36\">Wir machen autonomes Fahren zur Realit\u00e4t!<\/font><\/strong><\/h1>\n<p><a href=\"https:\/\/www.md-elektronik.com\/de\/autonomes-fahren\/\">Autonomes Fahren<\/a>: Wenn der Fahrer zum Passagier wird. So die Realit\u00e4t im Stra\u00dfenverkehr der nahen Zukunft. Fahrassistenz- und Sicherheitsfunktionen sollen grundlegende Aufgaben beim Fahren schrittweise automatisieren.<\/p>\n<p>Hierf\u00fcr muss das Fahrzeug die Umgebung immer genauestens im Blick haben \u2013 und das in Echtzeit. Sensorik-Applikationen wie Kameras, <a href=\"https:\/\/www.md-elektronik.com\/de\/radar\/\">Radar<\/a> oder <a href=\"https:\/\/www.md-elektronik.com\/de\/lidar\/\">Lidar<\/a> spielen hierbei eine zentrale Rolle. Die Anbindung derartiger Ger\u00e4te an das Bordnetz hat gro\u00dfe Auswirkungen auf die Netzwerkarchitektur von Fahrzeugen. Daten\u00fcbertragungsl\u00f6sungen mit geringer <a href=\"https:\/\/www.md-elektronik.com\/de\/latenz\/\">Latenz<\/a> und perfekter <a href=\"https:\/\/www.md-elektronik.com\/de\/schirmung\/\">Schirmung<\/a> sind hierbei von enorm wichtiger Bedeutung. Und genau hier liegt unsere Kernkompetenz.<\/p>\n<p><strong>Sie wollen im Wettbewerb um autonom fahrende Fahrzeuge das Rennen machen? Wir konfektionieren Ihnen die optimale Leitung zur schnellen und sicheren \u00dcbertragung der enorm gro\u00dfen Datenmengen.<\/strong><\/p>\n\n\t\t<\/div>\n\t\t\t\t\n<style>\n#col-280523936 > .col-inner {\n  padding: 30px 30px 30px 30px;\n}\n@media (min-width:550px) {\n  #col-280523936 > .col-inner {\n    padding: 60px 60px 60px 60px;\n  }\n}\n<\/style>\n\t<\/div>\n\n\t\n\n\t<div id=\"col-839454832\" class=\"col medium-6 small-12 large-6\"  data-animate=\"fadeInUp\">\n\t\t\t\t<div class=\"col-inner text-center\"  >\n\t\t\t\n\t\t\t\n\n<iframe style=\"margin-bottom: -6px;\" src=\"https:\/\/player.vimeo.com\/video\/515694608?h=c922525f8c&amp;badge=0&amp;autopause=0&amp;player_id=0&amp;app_id=58479&amp;background=1&amp;dnt=1\" width=\"960\" height=\"540\" frameborder=\"0\" allowfullscreen=\"allowfullscreen\"><span style=\"display: inline-block; width: 0px; overflow: hidden; line-height: 0;\" data-mce-type=\"bookmark\" class=\"mce_SELRES_start\">\ufeff<\/span><\/iframe>\n\n\n\t\t<\/div>\n\t\t\t\t\t<\/div>\n\n\t\n\n\t<div id=\"col-59604212\" class=\"col show-for-small medium-6 small-12 large-6\"  data-animate=\"fadeInUp\">\n\t\t\t\t<div class=\"col-inner\"  >\n\t\t\t\n\t\t\t\n\n<iframe style=\"margin-bottom: -6px;\" src=\"https:\/\/player.vimeo.com\/video\/515694608?h=c922525f8c&amp;badge=0&amp;autopause=0&amp;player_id=0&amp;app_id=58479&amp;background=1&amp;dnt=1\" width=\"100%\" height=\"200\" frameborder=\"0\" allowfullscreen=\"allowfullscreen\"><\/iframe>\n\n\n\t\t<\/div>\n\t\t\t\t\t<\/div>\n\n\t\n\n\n<style>\n#row-738030392 > .col > .col-inner {\n  background-color: rgb(255, 255, 255);\n}\n<\/style>\n<\/div>\n\n\t\t<\/div>\n\n\t\t\n<style>\n#section_212512977 {\n  padding-top: 0px;\n  padding-bottom: 0px;\n  background-color: rgb(255,255,255);\n}\n<\/style>\n\t<\/section>\n\t\n\n\t<section class=\"section mb-20 mt-20\" id=\"section_694369469\">\n\t\t<div class=\"section-bg fill\" >\n\t\t\t\t\t\t\t\t\t\n\t\t\t\n\n\t\t<\/div>\n\n\t\t\n\n\t\t<div class=\"section-content relative\">\n\t\t\t\n\n<div class=\"row row-collapse align-middle\"  id=\"row-1926005289\">\n\n\n\t<div id=\"col-1618091595\" class=\"col small-12 large-12\"  >\n\t\t\t\t<div class=\"col-inner text-center\"  >\n\t\t\t\n\t\t\t\n\n<p>Der Megatrend \u201eAutonomes Fahren\u201c hat die Anforderungen an L\u00f6sungen zur Daten\u00fcbertragung im Fahrzeug sehr stark gewandelt. So fordert dieser Trend innovative L\u00f6sungen zur \u00dcbertragung gro\u00dfer Datenmengen bei gleichzeitig<\/p>\n<p><em>geringer Latenz,<br \/><\/em><em>hoher Signalqualit\u00e4t,<br \/><\/em><em>perfekter Schirmung,<br \/><\/em><em>geringem Energieverbrauch,<br \/><\/em><em>miniaturisierten Bauteilen,<br \/><\/em><em>und das Ganze noch ma\u00dfgeschneidert.<\/em><\/p>\n<p>Gleichzeitig m\u00fcssen die Bauteile eine hohe Robustheit aufweisen, sodass sie den widrigsten Umgebungsbedingungen im Stra\u00dfenverkehr wie K\u00e4lte, Hitze, N\u00e4sse und Streusalz standhalten.<\/p>\n<p>Hierbei sind Sie auf einen starken Partner angewiesen, der f\u00fcr Sie neueste technologische L\u00f6sungen nach Ma\u00df entwickelt. Genau hier kommen wir ins Spiel.<\/p>\n<a href=\"mailto:sales@md-elektronik.com\" class=\"button primary is-outline\"  style=\"border-radius:99px;\">\n\t\t<span>Kontaktieren Sie uns<\/span>\n\t<i class=\"icon-angle-right\" aria-hidden=\"true\" ><\/i><\/a>\n\n\n\n\t\t<\/div>\n\t\t\t\t\n<style>\n#col-1618091595 > .col-inner {\n  padding: 30px 30px 30px 30px;\n}\n@media (min-width:550px) {\n  #col-1618091595 > .col-inner {\n    padding: 60px 60px 60px 60px;\n  }\n}\n<\/style>\n\t<\/div>\n\n\t\n\n<\/div>\n\n\t\t<\/div>\n\n\t\t\n<style>\n#section_694369469 {\n  padding-top: 0px;\n  padding-bottom: 0px;\n}\n<\/style>\n\t<\/section>\n\t\n\n\t<section class=\"section mb-20\" id=\"section_387090503\">\n\t\t<div class=\"section-bg fill\" >\n\t\t\t\t\t\t\t\t\t\n\t\t\t\n\n\t\t<\/div>\n\n\t\t\n\n\t\t<div class=\"section-content relative\">\n\t\t\t\n\n<div class=\"row row-collapse row-full-width align-middle bg-white\"  id=\"row-992810956\">\n\n\n\t<div id=\"col-1320038067\" class=\"col medium-6 small-12 large-6\"  data-animate=\"fadeInUp\">\n\t\t\t\t<div class=\"col-inner\"  >\n\t\t\t\n\t\t\t\n\n\t<div class=\"img has-hover x md-x lg-x y md-y lg-y\" id=\"image_780079933\">\n\t\t\t\t\t\t\t\t<div class=\"img-inner image-zoom image-cover dark\" style=\"padding-top:65%;\">\n\t\t\t<img decoding=\"async\" width=\"1020\" height=\"574\" src=\"https:\/\/www.md-elektronik.com\/wp-content\/uploads\/2021\/03\/md-elektronik-anwendungen-massgeschneidert-1024x576.jpg\" class=\"attachment-large size-large\" alt=\"\" srcset=\"https:\/\/www.md-elektronik.com\/wp-content\/uploads\/2021\/03\/md-elektronik-anwendungen-massgeschneidert-1024x576.jpg 1024w, https:\/\/www.md-elektronik.com\/wp-content\/uploads\/2021\/03\/md-elektronik-anwendungen-massgeschneidert-300x169.jpg 300w, https:\/\/www.md-elektronik.com\/wp-content\/uploads\/2021\/03\/md-elektronik-anwendungen-massgeschneidert-768x432.jpg 768w, https:\/\/www.md-elektronik.com\/wp-content\/uploads\/2021\/03\/md-elektronik-anwendungen-massgeschneidert-1536x864.jpg 1536w, https:\/\/www.md-elektronik.com\/wp-content\/uploads\/2021\/03\/md-elektronik-anwendungen-massgeschneidert.jpg 1920w\" sizes=\"(max-width: 1020px) 100vw, 1020px\" \/>\t\t\t\t\t\t\n\t\t\t\t\t<\/div>\n\t\t\t\t\t\t\t\t\n<style>\n#image_780079933 {\n  width: 100%;\n}\n<\/style>\n\t<\/div>\n\t\n\n\n\t\t<\/div>\n\t\t\t\t\t<\/div>\n\n\t\n\n\t<div id=\"col-986632211\" class=\"col medium-6 small-12 large-6\"  >\n\t\t\t\t<div class=\"col-inner text-center\"  >\n\t\t\t\n\t\t\t\n\n<h2><strong>Ma\u00dfgeschneiderte Kabelkonfektion in Perfektion<\/strong><\/h2>\n<p>Wir beherrschen das Konfektionieren von Datenleitungen f\u00fcr Fahrzeuge. Und das bereits seit mehr als 25 Jahren. Wir kreieren ausschlie\u00dflich ma\u00dfgeschneiderte L\u00f6sungen entsprechend Ihren Vorstellungen: Ihre Idee \u2013 unser Produkt.<\/p>\n<p>Mit unseren L\u00f6sungen k\u00f6nnen Sie s\u00e4mtliche g\u00e4ngigen Protokolle wie <a href=\"https:\/\/www.md-elektronik.com\/de\/automotive-ethernet\/\">Automotive Ethernet<\/a>, <a href=\"https:\/\/www.md-elektronik.com\/de\/multi-gig-ethernet-multi-gigabit-ethernet\/\">Multi-Gig-Ethernet<\/a>, <a href=\"https:\/\/www.md-elektronik.com\/de\/lvds\/\">LVDS<\/a>, <a href=\"https:\/\/www.md-elektronik.com\/de\/gmsl\/\">GMSL<\/a> und <a href=\"https:\/\/www.md-elektronik.com\/de\/fpd-link\/\">FPD-Link<\/a> zur Anbindung von Sensorik-Bauteilen ans Bordnetz implementieren.<\/p>\n<p><strong>Sie sind auf der Suche nach einem Partner, der hochautomatisierte <a href=\"https:\/\/www.md-elektronik.com\/de\/kabelkonfektion\/\">Kabelkonfektion<\/a> beherrscht und eine R\u00fcckverfolgbarkeit der Teile gew\u00e4hrleisten kann? Dann sind Sie bei uns genau richtig.<\/strong><\/p>\n\n\t\t<\/div>\n\t\t\t\t\n<style>\n#col-986632211 > .col-inner {\n  padding: 30px 30px 30px 30px;\n}\n@media (min-width:550px) {\n  #col-986632211 > .col-inner {\n    padding: 60px 60px 60px 60px;\n  }\n}\n<\/style>\n\t<\/div>\n\n\t\n\n\n<style>\n#row-992810956 > .col > .col-inner {\n  background-color: rgb(255, 255, 255);\n}\n<\/style>\n<\/div>\n\n\t\t<\/div>\n\n\t\t\n<style>\n#section_387090503 {\n  padding-top: 0px;\n  padding-bottom: 0px;\n  background-color: #f5f5f7;\n}\n<\/style>\n\t<\/section>\n\t\n\n\t<section class=\"section mb-20\" id=\"section_194695791\">\n\t\t<div class=\"section-bg fill\" >\n\t\t\t\t\t\t\t\t\t\n\t\t\t\n\n\t\t<\/div>\n\n\t\t\n\n\t\t<div class=\"section-content relative\">\n\t\t\t\n\n<div class=\"row bg-white\"  id=\"row-1375461219\">\n\n\n\t<div id=\"col-722686972\" class=\"col small-12 large-12\"  >\n\t\t\t\t<div class=\"col-inner text-center\" style=\"background-color:rgb(255,255,255);\" >\n\t\t\t\n\t\t\t\n\n<h2><strong>Wir machen Ihre Idee vom autonom fahrenden Fahrzeug zur Realit\u00e4t!<\/strong><\/h2>\n<p>Ihre W\u00fcnsche und Ideen werden bei uns gro\u00dfgeschrieben. Um Ihre Ideen Wirklichkeit werden zu lassen, konfektionieren wir alle Leitungen nach Ma\u00df. Dank unseres Global Footprints mit hochautomatisierten Produktionen in Europa, APAC und NAFTA k\u00f6nnen wir Sie jederzeit schnell und sicher beliefern.<\/p>\n<p><strong>Sie haben ein konkretes Projekt? Wir stehen Ihnen beratend zur Seite. Kontaktieren Sie uns jetzt!<\/strong><\/p>\n<a href=\"mailto:sales@md-elektronik.com\" class=\"button primary is-outline\"  style=\"border-radius:99px;\">\n\t\t<span>Kontaktieren Sie uns<\/span>\n\t<i class=\"icon-angle-right\" aria-hidden=\"true\" ><\/i><\/a>\n\n\n<p>Hier finden Sie einen \u00dcberblick unserer Produkte f\u00fcr <a href=\"https:\/\/www.md-elektronik.com\/de\/adas\/\">ADAS<\/a> (Advanced Driver Assistance Systems) und autonomes Fahren:<\/p>\n\n\t\t<\/div>\n\t\t\t\t\n<style>\n#col-722686972 > .col-inner {\n  padding: 30px 30px 30px 30px;\n}\n@media (min-width:550px) {\n  #col-722686972 > .col-inner {\n    padding: 60px 60px 0px 60px;\n  }\n}\n<\/style>\n\t<\/div>\n\n\t\n\n\n<style>\n#row-1375461219 > .col > .col-inner {\n  background-color: rgb(255,255,255);\n}\n<\/style>\n<\/div>\n<div class=\"row\"  id=\"row-2123266898\">\n\n\n\t<div id=\"col-2013762774\" class=\"col medium-4 small-12 large-4\"  >\n\t\t\t\t<div class=\"col-inner text-center\"  >\n\t\t\t\n\t\t\t\n\n<p><strong><a href=\"https:\/\/www.md-elektronik.com\/de\/koax\/\">Koax<\/a><\/strong><\/p>\n\t<div id=\"stack-1368317625\" class=\"stack stack-row justify-center items-stretch\">\n\t\t\n\n\t<div class=\"box has-hover   has-hover box-text-bottom\" >\n\n\t\t<div class=\"box-image\" >\n\t\t\t<a href=\"https:\/\/www.md-elektronik.com\/de\/produkte\/koax\/mini-koax\/\" >\t\t\t<div class=\"\" >\n\t\t\t\t<img decoding=\"async\" width=\"600\" height=\"400\" src=\"https:\/\/www.md-elektronik.com\/wp-content\/uploads\/2021\/03\/md_HFM_Mini-Koax.png\" class=\"attachment- size-\" alt=\"\" srcset=\"https:\/\/www.md-elektronik.com\/wp-content\/uploads\/2021\/03\/md_HFM_Mini-Koax.png 600w, https:\/\/www.md-elektronik.com\/wp-content\/uploads\/2021\/03\/md_HFM_Mini-Koax-300x200.png 300w\" sizes=\"(max-width: 600px) 100vw, 600px\" \/>\t\t\t\t\t\t\t\t\t\t\t<\/div>\n\t\t\t<\/a>\t\t<\/div>\n\n\t\t<div class=\"box-text text-center is-small\" >\n\t\t\t<div class=\"box-text-inner\">\n\t\t\t\t\n\n<p>Mini Koax<\/p>\n\n\t\t\t<\/div>\n\t\t<\/div>\n\t<\/div>\n\t\n\t<div class=\"box has-hover   has-hover box-text-bottom\" >\n\n\t\t<div class=\"box-image\" >\n\t\t\t<a href=\"https:\/\/www.md-elektronik.com\/de\/produkte\/koax\/fakra\/\" >\t\t\t<div class=\"\" >\n\t\t\t\t<img decoding=\"async\" width=\"600\" height=\"400\" src=\"https:\/\/www.md-elektronik.com\/wp-content\/uploads\/2021\/03\/md_Fakra-SF.png\" class=\"attachment- size-\" alt=\"\" srcset=\"https:\/\/www.md-elektronik.com\/wp-content\/uploads\/2021\/03\/md_Fakra-SF.png 600w, https:\/\/www.md-elektronik.com\/wp-content\/uploads\/2021\/03\/md_Fakra-SF-300x200.png 300w\" sizes=\"(max-width: 600px) 100vw, 600px\" \/>\t\t\t\t\t\t\t\t\t\t\t<\/div>\n\t\t\t<\/a>\t\t<\/div>\n\n\t\t<div class=\"box-text text-center is-small\" >\n\t\t\t<div class=\"box-text-inner\">\n\t\t\t\t\n\n<p>FAKRA<\/p>\n\n\t\t\t<\/div>\n\t\t<\/div>\n\t<\/div>\n\t\n\n\t\t\n<style>\n#stack-1368317625 > * {\n  --stack-gap: 1rem;\n}\n<\/style>\n\t<\/div>\n\t\n\n\t\t<\/div>\n\t\t\t\t\n<style>\n#col-2013762774 > .col-inner {\n  padding: 30px 0px 0px 0px;\n}\n<\/style>\n\t<\/div>\n\n\t\n\n\t<div id=\"col-180656779\" class=\"col medium-4 small-12 large-4\"  >\n\t\t\t\t<div class=\"col-inner text-center\"  >\n\t\t\t\n\t\t\t\n\n<p><strong>Datenleitungen<\/strong><\/p>\n\t<div id=\"stack-591182639\" class=\"stack stack-row justify-center items-stretch\">\n\t\t\n\n\t<div class=\"box has-hover   has-hover box-text-bottom\" >\n\n\t\t<div class=\"box-image\" >\n\t\t\t<a href=\"https:\/\/www.md-elektronik.com\/de\/produkte\/datenleitungen\/vierdrahtleitungen\/\" >\t\t\t<div class=\"\" >\n\t\t\t\t<img decoding=\"async\" width=\"600\" height=\"400\" src=\"https:\/\/www.md-elektronik.com\/wp-content\/uploads\/2021\/03\/md_HSD-gerade.png\" class=\"attachment- size-\" alt=\"\" srcset=\"https:\/\/www.md-elektronik.com\/wp-content\/uploads\/2021\/03\/md_HSD-gerade.png 600w, https:\/\/www.md-elektronik.com\/wp-content\/uploads\/2021\/03\/md_HSD-gerade-300x200.png 300w\" sizes=\"(max-width: 600px) 100vw, 600px\" \/>\t\t\t\t\t\t\t\t\t\t\t<\/div>\n\t\t\t<\/a>\t\t<\/div>\n\n\t\t<div class=\"box-text text-center is-small\" >\n\t\t\t<div class=\"box-text-inner\">\n\t\t\t\t\n\n<p><a href=\"https:\/\/www.md-elektronik.com\/de\/hsd\/\">HSD<\/a><\/p>\n\n\t\t\t<\/div>\n\t\t<\/div>\n\t<\/div>\n\t\n\t<div class=\"box has-hover   has-hover box-text-bottom\" >\n\n\t\t<div class=\"box-image\" >\n\t\t\t<a href=\"https:\/\/www.md-elektronik.com\/de\/produkte\/datenleitungen\/zweidrahtleitungen\/\" >\t\t\t<div class=\"\" >\n\t\t\t\t<img decoding=\"async\" width=\"600\" height=\"400\" src=\"https:\/\/www.md-elektronik.com\/wp-content\/uploads\/2021\/03\/md_H-MTD.png\" class=\"attachment- size-\" alt=\"\" srcset=\"https:\/\/www.md-elektronik.com\/wp-content\/uploads\/2021\/03\/md_H-MTD.png 600w, https:\/\/www.md-elektronik.com\/wp-content\/uploads\/2021\/03\/md_H-MTD-300x200.png 300w\" sizes=\"(max-width: 600px) 100vw, 600px\" \/>\t\t\t\t\t\t\t\t\t\t\t<\/div>\n\t\t\t<\/a>\t\t<\/div>\n\n\t\t<div class=\"box-text text-center is-small\" >\n\t\t\t<div class=\"box-text-inner\">\n\t\t\t\t\n\n<p><a href=\"https:\/\/www.md-elektronik.com\/de\/h-mtd\/\">H-MTD<\/a><\/p>\n\n\t\t\t<\/div>\n\t\t<\/div>\n\t<\/div>\n\t\n\n\t\t\n<style>\n#stack-591182639 > * {\n  --stack-gap: 1rem;\n}\n<\/style>\n\t<\/div>\n\t\n\t<div id=\"stack-3060699407\" class=\"stack stack-row justify-center items-stretch\">\n\t\t\n\n\t<div class=\"box has-hover   has-hover box-text-bottom\" >\n\n\t\t<div class=\"box-image\" >\n\t\t\t<a href=\"https:\/\/www.md-elektronik.com\/de\/produkte\/c-klic\/\" >\t\t\t<div class=\"\" >\n\t\t\t\t<img decoding=\"async\" width=\"600\" height=\"400\" src=\"https:\/\/www.md-elektronik.com\/wp-content\/uploads\/2021\/03\/md_HUB-C-Klic.png\" class=\"attachment- size-\" alt=\"\" srcset=\"https:\/\/www.md-elektronik.com\/wp-content\/uploads\/2021\/03\/md_HUB-C-Klic.png 600w, https:\/\/www.md-elektronik.com\/wp-content\/uploads\/2021\/03\/md_HUB-C-Klic-300x200.png 300w\" sizes=\"(max-width: 600px) 100vw, 600px\" \/>\t\t\t\t\t\t\t\t\t\t\t<\/div>\n\t\t\t<\/a>\t\t<\/div>\n\n\t\t<div class=\"box-text text-center is-small\" >\n\t\t\t<div class=\"box-text-inner\">\n\t\t\t\t\n\n<p>C-KLIC<\/p>\n\n\t\t\t<\/div>\n\t\t<\/div>\n\t<\/div>\n\t\n\t<div class=\"box has-hover   has-hover box-text-bottom\" >\n\n\t\t<div class=\"box-image\" >\n\t\t\t<a href=\"https:\/\/www.md-elektronik.com\/de\/produkte\/datenleitungen\/zweidrahtleitungen\/\" >\t\t\t<div class=\"\" >\n\t\t\t\t<img decoding=\"async\" width=\"600\" height=\"400\" src=\"https:\/\/www.md-elektronik.com\/wp-content\/uploads\/2021\/03\/md_AMEC.png\" class=\"attachment- size-\" alt=\"\" srcset=\"https:\/\/www.md-elektronik.com\/wp-content\/uploads\/2021\/03\/md_AMEC.png 600w, https:\/\/www.md-elektronik.com\/wp-content\/uploads\/2021\/03\/md_AMEC-300x200.png 300w\" sizes=\"(max-width: 600px) 100vw, 600px\" \/>\t\t\t\t\t\t\t\t\t\t\t<\/div>\n\t\t\t<\/a>\t\t<\/div>\n\n\t\t<div class=\"box-text text-center is-small\" >\n\t\t\t<div class=\"box-text-inner\">\n\t\t\t\t\n\n<p><a href=\"https:\/\/www.md-elektronik.com\/de\/amec\/\">AMEC<\/a><\/p>\n\n\t\t\t<\/div>\n\t\t<\/div>\n\t<\/div>\n\t\n\n\t\t\n<style>\n#stack-3060699407 > * {\n  --stack-gap: 1rem;\n}\n<\/style>\n\t<\/div>\n\t\n\n\t\t<\/div>\n\t\t\t\t\n<style>\n#col-180656779 > .col-inner {\n  padding: 30px 0px 0px 0px;\n}\n<\/style>\n\t<\/div>\n\n\t\n\n\t<div id=\"col-2049260979\" class=\"col medium-4 small-12 large-4\"  >\n\t\t\t\t<div class=\"col-inner text-center\"  >\n\t\t\t\n\t\t\t\n\n<p><strong><a href=\"https:\/\/www.md-elektronik.com\/de\/sensorik\/\">Sensorik<\/a><\/strong><\/p>\n\t<div id=\"stack-1907563711\" class=\"stack stack-row justify-center items-stretch\">\n\t\t\n\n\t<div class=\"box has-hover   has-hover box-text-bottom\" >\n\n\t\t<div class=\"box-image\" >\n\t\t\t<a href=\"https:\/\/www.md-elektronik.com\/de\/produkte\/sensorik\/fahrwerksensorik\/\" >\t\t\t<div class=\"\" >\n\t\t\t\t<img decoding=\"async\" width=\"600\" height=\"400\" src=\"https:\/\/www.md-elektronik.com\/wp-content\/uploads\/2021\/03\/md_Elektronische-Parkbremse-II.png\" class=\"attachment- size-\" alt=\"\" srcset=\"https:\/\/www.md-elektronik.com\/wp-content\/uploads\/2021\/03\/md_Elektronische-Parkbremse-II.png 600w, https:\/\/www.md-elektronik.com\/wp-content\/uploads\/2021\/03\/md_Elektronische-Parkbremse-II-300x200.png 300w\" sizes=\"(max-width: 600px) 100vw, 600px\" \/>\t\t\t\t\t\t\t\t\t\t\t<\/div>\n\t\t\t<\/a>\t\t<\/div>\n\n\t\t<div class=\"box-text text-center is-small\" >\n\t\t\t<div class=\"box-text-inner\">\n\t\t\t\t\n\n<p>Fahrwerksensorik<\/p>\n\n\t\t\t<\/div>\n\t\t<\/div>\n\t<\/div>\n\t\n\t<div class=\"box has-hover   has-hover box-text-bottom\" >\n\n\t\t<div class=\"box-image\" >\n\t\t\t<a href=\"https:\/\/www.md-elektronik.com\/de\/produkte\/sensorik\/fahrwerksensorik\/\" >\t\t\t<div class=\"\" >\n\t\t\t\t<img decoding=\"async\" width=\"600\" height=\"400\" src=\"https:\/\/www.md-elektronik.com\/wp-content\/uploads\/2021\/03\/md_Da\u0308mpfereinstellungen.png\" class=\"attachment- size-\" alt=\"\" srcset=\"https:\/\/www.md-elektronik.com\/wp-content\/uploads\/2021\/03\/md_Da\u0308mpfereinstellungen.png 600w, https:\/\/www.md-elektronik.com\/wp-content\/uploads\/2021\/03\/md_Da\u0308mpfereinstellungen-300x200.png 300w\" sizes=\"(max-width: 600px) 100vw, 600px\" \/>\t\t\t\t\t\t\t\t\t\t\t<\/div>\n\t\t\t<\/a>\t\t<\/div>\n\n\t\t<div class=\"box-text text-center is-small\" >\n\t\t\t<div class=\"box-text-inner\">\n\t\t\t\t\n\n<p>D\u00e4mpfersysteme<\/p>\n\n\t\t\t<\/div>\n\t\t<\/div>\n\t<\/div>\n\t\n\n\t\t\n<style>\n#stack-1907563711 > * {\n  --stack-gap: 1rem;\n}\n<\/style>\n\t<\/div>\n\t\n\t<div id=\"stack-1298037270\" class=\"stack stack-row justify-center items-stretch\">\n\t\t\n\n\t<div class=\"box has-hover   has-hover box-text-bottom\" >\n\n\t\t<div class=\"box-image\" >\n\t\t\t<a href=\"https:\/\/www.md-elektronik.com\/de\/produkte\/sensorik\/fahrwerksensorik\/\" >\t\t\t<div class=\"\" >\n\t\t\t\t<img decoding=\"async\" width=\"600\" height=\"400\" src=\"https:\/\/www.md-elektronik.com\/wp-content\/uploads\/2021\/03\/md_Bremsverschleiss.png\" class=\"attachment- size-\" alt=\"\" srcset=\"https:\/\/www.md-elektronik.com\/wp-content\/uploads\/2021\/03\/md_Bremsverschleiss.png 600w, https:\/\/www.md-elektronik.com\/wp-content\/uploads\/2021\/03\/md_Bremsverschleiss-300x200.png 300w\" sizes=\"(max-width: 600px) 100vw, 600px\" \/>\t\t\t\t\t\t\t\t\t\t\t<\/div>\n\t\t\t<\/a>\t\t<\/div>\n\n\t\t<div class=\"box-text text-center is-small\" >\n\t\t\t<div class=\"box-text-inner\">\n\t\t\t\t\n\n<p>Bremsverschlei\u00dfanzeige<\/p>\n\n\t\t\t<\/div>\n\t\t<\/div>\n\t<\/div>\n\t\n\t<div class=\"box has-hover   has-hover box-text-bottom\" >\n\n\t\t<div class=\"box-image\" >\n\t\t\t<a href=\"https:\/\/www.md-elektronik.com\/de\/produkte\/sensorik\/fahrwerksensorik\/\" >\t\t\t<div class=\"\" >\n\t\t\t\t<img decoding=\"async\" width=\"600\" height=\"400\" src=\"https:\/\/www.md-elektronik.com\/wp-content\/uploads\/2021\/03\/md_Drehzahlsensor-I.png\" class=\"attachment- size-\" alt=\"\" srcset=\"https:\/\/www.md-elektronik.com\/wp-content\/uploads\/2021\/03\/md_Drehzahlsensor-I.png 600w, https:\/\/www.md-elektronik.com\/wp-content\/uploads\/2021\/03\/md_Drehzahlsensor-I-300x200.png 300w\" sizes=\"(max-width: 600px) 100vw, 600px\" \/>\t\t\t\t\t\t\t\t\t\t\t<\/div>\n\t\t\t<\/a>\t\t<\/div>\n\n\t\t<div class=\"box-text text-center is-small\" >\n\t\t\t<div class=\"box-text-inner\">\n\t\t\t\t\n\n<p>Drehzahlsensorik<\/p>\n\n\t\t\t<\/div>\n\t\t<\/div>\n\t<\/div>\n\t\n\n\t\t\n<style>\n#stack-1298037270 > * {\n  --stack-gap: 1rem;\n}\n<\/style>\n\t<\/div>\n\t\n\n\t\t<\/div>\n\t\t\t\t\n<style>\n#col-2049260979 > .col-inner {\n  padding: 30px 0px 0px 0px;\n}\n<\/style>\n\t<\/div>\n\n\t\n\n\t<div id=\"col-125145770\" class=\"col small-12 large-12\"  >\n\t\t\t\t<div class=\"col-inner text-center\"  >\n\t\t\t\n\t\t\t\n\n<p>Wir kreieren Ihre ma\u00dfgeschneiderte L\u00f6sung.<\/p>\n<a href=\"mailto:sales@md-elektronik.com\" class=\"button primary is-outline\"  style=\"border-radius:99px;\">\n\t\t<span>Kontaktieren Sie uns<\/span>\n\t<i class=\"icon-angle-right\" aria-hidden=\"true\" ><\/i><\/a>\n\n\n\n\t\t<\/div>\n\t\t\t\t\n<style>\n#col-125145770 > .col-inner {\n  padding: 30px 0px 0px 0px;\n}\n<\/style>\n\t<\/div>\n\n\t\n\n<\/div>\n\n\t\t<\/div>\n\n\t\t\n<style>\n#section_194695791 {\n  padding-top: 0px;\n  padding-bottom: 0px;\n  background-color: #f5f5f7;\n}\n<\/style>\n\t<\/section>\n\t\n\n","protected":false},"excerpt":{"rendered":"","protected":false},"author":1,"featured_media":0,"parent":5751,"menu_order":2,"comment_status":"closed","ping_status":"closed","template":"page-blank.php","meta":{"footnotes":""},"class_list":["post-5775","page","type-page","status-publish","hentry"],"_links":{"self":[{"href":"https:\/\/www.md-elektronik.com\/de\/wp-json\/wp\/v2\/pages\/5775","targetHints":{"allow":["GET"]}}],"collection":[{"href":"https:\/\/www.md-elektronik.com\/de\/wp-json\/wp\/v2\/pages"}],"about":[{"href":"https:\/\/www.md-elektronik.com\/de\/wp-json\/wp\/v2\/types\/page"}],"author":[{"embeddable":true,"href":"https:\/\/www.md-elektronik.com\/de\/wp-json\/wp\/v2\/users\/1"}],"replies":[{"embeddable":true,"href":"https:\/\/www.md-elektronik.com\/de\/wp-json\/wp\/v2\/comments?post=5775"}],"version-history":[{"count":14,"href":"https:\/\/www.md-elektronik.com\/de\/wp-json\/wp\/v2\/pages\/5775\/revisions"}],"predecessor-version":[{"id":18003,"href":"https:\/\/www.md-elektronik.com\/de\/wp-json\/wp\/v2\/pages\/5775\/revisions\/18003"}],"up":[{"embeddable":true,"href":"https:\/\/www.md-elektronik.com\/de\/wp-json\/wp\/v2\/pages\/5751"}],"wp:attachment":[{"href":"https:\/\/www.md-elektronik.com\/de\/wp-json\/wp\/v2\/media?parent=5775"}],"curies":[{"name":"wp","href":"https:\/\/api.w.org\/{rel}","templated":true}]}}