{"id":6259,"date":"2021-03-25T11:38:36","date_gmt":"2021-03-25T10:38:36","guid":{"rendered":"https:\/\/www.md-elektronik.de\/?page_id=6259"},"modified":"2024-09-12T10:13:54","modified_gmt":"2024-09-12T08:13:54","slug":"home","status":"publish","type":"page","link":"https:\/\/www.md-elektronik.com\/de\/","title":{"rendered":"Home"},"content":{"rendered":"\n\n\t<section class=\"section\" id=\"section_733153886\">\n\t\t<div class=\"section-bg fill\" >\n\t\t\t\t\t\t\t\t\t\n\t\t\t\n\n\t\t<\/div>\n\n\t\t\n\n\t\t<div class=\"section-content relative\">\n\t\t\t\n\n<div class=\"row row-collapse row-full-width align-middle\"  id=\"row-358962178\">\n\n\n\t<div id=\"col-2082896542\" class=\"col hide-for-small medium-6 small-12 large-6\"  data-animate=\"fadeInUp\">\n\t\t\t\t<div class=\"col-inner text-center\"  >\n\t\t\t\n\t\t\t\n\n<iframe style=\"margin-bottom: -6px;\" src=\"https:\/\/player.vimeo.com\/video\/486783817?h=5f110015ee&amp;badge=0&amp;autopause=0&amp;player_id=0&amp;app_id=58479&amp;background=1&amp;dnt=1\" width=\"960\" height=\"540\" frameborder=\"0\" allowfullscreen=\"allowfullscreen\"><\/iframe>\n\n\n\t\t<\/div>\n\t\t\t\t\t<\/div>\n\n\t\n\n\t<div id=\"col-1743865352\" class=\"col show-for-small medium-6 small-12 large-6\"  data-animate=\"fadeInUp\">\n\t\t\t\t<div class=\"col-inner text-center\"  >\n\t\t\t\n\t\t\t\n\n<iframe style=\"margin-bottom:-6px;\" src=\"https:\/\/player.vimeo.com\/video\/486783817?h=5f110015ee&amp;badge=0&amp;autopause=0&amp;player_id=0&amp;app_id=58479&amp;background=1&amp;dnt=1\" width=\"100%\" height=\"200\" frameborder=\"0\" allow=\"autoplay; fullscreen\" allowfullscreen><\/iframe>\n\n\n\t\t<\/div>\n\t\t\t\t\t<\/div>\n\n\t\n\n\t<div id=\"col-1563502509\" class=\"col medium-6 small-12 large-6\"  >\n\t\t\t\t<div class=\"col-inner text-center\"  >\n\t\t\t\n\t\t\t\n\n<p><strong>Wir machen Ihr Auto smart. Und zum mobilen Wohnzimmer oder B\u00fcro. Und wir machen Autofahren sicherer.<\/strong><\/p>\n<div class=\"container section-title-container\" style=\"margin-bottom:15px;\"><h1 class=\"section-title section-title-center\"><b><\/b><span class=\"section-title-main\" >Wir erm\u00f6glichen die Mobilit\u00e4t von morgen:<\/span><b><\/b><\/h1><\/div>\n\n<p>Unser Fokus liegt im Zukunftsmarkt Daten\u00fcbertragung im Fahrzeug. Die schnelle, sichere und zuverl\u00e4ssige \u00dcbertragung von Daten im Fahrzeug ist unsere Kernkompetenz.<\/p>\n\n\t\t<\/div>\n\t\t\t\t\n<style>\n#col-1563502509 > .col-inner {\n  padding: 30px 30px 30px 30px;\n}\n@media (min-width:550px) {\n  #col-1563502509 > .col-inner {\n    padding: 60px 60px 60px 60px;\n  }\n}\n<\/style>\n\t<\/div>\n\n\t\n\n\n<style>\n#row-358962178 > .col > .col-inner {\n  background-color: rgb(255, 255, 255);\n}\n<\/style>\n<\/div>\n\n\t\t<\/div>\n\n\t\t\n<style>\n#section_733153886 {\n  padding-top: 0px;\n  padding-bottom: 0px;\n  background-color: rgb(255,255,255);\n}\n<\/style>\n\t<\/section>\n\t\n\n\t<section class=\"section\" id=\"section_584867025\">\n\t\t<div class=\"section-bg fill\" >\n\t\t\t\t\t\t\t\t\t\n\t\t\t\n\n\t\t<\/div>\n\n\t\t\n\n\t\t<div class=\"section-content relative\">\n\t\t\t\n\n<div class=\"row row-collapse row-full-width align-middle\"  id=\"row-1744810230\">\n\n\n\t<div id=\"col-390366514\" class=\"col medium-6 small-12 large-6\"  >\n\t\t\t\t<div class=\"col-inner text-center\"  >\n\t\t\t\n\t\t\t\n\n<div class=\"container section-title-container\" style=\"margin-bottom:15px;\"><h2 class=\"section-title section-title-center\"><b><\/b><span class=\"section-title-main\" >Daten sind das neue Benzin<\/span><b><\/b><\/h2><\/div>\n\n<p>Der Megatrend <a href=\"https:\/\/www.md-elektronik.com\/de\/c-a-s-e\/\">C.A.S.E<\/a>. beschreibt die vier wesentlichen Zukunftsthemen der Automobilindustrie: Connected, Autonomous, Shared &amp; Service und Electric. Daten spielen dabei eine zentrale Rolle und treiben die Zukunft der Automobilindustrie an. Daten werden erzeugt, \u00fcbertragen, fusioniert und ausgewertet. Wir sind Experten in der \u00dcbertragung der stark steigenden Datenmengen und haben die neuesten technologischen L\u00f6sungen f\u00fcr dieses Zukunftsthema entwickelt.<\/p>\n<p><strong>Sie ben\u00f6tigen eine L\u00f6sung f\u00fcr Daten\u00fcbertragung im Fahrzeug? Melden Sie sich bei uns! <br \/><\/strong><\/p>\n<a href=\"mailto:sales@md-elektronik.com\" class=\"button primary is-outline\"  style=\"border-radius:99px;\">\n\t\t<span>Kontaktieren Sie uns<\/span>\n\t<i class=\"icon-angle-right\" aria-hidden=\"true\" ><\/i><\/a>\n\n\n\n\t\t<\/div>\n\t\t\t\t\n<style>\n#col-390366514 > .col-inner {\n  padding: 30px 30px 30px 30px;\n}\n@media (min-width:550px) {\n  #col-390366514 > .col-inner {\n    padding: 60px 60px 60px 60px;\n  }\n}\n<\/style>\n\t<\/div>\n\n\t\n\n\t<div id=\"col-1722558430\" class=\"col hide-for-small medium-6 small-12 large-6 small-col-first\"  data-animate=\"fadeInUp\">\n\t\t\t\t<div class=\"col-inner text-center\"  >\n\t\t\t\n\t\t\t\n\n<iframe style=\"margin-bottom:-7px\"; src=\"https:\/\/player.vimeo.com\/video\/486782877?h=448c5bb3ce&amp;badge=0&amp;autopause=0&amp;player_id=0&amp;app_id=58479&amp;background=1&amp;dnt=1\" width=\"960\" height=\"540\" frameborder=\"0\" allow=\"autoplay; fullscreen\" allowfullscreen><\/iframe>\n\n\n\t\t<\/div>\n\t\t\t\t\t<\/div>\n\n\t\n\n\t<div id=\"col-752806957\" class=\"col show-for-small medium-6 small-12 large-6 small-col-first\"  data-animate=\"fadeInUp\">\n\t\t\t\t<div class=\"col-inner\"  >\n\t\t\t\n\t\t\t\n\n<iframe style=\"margin-bottom:-7px\"; src=\"https:\/\/player.vimeo.com\/video\/486782877?h=448c5bb3ce&amp;badge=0&amp;autopause=0&amp;player_id=0&amp;app_id=58479&amp;background=1&amp;dnt=1\" width=\"100%\" height=\"200\" frameborder=\"0\" allow=\"autoplay; fullscreen\" allowfullscreen><\/iframe>\n\n\n\t\t<\/div>\n\t\t\t\t\t<\/div>\n\n\t\n\n\n<style>\n#row-1744810230 > .col > .col-inner {\n  background-color: rgb(255, 255, 255);\n}\n<\/style>\n<\/div>\n\n\t\t<\/div>\n\n\t\t\n<style>\n#section_584867025 {\n  padding-top: 0px;\n  padding-bottom: 0px;\n  background-color: rgb(255,255,255);\n}\n<\/style>\n\t<\/section>\n\t\n\n\t<section class=\"section\" id=\"section_192153035\">\n\t\t<div class=\"section-bg fill\" >\n\t\t\t\t\t\t\t\t\t\n\t\t\t\n\n\t\t<\/div>\n\n\t\t\n\n\t\t<div class=\"section-content relative\">\n\t\t\t\n\n<div class=\"row row-collapse align-middle align-center\"  id=\"row-469866655\">\n\n\n\t<div id=\"col-1594316754\" class=\"col small-12 large-12\"  >\n\t\t\t\t<div class=\"col-inner text-center\"  >\n\t\t\t\n\t\t\t\n\n<h2>Ihr Fahrzeug soll Teil der digitalen <br \/>und vernetzten Welt werden?<\/h2>\n<p>Sie besch\u00e4ftigen sich mit 5G, <a href=\"https:\/\/www.md-elektronik.com\/de\/automotive-ethernet\/\">Automotive Ethernet<\/a>, Infotainment &amp; Connectivity als Bestandteil Ihres Bordnetzes? Ihr Fahrzeug soll die Au\u00dfenwelt mittels <a href=\"https:\/\/www.md-elektronik.com\/de\/sensorik\/\">Sensorik<\/a> immer genauestens im Blick haben? Sie wollen <a href=\"https:\/\/www.md-elektronik.com\/de\/autonomes-fahren\/\">autonomes Fahren<\/a> zur Realit\u00e4t machen? Diese Trends haben eines gemeinsam: Sie fordern innovative L\u00f6sungen zur \u00dcbertragung enorm gro\u00dfer Datenmengen in Echtzeit. Genau hier kommen wir ins Spiel:<\/p>\n<p><strong>Wir beherrschen die <a href=\"https:\/\/www.md-elektronik.com\/de\/kabelkonfektion\/\">Kabelkonfektion<\/a> der Zukunft \u2013<\/strong><\/p>\n<p><strong>und produzieren hochautomatisiert, flexibel und prozess\u00fcberwacht in Nordamerika, Europa und APAC.<\/strong><\/p>\n\n\t\t<\/div>\n\t\t\t\t\n<style>\n#col-1594316754 > .col-inner {\n  padding: 30px 30px 30px 30px;\n}\n@media (min-width:550px) {\n  #col-1594316754 > .col-inner {\n    padding: 60px 60px 60px 60px;\n  }\n}\n<\/style>\n\t<\/div>\n\n\t\n\n<\/div>\n\n\t\t<\/div>\n\n\t\t\n<style>\n#section_192153035 {\n  padding-top: 30px;\n  padding-bottom: 30px;\n  background-color: rgb(245, 245, 247);\n}\n<\/style>\n\t<\/section>\n\t\n\n\t<section class=\"section mb-20\" id=\"section_1162842852\">\n\t\t<div class=\"section-bg fill\" >\n\t\t\t\t\t\t\t\t\t\n\t\t\t\n\n\t\t<\/div>\n\n\t\t\n\n\t\t<div class=\"section-content relative\">\n\t\t\t\n\n<div class=\"row row-collapse align-middle bg-white\"  id=\"row-1257284985\">\n\n\n\t<div id=\"col-836895560\" class=\"col medium-6 small-12 large-6\"  data-animate=\"fadeInUp\">\n\t\t\t\t<div class=\"col-inner\"  >\n\t\t\t\n\t\t\t\n\n\t<div class=\"img has-hover x md-x lg-x y md-y lg-y\" id=\"image_1795503347\">\n\t\t\t\t\t\t\t\t<div class=\"img-inner image-zoom image-cover dark\" style=\"padding-top:100%;\">\n\t\t\t<img decoding=\"async\" width=\"1020\" height=\"680\" src=\"https:\/\/www.md-elektronik.com\/wp-content\/uploads\/2021\/03\/Startseite_Impulse-aus-erster-Hand-1024x683.jpg\" class=\"attachment-large size-large\" alt=\"\" srcset=\"https:\/\/www.md-elektronik.com\/wp-content\/uploads\/2021\/03\/Startseite_Impulse-aus-erster-Hand-1024x683.jpg 1024w, https:\/\/www.md-elektronik.com\/wp-content\/uploads\/2021\/03\/Startseite_Impulse-aus-erster-Hand-300x200.jpg 300w, https:\/\/www.md-elektronik.com\/wp-content\/uploads\/2021\/03\/Startseite_Impulse-aus-erster-Hand-768x512.jpg 768w, https:\/\/www.md-elektronik.com\/wp-content\/uploads\/2021\/03\/Startseite_Impulse-aus-erster-Hand.jpg 1440w\" sizes=\"(max-width: 1020px) 100vw, 1020px\" \/>\t\t\t\t\t\t\n\t\t\t\t\t<\/div>\n\t\t\t\t\t\t\t\t\n<style>\n#image_1795503347 {\n  width: 100%;\n}\n<\/style>\n\t<\/div>\n\t\n\n\n\t\t<\/div>\n\t\t\t\t\t<\/div>\n\n\t\n\n\t<div id=\"col-129008639\" class=\"col medium-6 small-12 large-6\"  >\n\t\t\t\t<div class=\"col-inner text-center\"  >\n\t\t\t\n\t\t\t\n\n<div class=\"container section-title-container\" style=\"margin-bottom:15px;\"><h2 class=\"section-title section-title-center\"><b><\/b><span class=\"section-title-main\" >Impulse aus erster Hand<\/span><b><\/b><\/h2><\/div>\n\n<p>Wir kennen Ihre Bed\u00fcrfnisse bereits, bevor Sie diese formulieren. Um technische Trends fr\u00fchzeitig aufzugreifen und als erstes Unternehmen die passenden L\u00f6sungen f\u00fcr Sie entwickeln zu k\u00f6nnen, pflegen wir einen sehr engen Kontakt zu den OEMs &amp; Halbleiterherstellern.<\/p>\n<p>Nur so k\u00f6nnen wir bereits heute wissen und verstehen, was das Auto der Zukunft technisch ben\u00f6tigt \u2013 und realisieren dies f\u00fcr Sie.<\/p>\n<p><strong>Sie m\u00f6chten neue Impulse setzen? Dann kontaktieren Sie uns! <\/strong><\/p>\n<a href=\"mailto:sales@md-elektronik.com\" class=\"button primary is-outline\"  style=\"border-radius:99px;\">\n\t\t<span>Kontaktieren Sie uns<\/span>\n\t<i class=\"icon-angle-right\" aria-hidden=\"true\" ><\/i><\/a>\n\n\n\n\t\t<\/div>\n\t\t\t\t\n<style>\n#col-129008639 > .col-inner {\n  padding: 30px 30px 30px 30px;\n}\n@media (min-width:550px) {\n  #col-129008639 > .col-inner {\n    padding: 60px 60px 60px 60px;\n  }\n}\n<\/style>\n\t<\/div>\n\n\t\n\n\n<style>\n#row-1257284985 > .col > .col-inner {\n  background-color: rgb(255, 255, 255);\n}\n<\/style>\n<\/div>\n\n\t\t<\/div>\n\n\t\t\n<style>\n#section_1162842852 {\n  padding-top: 0px;\n  padding-bottom: 0px;\n  background-color: #f5f5f7;\n}\n<\/style>\n\t<\/section>\n\t\n\n\t<section class=\"section mb-20\" id=\"section_1623691666\">\n\t\t<div class=\"section-bg fill\" >\n\t\t\t\t\t\t\t\t\t\n\t\t\t\n\n\t\t<\/div>\n\n\t\t\n\n\t\t<div class=\"section-content relative\">\n\t\t\t\n\n<div class=\"row row-collapse row-full-width align-middle bg-white\"  id=\"row-1775829988\">\n\n\n\t<div id=\"col-1144566313\" class=\"col medium-6 small-12 large-6\"  >\n\t\t\t\t<div class=\"col-inner text-center\" style=\"background-color:rgb(255,255,255);\" >\n\t\t\t\n\t\t\t\n\n<div class=\"container section-title-container\" style=\"margin-bottom:15px;\"><h2 class=\"section-title section-title-center\"><b><\/b><span class=\"section-title-main\" >Ma\u00dfgeschneiderte L\u00f6sungen<\/span><b><\/b><\/h2><\/div>\n\n<p>Als Experte und Probleml\u00f6ser helfen wir Ihnen, die idealen L\u00f6sungen f\u00fcr Ihre Anforderungen zu finden. Sollte es Ihr Wunschprodukt noch nicht geben, kreieren wir es. Wir fertigen Sonderausf\u00fchrungen und auf Sie zugeschnittene Produktvarianten. So liefern wir j\u00e4hrlich etwa 20.000 verschiedene Artikel nach exakter Kundenvorgabe.<\/p>\n<p><strong>Sie suchen nach der richtigen L\u00f6sung f\u00fcr Ihre Anwendung? Wir designen und produzieren diese exakt zugeschnitten auf Ihre Bed\u00fcrfnisse. <br \/><\/strong><\/p>\n\n\t\t<\/div>\n\t\t\t\t\n<style>\n#col-1144566313 > .col-inner {\n  padding: 30px 30px 30px 30px;\n}\n@media (min-width:550px) {\n  #col-1144566313 > .col-inner {\n    padding: 60px 60px 60px 60px;\n  }\n}\n<\/style>\n\t<\/div>\n\n\t\n\n\t<div id=\"col-1593079506\" class=\"col medium-6 small-12 large-6 small-col-first\"  data-animate=\"fadeInUp\">\n\t\t\t\t<div class=\"col-inner\"  >\n\t\t\t\n\t\t\t\n\n\t<div class=\"img has-hover x md-x lg-x y md-y lg-y\" id=\"image_2115808430\">\n\t\t\t\t\t\t\t\t<div class=\"img-inner image-cover dark\" style=\"padding-top:65%;\">\n\t\t\t<img decoding=\"async\" width=\"1020\" height=\"680\" src=\"https:\/\/www.md-elektronik.com\/wp-content\/uploads\/2024\/07\/DSC02623-2023-high-1024x683.jpg\" class=\"attachment-large size-large\" alt=\"\" srcset=\"https:\/\/www.md-elektronik.com\/wp-content\/uploads\/2024\/07\/DSC02623-2023-high-1024x683.jpg 1024w, https:\/\/www.md-elektronik.com\/wp-content\/uploads\/2024\/07\/DSC02623-2023-high-300x200.jpg 300w, https:\/\/www.md-elektronik.com\/wp-content\/uploads\/2024\/07\/DSC02623-2023-high-768x512.jpg 768w, https:\/\/www.md-elektronik.com\/wp-content\/uploads\/2024\/07\/DSC02623-2023-high-1536x1024.jpg 1536w, https:\/\/www.md-elektronik.com\/wp-content\/uploads\/2024\/07\/DSC02623-2023-high-2048x1366.jpg 2048w\" sizes=\"(max-width: 1020px) 100vw, 1020px\" \/>\t\t\t\t\t\t\n\t\t\t\t\t<\/div>\n\t\t\t\t\t\t\t\t\n<style>\n#image_2115808430 {\n  width: 100%;\n}\n<\/style>\n\t<\/div>\n\t\n\n\n\t\t<\/div>\n\t\t\t\t\t<\/div>\n\n\t\n\n\n<style>\n#row-1775829988 > .col > .col-inner {\n  background-color: rgb(255,255,255);\n}\n<\/style>\n<\/div>\n\n\t\t<\/div>\n\n\t\t\n<style>\n#section_1623691666 {\n  padding-top: 0px;\n  padding-bottom: 0px;\n  background-color: #f5f5f7;\n}\n<\/style>\n\t<\/section>\n\t\n\n\t<section class=\"section mb-20\" id=\"section_561771306\">\n\t\t<div class=\"section-bg fill\" >\n\t\t\t\t\t\t\t\t\t\n\t\t\t\n\n\t\t<\/div>\n\n\t\t\n\n\t\t<div class=\"section-content relative\">\n\t\t\t\n\n<div class=\"row row-collapse row-full-width align-middle bg-white\"  id=\"row-690497653\">\n\n\n\t<div id=\"col-1466158875\" class=\"col medium-6 small-12 large-6\"  data-animate=\"fadeInUp\">\n\t\t\t\t<div class=\"col-inner text-center\"  >\n\t\t\t\n\t\t\t\n\n\t<div class=\"img has-hover x md-x lg-x y md-y lg-y\" id=\"image_1232062213\">\n\t\t\t\t\t\t\t\t<div class=\"img-inner image-cover dark\" style=\"padding-top:65%;margin:39px 0px 0px 0px;\">\n\t\t\t<img decoding=\"async\" width=\"2000\" height=\"2000\" src=\"https:\/\/www.md-elektronik.com\/wp-content\/uploads\/2024\/07\/Globus_Verbindungen_illustriert_-DINA2-HQ-005-2.jpg\" class=\"attachment-original size-original\" alt=\"\" srcset=\"https:\/\/www.md-elektronik.com\/wp-content\/uploads\/2024\/07\/Globus_Verbindungen_illustriert_-DINA2-HQ-005-2.jpg 2000w, https:\/\/www.md-elektronik.com\/wp-content\/uploads\/2024\/07\/Globus_Verbindungen_illustriert_-DINA2-HQ-005-2-300x300.jpg 300w, https:\/\/www.md-elektronik.com\/wp-content\/uploads\/2024\/07\/Globus_Verbindungen_illustriert_-DINA2-HQ-005-2-1024x1024.jpg 1024w, https:\/\/www.md-elektronik.com\/wp-content\/uploads\/2024\/07\/Globus_Verbindungen_illustriert_-DINA2-HQ-005-2-150x150.jpg 150w, https:\/\/www.md-elektronik.com\/wp-content\/uploads\/2024\/07\/Globus_Verbindungen_illustriert_-DINA2-HQ-005-2-768x768.jpg 768w, https:\/\/www.md-elektronik.com\/wp-content\/uploads\/2024\/07\/Globus_Verbindungen_illustriert_-DINA2-HQ-005-2-1536x1536.jpg 1536w\" sizes=\"(max-width: 2000px) 100vw, 2000px\" \/>\t\t\t\t\t\t\n\t\t\t\t\t<\/div>\n\t\t\t\t\t\t\t\t\n<style>\n#image_1232062213 {\n  width: 100%;\n}\n<\/style>\n\t<\/div>\n\t\n\n\n\t\t<\/div>\n\t\t\t\t\t<\/div>\n\n\t\n\n\t<div id=\"col-1982662496\" class=\"col medium-6 small-12 large-6\"  >\n\t\t\t\t<div class=\"col-inner text-center\"  >\n\t\t\t\n\t\t\t\n\n<div class=\"container section-title-container\" style=\"margin-bottom:15px;\"><h2 class=\"section-title section-title-center\"><b><\/b><span class=\"section-title-main\" >Beste Qualit\u00e4t f\u00fcr das Fahren der Zukunft<\/span><b><\/b><\/h2><\/div>\n\n<p>Mit 400.000 km verbautem Kabel umrunden wir j\u00e4hrlich 10mal den \u00c4quator und lernen bei jedem Meter dazu. Inzwischen profitieren wir von mehr als 25 Jahren Erfahrung in der Automobilindustrie und verf\u00fcgen \u00fcber ein umfassendes Know-how in diesem Sektor.<\/p>\n<p>Um unserem eigenen Qualit\u00e4tsanspruch gerecht zu werden, haben wir mit diesem Wissen ein akkreditiertes Pr\u00fcflabor eingerichtet, wo wir unsere Produkte in der Performance messen und immer weiter verbessern k\u00f6nnen.<\/p>\n<p><strong>Sie m\u00f6chten sich von der Qualit\u00e4t unserer Produkte selbst \u00fcberzeugen? Dann kontaktieren Sie uns! <br \/><\/strong><\/p>\n<a href=\"mailto:sales@md-elektronik.com\" class=\"button primary is-outline\"  style=\"border-radius:99px;\">\n\t\t<span>Kontaktieren Sie uns<\/span>\n\t<i class=\"icon-angle-right\" aria-hidden=\"true\" ><\/i><\/a>\n\n\n\n\t\t<\/div>\n\t\t\t\t\n<style>\n#col-1982662496 > .col-inner {\n  padding: 30px 30px 30px 30px;\n}\n@media (min-width:550px) {\n  #col-1982662496 > .col-inner {\n    padding: 120px 60px 60px 60px;\n  }\n}\n<\/style>\n\t<\/div>\n\n\t\n\n\n<style>\n#row-690497653 > .col > .col-inner {\n  background-color: rgb(255, 255, 255);\n}\n<\/style>\n<\/div>\n\n\t\t<\/div>\n\n\t\t\n<style>\n#section_561771306 {\n  padding-top: 0px;\n  padding-bottom: 0px;\n  background-color: rgb(245, 245, 247);\n}\n<\/style>\n\t<\/section>\n\t\n\n\t<section class=\"section mb-20\" id=\"section_91331558\">\n\t\t<div class=\"section-bg fill\" >\n\t\t\t\t\t\t\t\t\t\n\t\t\t\n\n\t\t<\/div>\n\n\t\t\n\n\t\t<div class=\"section-content relative\">\n\t\t\t\n\n<div class=\"row row-collapse row-full-width align-middle bg-white\"  id=\"row-100578041\">\n\n\n\t<div id=\"col-1938741545\" class=\"col medium-6 small-12 large-6\"  >\n\t\t\t\t<div class=\"col-inner text-center\"  >\n\t\t\t\n\t\t\t\n\n<div class=\"container section-title-container\" style=\"margin-bottom:15px;\"><h2 class=\"section-title section-title-center\"><b><\/b><span class=\"section-title-main\" >Schnell und sicher versorgt<\/span><b><\/b><\/h2><\/div>\n\n<p>Wir legen gr\u00f6\u00dften Wert darauf, die Erwartungen, die wir bei Ihnen geweckt haben, zu 100 % zu erf\u00fcllen. Unser Credo: das p\u00fcnktliche Ausliefern von voll funktionsf\u00e4higen Produkten. Die kurzen Versorgungswege aufgrund unseres globalen Footprint sind die ideale Basis f\u00fcr ein H\u00f6chstma\u00df an Flexibilit\u00e4t.<\/p>\n<p>So k\u00f6nnen wir im Notfall innerhalb von 10 bis 14 Tagen nach Auftragseingang liefern. Im Extremfall auch \u00fcber Nacht.*<\/p>\n<p><strong>Von der kurzfristigen Alternative im Lieferengpass bis hin zur Serienbelieferung globaler Plattformen \u2013 Sie k\u00f6nnen auf uns z\u00e4hlen. \u00dcberzeugen Sie sich selbst! <\/strong><\/p>\n<p><span style=\"font-size: 75%;\">*abh\u00e4ngig von der Verf\u00fcgbarkeit von Rohmaterial und Kapazit\u00e4ten<\/span><\/p>\n<a href=\"mailto:sales@md-elektronik.com\" class=\"button primary is-outline\"  style=\"border-radius:99px;\">\n\t\t<span>Kontaktieren Sie uns<\/span>\n\t<i class=\"icon-angle-right\" aria-hidden=\"true\" ><\/i><\/a>\n\n\n\n\t\t<\/div>\n\t\t\t\t\n<style>\n#col-1938741545 > .col-inner {\n  padding: 30px 30px 30px 30px;\n}\n@media (min-width:550px) {\n  #col-1938741545 > .col-inner {\n    padding: 120px 60px 60px 60px;\n  }\n}\n<\/style>\n\t<\/div>\n\n\t\n\n\t<div id=\"col-1360970365\" class=\"col medium-6 small-12 large-6 small-col-first\"  data-animate=\"fadeInUp\">\n\t\t\t\t<div class=\"col-inner text-center\"  >\n\t\t\t\n\t\t\t\n\n\t<div class=\"img has-hover x md-x lg-x y md-y lg-y\" id=\"image_1273904012\">\n\t\t\t\t\t\t\t\t<div class=\"img-inner image-cover dark\" style=\"padding-top:65%;margin:0px 0px 0px 0px;\">\n\t\t\t<img decoding=\"async\" width=\"1440\" height=\"900\" src=\"https:\/\/www.md-elektronik.com\/wp-content\/uploads\/2021\/03\/Startseite_Schnell-und-sicher-versorgt.png\" class=\"attachment-original size-original\" alt=\"\" srcset=\"https:\/\/www.md-elektronik.com\/wp-content\/uploads\/2021\/03\/Startseite_Schnell-und-sicher-versorgt.png 1440w, https:\/\/www.md-elektronik.com\/wp-content\/uploads\/2021\/03\/Startseite_Schnell-und-sicher-versorgt-300x188.png 300w, https:\/\/www.md-elektronik.com\/wp-content\/uploads\/2021\/03\/Startseite_Schnell-und-sicher-versorgt-1024x640.png 1024w, https:\/\/www.md-elektronik.com\/wp-content\/uploads\/2021\/03\/Startseite_Schnell-und-sicher-versorgt-768x480.png 768w\" sizes=\"(max-width: 1440px) 100vw, 1440px\" \/>\t\t\t\t\t\t\n\t\t\t\t\t<\/div>\n\t\t\t\t\t\t\t\t\n<style>\n#image_1273904012 {\n  width: 100%;\n}\n<\/style>\n\t<\/div>\n\t\n\n\n\t\t<\/div>\n\t\t\t\t\t<\/div>\n\n\t\n\n\n<style>\n#row-100578041 > .col > .col-inner {\n  background-color: rgb(255, 255, 255);\n}\n<\/style>\n<\/div>\n\n\t\t<\/div>\n\n\t\t\n<style>\n#section_91331558 {\n  padding-top: 0px;\n  padding-bottom: 0px;\n  background-color: rgb(245, 245, 247);\n}\n<\/style>\n\t<\/section>\n\t\n\n","protected":false},"excerpt":{"rendered":"","protected":false},"author":1,"featured_media":0,"parent":0,"menu_order":0,"comment_status":"closed","ping_status":"closed","template":"page-blank.php","meta":{"footnotes":""},"class_list":["post-6259","page","type-page","status-publish","hentry"],"_links":{"self":[{"href":"https:\/\/www.md-elektronik.com\/de\/wp-json\/wp\/v2\/pages\/6259","targetHints":{"allow":["GET"]}}],"collection":[{"href":"https:\/\/www.md-elektronik.com\/de\/wp-json\/wp\/v2\/pages"}],"about":[{"href":"https:\/\/www.md-elektronik.com\/de\/wp-json\/wp\/v2\/types\/page"}],"author":[{"embeddable":true,"href":"https:\/\/www.md-elektronik.com\/de\/wp-json\/wp\/v2\/users\/1"}],"replies":[{"embeddable":true,"href":"https:\/\/www.md-elektronik.com\/de\/wp-json\/wp\/v2\/comments?post=6259"}],"version-history":[{"count":23,"href":"https:\/\/www.md-elektronik.com\/de\/wp-json\/wp\/v2\/pages\/6259\/revisions"}],"predecessor-version":[{"id":24044,"href":"https:\/\/www.md-elektronik.com\/de\/wp-json\/wp\/v2\/pages\/6259\/revisions\/24044"}],"wp:attachment":[{"href":"https:\/\/www.md-elektronik.com\/de\/wp-json\/wp\/v2\/media?parent=6259"}],"curies":[{"name":"wp","href":"https:\/\/api.w.org\/{rel}","templated":true}]}}