{"id":656,"date":"2019-07-09T10:11:44","date_gmt":"2019-07-09T08:11:44","guid":{"rendered":"https:\/\/www.md-elektronik.de\/?page_id=656"},"modified":"2025-06-18T16:01:01","modified_gmt":"2025-06-18T14:01:01","slug":"impressum","status":"publish","type":"page","link":"https:\/\/www.md-elektronik.com\/de\/impressum\/","title":{"rendered":"Impressum"},"content":{"rendered":"\n<div class=\"row\"  id=\"row-662526615\">\n\n\n\t<div id=\"col-586940003\" class=\"col small-12 large-12\"  >\n\t\t\t\t<div class=\"col-inner\"  >\n\t\t\t\n\t\t\t\n\n<h1>Impressum<\/h1>\n<p><strong>Firmenadresse<\/strong><br \/>MD ELEKTRONIK GmbH<br \/>Neutraublinger Stra\u00dfe 4<br \/>84478 Waldkraiburg<br \/>Deutschland<\/p>\n<p>t.: +49 8638 \/ 604 &#8211; 0<br \/>f.: +49 8638 \/ 604 &#8211; 169<\/p>\n<p>e.: info@md-elektronik.com<\/p>\n<p>Internet: <a  href=\"http:\/\/www.md-elektronik.de\"  target=\"_blank\" rel=\"noopener noreferrer\" dpc-external=\"true\"  target=\"_blank\"  rel=\"nofollow\" >https:\/\/www.md-elektronik.com<\/a><\/p>\n<p><strong>Gesch\u00e4ftsf\u00fchrung<\/strong><br \/>Robert Hofmann<br \/>Ctibor \u017di\u017eka<br \/>Ralf Eckert<br \/>Matthias Borkowski<\/p>\n<p><strong>Umsatzsteuer-Identifikationsnummer<\/strong><br \/>DE 129 263 719<\/p>\n<p><strong>Registergericht<\/strong><br \/>Traunstein HRB 1514<\/p>\n<p>Alle Inhalte dieser Website wurden mit gr\u00f6\u00dftm\u00f6glicher Sorgfalt zusammengestellt. Dennoch kann die MD ELEKTRONIK GmbH f\u00fcr die Fehlerfreiheit, Richtigkeit und Genauigkeit aller enthaltenen Informationen und Inhalte nicht garantieren. Eine Gew\u00e4hrleistung und\/oder Haftung ist ausgeschlossen.<\/p>\n<p>Alle Rechte vorbehalten.<\/p>\n<p><a href=\"mailto:incident@md-elektronik.de\">Whistleblowing: Wenn Sie einen Hinweis auf einen kritischen Vorfall abgeben m\u00f6chten, wenden Sie sich bitte elektronisch an incident@md-elektronik.de oder per Post, als \u201evertraulich\u201c gekennzeichnet, an MD ELEKTRONIK GmbH, Legal &amp; Risk, Postfach 13 53, D-84466 Waldkraiburg. Alternativ k\u00f6nnen Sie auch unter der Rufnummer +49 8638 \/ 604 -324 eine Sprachnachricht hinterlassen. Ihr Hinweis wird vertraulich behandelt.<\/a><\/p>\n\n\t\t<\/div>\n\t\t\t\t\t<\/div>\n\n\t\n\n<\/div>\n\n","protected":false},"excerpt":{"rendered":"","protected":false},"author":2,"featured_media":0,"parent":0,"menu_order":200,"comment_status":"closed","ping_status":"closed","template":"","meta":{"footnotes":""},"class_list":["post-656","page","type-page","status-publish","hentry"],"_links":{"self":[{"href":"https:\/\/www.md-elektronik.com\/de\/wp-json\/wp\/v2\/pages\/656","targetHints":{"allow":["GET"]}}],"collection":[{"href":"https:\/\/www.md-elektronik.com\/de\/wp-json\/wp\/v2\/pages"}],"about":[{"href":"https:\/\/www.md-elektronik.com\/de\/wp-json\/wp\/v2\/types\/page"}],"author":[{"embeddable":true,"href":"https:\/\/www.md-elektronik.com\/de\/wp-json\/wp\/v2\/users\/2"}],"replies":[{"embeddable":true,"href":"https:\/\/www.md-elektronik.com\/de\/wp-json\/wp\/v2\/comments?post=656"}],"version-history":[{"count":13,"href":"https:\/\/www.md-elektronik.com\/de\/wp-json\/wp\/v2\/pages\/656\/revisions"}],"predecessor-version":[{"id":23100,"href":"https:\/\/www.md-elektronik.com\/de\/wp-json\/wp\/v2\/pages\/656\/revisions\/23100"}],"wp:attachment":[{"href":"https:\/\/www.md-elektronik.com\/de\/wp-json\/wp\/v2\/media?parent=656"}],"curies":[{"name":"wp","href":"https:\/\/api.w.org\/{rel}","templated":true}]}}