{"id":6863,"date":"2021-07-01T10:12:00","date_gmt":"2021-07-01T08:12:00","guid":{"rendered":"https:\/\/www.md-elektronik.com\/?page_id=6863"},"modified":"2023-05-08T10:37:31","modified_gmt":"2023-05-08T08:37:31","slug":"prueflabor","status":"publish","type":"page","link":"https:\/\/www.md-elektronik.com\/de\/prueflabor\/","title":{"rendered":"Pr\u00fcflabor"},"content":{"rendered":"\n\n\t<section class=\"section\" id=\"section_1112139918\">\n\t\t<div class=\"section-bg fill\" >\n\t\t\t\t\t\t\t\t\t\n\t\t\t\n\n\t\t<\/div>\n\n\t\t\n\n\t\t<div class=\"section-content relative\">\n\t\t\t\n\n<div class=\"row row-collapse row-full-width align-middle\"  id=\"row-1795302428\">\n\n\n\t<div id=\"col-1616342002\" class=\"col hide-for-small medium-6 small-12 large-6\"  data-animate=\"fadeInUp\">\n\t\t\t\t<div class=\"col-inner\"  >\n\t\t\t\n\t\t\t\n\n\t<div class=\"img has-hover x md-x lg-x y md-y lg-y\" id=\"image_191278302\">\n\t\t\t\t\t\t\t\t<div class=\"img-inner image-zoom image-cover dark\" style=\"padding-top:65%;\">\n\t\t\t<img decoding=\"async\" width=\"1024\" height=\"683\" src=\"https:\/\/www.md-elektronik.com\/wp-content\/uploads\/2021\/07\/Optische-Analytik_Roentgen.jpg\" class=\"attachment-original size-original\" alt=\"\" srcset=\"https:\/\/www.md-elektronik.com\/wp-content\/uploads\/2021\/07\/Optische-Analytik_Roentgen.jpg 1024w, https:\/\/www.md-elektronik.com\/wp-content\/uploads\/2021\/07\/Optische-Analytik_Roentgen-300x200.jpg 300w, https:\/\/www.md-elektronik.com\/wp-content\/uploads\/2021\/07\/Optische-Analytik_Roentgen-768x512.jpg 768w\" sizes=\"(max-width: 1024px) 100vw, 1024px\" \/>\t\t\t\t\t\t\n\t\t\t\t\t<\/div>\n\t\t\t\t\t\t\t\t\n<style>\n#image_191278302 {\n  width: 100%;\n}\n<\/style>\n\t<\/div>\n\t\n\n\n\t\t<\/div>\n\t\t\t\t\t<\/div>\n\n\t\n\n\t<div id=\"col-1685491235\" class=\"col medium-6 small-12 large-6\"  >\n\t\t\t\t<div class=\"col-inner text-center\"  >\n\t\t\t\n\t\t\t\n\n<h1>Ihr akkreditiertes Pr\u00fcflabor f\u00fcr die Automobilindustrie<\/h1>\n<p>Sie produzieren Infotainment-Produkte f\u00fcr die Automobilindustrie und haben Bedarf an Laborpr\u00fcfungen? Sie wollen ein neues Produkt auf den Markt bringen und ben\u00f6tigen ein akkreditiertes Pr\u00fcfzertifikat? Sie ben\u00f6tigen Analysen von elektrischen Leitungen und Kabeln? Ihre elektrischen Bauteile sollen in einer Umweltsimulation gepr\u00fcft werden? Sie haben elektrotechnische Pr\u00fcfanforderungen und ben\u00f6tigen Beratung?<\/p>\n<p><strong>Dann sind Sie bei unserem akkreditierten Pr\u00fcflabor genau richtig!<\/strong><\/p>\n\n\t\t<\/div>\n\t\t\t\t\n<style>\n#col-1685491235 > .col-inner {\n  padding: 30px 30px 30px 30px;\n}\n@media (min-width:550px) {\n  #col-1685491235 > .col-inner {\n    padding: 60px 60px 60px 60px;\n  }\n}\n<\/style>\n\t<\/div>\n\n\t\n\n\n<style>\n#row-1795302428 > .col > .col-inner {\n  background-color: rgb(255, 255, 255);\n}\n<\/style>\n<\/div>\n\n\t\t<\/div>\n\n\t\t\n<style>\n#section_1112139918 {\n  padding-top: 0px;\n  padding-bottom: 0px;\n  background-color: rgb(255,255,255);\n}\n<\/style>\n\t<\/section>\n\t\n\n\t<section class=\"section mb-20 mt-20\" id=\"section_2098610455\">\n\t\t<div class=\"section-bg fill\" >\n\t\t\t\t\t\t\t\t\t\n\t\t\t\n\n\t\t<\/div>\n\n\t\t\n\n\t\t<div class=\"section-content relative\">\n\t\t\t\n\n<div class=\"row row-collapse align-middle\"  id=\"row-103594376\">\n\n\n\t<div id=\"col-1880332396\" class=\"col small-12 large-12\"  >\n\t\t\t\t<div class=\"col-inner text-center\"  >\n\t\t\t\n\t\t\t\n\n<p>Wir sind Ihr unabh\u00e4ngiger Partner in der Pr\u00fcfung von Hochfrequenzleitungen f\u00fcr die Automobilindustrie. Ein Team aus 20 Pr\u00fcfingenieuren mit mehr als 20 Jahren Erfahrung realisiert Ihre individuelle Pr\u00fcfung mit einem H\u00f6chstma\u00df an Flexibilit\u00e4t.<\/p>\n<p>Unser Dienstleistungsspektrum reicht von<\/p>\n<p><em>Produktabsicherungen \u00fcber<br \/><\/em><em>entwicklungsbegleitende Pr\u00fcfungen,<br \/><\/em><em>Grundlagenuntersuchungen,<br \/><\/em><em>Lebensdauersimulationen<br \/><\/em><em>bis hin zur Schadteilanalyse.<\/em><\/p>\n\n\t\t<\/div>\n\t\t\t\t\n<style>\n#col-1880332396 > .col-inner {\n  padding: 30px 30px 30px 30px;\n}\n@media (min-width:550px) {\n  #col-1880332396 > .col-inner {\n    padding: 60px 60px 60px 60px;\n  }\n}\n<\/style>\n\t<\/div>\n\n\t\n\n<\/div>\n\n\t\t<\/div>\n\n\t\t\n<style>\n#section_2098610455 {\n  padding-top: 0px;\n  padding-bottom: 0px;\n}\n<\/style>\n\t<\/section>\n\t\n\n\t<section class=\"section mb-20\" id=\"section_1297054213\">\n\t\t<div class=\"section-bg fill\" >\n\t\t\t\t\t\t\t\t\t\n\t\t\t\n\n\t\t<\/div>\n\n\t\t\n\n\t\t<div class=\"section-content relative\">\n\t\t\t\n\n<div class=\"row row-collapse row-full-width align-middle bg-white\"  id=\"row-1801549019\">\n\n\n\t<div id=\"col-1445666319\" class=\"col medium-6 small-12 large-6\"  >\n\t\t\t\t<div class=\"col-inner text-left\"  >\n\t\t\t\n\t\t\t\n\n\t<div id=\"text-3984577060\" class=\"text\">\n\t\t\n\n<h2><strong>Ihre Vorteile:<\/strong><\/h2>\n<ul>\n<li>Akkreditiert nach ISO IEC 17025 durch die DAkkS<\/li>\n<li>Komplette Produktqualifizierung nach Automotive-Standards und Kundenlastenheften<\/li>\n<li>Vollst\u00e4ndige Abdeckung zahlreicher Arbeitskreis-Werksnormen, darunter LV124 und LV214<\/li>\n<li>Vertrauliche Pr\u00fcfungen dank zugangskontrollierter und blickdicht abschlie\u00dfbarer Fahrzeugpr\u00fcfgarage<\/li>\n<li>Zertifiziert nach ISO 9001, IATF 16949<\/li>\n<\/ul>\n\t\t\n<style>\n#text-3984577060 {\n  text-align: left;\n}\n<\/style>\n\t<\/div>\n\t\n\t<div class=\"img has-hover x md-x lg-x y md-y lg-y\" id=\"image_739056393\">\n\t\t\t\t\t\t\t\t<div class=\"img-inner dark\" >\n\t\t\t<img decoding=\"async\" width=\"2560\" height=\"1002\" src=\"https:\/\/www.md-elektronik.com\/wp-content\/uploads\/2022\/02\/DAkkS_Symbol_ILAC_RGB_2.1_DE_small-scaled.jpg\" class=\"attachment-original size-original\" alt=\"\" srcset=\"https:\/\/www.md-elektronik.com\/wp-content\/uploads\/2022\/02\/DAkkS_Symbol_ILAC_RGB_2.1_DE_small-scaled.jpg 2560w, https:\/\/www.md-elektronik.com\/wp-content\/uploads\/2022\/02\/DAkkS_Symbol_ILAC_RGB_2.1_DE_small-300x117.jpg 300w, https:\/\/www.md-elektronik.com\/wp-content\/uploads\/2022\/02\/DAkkS_Symbol_ILAC_RGB_2.1_DE_small-1024x401.jpg 1024w, https:\/\/www.md-elektronik.com\/wp-content\/uploads\/2022\/02\/DAkkS_Symbol_ILAC_RGB_2.1_DE_small-768x301.jpg 768w, https:\/\/www.md-elektronik.com\/wp-content\/uploads\/2022\/02\/DAkkS_Symbol_ILAC_RGB_2.1_DE_small-1536x601.jpg 1536w, https:\/\/www.md-elektronik.com\/wp-content\/uploads\/2022\/02\/DAkkS_Symbol_ILAC_RGB_2.1_DE_small-2048x802.jpg 2048w\" sizes=\"(max-width: 2560px) 100vw, 2560px\" \/>\t\t\t\t\t\t\n\t\t\t\t\t<\/div>\n\t\t\t\t\t\t\t\t\n<style>\n#image_739056393 {\n  width: 50%;\n}\n<\/style>\n\t<\/div>\n\t\n\n\n\t\t<\/div>\n\t\t\t\t\n<style>\n#col-1445666319 > .col-inner {\n  padding: 30px 30px 30px 30px;\n}\n@media (min-width:550px) {\n  #col-1445666319 > .col-inner {\n    padding: 60px 60px 60px 120px;\n  }\n}\n<\/style>\n\t<\/div>\n\n\t\n\n\t<div id=\"col-386491168\" class=\"col medium-6 small-12 large-6\"  data-animate=\"fadeInUp\">\n\t\t\t\t<div class=\"col-inner\"  >\n\t\t\t\n\t\t\t\n\n\t<div class=\"img has-hover x md-x lg-x y md-y lg-y\" id=\"image_798045067\">\n\t\t\t\t\t\t\t\t<div class=\"img-inner image-zoom image-cover dark\" style=\"padding-top:65%;\">\n\t\t\t<img decoding=\"async\" width=\"1020\" height=\"680\" src=\"https:\/\/www.md-elektronik.com\/wp-content\/uploads\/2021\/07\/Schliffbildanalyse-1024x683.jpg\" class=\"attachment-large size-large\" alt=\"\" srcset=\"https:\/\/www.md-elektronik.com\/wp-content\/uploads\/2021\/07\/Schliffbildanalyse.jpg 1024w, https:\/\/www.md-elektronik.com\/wp-content\/uploads\/2021\/07\/Schliffbildanalyse-300x200.jpg 300w, https:\/\/www.md-elektronik.com\/wp-content\/uploads\/2021\/07\/Schliffbildanalyse-768x512.jpg 768w\" sizes=\"(max-width: 1020px) 100vw, 1020px\" \/>\t\t\t\t\t\t\n\t\t\t\t\t<\/div>\n\t\t\t\t\t\t\t\t\n<style>\n#image_798045067 {\n  width: 100%;\n}\n<\/style>\n\t<\/div>\n\t\n\n\n\t\t<\/div>\n\t\t\t\t\t<\/div>\n\n\t\n\n\n<style>\n#row-1801549019 > .col > .col-inner {\n  background-color: rgb(255, 255, 255);\n}\n<\/style>\n<\/div>\n\n\t\t<\/div>\n\n\t\t\n<style>\n#section_1297054213 {\n  padding-top: 0px;\n  padding-bottom: 0px;\n  background-color: #f5f5f7;\n}\n<\/style>\n\t<\/section>\n\t\n\n\t<section class=\"section\" id=\"section_1581394111\">\n\t\t<div class=\"section-bg fill\" >\n\t\t\t\t\t\t\t\t\t\n\t\t\t\n\n\t\t<\/div>\n\n\t\t\n\n\t\t<div class=\"section-content relative\">\n\t\t\t\n\n<div class=\"row\"  id=\"row-331089442\">\n\n\n\t<div id=\"col-1239225313\" class=\"col small-12 large-12\"  >\n\t\t\t\t<div class=\"col-inner text-center\"  >\n\t\t\t\n\t\t\t\n\n<h2><strong>Wir haben die optimale L\u00f6sung f\u00fcr Sie:<\/strong><\/h2>\n\n\t\t<\/div>\n\t\t\t\t\n<style>\n#col-1239225313 > .col-inner {\n  padding: 30px 30px 30px 30px;\n  margin: 0px 0px 0 0px;\n}\n@media (min-width:550px) {\n  #col-1239225313 > .col-inner {\n    padding: 60px 60px 0px 60px;\n  }\n}\n<\/style>\n\t<\/div>\n\n\t\n\n<\/div>\n<div class=\"row row-collapse row-full-width align-equal align-center\"  id=\"row-435078784\">\n\n\n\t<div id=\"col-556637276\" class=\"col medium-3 small-12 large-3\"  >\n\t\t\t\t<div class=\"col-inner text-center\"  >\n\t\t\t\n\t\t\t\n\n\t<div class=\"img has-hover x md-x lg-x y md-y lg-y\" id=\"image_545932637\">\n\t\t\t\t\t\t\t\t<div class=\"img-inner dark\" >\n\t\t\t<img decoding=\"async\" width=\"600\" height=\"450\" src=\"https:\/\/www.md-elektronik.com\/wp-content\/uploads\/2021\/07\/E-HF.png\" class=\"attachment-large size-large\" alt=\"\" srcset=\"https:\/\/www.md-elektronik.com\/wp-content\/uploads\/2021\/07\/E-HF.png 600w, https:\/\/www.md-elektronik.com\/wp-content\/uploads\/2021\/07\/E-HF-300x225.png 300w\" sizes=\"(max-width: 600px) 100vw, 600px\" \/>\t\t\t\t\t\t\n\t\t\t\t\t<\/div>\n\t\t\t\t\t\t\t\t\n<style>\n#image_545932637 {\n  width: 30%;\n}\n<\/style>\n\t<\/div>\n\t\n\n\t<div id=\"text-660742729\" class=\"text\">\n\t\t\n\n<h3>Elektro- und Hochfrequenztechnik<\/h3>\n<p>Sie ben\u00f6tigen Messungen der \u00dcbertragungseigenschaften Ihrer Hochfrequenzleitungen oder m\u00f6chten Ihre Meterware nach OEM-Spezifikationen qualifizieren?<\/p>\n\t\t\n<style>\n#text-660742729 {\n  text-align: center;\n}\n<\/style>\n\t<\/div>\n\t\n<div class=\"accordion lab-accordion\">\n\n\t<div id=\"accordion-2491757722\" class=\"accordion-item\">\n\t\t<a id=\"accordion-2491757722-label\" class=\"accordion-title plain\" href=\"#accordion-item-weiterlesen...\" aria-expanded=\"false\" aria-controls=\"accordion-2491757722-content\" >\n\t\t\t<button class=\"toggle\" aria-label=\"Umschalten\"><i class=\"icon-angle-down\"><\/i><\/button>\n\t\t\t<span>weiterlesen...<\/span>\n\t\t<\/a>\n\t\t<div id=\"accordion-2491757722-content\" class=\"accordion-inner\" aria-labelledby=\"accordion-2491757722-label\" >\n\t\t\t\n\n\t<div id=\"text-1732311854\" class=\"text\">\n\t\t\n\n<p>Wir pr\u00fcfen die \u00dcbertragungseigenschaften Ihrer Daten\u00fcbertragungssysteme. Basierend auf den Ergebnissen bewerten wir die m\u00f6glichen Fehler- und St\u00f6rstellen. Ebenso k\u00f6nnen wir die elektrischen Eigenschaften Ihrer Bauteile wie Widerst\u00e4nde, Induktivit\u00e4ten, Kapazit\u00e4ten und Spannungsfestigkeiten mittels Bordnetzsimulation bestimmen. Hier setzen wir folgende Technologien ein:<\/p>\n<ul>\n<li>Messung elektrischer Parameter<\/li>\n<li>Vektor-Netzwerkanalyse<\/li>\n<li>Zeitbereichsreflektometrie<\/li>\n<li>Bitstream-Simulation<\/li>\n<li>Bitfehler-Erfassung<\/li>\n<li>Protokoll-Analyse USB 2.0 + 3.0<\/li>\n<li>Oszilloskopie (bis 80 Gs\/s)<\/li>\n<li>Triaxial-Messung<\/li>\n<\/ul>\n\t\t\n<style>\n#text-1732311854 {\n  text-align: left;\n}\n<\/style>\n\t<\/div>\n\t\n\n\t\t<\/div>\n\t<\/div>\n\t\n\n<\/div>\n\n\t\t<\/div>\n\t\t\t\t\n<style>\n#col-556637276 > .col-inner {\n  padding: 30px 30px 30px 30px;\n}\n@media (min-width:550px) {\n  #col-556637276 > .col-inner {\n    padding: 60px 30px 60px 30px;\n  }\n}\n<\/style>\n\t<\/div>\n\n\t\n\n\t<div id=\"col-1656178894\" class=\"col medium-3 small-12 large-3\"  >\n\t\t\t\t<div class=\"col-inner text-center\"  >\n\t\t\t\n\t\t\t\n\n\t<div class=\"img has-hover x md-x lg-x y md-y lg-y\" id=\"image_1856763049\">\n\t\t\t\t\t\t\t\t<div class=\"img-inner dark\" >\n\t\t\t<img decoding=\"async\" width=\"600\" height=\"450\" src=\"https:\/\/www.md-elektronik.com\/wp-content\/uploads\/2021\/07\/UT.png\" class=\"attachment-large size-large\" alt=\"\" srcset=\"https:\/\/www.md-elektronik.com\/wp-content\/uploads\/2021\/07\/UT.png 600w, https:\/\/www.md-elektronik.com\/wp-content\/uploads\/2021\/07\/UT-300x225.png 300w\" sizes=\"(max-width: 600px) 100vw, 600px\" \/>\t\t\t\t\t\t\n\t\t\t\t\t<\/div>\n\t\t\t\t\t\t\t\t\n<style>\n#image_1856763049 {\n  width: 30%;\n}\n<\/style>\n\t<\/div>\n\t\n\n\t<div id=\"text-3132004228\" class=\"text\">\n\t\t\n\n<h3>Umweltsimulation<\/h3>\n<p>Sie ben\u00f6tigen Alterungspr\u00fcfungen bei hoher Temperatur, <br>Luftfeuchte oder speziellen Umweltbedingungen wie Salznebel oder korrosiven Gasen?<\/p>\n\t\t\n<style>\n#text-3132004228 {\n  text-align: center;\n}\n<\/style>\n\t<\/div>\n\t\n<div class=\"accordion lab-accordion\">\n\n\t<div id=\"accordion-2792750821\" class=\"accordion-item\">\n\t\t<a id=\"accordion-2792750821-label\" class=\"accordion-title plain\" href=\"#accordion-item-weiterlesen...\" aria-expanded=\"false\" aria-controls=\"accordion-2792750821-content\" >\n\t\t\t<button class=\"toggle\" aria-label=\"Umschalten\"><i class=\"icon-angle-down\"><\/i><\/button>\n\t\t\t<span>weiterlesen...<\/span>\n\t\t<\/a>\n\t\t<div id=\"accordion-2792750821-content\" class=\"accordion-inner\" aria-labelledby=\"accordion-2792750821-label\" >\n\t\t\t\n\n\t<div id=\"text-4182372659\" class=\"text\">\n\t\t\n\n<p>Wir simulieren die Belastung Ihrer Komponenten und Produkte \u00fcber die Lebensdauer im Fahrzeug mittels Anlagen zur beschleunigten Alterung. Umwelteinfl\u00fcsse und -bedingungen werden mittels folgender Technologien versch\u00e4rft nachgestellt und gepr\u00fcft:<\/p>\n<ul>\n<li>Thermische Belastung im Ofen<\/li>\n<li>Klimatische Belastung in der Klimakammer<\/li>\n<li>Temperaturwechsel im Thermoschockschrank<\/li>\n<li>Vibrationsbelastung<\/li>\n<li>Schadgaspr\u00fcfung<\/li>\n<li>Sonnenlicht-Simulation<\/li>\n<li>Wasserdichtigkeitspr\u00fcfung IPX9K<\/li>\n<\/ul>\n\t\t\n<style>\n#text-4182372659 {\n  text-align: left;\n}\n<\/style>\n\t<\/div>\n\t\n\n\t\t<\/div>\n\t<\/div>\n\t\n\n<\/div>\n\n\t\t<\/div>\n\t\t\t\t\n<style>\n#col-1656178894 > .col-inner {\n  padding: 30px 30px 30px 30px;\n}\n@media (min-width:550px) {\n  #col-1656178894 > .col-inner {\n    padding: 60px 30px 60px 30px;\n  }\n}\n<\/style>\n\t<\/div>\n\n\t\n\n\t<div id=\"col-1695183695\" class=\"col medium-3 small-12 large-3\"  >\n\t\t\t\t<div class=\"col-inner text-center\"  >\n\t\t\t\n\t\t\t\n\n\t<div class=\"img has-hover x md-x lg-x y md-y lg-y\" id=\"image_1516085755\">\n\t\t\t\t\t\t\t\t<div class=\"img-inner dark\" >\n\t\t\t<img decoding=\"async\" width=\"600\" height=\"450\" src=\"https:\/\/www.md-elektronik.com\/wp-content\/uploads\/2021\/07\/MP.png\" class=\"attachment-large size-large\" alt=\"\" srcset=\"https:\/\/www.md-elektronik.com\/wp-content\/uploads\/2021\/07\/MP.png 600w, https:\/\/www.md-elektronik.com\/wp-content\/uploads\/2021\/07\/MP-300x225.png 300w\" sizes=\"(max-width: 600px) 100vw, 600px\" \/>\t\t\t\t\t\t\n\t\t\t\t\t<\/div>\n\t\t\t\t\t\t\t\t\n<style>\n#image_1516085755 {\n  width: 30%;\n}\n<\/style>\n\t<\/div>\n\t\n\n\t<div id=\"text-3379080376\" class=\"text\">\n\t\t\n\n<h3>Mechanische Pr\u00fcfungen<\/h3>\n<p>Sie ben\u00f6tigen Aussagen \u00fcber die Zugfestigkeit Ihrer Leitungen, die mechanische Best\u00e4ndigkeit oder Widerstandsf\u00e4higkeit gegen\u00fcber hohen Beschleunigungen?<\/p>\n\t\t\n<style>\n#text-3379080376 {\n  text-align: center;\n}\n<\/style>\n\t<\/div>\n\t\n<div class=\"accordion lab-accordion\">\n\n\t<div id=\"accordion-1878183455\" class=\"accordion-item\">\n\t\t<a id=\"accordion-1878183455-label\" class=\"accordion-title plain\" href=\"#accordion-item-weiterlesen...\" aria-expanded=\"false\" aria-controls=\"accordion-1878183455-content\" >\n\t\t\t<button class=\"toggle\" aria-label=\"Umschalten\"><i class=\"icon-angle-down\"><\/i><\/button>\n\t\t\t<span>weiterlesen...<\/span>\n\t\t<\/a>\n\t\t<div id=\"accordion-1878183455-content\" class=\"accordion-inner\" aria-labelledby=\"accordion-1878183455-label\" >\n\t\t\t\n\n\t<div id=\"text-4234937130\" class=\"text\">\n\t\t\n\n<p>Wir pr\u00fcfen die mechanische Belastbarkeit Ihrer Komponenten und Produkte. Die Pr\u00fcfungen erfolgen mittels folgender Technologien:<\/p>\n<ul>\n<li>Materialpr\u00fcfung<\/li>\n<li>Zug- und Druckpr\u00fcfung<\/li>\n<li>Steckzyklensimulation<\/li>\n<li>Dynamische Zugpr\u00fcfung<\/li>\n<li>Wechsel-Biege-Pr\u00fcfung<\/li>\n<li>Slow-Motion-Bending-Pr\u00fcfung<\/li>\n<li>Vibrationspr\u00fcfung<\/li>\n<li>Reibkorrosionspr\u00fcfung<\/li>\n<\/ul>\n\t\t\n<style>\n#text-4234937130 {\n  text-align: left;\n}\n<\/style>\n\t<\/div>\n\t\n\n\t\t<\/div>\n\t<\/div>\n\t\n\n<\/div>\n\n\t\t<\/div>\n\t\t\t\t\n<style>\n#col-1695183695 > .col-inner {\n  padding: 30px 30px 30px 30px;\n}\n@media (min-width:550px) {\n  #col-1695183695 > .col-inner {\n    padding: 60px 30px 60px 30px;\n  }\n}\n<\/style>\n\t<\/div>\n\n\t\n\n\n<style>\n#row-435078784 > .col > .col-inner {\n  background-color: rgb(255, 255, 255);\n}\n<\/style>\n<\/div>\n<div class=\"row row-collapse row-full-width align-equal align-center\"  id=\"row-1255731177\">\n\n\n\t<div id=\"col-1263809402\" class=\"col medium-3 small-12 large-3\"  >\n\t\t\t\t<div class=\"col-inner text-center\"  >\n\t\t\t\n\t\t\t\n\n\t<div class=\"img has-hover x md-x lg-x y md-y lg-y\" id=\"image_1920350954\">\n\t\t\t\t\t\t\t\t<div class=\"img-inner dark\" >\n\t\t\t<img decoding=\"async\" width=\"600\" height=\"450\" src=\"https:\/\/www.md-elektronik.com\/wp-content\/uploads\/2021\/07\/OAMT.png\" class=\"attachment-large size-large\" alt=\"\" srcset=\"https:\/\/www.md-elektronik.com\/wp-content\/uploads\/2021\/07\/OAMT.png 600w, https:\/\/www.md-elektronik.com\/wp-content\/uploads\/2021\/07\/OAMT-300x225.png 300w\" sizes=\"(max-width: 600px) 100vw, 600px\" \/>\t\t\t\t\t\t\n\t\t\t\t\t<\/div>\n\t\t\t\t\t\t\t\t\n<style>\n#image_1920350954 {\n  width: 30%;\n}\n<\/style>\n\t<\/div>\n\t\n\n\t<div id=\"text-2628397346\" class=\"text\">\n\t\t\n\n<h3>Optische Analyse und Messtechnik<\/h3>\n<p>Sie ben\u00f6tigen Analysen von Materialproben, <br>Vermessungen von Bauteilen oder eine R\u00f6ntgen-<br>Computertomographie?<\/p>\n\t\t\n<style>\n#text-2628397346 {\n  text-align: center;\n}\n<\/style>\n\t<\/div>\n\t\n<div class=\"accordion lab-accordion\">\n\n\t<div id=\"accordion-2368882755\" class=\"accordion-item\">\n\t\t<a id=\"accordion-2368882755-label\" class=\"accordion-title plain\" href=\"#accordion-item-weiterlesen...\" aria-expanded=\"false\" aria-controls=\"accordion-2368882755-content\" >\n\t\t\t<button class=\"toggle\" aria-label=\"Umschalten\"><i class=\"icon-angle-down\"><\/i><\/button>\n\t\t\t<span>weiterlesen...<\/span>\n\t\t<\/a>\n\t\t<div id=\"accordion-2368882755-content\" class=\"accordion-inner\" aria-labelledby=\"accordion-2368882755-label\" >\n\t\t\t\n\n\t<div id=\"text-1944557256\" class=\"text\">\n\t\t\n\n<p>Wir analysieren Ihre Bauteile mittels bildgebender Verfahren. Hierbei setzen wir auf folgende Technologien:<\/p>\n<ul>\n<li>Digitalmikroskopie<\/li>\n<li>3D-Koordinatenmessung<\/li>\n<li>R\u00f6ntgen-Computertomographie (Ermittlung verdeckter Ma\u00dfe)<\/li>\n<li>Laserscanning-Mikroskopie<\/li>\n<li>Hochgeschwindigkeitsaufnahmen (schnelle Bewegungsabl\u00e4ufe)<\/li>\n<li>Oberfl\u00e4chenerfassung<\/li>\n<\/ul>\n\t\t\n<style>\n#text-1944557256 {\n  text-align: left;\n}\n<\/style>\n\t<\/div>\n\t\n\n\t\t<\/div>\n\t<\/div>\n\t\n\n<\/div>\n\n\t\t<\/div>\n\t\t\t\t\n<style>\n#col-1263809402 > .col-inner {\n  padding: 30px 30px 30px 30px;\n}\n@media (min-width:550px) {\n  #col-1263809402 > .col-inner {\n    padding: 60px 30px 60px 30px;\n  }\n}\n<\/style>\n\t<\/div>\n\n\t\n\n\t<div id=\"col-852509186\" class=\"col medium-3 small-12 large-3\"  >\n\t\t\t\t<div class=\"col-inner text-center\"  >\n\t\t\t\n\t\t\t\n\n\t<div class=\"img has-hover x md-x lg-x y md-y lg-y\" id=\"image_1198996408\">\n\t\t\t\t\t\t\t\t<div class=\"img-inner dark\" >\n\t\t\t<img decoding=\"async\" width=\"600\" height=\"450\" src=\"https:\/\/www.md-elektronik.com\/wp-content\/uploads\/2021\/07\/MA.png\" class=\"attachment-large size-large\" alt=\"\" srcset=\"https:\/\/www.md-elektronik.com\/wp-content\/uploads\/2021\/07\/MA.png 600w, https:\/\/www.md-elektronik.com\/wp-content\/uploads\/2021\/07\/MA-300x225.png 300w\" sizes=\"(max-width: 600px) 100vw, 600px\" \/>\t\t\t\t\t\t\n\t\t\t\t\t<\/div>\n\t\t\t\t\t\t\t\t\n<style>\n#image_1198996408 {\n  width: 30%;\n}\n<\/style>\n\t<\/div>\n\t\n\n\t<div id=\"text-2749684054\" class=\"text\">\n\t\t\n\n<h3>Materialanalyse<\/h3>\n<p>Sie ben\u00f6tigen Analysen der thermischen Eigenschaften und Zusammensetzung Ihrer Werkstoffe oder eine Identifizierung von Verunreinigungen?<\/p>\n\t\t\n<style>\n#text-2749684054 {\n  text-align: center;\n}\n<\/style>\n\t<\/div>\n\t\n<div class=\"accordion lab-accordion\">\n\n\t<div id=\"accordion-1335949612\" class=\"accordion-item\">\n\t\t<a id=\"accordion-1335949612-label\" class=\"accordion-title plain\" href=\"#accordion-item-weiterlesen...\" aria-expanded=\"false\" aria-controls=\"accordion-1335949612-content\" >\n\t\t\t<button class=\"toggle\" aria-label=\"Umschalten\"><i class=\"icon-angle-down\"><\/i><\/button>\n\t\t\t<span>weiterlesen...<\/span>\n\t\t<\/a>\n\t\t<div id=\"accordion-1335949612-content\" class=\"accordion-inner\" aria-labelledby=\"accordion-1335949612-label\" >\n\t\t\t\n\n\t<div id=\"text-1650622521\" class=\"text\">\n\t\t\n\n<p>Wir analysieren die Eigenschaften Ihrer Werkstoffe mittels diverser Methoden der thermischen Analytik und Spektroskopie. Hier k\u00f6nnen wir die Umwandlungstemperaturen von Schmelzvorg\u00e4ngen und pyrolytischen Zersetzungen sowie temperaturabh\u00e4ngige Ver\u00e4nderungen der spezifischen W\u00e4rmekapazit\u00e4t ermitteln. Hier setzen wir auf folgende Technologien:<\/p>\n<ul>\n<li>Differenzkalorimetrie<\/li>\n<li>Infrarot-Spektroskopie<\/li>\n<li>Gekoppelte Spektroskopie<\/li>\n<li>Infrarot-Mikroskopie<\/li>\n<li>H\u00e4rtepr\u00fcfung<\/li>\n<li>Metallographie<\/li>\n<\/ul>\n<p>&nbsp;<\/p>\n\t\t\n<style>\n#text-1650622521 {\n  text-align: left;\n}\n<\/style>\n\t<\/div>\n\t\n\n\t\t<\/div>\n\t<\/div>\n\t\n\n<\/div>\n\n\t\t<\/div>\n\t\t\t\t\n<style>\n#col-852509186 > .col-inner {\n  padding: 30px 30px 30px 30px;\n}\n@media (min-width:550px) {\n  #col-852509186 > .col-inner {\n    padding: 60px 30px 60px 30px;\n  }\n}\n<\/style>\n\t<\/div>\n\n\t\n\n\n<style>\n#row-1255731177 > .col > .col-inner {\n  background-color: rgb(255, 255, 255);\n}\n<\/style>\n<\/div>\n\n\t\t<\/div>\n\n\t\t\n<style>\n#section_1581394111 {\n  padding-top: 0px;\n  padding-bottom: 0px;\n  background-color: rgb(255,255,255);\n}\n<\/style>\n\t<\/section>\n\t\n\n\t<section class=\"section mb-20\" id=\"section_166746334\">\n\t\t<div class=\"section-bg fill\" >\n\t\t\t\t\t\t\t\t\t\n\t\t\t\n\n\t\t<\/div>\n\n\t\t\n\n\t\t<div class=\"section-content relative\">\n\t\t\t\n\n<div class=\"row\"  id=\"row-1706356543\">\n\n\n\t<div id=\"col-2008086357\" class=\"col small-12 large-12\"  >\n\t\t\t\t<div class=\"col-inner text-center\"  >\n\t\t\t\n\t\t\t\n\n<p><strong><span style=\"font-size: 110%;\">Sie haben Bedarf an einer Pr\u00fcfung <\/span><br \/><span style=\"font-size: 110%;\">oder ben\u00f6tigen Beratung?<\/span> <\/strong><\/p>\n\n\t\t<\/div>\n\t\t\t\t\n<style>\n#col-2008086357 > .col-inner {\n  padding: 30px 30px 30px 30px;\n}\n@media (min-width:550px) {\n  #col-2008086357 > .col-inner {\n    padding: 60px 60px 0px 60px;\n  }\n}\n<\/style>\n\t<\/div>\n\n\t\n\n<\/div>\n<div class=\"row\"  id=\"row-2131732249\">\n\n\n\t<div id=\"col-2063040013\" class=\"col small-12 large-12\"  >\n\t\t\t\t<div class=\"col-inner text-center\"  >\n\t\t\t\n\t\t\t\n\n<a href=\"mailto:testlab@md-elektronik.de\" class=\"button primary is-outline\"  style=\"border-radius:99px;\">\n\t\t<span>Kontaktieren Sie uns<\/span>\n\t<i class=\"icon-angle-right\" aria-hidden=\"true\" ><\/i><\/a>\n\n\n\n\t\t<\/div>\n\t\t\t\t\n<style>\n#col-2063040013 > .col-inner {\n  padding: 0px 0px 0px 0px;\n}\n<\/style>\n\t<\/div>\n\n\t\n\n<\/div>\n\n\t\t<\/div>\n\n\t\t\n<style>\n#section_166746334 {\n  padding-top: 0px;\n  padding-bottom: 0px;\n}\n<\/style>\n\t<\/section>\n\t\n\n","protected":false},"excerpt":{"rendered":"","protected":false},"author":1,"featured_media":0,"parent":0,"menu_order":3,"comment_status":"closed","ping_status":"closed","template":"page-blank.php","meta":{"footnotes":""},"class_list":["post-6863","page","type-page","status-publish","hentry"],"_links":{"self":[{"href":"https:\/\/www.md-elektronik.com\/de\/wp-json\/wp\/v2\/pages\/6863","targetHints":{"allow":["GET"]}}],"collection":[{"href":"https:\/\/www.md-elektronik.com\/de\/wp-json\/wp\/v2\/pages"}],"about":[{"href":"https:\/\/www.md-elektronik.com\/de\/wp-json\/wp\/v2\/types\/page"}],"author":[{"embeddable":true,"href":"https:\/\/www.md-elektronik.com\/de\/wp-json\/wp\/v2\/users\/1"}],"replies":[{"embeddable":true,"href":"https:\/\/www.md-elektronik.com\/de\/wp-json\/wp\/v2\/comments?post=6863"}],"version-history":[{"count":97,"href":"https:\/\/www.md-elektronik.com\/de\/wp-json\/wp\/v2\/pages\/6863\/revisions"}],"predecessor-version":[{"id":15530,"href":"https:\/\/www.md-elektronik.com\/de\/wp-json\/wp\/v2\/pages\/6863\/revisions\/15530"}],"wp:attachment":[{"href":"https:\/\/www.md-elektronik.com\/de\/wp-json\/wp\/v2\/media?parent=6863"}],"curies":[{"name":"wp","href":"https:\/\/api.w.org\/{rel}","templated":true}]}}