{"id":8400,"date":"2021-11-29T14:49:26","date_gmt":"2021-11-29T13:49:26","guid":{"rendered":"https:\/\/www.md-elektronik.com\/?page_id=8400"},"modified":"2023-11-07T13:31:20","modified_gmt":"2023-11-07T12:31:20","slug":"glossar","status":"publish","type":"page","link":"https:\/\/www.md-elektronik.com\/de\/glossar\/","title":{"rendered":"Glossar"},"content":{"rendered":"\n\n\t<section class=\"section\" id=\"section_1037359422\">\n\t\t<div class=\"section-bg fill\" >\n\t\t\t\t\t\t\t\t\t\n\t\t\t\n\n\t\t<\/div>\n\n\t\t\n\n\t\t<div class=\"section-content relative\">\n\t\t\t\n\n<div class=\"row row-collapse row-full-width align-middle\"  id=\"row-1795379522\">\n\n\n\t<div id=\"col-1567796780\" class=\"col medium-6 small-12 large-6\"  >\n\t\t\t\t<div class=\"col-inner text-center\"  >\n\t\t\t\n\t\t\t\n\n<h1><span style=\"font-size: 120%;\">Automotive Lexikon &#8211;<\/span><br><span style=\"font-size: 120%;\">unser Glossar<\/span><\/h1>\n<p><span style=\"font-size: 150%;\">In unserem Glossar erkl\u00e4ren wir Ihnen Begriffe und Bezeichnungen aus den Bereichen Bordnetz, Daten\u00fcbertragung im Fahrzeug und der Automobilbrache im Allgemeinen. Nutzen Sie unsere Expertise f\u00fcr Ihre Recherche!<\/span><\/p>\n\n\t\t<\/div>\n\t\t\t\t\n<style>\n#col-1567796780 > .col-inner {\n  padding: 30px 30px 30px 30px;\n}\n@media (min-width:550px) {\n  #col-1567796780 > .col-inner {\n    padding: 60px 60px 60px 60px;\n  }\n}\n<\/style>\n\t<\/div>\n\n\t\n\n\t<div id=\"col-1966449116\" class=\"col hide-for-small medium-6 small-12 large-6\"  data-animate=\"fadeInUp\">\n\t\t\t\t<div class=\"col-inner\"  >\n\t\t\t\n\t\t\t\n\n\t<div class=\"img has-hover x md-x lg-x y md-y lg-y\" id=\"image_944413833\">\n\t\t\t\t\t\t\t\t<div class=\"img-inner image-zoom image-cover dark\" style=\"padding-top:56.25%;\">\n\t\t\t<img decoding=\"async\" width=\"822\" height=\"469\" src=\"https:\/\/www.md-elektronik.com\/wp-content\/uploads\/2023\/10\/glossar-title-image.jpg\" class=\"attachment-original size-original\" alt=\"\" srcset=\"https:\/\/www.md-elektronik.com\/wp-content\/uploads\/2023\/10\/glossar-title-image.jpg 822w, https:\/\/www.md-elektronik.com\/wp-content\/uploads\/2023\/10\/glossar-title-image-300x171.jpg 300w, https:\/\/www.md-elektronik.com\/wp-content\/uploads\/2023\/10\/glossar-title-image-768x438.jpg 768w\" sizes=\"(max-width: 822px) 100vw, 822px\" \/>\t\t\t\t\t\t\n\t\t\t\t\t<\/div>\n\t\t\t\t\t\t\t\t\n<style>\n#image_944413833 {\n  width: 100%;\n}\n<\/style>\n\t<\/div>\n\t\n\n\n\t\t<\/div>\n\t\t\t\t\t<\/div>\n\n\t\n\n\n<style>\n#row-1795379522 > .col > .col-inner {\n  background-color: rgb(255, 255, 255);\n}\n<\/style>\n<\/div>\n\n\t\t<\/div>\n\n\t\t\n<style>\n#section_1037359422 {\n  padding-top: 0px;\n  padding-bottom: 0px;\n  background-color: rgb(255,255,255);\n}\n<\/style>\n\t<\/section>\n\t\n\n\t<section class=\"section\" id=\"section_2108643023\">\n\t\t<div class=\"section-bg fill\" >\n\t\t\t\t\t\t\t\t\t\n\t\t\t\n\n\t\t<\/div>\n\n\t\t\n\n\t\t<div class=\"section-content relative\">\n\t\t\t\n\n<div class=\"row align-middle\"  id=\"row-1328251313\">\n\n\n\t<div id=\"col-1713172277\" class=\"col small-12 large-12\"  >\n\t\t\t\t<div class=\"col-inner\"  >\n\t\t\t\n\t\t\t\n\n<div class=\"posts-buttons-container\"><a href=\"https:\/\/www.md-elektronik.com\/de\/a%c2%b2b-automotive-audio-bus\/\" class=\"post-button\">A\u00b2B (Automotive Audio Bus)\u00a0<\/a><a href=\"https:\/\/www.md-elektronik.com\/de\/adas\/\" class=\"post-button\">ADAS<\/a><a href=\"https:\/\/www.md-elektronik.com\/de\/amec\/\" class=\"post-button\">AMEC<\/a><a href=\"https:\/\/www.md-elektronik.com\/de\/apix\/\" class=\"post-button\">APIX<\/a><a href=\"https:\/\/www.md-elektronik.com\/de\/automotive-ethernet\/\" class=\"post-button\">Automotive Ethernet<\/a><a href=\"https:\/\/www.md-elektronik.com\/de\/autonomes-fahren\/\" class=\"post-button\">Autonomes Fahren<\/a><a href=\"https:\/\/www.md-elektronik.com\/de\/backbone-verbindungen\/\" class=\"post-button\">Backbone-Verbindungen<\/a><a href=\"https:\/\/www.md-elektronik.com\/de\/c-a-s-e\/\" class=\"post-button\">C.A.S.E<\/a><a href=\"https:\/\/www.md-elektronik.com\/de\/fakra\/\" class=\"post-button\">FAKRA<\/a><a href=\"https:\/\/www.md-elektronik.com\/de\/fpd-link\/\" class=\"post-button\">FPD-Link<\/a><a href=\"https:\/\/www.md-elektronik.com\/de\/gmsl\/\" class=\"post-button\">GMSL<\/a><a href=\"https:\/\/www.md-elektronik.com\/de\/h-mtd\/\" class=\"post-button\">H-MTD<\/a><a href=\"https:\/\/www.md-elektronik.com\/de\/hsd\/\" class=\"post-button\">HSD<\/a><a href=\"https:\/\/www.md-elektronik.com\/de\/kabelkonfektion\/\" class=\"post-button\">Kabelkonfektion<\/a><a href=\"https:\/\/www.md-elektronik.com\/de\/koax\/\" class=\"post-button\">Koax<\/a><a href=\"https:\/\/www.md-elektronik.com\/de\/latenz\/\" class=\"post-button\">Latenz<\/a><a href=\"https:\/\/www.md-elektronik.com\/de\/lidar\/\" class=\"post-button\">LiDAR<\/a><a href=\"https:\/\/www.md-elektronik.com\/de\/lvds\/\" class=\"post-button\">LVDS<\/a><a href=\"https:\/\/www.md-elektronik.com\/de\/multi-gig-ethernet-multi-gigabit-ethernet\/\" class=\"post-button\">Multi-Gig-Ethernet (Multi-Gigabit-Ethernet)<\/a><a href=\"https:\/\/www.md-elektronik.com\/de\/on-board-diagnose\/\" class=\"post-button\">On-Board-Diagnose<\/a><a href=\"https:\/\/www.md-elektronik.com\/de\/radar\/\" class=\"post-button\">Radar<\/a><a href=\"https:\/\/www.md-elektronik.com\/de\/schirmung\/\" class=\"post-button\">Schirmung<\/a><a href=\"https:\/\/www.md-elektronik.com\/de\/sensorik\/\" class=\"post-button\">Sensorik<\/a><a href=\"https:\/\/www.md-elektronik.com\/de\/v2x\/\" class=\"post-button\">V2X<\/a><a href=\"https:\/\/www.md-elektronik.com\/de\/wigig\/\" class=\"post-button\">WiGig<\/a><\/div>\n\n\t\t<\/div>\n\t\t\t\t\n<style>\n#col-1713172277 > .col-inner {\n  padding: 45px 0px 0px 0px;\n}\n<\/style>\n\t<\/div>\n\n\t\n\n<\/div>\n\n\t\t<\/div>\n\n\t\t\n<style>\n#section_2108643023 {\n  padding-top: 30px;\n  padding-bottom: 30px;\n}\n<\/style>\n\t<\/section>\n\t\n\n\t<section class=\"section mb-20\" id=\"section_1017602293\">\n\t\t<div class=\"section-bg fill\" >\n\t\t\t\t\t\t\t\t\t\n\t\t\t\n\n\t\t<\/div>\n\n\t\t\n\n\t\t<div class=\"section-content relative\">\n\t\t\t\n\n<div class=\"row\"  id=\"row-617305084\">\n\n\n\t<div id=\"col-378266176\" class=\"col small-12 large-12\"  >\n\t\t\t\t<div class=\"col-inner text-center\"  >\n\t\t\t\n\t\t\t\n\n<p><strong><span style=\"font-size: 110%;\">Wir stehen Ihnen jederzeit gerne beratend zur Seite.<\/span> <\/strong><\/p>\n\n\t\t<\/div>\n\t\t\t\t\n<style>\n#col-378266176 > .col-inner {\n  padding: 30px 30px 30px 30px;\n}\n@media (min-width:550px) {\n  #col-378266176 > .col-inner {\n    padding: 60px 60px 0px 60px;\n  }\n}\n<\/style>\n\t<\/div>\n\n\t\n\n<\/div>\n<div class=\"row\"  id=\"row-1207677039\">\n\n\n\t<div id=\"col-2129860743\" class=\"col small-12 large-12\"  >\n\t\t\t\t<div class=\"col-inner text-center\"  >\n\t\t\t\n\t\t\t\n\n<a href=\"https:\/\/www.md-elektronik.com\/de\/kontakt\/?betreff=FAKRA\" class=\"button primary is-outline\"  style=\"border-radius:99px;\">\n\t\t<span>Kontaktieren Sie uns<\/span>\n\t<i class=\"icon-angle-right\" aria-hidden=\"true\" ><\/i><\/a>\n\n\n\n\t\t<\/div>\n\t\t\t\t\n<style>\n#col-2129860743 > .col-inner {\n  padding: 0px 0px 0px 0px;\n}\n<\/style>\n\t<\/div>\n\n\t\n\n<\/div>\n\n\t\t<\/div>\n\n\t\t\n<style>\n#section_1017602293 {\n  padding-top: 0px;\n  padding-bottom: 0px;\n  background-color: rgb(255, 255, 255);\n}\n<\/style>\n\t<\/section>\n\t\n","protected":false},"excerpt":{"rendered":"","protected":false},"author":1,"featured_media":0,"parent":0,"menu_order":80,"comment_status":"closed","ping_status":"closed","template":"page-blank.php","meta":{"footnotes":""},"class_list":["post-8400","page","type-page","status-publish","hentry"],"_links":{"self":[{"href":"https:\/\/www.md-elektronik.com\/de\/wp-json\/wp\/v2\/pages\/8400","targetHints":{"allow":["GET"]}}],"collection":[{"href":"https:\/\/www.md-elektronik.com\/de\/wp-json\/wp\/v2\/pages"}],"about":[{"href":"https:\/\/www.md-elektronik.com\/de\/wp-json\/wp\/v2\/types\/page"}],"author":[{"embeddable":true,"href":"https:\/\/www.md-elektronik.com\/de\/wp-json\/wp\/v2\/users\/1"}],"replies":[{"embeddable":true,"href":"https:\/\/www.md-elektronik.com\/de\/wp-json\/wp\/v2\/comments?post=8400"}],"version-history":[{"count":21,"href":"https:\/\/www.md-elektronik.com\/de\/wp-json\/wp\/v2\/pages\/8400\/revisions"}],"predecessor-version":[{"id":18204,"href":"https:\/\/www.md-elektronik.com\/de\/wp-json\/wp\/v2\/pages\/8400\/revisions\/18204"}],"wp:attachment":[{"href":"https:\/\/www.md-elektronik.com\/de\/wp-json\/wp\/v2\/media?parent=8400"}],"curies":[{"name":"wp","href":"https:\/\/api.w.org\/{rel}","templated":true}]}}