{"id":1596,"date":"2020-01-15T14:42:19","date_gmt":"2020-01-15T13:42:19","guid":{"rendered":"https:\/\/www.md-elektronik.de\/?page_id=1596"},"modified":"2026-03-24T09:48:12","modified_gmt":"2026-03-24T08:48:12","slug":"certificates","status":"publish","type":"page","link":"https:\/\/www.md-elektronik.com\/en\/about-us\/certificates\/","title":{"rendered":"Certificates"},"content":{"rendered":"\n<div class=\"row\"  id=\"row-1496272048\">\n\n\n\t<div id=\"col-1224688693\" class=\"col medium-4 small-12 large-4\"  >\n\t\t\t\t<div class=\"col-inner\"  >\n\t\t\t\n\t\t\t\n\n<header>\n<h2>QUALITY\u00a0<\/h2>\n<\/header>\n<p><strong>MD ELEKTRONIK \u2013 Germany \u2013 ISO 9001<\/strong><\/p>\n<ul>\n<li><a href=\"https:\/\/www.md-elektronik.com\/wp-content\/uploads\/2024\/07\/16739ms_de.pdf\">German Version<\/a><\/li>\n<li><a href=\"https:\/\/www.md-elektronik.com\/wp-content\/uploads\/2024\/07\/16739ms_en.pdf\">English Version<\/a><\/li>\n<\/ul>\n<p><strong>MD ELEKTRONIK \u2013 Czech Republic\u00a0\u2013 IATF 16949<\/strong><\/p>\n<ul>\n<li><a href=\"https:\/\/www.md-elektronik.com\/wp-content\/uploads\/2025\/08\/16739msIATF_ts02.pdf\">Czech Version<\/a><\/li>\n<li><a href=\"https:\/\/www.md-elektronik.com\/wp-content\/uploads\/2025\/08\/16739msIATF_en02.pdf\">English Version<\/a><\/li>\n<\/ul>\n<p><strong>MD ELECTRONICS \u2013 China (Beijing) \u2013 IATF 16949<\/strong><\/p>\n<ul>\n<li><a href=\"https:\/\/www.md-elektronik.com\/wp-content\/uploads\/2023\/12\/16739msIATF_chi03.pdf\">Chinese Version<\/a><\/li>\n<li><a href=\"https:\/\/www.md-elektronik.com\/wp-content\/uploads\/2023\/12\/16739msIATF_en03.pdf\">English Version<\/a><\/li>\n<\/ul>\n<p><strong>MD ELECTRONICS \u2013 China (Changzhou) \u2013 IATF 16949<\/strong><\/p>\n<ul>\n<li><a href=\"https:\/\/www.md-elektronik.com\/wp-content\/uploads\/2024\/11\/16739msIATF_chi06.pdf\">Chinese Version<\/a><\/li>\n<li><a href=\"https:\/\/www.md-elektronik.com\/wp-content\/uploads\/2024\/11\/16739msIATF_en06.pdf\">English Version<\/a><\/li>\n<\/ul>\n<p><strong>MD ELEKTRONIK \u2013 Mexico \u2013 IATF 16949<\/strong><\/p>\n<ul>\n<li><a href=\"https:\/\/www.md-elektronik.com\/wp-content\/uploads\/2024\/07\/16739msIATF_sp05.pdf\">Spanish Version<\/a><\/li>\n<li><a href=\"https:\/\/www.md-elektronik.com\/wp-content\/uploads\/2024\/07\/16739msIATF_en05.pdf\">English Version<\/a><\/li>\n<\/ul>\n<p><strong>MD ELEKTRONIK \u2013 Bulgaria \u2013\u00a0 IATF 16949<\/strong><\/p>\n<ul>\n<li><a href=\"https:\/\/www.md-elektronik.com\/wp-content\/uploads\/2024\/11\/16739msIATF_bul07.pdf\">Bulgarian Version<\/a><\/li>\n<li><a href=\"https:\/\/www.md-elektronik.com\/wp-content\/uploads\/2024\/11\/16739msIATF_en07.pdf\">English Version<\/a><\/li>\n<\/ul>\n\n\t\t<\/div>\n\t\t\t\t\t<\/div>\n\n\t\n\n\t<div id=\"col-442657782\" class=\"col medium-4 small-12 large-4\"  >\n\t\t\t\t<div class=\"col-inner\"  >\n\t\t\t\n\t\t\t\n\n<h2>ENVIRONMENT, OCCUPATIONAL HEALTH &amp; SAFETY<\/h2>\n<p><strong>MD ELEKTRONIK \u2013 Global \u2013 <span lang=\"de\" data-ogsc=\"rgb(31, 73, 125)\">ISO 14001\/ ISO 45001<\/span><br \/><\/strong><\/p>\n<ul>\n<li><a href=\"https:\/\/www.md-elektronik.com\/wp-content\/uploads\/2024\/11\/Hauptzertifikat_14001_45001_DE.pdf\">Main Certificate (German Version)<\/a><\/li>\n<li><a href=\"https:\/\/www.md-elektronik.com\/wp-content\/uploads\/2024\/11\/Hauptzertifikat_14001_45001_EN.pdf\">Main Certificate (English Version)<\/a><\/li>\n<\/ul>\n<p><strong>MD ELEKTRONIK \u2013 Germany \u2013 <span lang=\"de\" data-ogsc=\"rgb(31, 73, 125)\">ISO 14001\/ ISO 45001<\/span><br \/><\/strong><\/p>\n<ul>\n<li><a href=\"https:\/\/www.md-elektronik.com\/wp-content\/uploads\/2024\/02\/14001_45001_Waldkraiburg_20240214_de.pdf\">German Version<\/a><\/li>\n<li><a href=\"https:\/\/www.md-elektronik.com\/wp-content\/uploads\/2024\/02\/14001_45001_Waldkraiburg_20240214_en.pdf\">English Version<\/a><\/li>\n<\/ul>\n<p><strong>MD ELEKTRONIK \u2013 Czech Republic (Chot\u011b\u0161ov) \u2013 <span lang=\"de\" data-ogsc=\"rgb(31, 73, 125)\">ISO 14001\/ ISO 45001<\/span><\/strong><\/p>\n<ul>\n<li><a href=\"https:\/\/www.md-elektronik.com\/wp-content\/uploads\/2024\/03\/14001_45001_CZ-Chotesov_20240803_v2_cs.pdf\">Czech Version<\/a><\/li>\n<li><a href=\"https:\/\/www.md-elektronik.com\/wp-content\/uploads\/2024\/03\/14001_45001_CZ-Chotesov_20240803_en.pdf\">English Version<\/a><\/li>\n<\/ul>\n<p><strong>MD ELEKTRONIK \u2013 Czech Republic (Pilsen, \u00dan\u011b\u0161ovsk\u00e1) \u2013 <span lang=\"de\" data-ogsc=\"rgb(31, 73, 125)\">ISO 14001\/ ISO 45001<\/span><\/strong><\/p>\n<ul>\n<li><a href=\"https:\/\/www.md-elektronik.com\/wp-content\/uploads\/2024\/02\/16739ms_03_04_spol.s.r.o._141_451_DIN_EN_ISO_14001_45001_cz.pdf\">Czech Version<\/a><\/li>\n<li><a href=\"https:\/\/www.md-elektronik.com\/wp-content\/uploads\/2024\/03\/14001_45001_CZ-Plzen_U_20240803_en.pdf\">English Version<\/a><\/li>\n<\/ul>\n<p><strong>MD ELEKTRONIK \u2013 Czech Republic (Pilsen, Obchodn\u00ed) \u2013 <span lang=\"de\" data-ogsc=\"rgb(31, 73, 125)\">ISO 14001\/ ISO 45001<\/span><\/strong><\/p>\n<ul>\n<li><a href=\"https:\/\/www.md-elektronik.com\/wp-content\/uploads\/2024\/03\/14001_45001_CZ-Plzen_O_20240803_cs.pdf\">Czech Version<\/a><\/li>\n<li><a href=\"https:\/\/www.md-elektronik.com\/wp-content\/uploads\/2024\/03\/14001_45001_CZ-Plzen_O_20240803_en.pdf\">English Version<\/a><\/li>\n<\/ul>\n<p><strong>MD ELEKTRONIK \u2013 Czech Republic \u2013 Energy Savings Project<\/strong><\/p>\n<ul>\n<li><a href=\"https:\/\/www.md-elektronik.com\/en\/about-us\/certificates\/czech-republic-energy-savings-project\/\">Further information<\/a><\/li>\n<\/ul>\n<p><strong>MD ELECTRONICS \u2013 China (Beijing) \u2013 <span lang=\"de\" data-ogsc=\"rgb(31, 73, 125)\">ISO 14001\/ ISO 45001<\/span><\/strong><\/p>\n<ul>\n<li><a href=\"https:\/\/www.md-elektronik.com\/wp-content\/uploads\/2024\/02\/14001_45001_CN-Beijing_20241502_cn.pdf\">Chinese Version<\/a><\/li>\n<li><a href=\"https:\/\/www.md-elektronik.com\/wp-content\/uploads\/2024\/02\/14001_45001_CN-Beijing_20241502_en.pdf\">English Version<\/a><\/li>\n<\/ul>\n<p><strong>MD ELECTRONICS \u2013 China (Changzhou) \u2013 <span lang=\"de\" data-ogsc=\"rgb(31, 73, 125)\">ISO 14001\/ ISO 45001<\/span><\/strong><\/p>\n<ul>\n<li><a href=\"https:\/\/www.md-elektronik.com\/wp-content\/uploads\/2024\/02\/14001_45001_CN-Changzhou_20240214_cn.pdf\">Chinese Version<\/a><\/li>\n<li><a href=\"https:\/\/www.md-elektronik.com\/wp-content\/uploads\/2024\/02\/14001_45001_CN-Changzhou_20240214_en.pdf\">English Version<\/a><\/li>\n<\/ul>\n<p><strong>MD ELEKTRONIK \u2013 Mexico \u2013 <span lang=\"de\" data-ogsc=\"rgb(31, 73, 125)\">ISO 14001\/ ISO 45001<\/span><\/strong><\/p>\n<ul>\n<li><a href=\"https:\/\/www.md-elektronik.com\/wp-content\/uploads\/2024\/11\/Zertifikat-MDMX_ES_14001_45001.pdf\">Spanish Version<\/a><\/li>\n<li><a href=\"https:\/\/www.md-elektronik.com\/wp-content\/uploads\/2024\/11\/Zertifikat-MDMX_EN14001_45001-2.pdf\">English Version<\/a><\/li>\n<li><a href=\"https:\/\/www.md-elektronik.com\/wp-content\/uploads\/2024\/11\/Zertifikat-MDMX_DE_14001_45001.pdf\">German Version<\/a><\/li>\n<\/ul>\n<p><strong>MD ELEKTRONIK \u2013 Bulgaria \u2013 <span lang=\"de\" data-ogsc=\"rgb(31, 73, 125)\">ISO 14001\/ ISO 45001<\/span><\/strong><\/p>\n<ul>\n<li><a href=\"https:\/\/www.md-elektronik.com\/wp-content\/uploads\/2024\/02\/16739ms_08_EOOD_141_451_DIN_EN_ISO_14001_45001_bg.pdf\">Bulgarian Version<\/a><\/li>\n<li><a href=\"https:\/\/www.md-elektronik.com\/wp-content\/uploads\/2024\/02\/16739ms_08_EOOD_141_451_DIN_EN_ISO_14001_45001_en.pdf\">English Version<\/a><\/li>\n<\/ul>\n\n\t\t<\/div>\n\t\t\t\t\t<\/div>\n\n\t\n\n\t<div id=\"col-1475775145\" class=\"col medium-4 small-12 large-4\"  >\n\t\t\t\t<div class=\"col-inner\"  >\n\t\t\t\n\t\t\t\n\n<header><\/header>\n<h2><strong>ACCREDITED LABORATORIES:<\/strong><\/h2>\n<p><strong>MD ELEKTRONIK \u2013 Germany<\/strong><\/p>\n<ul>\n<li><a href=\"https:\/\/www.md-elektronik.com\/wp-content\/uploads\/2024\/03\/Akkreditierungsurkunde-DAkkS-D-PL-19548-01-01.pdf\">Accreditation of the German National Accreditation Body (DAkkS) D-PL-19548-01-01 (German Language)<\/a><\/li>\n<li><a href=\"https:\/\/www.md-elektronik.com\/wp-content\/uploads\/2024\/03\/Akkreditierungsurkunde-DAkkS-D-PL-19548-01-03.pdf\">Accreditation of the German National Accreditation Body (DAkkS)- D-PL-19548-01-03 (German Language)<\/a>\u00a0<\/li>\n<li><a href=\"https:\/\/www.md-elektronik.com\/wp-content\/uploads\/2026\/01\/C43615-DE-LALG-70098652-Liste-der-Verfahren-Standort-MDD.pdf\">List of Test Methods \u2013 Location MD(D) (German Language)<\/a><\/li>\n<li><a href=\"https:\/\/www.md-elektronik.com\/wp-content\/uploads\/2025\/01\/MD-Test-Laboratory-decision-rules.pdf\">MD Test Laboratory decision rules<\/a><\/li>\n<\/ul>\n<p><img decoding=\"async\" class=\"alignnone  wp-image-9021\" src=\"https:\/\/www.md-elektronik.com\/wp-content\/uploads\/2024\/07\/D-PL-19548-01-00_DAkkS_Symbol_ILAC_RGB_2.1-scaled.jpg\" alt=\"\" width=\"160\" height=\"61\" \/><\/p>\n<p><sub><em>The accreditation is valid for the scope defined in the document annex D-PL-22492-01-01 and D-PL-22492-01-03<\/em><\/sub><\/p>\n<p><strong><br \/>MD ELEKTRONIK \u2013 Czech Republic<\/strong><\/p>\n<ul>\n<li><a href=\"https:\/\/www.md-elektronik.com\/wp-content\/uploads\/2025\/03\/Akkreditierungsurkunde-DAkkS-D-PL-19548-01-02.pdf\">Accreditation of the German National Accreditation Body (DAkkS) D-PL-19548-01-02 (German Language)\u00a0<\/a><\/li>\n<li><a href=\"https:\/\/www.md-elektronik.com\/wp-content\/uploads\/2024\/10\/List-of-test-methods-location-MDCZ.pdf\">List of Test Methods \u2013 Location MD(CZ)<\/a>\u00a0<\/li>\n<li><a href=\"https:\/\/www.md-elektronik.com\/wp-content\/uploads\/2025\/01\/MD-Test-Laboratory-decision-rules.pdf\">MD Test Laboratory decision rules<\/a><\/li>\n<\/ul>\n<p><img decoding=\"async\" class=\"alignnone  wp-image-9015\" src=\"https:\/\/www.md-elektronik.com\/wp-content\/uploads\/2022\/02\/DAkkS_Symbol_ILAC_RGB_2.1_CZ_small-300x117.jpg\" alt=\"\" width=\"160\" height=\"61\" \/><\/p>\n<p><em><sub>The accreditation is valid for the scope defined in the document annex D-PL-19548-01-02<\/sub><\/em><\/p>\n<p>\u00a0<\/p>\n<p><strong>MD ELECTRONICS \u2013 China (Changzhou)<\/strong><\/p>\n<ul>\n<li><a href=\"https:\/\/www.md-elektronik.com\/wp-content\/uploads\/2026\/03\/Accreditation-of-the-German-National-Accreditation-Body-DAkkS-D-PL-22492-01-00.pdf\">Accreditation of the German National Accreditation Body (DAkkS) D-PL-22492-01-00\u00a0<\/a>\u00a0<\/li>\n<li><a href=\"https:\/\/www.md-elektronik.com\/wp-content\/uploads\/2025\/01\/List-of-Test-Methods-Location-MDCN.C.pdf\">List of Test Methods \u2013 Location MD(CN.C)<\/a>\u00a0<\/li>\n<li><a href=\"https:\/\/www.md-elektronik.com\/wp-content\/uploads\/2025\/01\/MD-Test-Laboratory-decision-rules.pdf\">MD Test Laboratory decision rules<\/a><\/li>\n<\/ul>\n<p><img decoding=\"async\" class=\"alignnone  wp-image-9015\" src=\"https:\/\/www.md-elektronik.com\/wp-content\/uploads\/2026\/03\/ILACDAKKS-RGB_D-PL-22492-01-00-scaled.jpg\" alt=\"\" width=\"160\" height=\"61\" \/><\/p>\n<p><em><sub>The accreditation is valid for the scope defined in the document annex D-PL-22492-01-00<\/sub><\/em><\/p>\n<p>\u00a0<\/p>\n<h2><strong>NON-ACCREDITED LABORATORIES:<\/strong><\/h2>\n<p><strong>MD ELEKTRONIK \u2013 Mexico<\/strong><\/p>\n<ul>\n<li><a href=\"https:\/\/www.md-elektronik.com\/wp-content\/uploads\/2025\/01\/MD-Test-Laboratory-decision-rules.pdf\">MD Test Laboratory decision rules\u00a0<\/a><\/li>\n<li><a href=\"https:\/\/www.md-elektronik.com\/wp-content\/uploads\/2025\/02\/List-of-test-methods-location-MDMX.pdf\"> List of Test Methods &#8211; Location MD (MX)<\/a><\/li>\n<\/ul>\n\n\t\t<\/div>\n\t\t\t\t\t<\/div>\n\n\t\n\n<\/div>\n\n","protected":false},"excerpt":{"rendered":"","protected":false},"author":2,"featured_media":0,"parent":5723,"menu_order":3,"comment_status":"closed","ping_status":"closed","template":"","meta":{"footnotes":""},"class_list":["post-1596","page","type-page","status-publish","hentry"],"_links":{"self":[{"href":"https:\/\/www.md-elektronik.com\/en\/wp-json\/wp\/v2\/pages\/1596","targetHints":{"allow":["GET"]}}],"collection":[{"href":"https:\/\/www.md-elektronik.com\/en\/wp-json\/wp\/v2\/pages"}],"about":[{"href":"https:\/\/www.md-elektronik.com\/en\/wp-json\/wp\/v2\/types\/page"}],"author":[{"embeddable":true,"href":"https:\/\/www.md-elektronik.com\/en\/wp-json\/wp\/v2\/users\/2"}],"replies":[{"embeddable":true,"href":"https:\/\/www.md-elektronik.com\/en\/wp-json\/wp\/v2\/comments?post=1596"}],"version-history":[{"count":142,"href":"https:\/\/www.md-elektronik.com\/en\/wp-json\/wp\/v2\/pages\/1596\/revisions"}],"predecessor-version":[{"id":31777,"href":"https:\/\/www.md-elektronik.com\/en\/wp-json\/wp\/v2\/pages\/1596\/revisions\/31777"}],"up":[{"embeddable":true,"href":"https:\/\/www.md-elektronik.com\/en\/wp-json\/wp\/v2\/pages\/5723"}],"wp:attachment":[{"href":"https:\/\/www.md-elektronik.com\/en\/wp-json\/wp\/v2\/media?parent=1596"}],"curies":[{"name":"wp","href":"https:\/\/api.w.org\/{rel}","templated":true}]}}