{"id":10291,"date":"2022-05-04T13:33:11","date_gmt":"2022-05-04T11:33:11","guid":{"rendered":"https:\/\/www.md-elektronik.com\/?page_id=10291"},"modified":"2022-05-04T13:33:13","modified_gmt":"2022-05-04T11:33:13","slug":"klaus-bramhofer","status":"publish","type":"page","link":"https:\/\/www.md-elektronik.com\/es\/klaus-bramhofer\/","title":{"rendered":"Klaus Bramhofer"},"content":{"rendered":"\n<div class=\"message-box relative\" style=\"padding-top:30px;padding-bottom:30px;\"><div class=\"message-box-bg-image bg-fill fill\" ><\/div><div class=\"message-box-bg-overlay bg-fill fill\" style=\"background-color:rgb(245, 245, 247);\"><\/div><div class=\"container relative\"><div class=\"inner last-reset\">\n\n<div class=\"row align-equal align-center\"  id=\"row-1201429585\">\n\n\n\t<div id=\"col-1209545206\" class=\"col medium-3 small-12 large-3\"  >\n\t\t\t\t<div class=\"col-inner\"  >\n\t\t\t\n\t\t\t\n\n\t<div id=\"gap-769949116\" class=\"gap-element clearfix\" style=\"display:block; height:auto;\">\n\t\t\n<style>\n#gap-769949116 {\n  padding-top: 10px;\n}\n<\/style>\n\t<\/div>\n\t\n\n\t<div class=\"img has-hover x md-x lg-x y md-y lg-y\" id=\"image_1588625562\">\n\t\t\t\t\t\t\t\t<div class=\"img-inner dark\" >\n\t\t\t<img decoding=\"async\" width=\"1020\" height=\"1020\" src=\"https:\/\/www.md-elektronik.com\/wp-content\/uploads\/2021\/12\/klaus_ladenburger_md_quadrat-1024x1024.jpg\" class=\"attachment-large size-large\" alt=\"\" srcset=\"https:\/\/www.md-elektronik.com\/wp-content\/uploads\/2021\/12\/klaus_ladenburger_md_quadrat.jpg 1024w, https:\/\/www.md-elektronik.com\/wp-content\/uploads\/2021\/12\/klaus_ladenburger_md_quadrat-300x300.jpg 300w, https:\/\/www.md-elektronik.com\/wp-content\/uploads\/2021\/12\/klaus_ladenburger_md_quadrat-150x150.jpg 150w, https:\/\/www.md-elektronik.com\/wp-content\/uploads\/2021\/12\/klaus_ladenburger_md_quadrat-768x768.jpg 768w\" sizes=\"(max-width: 1020px) 100vw, 1020px\" \/>\t\t\t\t\t\t\n\t\t\t\t\t<\/div>\n\t\t\t\t\t\t\t\t\n<style>\n#image_1588625562 {\n  width: 99%;\n}\n<\/style>\n\t<\/div>\n\t\n\n\n\t\t<\/div>\n\t\t\t\t\t<\/div>\n\n\t\n\n\t<div id=\"col-1828232247\" class=\"col medium-9 small-12 large-9\"  >\n\t\t\t\t<div class=\"col-inner\"  >\n\t\t\t\n\t\t\t\n\n<p><span style=\"font-size: 130%;\"><strong>Klaus Bramhofer<\/strong><\/span><\/p>\n<p>Klaus Bramhofer es el director del departamento Technical Product Management en MD. Su misi\u00f3n es establecer a MD no tan s\u00f3lo como proveedor sino tambi\u00e9n como colaborador en el desarrollo de nuevos componentes de connectores en el sector automotriz. Con m\u00e1s de 15 a\u00f1os de experiencia en el sector, es todo un experto en este campo. Tras sus inicios como Application Engineer, en su puesto de Manager Development Sensor Cables cre\u00f3 y dirigi\u00f3 un departamento de I+D en MD. Adem\u00e1s del contacto estrecho con los clientes y de trabajar en un equipo global, de su trabajo valora especialmente las experiencias interculturales que este conlleva.<\/p>\n\n\t\t<\/div>\n\t\t\t\t\t<\/div>\n\n\t\n\n\n<style>\n#row-1201429585 > .col > .col-inner {\n  padding: 0 0px 0px 0px;\n}\n<\/style>\n<\/div>\n\n<\/div><\/div><\/div>\n","protected":false},"excerpt":{"rendered":"","protected":false},"author":1,"featured_media":0,"parent":0,"menu_order":1,"comment_status":"closed","ping_status":"closed","template":"","meta":{"footnotes":""},"class_list":["post-10291","page","type-page","status-publish","hentry"],"_links":{"self":[{"href":"https:\/\/www.md-elektronik.com\/es\/wp-json\/wp\/v2\/pages\/10291","targetHints":{"allow":["GET"]}}],"collection":[{"href":"https:\/\/www.md-elektronik.com\/es\/wp-json\/wp\/v2\/pages"}],"about":[{"href":"https:\/\/www.md-elektronik.com\/es\/wp-json\/wp\/v2\/types\/page"}],"author":[{"embeddable":true,"href":"https:\/\/www.md-elektronik.com\/es\/wp-json\/wp\/v2\/users\/1"}],"replies":[{"embeddable":true,"href":"https:\/\/www.md-elektronik.com\/es\/wp-json\/wp\/v2\/comments?post=10291"}],"version-history":[{"count":1,"href":"https:\/\/www.md-elektronik.com\/es\/wp-json\/wp\/v2\/pages\/10291\/revisions"}],"predecessor-version":[{"id":10292,"href":"https:\/\/www.md-elektronik.com\/es\/wp-json\/wp\/v2\/pages\/10291\/revisions\/10292"}],"wp:attachment":[{"href":"https:\/\/www.md-elektronik.com\/es\/wp-json\/wp\/v2\/media?parent=10291"}],"curies":[{"name":"wp","href":"https:\/\/api.w.org\/{rel}","templated":true}]}}