{"id":12968,"date":"2022-10-12T13:51:17","date_gmt":"2022-10-12T11:51:17","guid":{"rendered":"https:\/\/www.md-elektronik.com\/?page_id=12968"},"modified":"2022-10-12T13:51:18","modified_gmt":"2022-10-12T11:51:18","slug":"felix-gunawan","status":"publish","type":"page","link":"https:\/\/www.md-elektronik.com\/es\/felix-gunawan\/","title":{"rendered":"Felix Gunawan"},"content":{"rendered":"\n<div class=\"message-box relative\" style=\"padding-top:30px;padding-bottom:30px;\"><div class=\"message-box-bg-image bg-fill fill\" ><\/div><div class=\"message-box-bg-overlay bg-fill fill\" style=\"background-color:rgb(245, 245, 247);\"><\/div><div class=\"container relative\"><div class=\"inner last-reset\">\r\n\r\n<div class=\"row align-equal align-center\"  id=\"row-604199070\">\r\n\r\n\n\t<div id=\"col-237418994\" class=\"col medium-3 small-12 large-3\"  >\n\t\t\t\t<div class=\"col-inner\"  >\n\t\t\t\n\t\t\t\r\n\r\n\t<div id=\"gap-352953008\" class=\"gap-element clearfix\" style=\"display:block; height:auto;\">\n\t\t\n<style>\n#gap-352953008 {\n  padding-top: 10px;\n}\n<\/style>\n\t<\/div>\n\t\r\n\r\n\t<div class=\"img has-hover img-rounded x md-x lg-x y md-y lg-y\" id=\"image_1794645900\">\n\t\t\t\t\t\t\t\t<div class=\"img-inner dark\" >\n\t\t\t<img decoding=\"async\" width=\"1020\" height=\"1020\" src=\"https:\/\/www.md-elektronik.com\/wp-content\/uploads\/2022\/10\/md_felix_interview_quadr-1024x1024.jpg\" class=\"attachment-large size-large\" alt=\"\" srcset=\"https:\/\/www.md-elektronik.com\/wp-content\/uploads\/2022\/10\/md_felix_interview_quadr.jpg 1024w, https:\/\/www.md-elektronik.com\/wp-content\/uploads\/2022\/10\/md_felix_interview_quadr-300x300.jpg 300w, https:\/\/www.md-elektronik.com\/wp-content\/uploads\/2022\/10\/md_felix_interview_quadr-150x150.jpg 150w, https:\/\/www.md-elektronik.com\/wp-content\/uploads\/2022\/10\/md_felix_interview_quadr-768x768.jpg 768w\" sizes=\"(max-width: 1020px) 100vw, 1020px\" \/>\t\t\t\t\t\t\n\t\t\t\t\t<\/div>\n\t\t\t\t\t\t\t\t\n<style>\n#image_1794645900 {\n  width: 100%;\n}\n<\/style>\n\t<\/div>\n\t\r\n\r\n\r\n\t\t<\/div>\n\t\t\t\t\t<\/div>\n\n\t\r\n\n\t<div id=\"col-2112186438\" class=\"col medium-9 small-12 large-9\"  >\n\t\t\t\t<div class=\"col-inner\"  >\n\t\t\t\n\t\t\t\r\n\r\n<p><span style=\"font-size: 130%;\"><strong>Acerca de Felix Gunawan<\/strong><\/span><\/p>\r\n<p>contactos con centros de investigaci\u00f3n y desarrollo del sector automotriz que est\u00e1n tanto en expansi\u00f3n como ya consolidados en Silicon Valley. Gracias a su experiencia de m\u00e1s de 10 a\u00f1os, Felix cuenta con un amplio conocimiento en diferentes sectores de la industria. Felix valora mucho el contacto tan estrecho y cercano con el cliente que conlleva su trabajo y particularmente est\u00e1 muy entusiasmado en trabajar en conjunto con sus compa\u00f1eros de MD en Alemania para ayudar a incrementar y mejorar las distintas actividades que se llevan actualmente en California. <\/p>\r\n\r\n\t\t<\/div>\n\t\t\t\t\t<\/div>\n\n\t\r\n\r\n\n<style>\n#row-604199070 > .col > .col-inner {\n  padding: 0 0px 0px 0px;\n}\n<\/style>\n<\/div>\r\n\r\n<\/div><\/div><\/div>\n","protected":false},"excerpt":{"rendered":"","protected":false},"author":1,"featured_media":0,"parent":0,"menu_order":0,"comment_status":"closed","ping_status":"closed","template":"","meta":{"footnotes":""},"class_list":["post-12968","page","type-page","status-publish","hentry"],"_links":{"self":[{"href":"https:\/\/www.md-elektronik.com\/es\/wp-json\/wp\/v2\/pages\/12968","targetHints":{"allow":["GET"]}}],"collection":[{"href":"https:\/\/www.md-elektronik.com\/es\/wp-json\/wp\/v2\/pages"}],"about":[{"href":"https:\/\/www.md-elektronik.com\/es\/wp-json\/wp\/v2\/types\/page"}],"author":[{"embeddable":true,"href":"https:\/\/www.md-elektronik.com\/es\/wp-json\/wp\/v2\/users\/1"}],"replies":[{"embeddable":true,"href":"https:\/\/www.md-elektronik.com\/es\/wp-json\/wp\/v2\/comments?post=12968"}],"version-history":[{"count":1,"href":"https:\/\/www.md-elektronik.com\/es\/wp-json\/wp\/v2\/pages\/12968\/revisions"}],"predecessor-version":[{"id":12972,"href":"https:\/\/www.md-elektronik.com\/es\/wp-json\/wp\/v2\/pages\/12968\/revisions\/12972"}],"wp:attachment":[{"href":"https:\/\/www.md-elektronik.com\/es\/wp-json\/wp\/v2\/media?parent=12968"}],"curies":[{"name":"wp","href":"https:\/\/api.w.org\/{rel}","templated":true}]}}