{"id":13248,"date":"2022-11-17T15:26:16","date_gmt":"2022-11-17T14:26:16","guid":{"rendered":"https:\/\/www.md-elektronik.com\/?page_id=13248"},"modified":"2022-11-17T15:29:18","modified_gmt":"2022-11-17T14:29:18","slug":"christian-neulinger","status":"publish","type":"page","link":"https:\/\/www.md-elektronik.com\/es\/christian-neulinger\/","title":{"rendered":"Christian Neulinger"},"content":{"rendered":"\n<div class=\"message-box relative\" style=\"padding-top:30px;padding-bottom:30px;\"><div class=\"message-box-bg-image bg-fill fill\" ><\/div><div class=\"message-box-bg-overlay bg-fill fill\" style=\"background-color:rgb(245, 245, 247);\"><\/div><div class=\"container relative\"><div class=\"inner last-reset\">\n\n<div class=\"row align-equal align-center\"  id=\"row-1882816845\">\n\n\n\t<div id=\"col-204595444\" class=\"col medium-3 small-12 large-3\"  >\n\t\t\t\t<div class=\"col-inner\"  >\n\t\t\t\n\t\t\t\n\n\t<div id=\"gap-1030769457\" class=\"gap-element clearfix\" style=\"display:block; height:auto;\">\n\t\t\n<style>\n#gap-1030769457 {\n  padding-top: 10px;\n}\n<\/style>\n\t<\/div>\n\t\n\n\t<div class=\"img has-hover x md-x lg-x y md-y lg-y\" id=\"image_1702976957\">\n\t\t\t\t\t\t\t\t<div class=\"img-inner dark\" >\n\t\t\t<img decoding=\"async\" width=\"800\" height=\"800\" src=\"https:\/\/www.md-elektronik.com\/wp-content\/uploads\/2025\/05\/DSC05538-Neulinger_Christian-high.jpg\" class=\"attachment-large size-large\" alt=\"\" srcset=\"https:\/\/www.md-elektronik.com\/wp-content\/uploads\/2025\/05\/DSC05538-Neulinger_Christian-high.jpg 800w, https:\/\/www.md-elektronik.com\/wp-content\/uploads\/2025\/05\/DSC05538-Neulinger_Christian-high-300x300.jpg 300w, https:\/\/www.md-elektronik.com\/wp-content\/uploads\/2025\/05\/DSC05538-Neulinger_Christian-high-150x150.jpg 150w, https:\/\/www.md-elektronik.com\/wp-content\/uploads\/2025\/05\/DSC05538-Neulinger_Christian-high-768x768.jpg 768w\" sizes=\"(max-width: 800px) 100vw, 800px\" \/>\t\t\t\t\t\t\n\t\t\t\t\t<\/div>\n\t\t\t\t\t\t\t\t\n<style>\n#image_1702976957 {\n  width: 99%;\n}\n<\/style>\n\t<\/div>\n\t\n\n\n\t\t<\/div>\n\t\t\t\t\t<\/div>\n\n\t\n\n\t<div id=\"col-1277633981\" class=\"col medium-9 small-12 large-9\"  >\n\t\t\t\t<div class=\"col-inner\"  >\n\t\t\t\n\t\t\t\n\n<p><span style=\"font-size: 130%;\"><strong>Christian Neulinger<\/strong><\/span><\/p>\n<p>Christian Neulinger es \u00abManager Radio Frequency & Simulation\u00bb y cuenta con m\u00e1s de 15 a\u00f1os de experiencia profesional en el desarrollo y la cualificaci\u00f3n de componentes el\u00e9ctricos innovadores para la transmisi\u00f3n de datos a alta velocidad por cable. Dirige el departamento de desarrollo de alta frecuencia, con ingenieros especializados en la simulaci\u00f3n de alta frecuencia y mec\u00e1nica estructural para el desarrollo de componentes de transmisi\u00f3n de datos. Como miembro activo en diversas organizaciones de estandarizaci\u00f3n como la IEEE 802.3, trabaja en el desarrollo de nuevos sistemas de transmisi\u00f3n de datos de gran rendimiento para la industria automovil\u00edstica<\/p>\n\n\t\t<\/div>\n\t\t\t\t\t<\/div>\n\n\t\n\n\n<style>\n#row-1882816845 > .col > .col-inner {\n  padding: 0 0px 0px 0px;\n}\n<\/style>\n<\/div>\n\n<\/div><\/div><\/div>\n\n\n","protected":false},"excerpt":{"rendered":"","protected":false},"author":1,"featured_media":0,"parent":0,"menu_order":0,"comment_status":"closed","ping_status":"closed","template":"","meta":{"footnotes":""},"class_list":["post-13248","page","type-page","status-publish","hentry"],"_links":{"self":[{"href":"https:\/\/www.md-elektronik.com\/es\/wp-json\/wp\/v2\/pages\/13248","targetHints":{"allow":["GET"]}}],"collection":[{"href":"https:\/\/www.md-elektronik.com\/es\/wp-json\/wp\/v2\/pages"}],"about":[{"href":"https:\/\/www.md-elektronik.com\/es\/wp-json\/wp\/v2\/types\/page"}],"author":[{"embeddable":true,"href":"https:\/\/www.md-elektronik.com\/es\/wp-json\/wp\/v2\/users\/1"}],"replies":[{"embeddable":true,"href":"https:\/\/www.md-elektronik.com\/es\/wp-json\/wp\/v2\/comments?post=13248"}],"version-history":[{"count":2,"href":"https:\/\/www.md-elektronik.com\/es\/wp-json\/wp\/v2\/pages\/13248\/revisions"}],"predecessor-version":[{"id":13256,"href":"https:\/\/www.md-elektronik.com\/es\/wp-json\/wp\/v2\/pages\/13248\/revisions\/13256"}],"wp:attachment":[{"href":"https:\/\/www.md-elektronik.com\/es\/wp-json\/wp\/v2\/media?parent=13248"}],"curies":[{"name":"wp","href":"https:\/\/api.w.org\/{rel}","templated":true}]}}