{"id":13841,"date":"2023-01-13T13:11:31","date_gmt":"2023-01-13T12:11:31","guid":{"rendered":"https:\/\/www.md-elektronik.com\/?page_id=13841"},"modified":"2024-08-08T09:31:04","modified_gmt":"2024-08-08T07:31:04","slug":"karl-ott","status":"publish","type":"page","link":"https:\/\/www.md-elektronik.com\/es\/karl-ott\/","title":{"rendered":"Karl Ott"},"content":{"rendered":"\n<div class=\"message-box relative\" style=\"padding-top:30px;padding-bottom:30px;\"><div class=\"message-box-bg-image bg-fill fill\" ><\/div><div class=\"message-box-bg-overlay bg-fill fill\" style=\"background-color:rgb(245, 245, 247);\"><\/div><div class=\"container relative\"><div class=\"inner last-reset\">\n\n<div class=\"row align-equal align-center\"  id=\"row-1588032012\">\n\n\n\t<div id=\"col-538895061\" class=\"col medium-3 small-12 large-3\"  >\n\t\t\t\t<div class=\"col-inner\"  >\n\t\t\t\n\t\t\t\n\n\t<div id=\"gap-1567683135\" class=\"gap-element clearfix\" style=\"display:block; height:auto;\">\n\t\t\n<style>\n#gap-1567683135 {\n  padding-top: 10px;\n}\n<\/style>\n\t<\/div>\n\t\n\n\t<div class=\"img has-hover img-rounded x md-x lg-x y md-y lg-y\" id=\"image_357191244\">\n\t\t\t\t\t\t\t\t<div class=\"img-inner dark\" >\n\t\t\t<img decoding=\"async\" width=\"1020\" height=\"1020\" src=\"https:\/\/www.md-elektronik.com\/wp-content\/uploads\/2023\/01\/md-karl-ott-1024x1024.jpg\" class=\"attachment-large size-large\" alt=\"\" srcset=\"https:\/\/www.md-elektronik.com\/wp-content\/uploads\/2023\/01\/md-karl-ott.jpg 1024w, https:\/\/www.md-elektronik.com\/wp-content\/uploads\/2023\/01\/md-karl-ott-300x300.jpg 300w, https:\/\/www.md-elektronik.com\/wp-content\/uploads\/2023\/01\/md-karl-ott-150x150.jpg 150w, https:\/\/www.md-elektronik.com\/wp-content\/uploads\/2023\/01\/md-karl-ott-768x768.jpg 768w\" sizes=\"(max-width: 1020px) 100vw, 1020px\" \/>\t\t\t\t\t\t\n\t\t\t\t\t<\/div>\n\t\t\t\t\t\t\t\t\n<style>\n#image_357191244 {\n  width: 99%;\n}\n<\/style>\n\t<\/div>\n\t\n\n\n\t\t<\/div>\n\t\t\t\t\t<\/div>\n\n\t\n\n\t<div id=\"col-709496903\" class=\"col medium-9 small-12 large-9\"  >\n\t\t\t\t<div class=\"col-inner\"  >\n\t\t\t\n\t\t\t\n\n<p><span style=\"font-size: 130%;\"><strong>Karl Ott<\/strong><\/span><\/p>\n<p>Karl Ott es Director Technology en MD. Su misi\u00f3n consiste en desarrollar para MD los equipamientos de producci\u00f3n del futuro, as\u00ed como proporcionar equipamientos de producci\u00f3n estrat\u00e9gicos actuales a los centros de producci\u00f3n. Con sus m\u00e1s de 15 a\u00f1os de experiencia en el sector del autom\u00f3vil, en el \u00e1rea de planificaci\u00f3n y desarrollo de procesos, es todo un experto en este campo. Tras sus inicios como Process Development Engineer, en su puesto de Director Technology ha continuado desarrollando las \u00e1reas internas de desarrollo y adquisici\u00f3n del equipamiento de producci\u00f3n, y en todas las sedes de MD ha implementado departamentos para ocuparse in situ de las tecnolog\u00edas. De su trabajo, lo que m\u00e1s aprecia es la diversidad de tareas, la colaboraci\u00f3n entre sedes y las experiencias interculturales que esta conlleva.<\/p>\n\n\t\t<\/div>\n\t\t\t\t\t<\/div>\n\n\t\n\n\n<style>\n#row-1588032012 > .col > .col-inner {\n  padding: 0 0px 0px 0px;\n}\n<\/style>\n<\/div>\n\n<\/div><\/div><\/div>\n","protected":false},"excerpt":{"rendered":"","protected":false},"author":1,"featured_media":0,"parent":0,"menu_order":0,"comment_status":"closed","ping_status":"closed","template":"","meta":{"footnotes":""},"class_list":["post-13841","page","type-page","status-publish","hentry"],"_links":{"self":[{"href":"https:\/\/www.md-elektronik.com\/es\/wp-json\/wp\/v2\/pages\/13841","targetHints":{"allow":["GET"]}}],"collection":[{"href":"https:\/\/www.md-elektronik.com\/es\/wp-json\/wp\/v2\/pages"}],"about":[{"href":"https:\/\/www.md-elektronik.com\/es\/wp-json\/wp\/v2\/types\/page"}],"author":[{"embeddable":true,"href":"https:\/\/www.md-elektronik.com\/es\/wp-json\/wp\/v2\/users\/1"}],"replies":[{"embeddable":true,"href":"https:\/\/www.md-elektronik.com\/es\/wp-json\/wp\/v2\/comments?post=13841"}],"version-history":[{"count":2,"href":"https:\/\/www.md-elektronik.com\/es\/wp-json\/wp\/v2\/pages\/13841\/revisions"}],"predecessor-version":[{"id":23670,"href":"https:\/\/www.md-elektronik.com\/es\/wp-json\/wp\/v2\/pages\/13841\/revisions\/23670"}],"wp:attachment":[{"href":"https:\/\/www.md-elektronik.com\/es\/wp-json\/wp\/v2\/media?parent=13841"}],"curies":[{"name":"wp","href":"https:\/\/api.w.org\/{rel}","templated":true}]}}