{"id":14134,"date":"2023-02-06T11:41:41","date_gmt":"2023-02-06T10:41:41","guid":{"rendered":"https:\/\/www.md-elektronik.com\/?page_id=14134"},"modified":"2023-02-06T11:41:42","modified_gmt":"2023-02-06T10:41:42","slug":"christoph-zauner","status":"publish","type":"page","link":"https:\/\/www.md-elektronik.com\/es\/christoph-zauner\/","title":{"rendered":"Christoph Zauner"},"content":{"rendered":"\n<div class=\"message-box relative\" style=\"padding-top:30px;padding-bottom:30px;\"><div class=\"message-box-bg-image bg-fill fill\" ><\/div><div class=\"message-box-bg-overlay bg-fill fill\" style=\"background-color:rgb(245, 245, 247);\"><\/div><div class=\"container relative\"><div class=\"inner last-reset\">\r\n\r\n<div class=\"row align-equal align-center\"  id=\"row-1798530673\">\r\n\r\n\n\t<div id=\"col-1412504055\" class=\"col medium-3 small-12 large-3\"  >\n\t\t\t\t<div class=\"col-inner\"  >\n\t\t\t\n\t\t\t\r\n\r\n\t<div id=\"gap-2037450964\" class=\"gap-element clearfix\" style=\"display:block; height:auto;\">\n\t\t\n<style>\n#gap-2037450964 {\n  padding-top: 10px;\n}\n<\/style>\n\t<\/div>\n\t\r\n\r\n\t<div class=\"img has-hover img-rounded x md-x lg-x y md-y lg-y\" id=\"image_28737859\">\n\t\t\t\t\t\t\t\t<div class=\"img-inner dark\" >\n\t\t\t<img decoding=\"async\" width=\"800\" height=\"800\" src=\"https:\/\/www.md-elektronik.com\/wp-content\/uploads\/2022\/11\/autor_christoph_zauner_md.png\" class=\"attachment-large size-large\" alt=\"\" srcset=\"https:\/\/www.md-elektronik.com\/wp-content\/uploads\/2022\/11\/autor_christoph_zauner_md.png 800w, https:\/\/www.md-elektronik.com\/wp-content\/uploads\/2022\/11\/autor_christoph_zauner_md-300x300.png 300w, https:\/\/www.md-elektronik.com\/wp-content\/uploads\/2022\/11\/autor_christoph_zauner_md-150x150.png 150w, https:\/\/www.md-elektronik.com\/wp-content\/uploads\/2022\/11\/autor_christoph_zauner_md-768x768.png 768w\" sizes=\"(max-width: 800px) 100vw, 800px\" \/>\t\t\t\t\t\t\n\t\t\t\t\t<\/div>\n\t\t\t\t\t\t\t\t\n<style>\n#image_28737859 {\n  width: 99%;\n}\n<\/style>\n\t<\/div>\n\t\r\n\r\n\r\n\t\t<\/div>\n\t\t\t\t\t<\/div>\n\n\t\r\n\n\t<div id=\"col-1395848100\" class=\"col medium-9 small-12 large-9\"  >\n\t\t\t\t<div class=\"col-inner\"  >\n\t\t\t\n\t\t\t\r\n\r\n<p><span style=\"font-size: 130%;\"><strong>Acerca de Christoph Zauner<\/strong><\/span><\/p>\r\n<p>Christoph Zauner es m\u00e1nager en el departamento de Technical Product Management en MD. Su actividad se centra en el sector de los productos C-KLIC, los conectores PCB para automoci\u00f3n y los componentes electr\u00f3nicos. Su dilatada experiencia en el desarrollo de la electr\u00f3nica le caracteriza en este \u00e1mbito. Lo que m\u00e1s le gusta de su trabajo: \u00abPoder participar en el desarrollo de nuevos productos desde cero es un privilegio muy especial. El contacto estrecho con los clientes, el trabajo conjunto en un equipo internacional y las experiencias interculturales que conlleva hacen este trabajo especialmente interesante.\r\n<\/p>\r\n\r\n\t\t<\/div>\n\t\t\t\t\t<\/div>\n\n\t\r\n\r\n\n<style>\n#row-1798530673 > .col > .col-inner {\n  padding: 0 0px 0px 0px;\n}\n<\/style>\n<\/div>\r\n\r\n<\/div><\/div><\/div>\n","protected":false},"excerpt":{"rendered":"","protected":false},"author":1,"featured_media":0,"parent":0,"menu_order":0,"comment_status":"closed","ping_status":"closed","template":"","meta":{"footnotes":""},"class_list":["post-14134","page","type-page","status-publish","hentry"],"_links":{"self":[{"href":"https:\/\/www.md-elektronik.com\/es\/wp-json\/wp\/v2\/pages\/14134","targetHints":{"allow":["GET"]}}],"collection":[{"href":"https:\/\/www.md-elektronik.com\/es\/wp-json\/wp\/v2\/pages"}],"about":[{"href":"https:\/\/www.md-elektronik.com\/es\/wp-json\/wp\/v2\/types\/page"}],"author":[{"embeddable":true,"href":"https:\/\/www.md-elektronik.com\/es\/wp-json\/wp\/v2\/users\/1"}],"replies":[{"embeddable":true,"href":"https:\/\/www.md-elektronik.com\/es\/wp-json\/wp\/v2\/comments?post=14134"}],"version-history":[{"count":1,"href":"https:\/\/www.md-elektronik.com\/es\/wp-json\/wp\/v2\/pages\/14134\/revisions"}],"predecessor-version":[{"id":14139,"href":"https:\/\/www.md-elektronik.com\/es\/wp-json\/wp\/v2\/pages\/14134\/revisions\/14139"}],"wp:attachment":[{"href":"https:\/\/www.md-elektronik.com\/es\/wp-json\/wp\/v2\/media?parent=14134"}],"curies":[{"name":"wp","href":"https:\/\/api.w.org\/{rel}","templated":true}]}}