{"id":14246,"date":"2023-02-13T12:09:50","date_gmt":"2023-02-13T11:09:50","guid":{"rendered":"https:\/\/www.md-elektronik.com\/?page_id=14246"},"modified":"2023-02-13T12:09:51","modified_gmt":"2023-02-13T11:09:51","slug":"wolfgang-reitsamer","status":"publish","type":"page","link":"https:\/\/www.md-elektronik.com\/es\/wolfgang-reitsamer\/","title":{"rendered":"Wolfgang Reitsamer"},"content":{"rendered":"\n<div class=\"message-box relative\" style=\"padding-top:30px;padding-bottom:30px;\"><div class=\"message-box-bg-image bg-fill fill\" ><\/div><div class=\"message-box-bg-overlay bg-fill fill\" style=\"background-color:rgb(245, 245, 247);\"><\/div><div class=\"container relative\"><div class=\"inner last-reset\">\r\n\r\n<div class=\"row align-equal align-center\"  id=\"row-1888819229\">\r\n\r\n\n\t<div id=\"col-1007670683\" class=\"col medium-3 small-12 large-3\"  >\n\t\t\t\t<div class=\"col-inner\"  >\n\t\t\t\n\t\t\t\r\n\r\n\t<div id=\"gap-807242165\" class=\"gap-element clearfix\" style=\"display:block; height:auto;\">\n\t\t\n<style>\n#gap-807242165 {\n  padding-top: 10px;\n}\n<\/style>\n\t<\/div>\n\t\r\n\r\n\t<div class=\"img has-hover x md-x lg-x y md-y lg-y\" id=\"image_1586732416\">\n\t\t\t\t\t\t\t\t<div class=\"img-inner dark\" >\n\t\t\t<img decoding=\"async\" width=\"800\" height=\"800\" src=\"https:\/\/www.md-elektronik.com\/wp-content\/uploads\/2023\/02\/md_wolfgang_reitsamer_autor.jpg\" class=\"attachment-large size-large\" alt=\"\" srcset=\"https:\/\/www.md-elektronik.com\/wp-content\/uploads\/2023\/02\/md_wolfgang_reitsamer_autor.jpg 800w, https:\/\/www.md-elektronik.com\/wp-content\/uploads\/2023\/02\/md_wolfgang_reitsamer_autor-300x300.jpg 300w, https:\/\/www.md-elektronik.com\/wp-content\/uploads\/2023\/02\/md_wolfgang_reitsamer_autor-150x150.jpg 150w, https:\/\/www.md-elektronik.com\/wp-content\/uploads\/2023\/02\/md_wolfgang_reitsamer_autor-768x768.jpg 768w\" sizes=\"(max-width: 800px) 100vw, 800px\" \/>\t\t\t\t\t\t\n\t\t\t\t\t<\/div>\n\t\t\t\t\t\t\t\t\n<style>\n#image_1586732416 {\n  width: 99%;\n}\n<\/style>\n\t<\/div>\n\t\r\n\r\n\r\n\t\t<\/div>\n\t\t\t\t\t<\/div>\n\n\t\r\n\n\t<div id=\"col-431585099\" class=\"col medium-9 small-12 large-9\"  >\n\t\t\t\t<div class=\"col-inner\"  >\n\t\t\t\n\t\t\t\r\n\r\n<p><span style=\"font-size: 130%;\"><strong>Wolfgang Reitsamer<\/strong><\/span><\/p>\r\n<p>Wolfgang Reitsamer dirige el departamento de Ventas internacionales de MD. Su misi\u00f3n consiste en conseguir nuevos clientes para MD y ampliar el negocio con ellos de forma continua. Para ello, en los \u00faltimos a\u00f1os cre\u00f3 las condiciones de car\u00e1cter t\u00e9cnico y organizativo necesarias, especialmente en colaboraci\u00f3n con sus compa\u00f1eros de Norteam\u00e9rica y Asia. Haciendo balance de sus m\u00e1s de 20 a\u00f1os de experiencia en el sector de ventas, 18 de los cuales han sido en la industria del autom\u00f3vil.<\/p>\r\n\r\n\t\t<\/div>\n\t\t\t\t\t<\/div>\n\n\t\r\n\r\n\n<style>\n#row-1888819229 > .col > .col-inner {\n  padding: 0 0px 0px 0px;\n}\n<\/style>\n<\/div>\r\n\r\n<\/div><\/div><\/div>\n","protected":false},"excerpt":{"rendered":"","protected":false},"author":2,"featured_media":0,"parent":0,"menu_order":0,"comment_status":"closed","ping_status":"closed","template":"","meta":{"footnotes":""},"class_list":["post-14246","page","type-page","status-publish","hentry"],"_links":{"self":[{"href":"https:\/\/www.md-elektronik.com\/es\/wp-json\/wp\/v2\/pages\/14246","targetHints":{"allow":["GET"]}}],"collection":[{"href":"https:\/\/www.md-elektronik.com\/es\/wp-json\/wp\/v2\/pages"}],"about":[{"href":"https:\/\/www.md-elektronik.com\/es\/wp-json\/wp\/v2\/types\/page"}],"author":[{"embeddable":true,"href":"https:\/\/www.md-elektronik.com\/es\/wp-json\/wp\/v2\/users\/2"}],"replies":[{"embeddable":true,"href":"https:\/\/www.md-elektronik.com\/es\/wp-json\/wp\/v2\/comments?post=14246"}],"version-history":[{"count":1,"href":"https:\/\/www.md-elektronik.com\/es\/wp-json\/wp\/v2\/pages\/14246\/revisions"}],"predecessor-version":[{"id":14247,"href":"https:\/\/www.md-elektronik.com\/es\/wp-json\/wp\/v2\/pages\/14246\/revisions\/14247"}],"wp:attachment":[{"href":"https:\/\/www.md-elektronik.com\/es\/wp-json\/wp\/v2\/media?parent=14246"}],"curies":[{"name":"wp","href":"https:\/\/api.w.org\/{rel}","templated":true}]}}