{"id":15730,"date":"2023-05-10T14:12:52","date_gmt":"2023-05-10T12:12:52","guid":{"rendered":"https:\/\/www.md-elektronik.com\/?page_id=15730"},"modified":"2023-05-10T14:12:54","modified_gmt":"2023-05-10T12:12:54","slug":"sabine-westermair","status":"publish","type":"page","link":"https:\/\/www.md-elektronik.com\/es\/sabine-westermair\/","title":{"rendered":"Sabine Westermair"},"content":{"rendered":"\n<div class=\"message-box relative\" style=\"padding-top:30px;padding-bottom:30px;\"><div class=\"message-box-bg-image bg-fill fill\" ><\/div><div class=\"message-box-bg-overlay bg-fill fill\" style=\"background-color:rgb(245, 245, 247);\"><\/div><div class=\"container relative\"><div class=\"inner last-reset\">\n\n<div class=\"row align-equal align-center\"  id=\"row-1114063399\">\n\n\n\t<div id=\"col-54314316\" class=\"col medium-3 small-12 large-3\"  >\n\t\t\t\t<div class=\"col-inner\"  >\n\t\t\t\n\t\t\t\n\n\t<div id=\"gap-2007729501\" class=\"gap-element clearfix\" style=\"display:block; height:auto;\">\n\t\t\n<style>\n#gap-2007729501 {\n  padding-top: 10px;\n}\n<\/style>\n\t<\/div>\n\t\n\n\t<div class=\"img has-hover img-rounded x md-x lg-x y md-y lg-y\" id=\"image_1177327538\">\n\t\t\t\t\t\t\t\t<div class=\"img-inner dark\" >\n\t\t\t<img decoding=\"async\" width=\"627\" height=\"627\" src=\"https:\/\/www.md-elektronik.com\/wp-content\/uploads\/2023\/05\/Sabine-Westermair.png\" class=\"attachment-large size-large\" alt=\"\" srcset=\"https:\/\/www.md-elektronik.com\/wp-content\/uploads\/2023\/05\/Sabine-Westermair.png 627w, https:\/\/www.md-elektronik.com\/wp-content\/uploads\/2023\/05\/Sabine-Westermair-300x300.png 300w, https:\/\/www.md-elektronik.com\/wp-content\/uploads\/2023\/05\/Sabine-Westermair-150x150.png 150w\" sizes=\"(max-width: 627px) 100vw, 627px\" \/>\t\t\t\t\t\t\n\t\t\t\t\t<\/div>\n\t\t\t\t\t\t\t\t\n<style>\n#image_1177327538 {\n  width: 99%;\n}\n<\/style>\n\t<\/div>\n\t\n\n\n\t\t<\/div>\n\t\t\t\t\t<\/div>\n\n\t\n\n\t<div id=\"col-3254107\" class=\"col medium-9 small-12 large-9\"  >\n\t\t\t\t<div class=\"col-inner\"  >\n\t\t\t\n\t\t\t\n\n<p><span style=\"font-size: 130%;\"><strong>Sabine Westermair<\/strong><\/span><\/p>\n<p>Sabine Westermair, Director Logistics, es responsable de la log\u00edstica tanto interna como externa en el grupo MD. Con sus m\u00e1s de 11 a\u00f1os de experiencia en el sector automovil\u00edstico y 7 a\u00f1os de responsabilidad directiva, es toda una experta en su campo. Tras sus inicios como especialista en log\u00edstica, durante algunos a\u00f1os se ocup\u00f3 de atender e implementar nuevos procesos y sistemas en el entorno log\u00edstico. Hoy en d\u00eda, es responsable de toda la log\u00edstica, desde el almacenaje hasta el transporte y las aduanas, sin olvidar la planificaci\u00f3n del flujo de material y del layout. Su mayor motivaci\u00f3n es dominar junto con sus compa\u00f1eros\/as y los equipos de las sedes internacionales los crecientes desaf\u00edos en un entorno global, as\u00ed como crear soluciones buenas y transparentes para asuntos tan importantes como la digitalizaci\u00f3n y la sostenibilidad en la log\u00edstica, conformando as\u00ed el futuro de MD Elektronik.<\/p>\n\n\t\t<\/div>\n\t\t\t\t\t<\/div>\n\n\t\n\n\n<style>\n#row-1114063399 > .col > .col-inner {\n  padding: 0 0px 0px 0px;\n}\n<\/style>\n<\/div>\n\n<\/div><\/div><\/div>\n","protected":false},"excerpt":{"rendered":"","protected":false},"author":1,"featured_media":0,"parent":0,"menu_order":0,"comment_status":"closed","ping_status":"closed","template":"","meta":{"footnotes":""},"class_list":["post-15730","page","type-page","status-publish","hentry"],"_links":{"self":[{"href":"https:\/\/www.md-elektronik.com\/es\/wp-json\/wp\/v2\/pages\/15730","targetHints":{"allow":["GET"]}}],"collection":[{"href":"https:\/\/www.md-elektronik.com\/es\/wp-json\/wp\/v2\/pages"}],"about":[{"href":"https:\/\/www.md-elektronik.com\/es\/wp-json\/wp\/v2\/types\/page"}],"author":[{"embeddable":true,"href":"https:\/\/www.md-elektronik.com\/es\/wp-json\/wp\/v2\/users\/1"}],"replies":[{"embeddable":true,"href":"https:\/\/www.md-elektronik.com\/es\/wp-json\/wp\/v2\/comments?post=15730"}],"version-history":[{"count":1,"href":"https:\/\/www.md-elektronik.com\/es\/wp-json\/wp\/v2\/pages\/15730\/revisions"}],"predecessor-version":[{"id":15735,"href":"https:\/\/www.md-elektronik.com\/es\/wp-json\/wp\/v2\/pages\/15730\/revisions\/15735"}],"wp:attachment":[{"href":"https:\/\/www.md-elektronik.com\/es\/wp-json\/wp\/v2\/media?parent=15730"}],"curies":[{"name":"wp","href":"https:\/\/api.w.org\/{rel}","templated":true}]}}