{"id":17183,"date":"2023-08-30T14:44:58","date_gmt":"2023-08-30T12:44:58","guid":{"rendered":"https:\/\/www.md-elektronik.com\/tobias-fiedler\/"},"modified":"2023-08-30T14:44:58","modified_gmt":"2023-08-30T12:44:58","slug":"tobias-fiedler","status":"publish","type":"page","link":"https:\/\/www.md-elektronik.com\/es\/tobias-fiedler\/","title":{"rendered":"Tobias Fiedler"},"content":{"rendered":"\n<div class=\"message-box relative\" style=\"padding-top:30px;padding-bottom:30px;\"><div class=\"message-box-bg-image bg-fill fill\" ><\/div><div class=\"message-box-bg-overlay bg-fill fill\" style=\"background-color:rgb(245, 245, 247);\"><\/div><div class=\"container relative\"><div class=\"inner last-reset\">\n\n<div class=\"row align-equal align-center\"  id=\"row-2096561158\">\n\n\n\t<div id=\"col-1281714790\" class=\"col medium-3 small-12 large-3\"  >\n\t\t\t\t<div class=\"col-inner\"  >\n\t\t\t\n\t\t\t\n\n\t<div id=\"gap-1054393871\" class=\"gap-element clearfix\" style=\"display:block; height:auto;\">\n\t\t\n<style>\n#gap-1054393871 {\n  padding-top: 10px;\n}\n<\/style>\n\t<\/div>\n\t\n\n\t<div class=\"img has-hover img-rounded x md-x lg-x y md-y lg-y\" id=\"image_1329883873\">\n\t\t\t\t\t\t\t\t<div class=\"img-inner dark\" >\n\t\t\t<img decoding=\"async\" width=\"800\" height=\"800\" src=\"https:\/\/www.md-elektronik.com\/wp-content\/uploads\/2023\/08\/tobias-fiedler-no-bg.png\" class=\"attachment-large size-large\" alt=\"\" srcset=\"https:\/\/www.md-elektronik.com\/wp-content\/uploads\/2023\/08\/tobias-fiedler-no-bg.png 800w, https:\/\/www.md-elektronik.com\/wp-content\/uploads\/2023\/08\/tobias-fiedler-no-bg-300x300.png 300w, https:\/\/www.md-elektronik.com\/wp-content\/uploads\/2023\/08\/tobias-fiedler-no-bg-150x150.png 150w, https:\/\/www.md-elektronik.com\/wp-content\/uploads\/2023\/08\/tobias-fiedler-no-bg-768x768.png 768w\" sizes=\"(max-width: 800px) 100vw, 800px\" \/>\t\t\t\t\t\t\n\t\t\t\t\t<\/div>\n\t\t\t\t\t\t\t\t\n<style>\n#image_1329883873 {\n  width: 99%;\n}\n<\/style>\n\t<\/div>\n\t\n\n\n\t\t<\/div>\n\t\t\t\t\t<\/div>\n\n\t\n\n\t<div id=\"col-1748740838\" class=\"col medium-9 small-12 large-9\"  >\n\t\t\t\t<div class=\"col-inner\"  >\n\t\t\t\n\t\t\t\n\n<p><span style=\"font-size: 130%;\"><strong>Tobias Fiedler<\/strong><\/span><\/p>\n<p>Tobias Fiedler dirige el departamento de Product\u00a0&amp;\u00a0Project Management en MD. Junto con su equipo, repartido por tres continentes, su misi\u00f3n consiste en definir la gama de productos de MD para los requisitos de las futuras generaciones de veh\u00edculos y ejecutarlos de forma que sean aptos para el mercado. Con sus m\u00e1s de 14 a\u00f1os de experiencia en la industria automotriz, 12 de los cuales fueron en el \u00e1mbito de la red de a bordo del veh\u00edculo, es todo un experto en este campo. Adem\u00e1s de la comunicaci\u00f3n a nivel t\u00e9cnico con los clientes y socios de desarrollo internacionales, sobre todo le encanta la variedad de sus tareas, que se debe a la continua transformaci\u00f3n de la industria automovil\u00edstica.<\/p>\n\n\t\t<\/div>\n\t\t\t\t\t<\/div>\n\n\t\n\n\n<style>\n#row-2096561158 > .col > .col-inner {\n  padding: 0 0px 0px 0px;\n}\n<\/style>\n<\/div>\n\n<\/div><\/div><\/div>\r\n\r\n\r\n","protected":false},"excerpt":{"rendered":"","protected":false},"author":1,"featured_media":0,"parent":0,"menu_order":0,"comment_status":"closed","ping_status":"closed","template":"","meta":{"footnotes":""},"class_list":["post-17183","page","type-page","status-publish","hentry"],"_links":{"self":[{"href":"https:\/\/www.md-elektronik.com\/es\/wp-json\/wp\/v2\/pages\/17183","targetHints":{"allow":["GET"]}}],"collection":[{"href":"https:\/\/www.md-elektronik.com\/es\/wp-json\/wp\/v2\/pages"}],"about":[{"href":"https:\/\/www.md-elektronik.com\/es\/wp-json\/wp\/v2\/types\/page"}],"author":[{"embeddable":true,"href":"https:\/\/www.md-elektronik.com\/es\/wp-json\/wp\/v2\/users\/1"}],"replies":[{"embeddable":true,"href":"https:\/\/www.md-elektronik.com\/es\/wp-json\/wp\/v2\/comments?post=17183"}],"version-history":[{"count":1,"href":"https:\/\/www.md-elektronik.com\/es\/wp-json\/wp\/v2\/pages\/17183\/revisions"}],"predecessor-version":[{"id":17184,"href":"https:\/\/www.md-elektronik.com\/es\/wp-json\/wp\/v2\/pages\/17183\/revisions\/17184"}],"wp:attachment":[{"href":"https:\/\/www.md-elektronik.com\/es\/wp-json\/wp\/v2\/media?parent=17183"}],"curies":[{"name":"wp","href":"https:\/\/api.w.org\/{rel}","templated":true}]}}