{"id":17296,"date":"2023-08-31T10:12:45","date_gmt":"2023-08-31T08:12:45","guid":{"rendered":"https:\/\/www.md-elektronik.com\/?page_id=17296"},"modified":"2026-03-19T08:39:12","modified_gmt":"2026-03-19T07:39:12","slug":"ferias-y-congresos","status":"publish","type":"page","link":"https:\/\/www.md-elektronik.com\/es\/noticias-y-eventos\/ferias-y-congresos\/","title":{"rendered":"Ferias y congresos"},"content":{"rendered":"\n\n\t<section class=\"section\" id=\"section_1713690245\">\n\t\t<div class=\"section-bg fill\" >\n\t\t\t\t\t\t\t\t\t\n\t\t\t\n\n\t\t<\/div>\n\n\t\t\n\n\t\t<div class=\"section-content relative\">\n\t\t\t\n\n<div class=\"row row-collapse row-full-width align-middle\"  id=\"row-1490636252\">\n\n\n\t<div id=\"col-526101636\" class=\"col medium-12 small-12 large-6\"  >\n\t\t\t\t<div class=\"col-inner text-center\"  >\n\t\t\t\n\t\t\t\n\n\t<div id=\"text-2035879489\" class=\"text\">\n\t\t\n\n<h1>Ferias y congresos: contacto directo<\/h1>\n\t\t\n<style>\n#text-2035879489 {\n  font-size: 1rem;\n}\n<\/style>\n\t<\/div>\n\t\n<p>Aqu\u00ed encontrar\u00e1 un resumen de los eventos en los que podr\u00e1 encontrarnos como expositores. En estos eventos podremos brindarle una visi\u00f3n directa de nuestros \u00faltimos desarrollos, tecnolog\u00edas y productos en el sector de la transmisi\u00f3n de datos en el veh\u00edculo. Adem\u00e1s, nuestros empleados aprovechar\u00e1n la ocasi\u00f3n para comunicarse personalmente con expertos de todo el mundo y estar a la \u00faltima en tecnolog\u00eda. \u00a1Disfrute tambi\u00e9n usted de esta oportunidad para hablar con nosotros sobre las \u00faltimas tendencias y contarnos sus necesidades espec\u00edficas!<\/p>\n\n\t\t<\/div>\n\t\t\t\t\n<style>\n#col-526101636 > .col-inner {\n  padding: 30px 30px 30px 30px;\n}\n@media (min-width:550px) {\n  #col-526101636 > .col-inner {\n    padding: 60px 60px 60px 60px;\n  }\n}\n<\/style>\n\t<\/div>\n\n\t\n\n\t<div id=\"col-1510009286\" class=\"col medium-6 small-12 large-6\"  >\n\t\t\t\t<div class=\"col-inner\"  >\n\t\t\t\n\t\t\t\n\n\t<div class=\"img has-hover x md-x lg-x y md-y lg-y\" id=\"image_136655477\">\n\t\t\t\t\t\t\t\t<div class=\"img-inner dark\" >\n\t\t\t<img decoding=\"async\" width=\"1020\" height=\"680\" src=\"https:\/\/www.md-elektronik.com\/wp-content\/uploads\/2023\/08\/Title_Draft-.jpg\" class=\"attachment-large size-large\" alt=\"MD ELEKTRONIK exhibition booth at an industry trade show, featuring displays of advanced automotive cable and connectivity solutions.\" srcset=\"https:\/\/www.md-elektronik.com\/wp-content\/uploads\/2023\/08\/Title_Draft-.jpg 1024w, https:\/\/www.md-elektronik.com\/wp-content\/uploads\/2023\/08\/Title_Draft--300x200.jpg 300w, https:\/\/www.md-elektronik.com\/wp-content\/uploads\/2023\/08\/Title_Draft--768x512.jpg 768w\" sizes=\"(max-width: 1020px) 100vw, 1020px\" \/>\t\t\t\t\t\t\n\t\t\t\t\t<\/div>\n\t\t\t\t\t\t\t\t\n<style>\n#image_136655477 {\n  width: 100%;\n}\n<\/style>\n\t<\/div>\n\t\n\n\n\t\t<\/div>\n\t\t\t\t\t<\/div>\n\n\t\n\n\n<style>\n#row-1490636252 > .col > .col-inner {\n  background-color: rgb(255, 255, 255);\n}\n<\/style>\n<\/div>\n\n\t\t<\/div>\n\n\t\t\n<style>\n#section_1713690245 {\n  padding-top: 0px;\n  padding-bottom: 0px;\n  background-color: rgb(255,255,255);\n}\n<\/style>\n\t<\/section>\n\t\n\n\t<section class=\"section\" id=\"section_1395559444\">\n\t\t<div class=\"section-bg fill\" >\n\t\t\t\t\t\t\t\t\t\n\t\t\t\n\n\t\t<\/div>\n\n\t\t\n\n\t\t<div class=\"section-content relative\">\n\t\t\t\n\n<div class=\"row\"  id=\"row-2133400455\">\n\n\n\t<div id=\"col-939780623\" class=\"col small-12 large-12\"  >\n\t\t\t\t<div class=\"col-inner text-center\"  >\n\t\t\t\n\t\t\t\n\n\t<div id=\"stack-893304996\" class=\"stack product-stack stack-row justify-center items-stretch sm:stack-col md:stack-row md:justify-center md:items-stretch\">\n\t\t\n\n\t<div class=\"box has-hover messe-image-box  has-hover box-default box-text-bottom\" >\n\n\t\t<div class=\"box-image\" style=\"width:70%;\">\n\t\t\t\t\t\t<div class=\"\" >\n\t\t\t\t<img decoding=\"async\" width=\"540\" height=\"320\" src=\"https:\/\/www.md-elektronik.com\/wp-content\/uploads\/2023\/08\/AEC-logo.jpg\" class=\"attachment- size-\" alt=\"\" srcset=\"https:\/\/www.md-elektronik.com\/wp-content\/uploads\/2023\/08\/AEC-logo.jpg 540w, https:\/\/www.md-elektronik.com\/wp-content\/uploads\/2023\/08\/AEC-logo-300x178.jpg 300w\" sizes=\"(max-width: 540px) 100vw, 540px\" \/>\t\t\t\t\t\t\t\t\t\t\t<\/div>\n\t\t\t\t\t<\/div>\n\n\t\t<div class=\"box-text text-center\" >\n\t\t\t<div class=\"box-text-inner\">\n\t\t\t\t\n\n\t<div id=\"text-1743312185\" class=\"text messe-box\">\n\t\t\n\n<h2><a  href=\"https:\/\/events.componeers.net\/automotive-ethernet-congress\"  dpc-external=\"true\"  target=\"_blank\"  rel=\"nofollow\" >Automotive Ethernet Congress<\/a><\/h2>\n<h4>M\u00fanich, <br \/>Alemania<\/h4>\n<p>24-26 de marzo de 2026<\/p>\n\t\t\t<\/div>\n\t\n<a href=\"https:\/\/www.md-elektronik.com\/wp-content\/uploads\/2022\/05\/md_elektronik_din_a4_factsheet_FAKRA_SF_v3.pdf\" class=\"button primary is-outline is-small product-box-button hidden\"  style=\"border-radius:99px;\">\n\t\t<span>Download<\/span>\n\t<\/a>\n\n\n\n\t\t\t<\/div>\n\t\t<\/div>\n\t<\/div>\n\t\n\t<div class=\"box has-hover messe-image-box  has-hover box-default box-text-bottom\" >\n\n\t\t<div class=\"box-image\" style=\"width:70%;\">\n\t\t\t\t\t\t<div class=\"\" >\n\t\t\t\t<img decoding=\"async\" width=\"540\" height=\"320\" src=\"https:\/\/www.md-elektronik.com\/wp-content\/uploads\/2023\/08\/VECS-LOGO.jpg\" class=\"attachment- size-\" alt=\"\" srcset=\"https:\/\/www.md-elektronik.com\/wp-content\/uploads\/2023\/08\/VECS-LOGO.jpg 540w, https:\/\/www.md-elektronik.com\/wp-content\/uploads\/2023\/08\/VECS-LOGO-300x178.jpg 300w\" sizes=\"(max-width: 540px) 100vw, 540px\" \/>\t\t\t\t\t\t\t\t\t\t\t<\/div>\n\t\t\t\t\t<\/div>\n\n\t\t<div class=\"box-text text-center\" >\n\t\t\t<div class=\"box-text-inner\">\n\t\t\t\t\n\n\t<div id=\"text-3179403896\" class=\"text messe-box\">\n\t\t\n\n<h2><a  href=\"https:\/\/insightevents.se\/VECS\/\"  dpc-external=\"true\"  target=\"_blank\"  rel=\"nofollow\" >VECS<\/a><\/h2>\n<h4>Gotemburgo,<br \/>Suecia<\/h4>\n<p>5 y 6 de mayo de 2026<\/p>\n\t\t\t<\/div>\n\t\n<a href=\"https:\/\/www.md-elektronik.com\/wp-content\/uploads\/2022\/05\/md_elektronik_din_a4_factsheet_FAKRA_SF_v3.pdf\" class=\"button primary is-outline is-small product-box-button hidden\"  style=\"border-radius:99px;\">\n\t\t<span>Download<\/span>\n\t<\/a>\n\n\n\n\t\t\t<\/div>\n\t\t<\/div>\n\t<\/div>\n\t\n\t<div class=\"box has-hover messe-image-box  has-hover box-default box-text-bottom\" >\n\n\t\t<div class=\"box-image\" style=\"width:70%;\">\n\t\t\t<a href=\"https:\/\/aee.expo-info.jsae.or.jp\/en\/yokohama\/\" >\t\t\t<div class=\"\" >\n\t\t\t\t<img decoding=\"async\" width=\"549\" height=\"322\" src=\"https:\/\/www.md-elektronik.com\/wp-content\/uploads\/2026\/03\/AEE26-1.png\" class=\"attachment- size-\" alt=\"\" srcset=\"https:\/\/www.md-elektronik.com\/wp-content\/uploads\/2026\/03\/AEE26-1.png 549w, https:\/\/www.md-elektronik.com\/wp-content\/uploads\/2026\/03\/AEE26-1-300x176.png 300w\" sizes=\"(max-width: 549px) 100vw, 549px\" \/>\t\t\t\t\t\t\t\t\t\t\t<\/div>\n\t\t\t<\/a>\t\t<\/div>\n\n\t\t<div class=\"box-text text-center\" >\n\t\t\t<div class=\"box-text-inner\">\n\t\t\t\t\n\n\t<div id=\"text-2381234680\" class=\"text messe-box\">\n\t\t\n\n<h2><a  href=\"https:\/\/aee.expo-info.jsae.or.jp\/en\/yokohama\/\"  dpc-external=\"true\"  target=\"_blank\"  rel=\"nofollow\" >Automotive Engineering Expo\u00a0<\/a><\/h2>\n<h4>Yokohama,<br \/>Jap\u00f3n<\/h4>\n<p>27-29 de mayo de 2026<\/p>\n\t\t\t<\/div>\n\t\n<a href=\"https:\/\/www.md-elektronik.com\/wp-content\/uploads\/2022\/05\/md_elektronik_din_a4_factsheet_FAKRA_SF_v3.pdf\" class=\"button primary is-outline is-small product-box-button hidden\"  style=\"border-radius:99px;\">\n\t\t<span>Download<\/span>\n\t<\/a>\n\n\n\n\t\t\t<\/div>\n\t\t<\/div>\n\t<\/div>\n\t\n\t<div class=\"box has-hover messe-image-box hidden has-hover box-text-bottom\" >\n\n\t\t<div class=\"box-image\" style=\"width:70%;\">\n\t\t\t\t\t\t<div class=\"\" >\n\t\t\t\t<img decoding=\"async\" width=\"540\" height=\"320\" src=\"https:\/\/www.md-elektronik.com\/wp-content\/uploads\/2023\/08\/2_AutoTech-Detroit_Color.jpg\" class=\"attachment- size-\" alt=\"\" srcset=\"https:\/\/www.md-elektronik.com\/wp-content\/uploads\/2023\/08\/2_AutoTech-Detroit_Color.jpg 540w, https:\/\/www.md-elektronik.com\/wp-content\/uploads\/2023\/08\/2_AutoTech-Detroit_Color-300x178.jpg 300w\" sizes=\"(max-width: 540px) 100vw, 540px\" \/>\t\t\t\t\t\t\t\t\t\t\t<\/div>\n\t\t\t\t\t<\/div>\n\n\t\t<div class=\"box-text text-center\" >\n\t\t\t<div class=\"box-text-inner\">\n\t\t\t\t\n\n\t<div id=\"text-3800133839\" class=\"text messe-box\">\n\t\t\n\n<h2><a  href=\"https:\/\/wardsauto.informa.com\/autotech-detroit\/\"  dpc-external=\"true\"  target=\"_blank\"  rel=\"nofollow\" ><strong>AutoTech<\/strong><\/a><\/h2>\n<p><strong>Detroit, <\/strong><br \/><strong>Estados Unidos<\/strong><\/p>\n<p>07-08 de julio de 2023<\/p>\n\t\t\t<\/div>\n\t\n\n\t\t\t<\/div>\n\t\t<\/div>\n\t<\/div>\n\t\n\t<div class=\"box has-hover messe-image-box hidden has-hover box-text-bottom\" >\n\n\t\t<div class=\"box-image\" style=\"width:70%;\">\n\t\t\t\t\t\t<div class=\"\" >\n\t\t\t\t<img decoding=\"async\" width=\"540\" height=\"320\" src=\"https:\/\/www.md-elektronik.com\/wp-content\/uploads\/2023\/08\/ieee-sa-logo.png\" class=\"attachment- size-\" alt=\"\" srcset=\"https:\/\/www.md-elektronik.com\/wp-content\/uploads\/2023\/08\/ieee-sa-logo.png 540w, https:\/\/www.md-elektronik.com\/wp-content\/uploads\/2023\/08\/ieee-sa-logo-300x178.png 300w\" sizes=\"(max-width: 540px) 100vw, 540px\" \/>\t\t\t\t\t\t\t\t\t\t\t<\/div>\n\t\t\t\t\t<\/div>\n\n\t\t<div class=\"box-text text-center\" >\n\t\t\t<div class=\"box-text-inner\">\n\t\t\t\t\n\n\t<div id=\"text-1578778074\" class=\"text messe-box\">\n\t\t\n\n<h2><a  href=\"https:\/\/standards.ieee.org\/events\/automotive\/\"  dpc-external=\"true\"  target=\"_blank\"  rel=\"nofollow\" ><strong>Ethernet &amp; IP @ Automotive Technology Day<\/strong><\/a><\/h2>\n<h4>S\u00e3o Paulo,<br \/>Brasil<\/h4>\n<p>19-20 de septiembre de 2023<\/p>\n\t\t\t<\/div>\n\t\n\n\t\t\t<\/div>\n\t\t<\/div>\n\t<\/div>\n\t\n\n\t\t\n<style>\n#stack-893304996 > * {\n  --stack-gap: 1.25rem;\n}\n@media (min-width:850px) {\n  #stack-893304996 > * {\n    --stack-gap: 1rem;\n  }\n}\n<\/style>\n\t<\/div>\n\t\n\t<div id=\"gap-536359554\" class=\"gap-element clearfix\" style=\"display:block; height:auto;\">\n\t\t\n<style>\n#gap-536359554 {\n  padding-top: 30px;\n}\n<\/style>\n\t<\/div>\n\t\n\n\t<div id=\"gap-614731493\" class=\"gap-element clearfix\" style=\"display:block; height:auto;\">\n\t\t\n<style>\n#gap-614731493 {\n  padding-top: 30px;\n}\n<\/style>\n\t<\/div>\n\t\n\n\n\t\t<\/div>\n\t\t\t\t\n<style>\n#col-939780623 > .col-inner {\n  padding: 30px 30px 0px 30px;\n  margin: 0px 0px 0 0px;\n}\n@media (min-width:550px) {\n  #col-939780623 > .col-inner {\n    padding: 60px 60px 0px 60px;\n  }\n}\n<\/style>\n\t<\/div>\n\n\t\n\n\n<\/div>\n\n\t\t<\/div>\n\n\t\t\n<style>\n#section_1395559444 {\n  padding-top: 0px;\n  padding-bottom: 0px;\n}\n<\/style>\n\t<\/section>\n\t\n\n\t<section class=\"section\" id=\"section_1100683026\">\n\t\t<div class=\"section-bg fill\" >\n\t\t\t\t\t\t\t\t\t\n\t\t\t\n\n\t\t<\/div>\n\n\t\t\n\n\t\t<div class=\"section-content relative\">\n\t\t\t\n\n<div class=\"row\"  id=\"row-324253096\">\n\n\n\n<\/div>\n\n\t\t<\/div>\n\n\t\t\n<style>\n#section_1100683026 {\n  padding-top: 0px;\n  padding-bottom: 0px;\n}\n<\/style>\n\t<\/section>\n\t\n\n\n","protected":false},"excerpt":{"rendered":"","protected":false},"author":1,"featured_media":16745,"parent":2245,"menu_order":0,"comment_status":"closed","ping_status":"closed","template":"page-blank.php","meta":{"footnotes":""},"class_list":["post-17296","page","type-page","status-publish","has-post-thumbnail","hentry"],"_links":{"self":[{"href":"https:\/\/www.md-elektronik.com\/es\/wp-json\/wp\/v2\/pages\/17296","targetHints":{"allow":["GET"]}}],"collection":[{"href":"https:\/\/www.md-elektronik.com\/es\/wp-json\/wp\/v2\/pages"}],"about":[{"href":"https:\/\/www.md-elektronik.com\/es\/wp-json\/wp\/v2\/types\/page"}],"author":[{"embeddable":true,"href":"https:\/\/www.md-elektronik.com\/es\/wp-json\/wp\/v2\/users\/1"}],"replies":[{"embeddable":true,"href":"https:\/\/www.md-elektronik.com\/es\/wp-json\/wp\/v2\/comments?post=17296"}],"version-history":[{"count":31,"href":"https:\/\/www.md-elektronik.com\/es\/wp-json\/wp\/v2\/pages\/17296\/revisions"}],"predecessor-version":[{"id":31752,"href":"https:\/\/www.md-elektronik.com\/es\/wp-json\/wp\/v2\/pages\/17296\/revisions\/31752"}],"up":[{"embeddable":true,"href":"https:\/\/www.md-elektronik.com\/es\/wp-json\/wp\/v2\/pages\/2245"}],"wp:featuredmedia":[{"embeddable":true,"href":"https:\/\/www.md-elektronik.com\/es\/wp-json\/wp\/v2\/media\/16745"}],"wp:attachment":[{"href":"https:\/\/www.md-elektronik.com\/es\/wp-json\/wp\/v2\/media?parent=17296"}],"curies":[{"name":"wp","href":"https:\/\/api.w.org\/{rel}","templated":true}]}}