{"id":17766,"date":"2023-10-02T11:15:30","date_gmt":"2023-10-02T09:15:30","guid":{"rendered":"https:\/\/www.md-elektronik.com\/karl-heinz-lode-maximilian-muck\/"},"modified":"2023-10-02T11:15:30","modified_gmt":"2023-10-02T09:15:30","slug":"karl-heinz-lode-maximilian-muck","status":"publish","type":"page","link":"https:\/\/www.md-elektronik.com\/es\/karl-heinz-lode-maximilian-muck\/","title":{"rendered":"Karl-Heinz Lode &#8211; Maximilian Muck"},"content":{"rendered":"\n<div class=\"message-box relative\" style=\"padding-top:30px;padding-bottom:30px;\"><div class=\"message-box-bg-image bg-fill fill\" ><\/div><div class=\"message-box-bg-overlay bg-fill fill\" style=\"background-color:rgb(245, 245, 247);\"><\/div><div class=\"container relative\"><div class=\"inner last-reset\">\r\n\r\n<div class=\"row align-equal align-center\"  id=\"row-2095710883\">\r\n\r\n\n\t<div id=\"col-1371526591\" class=\"col medium-3 small-12 large-3\"  >\n\t\t\t\t<div class=\"col-inner\"  >\n\t\t\t\n\t\t\t\r\n\r\n\t<div id=\"gap-2121448379\" class=\"gap-element clearfix\" style=\"display:block; height:auto;\">\n\t\t\n<style>\n#gap-2121448379 {\n  padding-top: 10px;\n}\n<\/style>\n\t<\/div>\n\t\r\n\r\n\t<div class=\"img has-hover img-rounded x md-x lg-x y md-y lg-y\" id=\"image_1731646892\">\n\t\t\t\t\t\t\t\t<div class=\"img-inner dark\" >\n\t\t\t<img decoding=\"async\" width=\"780\" height=\"780\" src=\"https:\/\/www.md-elektronik.com\/wp-content\/uploads\/2023\/08\/karl-heinz-lode.jpg\" class=\"attachment-large size-large\" alt=\"\" srcset=\"https:\/\/www.md-elektronik.com\/wp-content\/uploads\/2023\/08\/karl-heinz-lode.jpg 780w, https:\/\/www.md-elektronik.com\/wp-content\/uploads\/2023\/08\/karl-heinz-lode-300x300.jpg 300w, https:\/\/www.md-elektronik.com\/wp-content\/uploads\/2023\/08\/karl-heinz-lode-150x150.jpg 150w, https:\/\/www.md-elektronik.com\/wp-content\/uploads\/2023\/08\/karl-heinz-lode-768x768.jpg 768w\" sizes=\"(max-width: 780px) 100vw, 780px\" \/>\t\t\t\t\t\t\n\t\t\t\t\t<\/div>\n\t\t\t\t\t\t\t\t\n<style>\n#image_1731646892 {\n  width: 99%;\n}\n<\/style>\n\t<\/div>\n\t\r\n\r\n\r\n\t\t<\/div>\n\t\t\t\t\t<\/div>\n\n\t\r\n\n\t<div id=\"col-978314869\" class=\"col medium-9 small-12 large-9\"  >\n\t\t\t\t<div class=\"col-inner\"  >\n\t\t\t\n\t\t\t\r\n\r\n<p><span style=\"font-size: 130%;\"><strong><br \/>Karl-Heinz Lode<\/strong><\/span><\/p>\r\n<p>Karl-Heinz Lode trabaja como Application Engineer para MD desde hace m\u00e1s de 6 a\u00f1os. En su trabajo se encuentra en contacto directo con la cadena de suministro. Su tarea consiste en solucionar los problemas t\u00e9cnicos del ma\u00f1ana. Durante sus estudios de m\u00e1ster, que fueron financiados por MD Elektronik, trabaj\u00f3 intensamente en el desarrollo de la red de a bordo y de la conducci\u00f3n aut\u00f3noma. Disfruta especialmente aportando su experiencia para participar en la movilidad del futuro.<\/p>\r\n\r\n\t\t<\/div>\n\t\t\t\t\t<\/div>\n\n\t\r\n\r\n\n<style>\n#row-2095710883 > .col > .col-inner {\n  padding: 0 0px 0px 0px;\n}\n<\/style>\n<\/div>\r\n\r\n<\/div><\/div><\/div>\r\n<div class=\"message-box relative\" style=\"padding-top:30px;padding-bottom:30px;\"><div class=\"message-box-bg-image bg-fill fill\" ><\/div><div class=\"message-box-bg-overlay bg-fill fill\" style=\"background-color:rgb(245, 245, 247);\"><\/div><div class=\"container relative\"><div class=\"inner last-reset\">\r\n\r\n<div class=\"row align-equal align-center\"  id=\"row-1495968077\">\r\n\r\n\n\t<div id=\"col-279274864\" class=\"col medium-3 small-12 large-3\"  >\n\t\t\t\t<div class=\"col-inner\"  >\n\t\t\t\n\t\t\t\r\n\r\n\t<div id=\"gap-610842772\" class=\"gap-element clearfix\" style=\"display:block; height:auto;\">\n\t\t\n<style>\n#gap-610842772 {\n  padding-top: 10px;\n}\n<\/style>\n\t<\/div>\n\t\r\n\r\n\t<div class=\"img has-hover img-rounded x md-x lg-x y md-y lg-y\" id=\"image_516851\">\n\t\t\t\t\t\t\t\t<div class=\"img-inner dark\" >\n\t\t\t<img decoding=\"async\" width=\"800\" height=\"800\" src=\"https:\/\/www.md-elektronik.com\/wp-content\/uploads\/2023\/09\/Maximilian-Muck.jpg\" class=\"attachment-large size-large\" alt=\"\" srcset=\"https:\/\/www.md-elektronik.com\/wp-content\/uploads\/2023\/09\/Maximilian-Muck.jpg 800w, https:\/\/www.md-elektronik.com\/wp-content\/uploads\/2023\/09\/Maximilian-Muck-300x300.jpg 300w, https:\/\/www.md-elektronik.com\/wp-content\/uploads\/2023\/09\/Maximilian-Muck-150x150.jpg 150w, https:\/\/www.md-elektronik.com\/wp-content\/uploads\/2023\/09\/Maximilian-Muck-768x768.jpg 768w\" sizes=\"(max-width: 800px) 100vw, 800px\" \/>\t\t\t\t\t\t\n\t\t\t\t\t<\/div>\n\t\t\t\t\t\t\t\t\n<style>\n#image_516851 {\n  width: 99%;\n}\n<\/style>\n\t<\/div>\n\t\r\n\r\n\r\n\t\t<\/div>\n\t\t\t\t\t<\/div>\n\n\t\r\n\n\t<div id=\"col-1730147903\" class=\"col medium-9 small-12 large-9\"  >\n\t\t\t\t<div class=\"col-inner\"  >\n\t\t\t\n\t\t\t\r\n\r\n<p><span style=\"font-size: 130%;\"><strong>Maximilian Muck<\/strong><\/span><\/p>\r\n<p>Maximilian Muck forma parte del departamento de Key Account Quality Management en MD. La funci\u00f3n de este departamento es la atenci\u00f3n de clientes de todo el mundo en todo lo relacionado con la calidad de los productos y los procesos de producci\u00f3n. Despu\u00e9s de sus inicios como becario en MD ELEKTRONIK y tras haber tenido la posibilidad de conocer varias \u00e1reas, desde las ventas internacionales hasta la gesti\u00f3n de proyectos, ahora es responsable de varios clientes y los apoya con gran profesionalidad. Sobre todo los clientes internacionales y la comunicaci\u00f3n intercultural que se deriva del trato con los mismos son los aspectos que m\u00e1s le entusiasman y que hacen que su d\u00eda a d\u00eda sea muy interesante y variado. El complemento ideal a su trabajo es la gran cantidad de viajes de negocios que ha de realizar.<\/p>\r\n\r\n\r\n\t\t<\/div>\n\t\t\t\t\t<\/div>\n\n\t\r\n\r\n\n<style>\n#row-1495968077 > .col > .col-inner {\n  padding: 0 0px 0px 0px;\n}\n<\/style>\n<\/div>\r\n\r\n<\/div><\/div><\/div>\r\n\r\n\r\n","protected":false},"excerpt":{"rendered":"","protected":false},"author":2,"featured_media":0,"parent":0,"menu_order":0,"comment_status":"closed","ping_status":"closed","template":"","meta":{"footnotes":""},"class_list":["post-17766","page","type-page","status-publish","hentry"],"_links":{"self":[{"href":"https:\/\/www.md-elektronik.com\/es\/wp-json\/wp\/v2\/pages\/17766","targetHints":{"allow":["GET"]}}],"collection":[{"href":"https:\/\/www.md-elektronik.com\/es\/wp-json\/wp\/v2\/pages"}],"about":[{"href":"https:\/\/www.md-elektronik.com\/es\/wp-json\/wp\/v2\/types\/page"}],"author":[{"embeddable":true,"href":"https:\/\/www.md-elektronik.com\/es\/wp-json\/wp\/v2\/users\/2"}],"replies":[{"embeddable":true,"href":"https:\/\/www.md-elektronik.com\/es\/wp-json\/wp\/v2\/comments?post=17766"}],"version-history":[{"count":1,"href":"https:\/\/www.md-elektronik.com\/es\/wp-json\/wp\/v2\/pages\/17766\/revisions"}],"predecessor-version":[{"id":17767,"href":"https:\/\/www.md-elektronik.com\/es\/wp-json\/wp\/v2\/pages\/17766\/revisions\/17767"}],"wp:attachment":[{"href":"https:\/\/www.md-elektronik.com\/es\/wp-json\/wp\/v2\/media?parent=17766"}],"curies":[{"name":"wp","href":"https:\/\/api.w.org\/{rel}","templated":true}]}}