{"id":17939,"date":"2023-10-11T08:59:47","date_gmt":"2023-10-11T06:59:47","guid":{"rendered":"https:\/\/www.md-elektronik.com\/?page_id=17939"},"modified":"2023-10-11T08:59:48","modified_gmt":"2023-10-11T06:59:48","slug":"claus-reiter","status":"publish","type":"page","link":"https:\/\/www.md-elektronik.com\/es\/claus-reiter\/","title":{"rendered":"Claus Reiter"},"content":{"rendered":"\n<div class=\"message-box relative message-box-author\" style=\"padding-top:30px;padding-bottom:30px;\"><div class=\"message-box-bg-image bg-fill fill\" ><\/div><div class=\"message-box-bg-overlay bg-fill fill\" style=\"background-color:rgb(245, 245, 247);\"><\/div><div class=\"container relative\"><div class=\"inner last-reset\">\r\n\r\n<div class=\"row align-equal align-center\"  id=\"row-358785768\">\r\n\r\n\n\t<div id=\"col-1775274830\" class=\"col medium-3 small-12 large-3\"  >\n\t\t\t\t<div class=\"col-inner\"  >\n\t\t\t\n\t\t\t\r\n\r\n\t<div id=\"gap-17212390\" class=\"gap-element clearfix\" style=\"display:block; height:auto;\">\n\t\t\n<style>\n#gap-17212390 {\n  padding-top: 10px;\n}\n<\/style>\n\t<\/div>\n\t\r\n\r\n\t<div class=\"img has-hover img-rounded x md-x lg-x y md-y lg-y\" id=\"image_1821057372\">\n\t\t\t\t\t\t\t\t<div class=\"img-inner dark\" >\n\t\t\t<img decoding=\"async\" width=\"800\" height=\"800\" src=\"https:\/\/www.md-elektronik.com\/wp-content\/uploads\/2023\/10\/DSC04998-Reiter-Claus-high.jpg\" class=\"attachment-large size-large\" alt=\"\" srcset=\"https:\/\/www.md-elektronik.com\/wp-content\/uploads\/2023\/10\/DSC04998-Reiter-Claus-high.jpg 800w, https:\/\/www.md-elektronik.com\/wp-content\/uploads\/2023\/10\/DSC04998-Reiter-Claus-high-300x300.jpg 300w, https:\/\/www.md-elektronik.com\/wp-content\/uploads\/2023\/10\/DSC04998-Reiter-Claus-high-150x150.jpg 150w, https:\/\/www.md-elektronik.com\/wp-content\/uploads\/2023\/10\/DSC04998-Reiter-Claus-high-768x768.jpg 768w\" sizes=\"(max-width: 800px) 100vw, 800px\" \/>\t\t\t\t\t\t\n\t\t\t\t\t<\/div>\n\t\t\t\t\t\t\t\t\n<style>\n#image_1821057372 {\n  width: 100%;\n}\n<\/style>\n\t<\/div>\n\t\r\n\r\n\r\n\t\t<\/div>\n\t\t\t\t\t<\/div>\n\n\t\r\n\n\t<div id=\"col-1379783144\" class=\"col medium-9 small-12 large-9\"  >\n\t\t\t\t<div class=\"col-inner\"  >\n\t\t\t\n\t\t\t\r\n\r\n<p><span style=\"font-size: 130%;\"><strong>Claus Reiter<\/strong><\/span><\/p>\r\n<p>Claus Reiter es Key Account Manager en el Team International Sales de MD. Su misi\u00f3n consiste en mantener y ampliar el papel de MD como proveedora y socia comercial de \u00absmart solutions\u00bb en el sur de Europa. Sus m\u00e1s de 25 a\u00f1os de experiencia en el sector automovil\u00edstico lo convierten en todo un experto. Lo que hay que hacer siempre es encontrar el punto de equilibrio entre los intereses de MD ELEKTRONIK y los deseos de los clientes. Adem\u00e1s del contacto estrecho con los clientes y de trabajar en un equipo global, de su trabajo valora especialmente las experiencias interculturales que este conlleva.<\/p>\r\n\r\n\t\t<\/div>\n\t\t\t\t\t<\/div>\n\n\t\r\n\r\n\n<style>\n#row-358785768 > .col > .col-inner {\n  padding: 0 0px 0px 0px;\n}\n<\/style>\n<\/div>\r\n\r\n<\/div><\/div><\/div>\n","protected":false},"excerpt":{"rendered":"","protected":false},"author":1,"featured_media":0,"parent":0,"menu_order":0,"comment_status":"closed","ping_status":"closed","template":"","meta":{"footnotes":""},"class_list":["post-17939","page","type-page","status-publish","hentry"],"_links":{"self":[{"href":"https:\/\/www.md-elektronik.com\/es\/wp-json\/wp\/v2\/pages\/17939","targetHints":{"allow":["GET"]}}],"collection":[{"href":"https:\/\/www.md-elektronik.com\/es\/wp-json\/wp\/v2\/pages"}],"about":[{"href":"https:\/\/www.md-elektronik.com\/es\/wp-json\/wp\/v2\/types\/page"}],"author":[{"embeddable":true,"href":"https:\/\/www.md-elektronik.com\/es\/wp-json\/wp\/v2\/users\/1"}],"replies":[{"embeddable":true,"href":"https:\/\/www.md-elektronik.com\/es\/wp-json\/wp\/v2\/comments?post=17939"}],"version-history":[{"count":1,"href":"https:\/\/www.md-elektronik.com\/es\/wp-json\/wp\/v2\/pages\/17939\/revisions"}],"predecessor-version":[{"id":17944,"href":"https:\/\/www.md-elektronik.com\/es\/wp-json\/wp\/v2\/pages\/17939\/revisions\/17944"}],"wp:attachment":[{"href":"https:\/\/www.md-elektronik.com\/es\/wp-json\/wp\/v2\/media?parent=17939"}],"curies":[{"name":"wp","href":"https:\/\/api.w.org\/{rel}","templated":true}]}}