{"id":20187,"date":"2023-11-29T14:16:20","date_gmt":"2023-11-29T13:16:20","guid":{"rendered":"https:\/\/www.md-elektronik.com\/helmut-pritz-tobias-hartl\/"},"modified":"2023-11-29T14:16:44","modified_gmt":"2023-11-29T13:16:44","slug":"helmut-pritz-tobias-hartl","status":"publish","type":"page","link":"https:\/\/www.md-elektronik.com\/es\/helmut-pritz-tobias-hartl\/","title":{"rendered":"Helmut Pritz &#8211; Tobias Hartl"},"content":{"rendered":"\n<div class=\"message-box relative\" style=\"padding-top:30px;padding-bottom:30px;\"><div class=\"message-box-bg-image bg-fill fill\" ><\/div><div class=\"message-box-bg-overlay bg-fill fill\" style=\"background-color:rgb(245, 245, 247);\"><\/div><div class=\"container relative\"><div class=\"inner last-reset\">\n\n<div class=\"row align-equal align-center\"  id=\"row-404481905\">\n\n\n\t<div id=\"col-465359448\" class=\"col medium-3 small-12 large-3\"  >\n\t\t\t\t<div class=\"col-inner\"  >\n\t\t\t\n\t\t\t\n\n\t<div id=\"gap-2061920540\" class=\"gap-element clearfix\" style=\"display:block; height:auto;\">\n\t\t\n<style>\n#gap-2061920540 {\n  padding-top: 10px;\n}\n<\/style>\n\t<\/div>\n\t\n\n\t<div class=\"img has-hover x md-x lg-x y md-y lg-y\" id=\"image_640690550\">\n\t\t\t\t\t\t\t\t<div class=\"img-inner dark\" >\n\t\t\t<img decoding=\"async\" width=\"800\" height=\"800\" src=\"https:\/\/www.md-elektronik.com\/wp-content\/uploads\/2023\/02\/Helmut_Pritz_Web_2026_3_2.jpg\" class=\"attachment-large size-large\" alt=\"\" srcset=\"https:\/\/www.md-elektronik.com\/wp-content\/uploads\/2023\/02\/Helmut_Pritz_Web_2026_3_2.jpg 800w, https:\/\/www.md-elektronik.com\/wp-content\/uploads\/2023\/02\/Helmut_Pritz_Web_2026_3_2-300x300.jpg 300w, https:\/\/www.md-elektronik.com\/wp-content\/uploads\/2023\/02\/Helmut_Pritz_Web_2026_3_2-150x150.jpg 150w, https:\/\/www.md-elektronik.com\/wp-content\/uploads\/2023\/02\/Helmut_Pritz_Web_2026_3_2-768x768.jpg 768w\" sizes=\"(max-width: 800px) 100vw, 800px\" \/>\t\t\t\t\t\t\n\t\t\t\t\t<\/div>\n\t\t\t\t\t\t\t\t\n<style>\n#image_640690550 {\n  width: 99%;\n}\n<\/style>\n\t<\/div>\n\t\n\n\n\t\t<\/div>\n\t\t\t\t\t<\/div>\n\n\t\n\n\t<div id=\"col-205981948\" class=\"col medium-9 small-12 large-9\"  >\n\t\t\t\t<div class=\"col-inner\"  >\n\t\t\t\n\t\t\t\n\n<p><span style=\"font-size: 130%;\"><strong>Helmut Pritz<\/strong><\/span><\/p>\n<p>Helmut Pritz es Product Manager de Fiber Optic Data Transmission y Multi Hybrid Connectors en MD ELEKTRONIK. Con m\u00e1s de 25 a\u00f1os de experiencia en el sector de la automoci\u00f3n, aporta una amplia experiencia para impulsar estas tecnolog\u00edas orientadas al futuro. Su misi\u00f3n es desarrollar soluciones innovadoras para la industria de la automoci\u00f3n junto con clientes, startups, fabricantes de unidades de control y proveedores.<br \/>Tras desempe\u00f1arse como Project Manager, donde fue responsable del desarrollo de componentes enchufables y de los sistemas de automatizaci\u00f3n asociados, asumi\u00f3 posteriormente el cargo de Manager Development RF Technology y cre\u00f3 un departamento de desarrollo centrado principalmente en la tecnolog\u00eda de alta frecuencia.<br \/>Gracias a su red global de clientes, proveedores y socios, inicia cooperaciones interfuncionales para el desarrollo de nuevas tecnolog\u00edas y soluciones en el \u00e1mbito de la transmisi\u00f3n de datos de alta velocidad.<\/p>\n\n\t\t<\/div>\n\t\t\t\t\t<\/div>\n\n\t\n\n\n<style>\n#row-404481905 > .col > .col-inner {\n  padding: 0 0px 0px 0px;\n}\n<\/style>\n<\/div>\n\n<\/div><\/div><\/div>\r\n\r\n<div class=\"message-box relative\" style=\"padding-top:30px;padding-bottom:30px;\"><div class=\"message-box-bg-image bg-fill fill\" ><\/div><div class=\"message-box-bg-overlay bg-fill fill\" style=\"background-color:rgb(245, 245, 247);\"><\/div><div class=\"container relative\"><div class=\"inner last-reset\">\n\n<div class=\"row align-equal align-center\"  id=\"row-982629714\">\n\n\n\t<div id=\"col-860144661\" class=\"col medium-3 small-12 large-3\"  >\n\t\t\t\t<div class=\"col-inner\"  >\n\t\t\t\n\t\t\t\n\n\t<div id=\"gap-1843093998\" class=\"gap-element clearfix\" style=\"display:block; height:auto;\">\n\t\t\n<style>\n#gap-1843093998 {\n  padding-top: 10px;\n}\n<\/style>\n\t<\/div>\n\t\n\n\t<div class=\"img has-hover x md-x lg-x y md-y lg-y\" id=\"image_632722209\">\n\t\t\t\t\t\t\t\t<div class=\"img-inner dark\" >\n\t\t\t<img decoding=\"async\" width=\"1020\" height=\"1020\" src=\"https:\/\/www.md-elektronik.com\/wp-content\/uploads\/2023\/02\/DSC00539-Hartl-Tobias-high_qudr-1024x1024.jpg\" class=\"attachment-large size-large\" alt=\"\" srcset=\"https:\/\/www.md-elektronik.com\/wp-content\/uploads\/2023\/02\/DSC00539-Hartl-Tobias-high_qudr-1024x1024.jpg 1024w, https:\/\/www.md-elektronik.com\/wp-content\/uploads\/2023\/02\/DSC00539-Hartl-Tobias-high_qudr-300x300.jpg 300w, https:\/\/www.md-elektronik.com\/wp-content\/uploads\/2023\/02\/DSC00539-Hartl-Tobias-high_qudr-150x150.jpg 150w, https:\/\/www.md-elektronik.com\/wp-content\/uploads\/2023\/02\/DSC00539-Hartl-Tobias-high_qudr-768x768.jpg 768w, https:\/\/www.md-elektronik.com\/wp-content\/uploads\/2023\/02\/DSC00539-Hartl-Tobias-high_qudr.jpg 1440w\" sizes=\"(max-width: 1020px) 100vw, 1020px\" \/>\t\t\t\t\t\t\n\t\t\t\t\t<\/div>\n\t\t\t\t\t\t\t\t\n<style>\n#image_632722209 {\n  width: 99%;\n}\n<\/style>\n\t<\/div>\n\t\n\n\n\t\t<\/div>\n\t\t\t\t\t<\/div>\n\n\t\n\n\t<div id=\"col-847335561\" class=\"col medium-9 small-12 large-9\"  >\n\t\t\t\t<div class=\"col-inner\"  >\n\t\t\t\n\t\t\t\n\n<p><span style=\"font-size: 130%;\"><strong>Tobias Hartl<\/strong><\/span><\/p>\n<p>Tobias Hartl forma parte del departamento de Technical Product Management en el \u00e1rea de Multi Core Cables y trabaja en MD desde 2019. Sus inicios en la empresa fueron como ingeniero de aplicaciones para clientes internacionales. Antes de comenzar su andadura en MD, acumul\u00f3 6 a\u00f1os de valiosa experiencia en el \u00e1mbito de Mobile Media Headunits, una experiencia que puede aplicar con \u00e9xito en su trabajo diario. A Tobias le motiva especialmente el contacto con los clientes globales y la implementaci\u00f3n de nuevas tecnolog\u00edas en colaboraci\u00f3n con un equipo internacional.<\/p>\n\n\t\t<\/div>\n\t\t\t\t\t<\/div>\n\n\t\n\n\n<style>\n#row-982629714 > .col > .col-inner {\n  padding: 0 0px 0px 0px;\n}\n<\/style>\n<\/div>\n\n<\/div><\/div><\/div>\n","protected":false},"excerpt":{"rendered":"","protected":false},"author":1,"featured_media":0,"parent":0,"menu_order":0,"comment_status":"closed","ping_status":"closed","template":"","meta":{"footnotes":""},"class_list":["post-20187","page","type-page","status-publish","hentry"],"_links":{"self":[{"href":"https:\/\/www.md-elektronik.com\/es\/wp-json\/wp\/v2\/pages\/20187","targetHints":{"allow":["GET"]}}],"collection":[{"href":"https:\/\/www.md-elektronik.com\/es\/wp-json\/wp\/v2\/pages"}],"about":[{"href":"https:\/\/www.md-elektronik.com\/es\/wp-json\/wp\/v2\/types\/page"}],"author":[{"embeddable":true,"href":"https:\/\/www.md-elektronik.com\/es\/wp-json\/wp\/v2\/users\/1"}],"replies":[{"embeddable":true,"href":"https:\/\/www.md-elektronik.com\/es\/wp-json\/wp\/v2\/comments?post=20187"}],"version-history":[{"count":1,"href":"https:\/\/www.md-elektronik.com\/es\/wp-json\/wp\/v2\/pages\/20187\/revisions"}],"predecessor-version":[{"id":20192,"href":"https:\/\/www.md-elektronik.com\/es\/wp-json\/wp\/v2\/pages\/20187\/revisions\/20192"}],"wp:attachment":[{"href":"https:\/\/www.md-elektronik.com\/es\/wp-json\/wp\/v2\/media?parent=20187"}],"curies":[{"name":"wp","href":"https:\/\/api.w.org\/{rel}","templated":true}]}}