{"id":20444,"date":"2023-12-14T08:46:43","date_gmt":"2023-12-14T07:46:43","guid":{"rendered":"https:\/\/www.md-elektronik.com\/emanuel-maier\/"},"modified":"2023-12-14T08:47:14","modified_gmt":"2023-12-14T07:47:14","slug":"emanuel-maier","status":"publish","type":"page","link":"https:\/\/www.md-elektronik.com\/es\/emanuel-maier\/","title":{"rendered":"Emanuel Maier"},"content":{"rendered":"\n<div class=\"message-box relative message-box-author\" style=\"padding-top:30px;padding-bottom:30px;\"><div class=\"message-box-bg-image bg-fill fill\" ><\/div><div class=\"message-box-bg-overlay bg-fill fill\" style=\"background-color:rgb(245, 245, 247);\"><\/div><div class=\"container relative\"><div class=\"inner last-reset\">\r\n\r\n<div class=\"row align-equal align-center\"  id=\"row-1260161684\">\r\n\r\n\n\t<div id=\"col-1368648304\" class=\"col medium-3 small-12 large-3\"  >\n\t\t\t\t<div class=\"col-inner\"  >\n\t\t\t\n\t\t\t\r\n\r\n\t<div id=\"gap-1339728915\" class=\"gap-element clearfix\" style=\"display:block; height:auto;\">\n\t\t\n<style>\n#gap-1339728915 {\n  padding-top: 10px;\n}\n<\/style>\n\t<\/div>\n\t\r\n\r\n\t<div class=\"img has-hover img-rounded x md-x lg-x y md-y lg-y\" id=\"image_1778091626\">\n\t\t\t\t\t\t\t\t<div class=\"img-inner dark\" >\n\t\t\t<img decoding=\"async\" width=\"800\" height=\"800\" src=\"https:\/\/www.md-elektronik.com\/wp-content\/uploads\/2023\/12\/DSC06642-Maier_Emanuel-high.jpg\" class=\"attachment-large size-large\" alt=\"\" srcset=\"https:\/\/www.md-elektronik.com\/wp-content\/uploads\/2023\/12\/DSC06642-Maier_Emanuel-high.jpg 800w, https:\/\/www.md-elektronik.com\/wp-content\/uploads\/2023\/12\/DSC06642-Maier_Emanuel-high-300x300.jpg 300w, https:\/\/www.md-elektronik.com\/wp-content\/uploads\/2023\/12\/DSC06642-Maier_Emanuel-high-150x150.jpg 150w, https:\/\/www.md-elektronik.com\/wp-content\/uploads\/2023\/12\/DSC06642-Maier_Emanuel-high-768x768.jpg 768w\" sizes=\"(max-width: 800px) 100vw, 800px\" \/>\t\t\t\t\t\t\n\t\t\t\t\t<\/div>\n\t\t\t\t\t\t\t\t\n<style>\n#image_1778091626 {\n  width: 100%;\n}\n<\/style>\n\t<\/div>\n\t\r\n\r\n\r\n\t\t<\/div>\n\t\t\t\t\t<\/div>\n\n\t\r\n\n\t<div id=\"col-1143928222\" class=\"col medium-9 small-12 large-9\"  >\n\t\t\t\t<div class=\"col-inner\"  >\n\t\t\t\n\t\t\t\r\n\r\n<p><span style=\"font-size: 130%;\"><strong>Emanuel Maier<\/strong><\/span><\/p>\r\n<p>Emanuel Maier comenz\u00f3 su carrera internacional en el sector del autom\u00f3vil en algunas empresas OEM en M\u00fanich y, tras su estancia en Gran Breta\u00f1a y su paso por una empresa Tier1 de \u00e1mbito global en la regi\u00f3n de Baja Baviera y su sede en Silicon Valley (California), su camino le llev\u00f3 a lo largo de la cadena de suministro hasta que finalmente lleg\u00f3 a MD en Waldkraiburg. Desde hace aproximadamente 3 a\u00f1os realiza su labor como Key Account Manager en el departamento de Ventas de MD ELEKTRONIK. En este puesto, Emanuel es responsable de las operaciones con los clientes existentes y tambi\u00e9n de la adquisici\u00f3n de nuevos clientes, y desempe\u00f1a un papel clave en la colaboraci\u00f3n con una prestigiosa empresa OEM alemana. Como elemento de uni\u00f3n entre el departamento de compras del cliente y los departamentos internos especializados, se asegura de que se cumplan los requisitos en el \u00e1mbito de los juegos de cables espec\u00edficos de los clientes.<\/p>\r\n\r\n\t\t<\/div>\n\t\t\t\t\t<\/div>\n\n\t\r\n\r\n\n<style>\n#row-1260161684 > .col > .col-inner {\n  padding: 0 0px 0px 0px;\n}\n<\/style>\n<\/div>\r\n\r\n<\/div><\/div><\/div>\n","protected":false},"excerpt":{"rendered":"","protected":false},"author":2,"featured_media":0,"parent":0,"menu_order":0,"comment_status":"closed","ping_status":"closed","template":"","meta":{"footnotes":""},"class_list":["post-20444","page","type-page","status-publish","hentry"],"_links":{"self":[{"href":"https:\/\/www.md-elektronik.com\/es\/wp-json\/wp\/v2\/pages\/20444","targetHints":{"allow":["GET"]}}],"collection":[{"href":"https:\/\/www.md-elektronik.com\/es\/wp-json\/wp\/v2\/pages"}],"about":[{"href":"https:\/\/www.md-elektronik.com\/es\/wp-json\/wp\/v2\/types\/page"}],"author":[{"embeddable":true,"href":"https:\/\/www.md-elektronik.com\/es\/wp-json\/wp\/v2\/users\/2"}],"replies":[{"embeddable":true,"href":"https:\/\/www.md-elektronik.com\/es\/wp-json\/wp\/v2\/comments?post=20444"}],"version-history":[{"count":1,"href":"https:\/\/www.md-elektronik.com\/es\/wp-json\/wp\/v2\/pages\/20444\/revisions"}],"predecessor-version":[{"id":20449,"href":"https:\/\/www.md-elektronik.com\/es\/wp-json\/wp\/v2\/pages\/20444\/revisions\/20449"}],"wp:attachment":[{"href":"https:\/\/www.md-elektronik.com\/es\/wp-json\/wp\/v2\/media?parent=20444"}],"curies":[{"name":"wp","href":"https:\/\/api.w.org\/{rel}","templated":true}]}}