{"id":20805,"date":"2024-01-17T09:00:54","date_gmt":"2024-01-17T08:00:54","guid":{"rendered":"https:\/\/www.md-elektronik.com\/markus-mussner\/"},"modified":"2024-01-17T09:01:28","modified_gmt":"2024-01-17T08:01:28","slug":"markus-mussner","status":"publish","type":"page","link":"https:\/\/www.md-elektronik.com\/es\/markus-mussner\/","title":{"rendered":"Markus Mussner"},"content":{"rendered":"\n<div class=\"message-box relative message-box-author\" style=\"padding-top:30px;padding-bottom:30px;\"><div class=\"message-box-bg-image bg-fill fill\" ><\/div><div class=\"message-box-bg-overlay bg-fill fill\" style=\"background-color:rgb(245, 245, 247);\"><\/div><div class=\"container relative\"><div class=\"inner last-reset\">\r\n\r\n<div class=\"row align-equal align-center\"  id=\"row-2033406209\">\r\n\r\n\n\t<div id=\"col-1260275590\" class=\"col medium-3 small-12 large-3\"  >\n\t\t\t\t<div class=\"col-inner\"  >\n\t\t\t\n\t\t\t\r\n\r\n\t<div id=\"gap-1176699839\" class=\"gap-element clearfix\" style=\"display:block; height:auto;\">\n\t\t\n<style>\n#gap-1176699839 {\n  padding-top: 10px;\n}\n<\/style>\n\t<\/div>\n\t\r\n\r\n\t<div class=\"img has-hover img-rounded x md-x lg-x y md-y lg-y\" id=\"image_1290604448\">\n\t\t\t\t\t\t\t\t<div class=\"img-inner dark\" >\n\t\t\t<img decoding=\"async\" width=\"800\" height=\"800\" src=\"https:\/\/www.md-elektronik.com\/wp-content\/uploads\/2024\/01\/DSC07714-Musner-Markus-high-quadr.jpg\" class=\"attachment-large size-large\" alt=\"\" srcset=\"https:\/\/www.md-elektronik.com\/wp-content\/uploads\/2024\/01\/DSC07714-Musner-Markus-high-quadr.jpg 800w, https:\/\/www.md-elektronik.com\/wp-content\/uploads\/2024\/01\/DSC07714-Musner-Markus-high-quadr-300x300.jpg 300w, https:\/\/www.md-elektronik.com\/wp-content\/uploads\/2024\/01\/DSC07714-Musner-Markus-high-quadr-150x150.jpg 150w, https:\/\/www.md-elektronik.com\/wp-content\/uploads\/2024\/01\/DSC07714-Musner-Markus-high-quadr-768x768.jpg 768w\" sizes=\"(max-width: 800px) 100vw, 800px\" \/>\t\t\t\t\t\t\n\t\t\t\t\t<\/div>\n\t\t\t\t\t\t\t\t\n<style>\n#image_1290604448 {\n  width: 100%;\n}\n<\/style>\n\t<\/div>\n\t\r\n\r\n\r\n\t\t<\/div>\n\t\t\t\t\t<\/div>\n\n\t\r\n\n\t<div id=\"col-1521674494\" class=\"col medium-9 small-12 large-9\"  >\n\t\t\t\t<div class=\"col-inner\"  >\n\t\t\t\n\t\t\t\r\n\r\n<p><span style=\"font-size: 130%;\"><strong>Markus Mu\u00dfner<\/strong><\/span><\/p>\r\n<p>Markus Mu\u00dfner es director de Application Engineering para los clientes internacionales de MD. Con sus m\u00e1s de 15 a\u00f1os de experiencia profesional y una estancia de casi 2 a\u00f1os en EE. UU., es todo un experto en su campo. Su misi\u00f3n consiste en crear, junto a los clientes y socios, soluciones innovadoras para dominar con \u00e9xito los desaf\u00edos complejos en un panorama tecnol\u00f3gico que est\u00e1 en continua evoluci\u00f3n. De ello, lo que m\u00e1s aprecia es el variado contacto con los clientes y proveedores, as\u00ed como el trabajo conjunto en equipos internacionales.<\/p>\r\n\r\n\t\t<\/div>\n\t\t\t\t\t<\/div>\n\n\t\r\n\r\n\n<style>\n#row-2033406209 > .col > .col-inner {\n  padding: 0 0px 0px 0px;\n}\n<\/style>\n<\/div>\r\n\r\n<\/div><\/div><\/div>\n","protected":false},"excerpt":{"rendered":"","protected":false},"author":2,"featured_media":0,"parent":0,"menu_order":0,"comment_status":"closed","ping_status":"closed","template":"","meta":{"footnotes":""},"class_list":["post-20805","page","type-page","status-publish","hentry"],"_links":{"self":[{"href":"https:\/\/www.md-elektronik.com\/es\/wp-json\/wp\/v2\/pages\/20805","targetHints":{"allow":["GET"]}}],"collection":[{"href":"https:\/\/www.md-elektronik.com\/es\/wp-json\/wp\/v2\/pages"}],"about":[{"href":"https:\/\/www.md-elektronik.com\/es\/wp-json\/wp\/v2\/types\/page"}],"author":[{"embeddable":true,"href":"https:\/\/www.md-elektronik.com\/es\/wp-json\/wp\/v2\/users\/2"}],"replies":[{"embeddable":true,"href":"https:\/\/www.md-elektronik.com\/es\/wp-json\/wp\/v2\/comments?post=20805"}],"version-history":[{"count":1,"href":"https:\/\/www.md-elektronik.com\/es\/wp-json\/wp\/v2\/pages\/20805\/revisions"}],"predecessor-version":[{"id":20810,"href":"https:\/\/www.md-elektronik.com\/es\/wp-json\/wp\/v2\/pages\/20805\/revisions\/20810"}],"wp:attachment":[{"href":"https:\/\/www.md-elektronik.com\/es\/wp-json\/wp\/v2\/media?parent=20805"}],"curies":[{"name":"wp","href":"https:\/\/api.w.org\/{rel}","templated":true}]}}