{"id":21076,"date":"2024-01-31T14:54:06","date_gmt":"2024-01-31T13:54:06","guid":{"rendered":"https:\/\/www.md-elektronik.com\/anja-richter-christoph-zauner\/"},"modified":"2024-01-31T14:54:06","modified_gmt":"2024-01-31T13:54:06","slug":"anja-richter-christoph-zauner","status":"publish","type":"page","link":"https:\/\/www.md-elektronik.com\/es\/anja-richter-christoph-zauner\/","title":{"rendered":"Anja Richter &#8211; Christoph Zauner"},"content":{"rendered":"\n<div class=\"message-box relative\" style=\"padding-top:30px;padding-bottom:30px;\"><div class=\"message-box-bg-image bg-fill fill\" ><\/div><div class=\"message-box-bg-overlay bg-fill fill\" style=\"background-color:rgb(245, 245, 247);\"><\/div><div class=\"container relative\"><div class=\"inner last-reset\">\r\n\r\n<div class=\"row align-equal align-center\"  id=\"row-932704548\">\r\n\r\n\n\t<div id=\"col-791733083\" class=\"col medium-3 small-12 large-3\"  >\n\t\t\t\t<div class=\"col-inner\"  >\n\t\t\t\n\t\t\t\r\n\r\n\t<div id=\"gap-1279533354\" class=\"gap-element clearfix\" style=\"display:block; height:auto;\">\n\t\t\n<style>\n#gap-1279533354 {\n  padding-top: 10px;\n}\n<\/style>\n\t<\/div>\n\t\r\n\r\n\t<div class=\"img has-hover img-rounded x md-x lg-x y md-y lg-y\" id=\"image_1054583575\">\n\t\t\t\t\t\t\t\t<div class=\"img-inner dark\" >\n\t\t\t<img decoding=\"async\" width=\"1000\" height=\"1000\" src=\"https:\/\/www.md-elektronik.com\/wp-content\/uploads\/2024\/01\/DSC07754-Bearbeitet-Richter-Anja-high.jpg\" class=\"attachment-large size-large\" alt=\"\" srcset=\"https:\/\/www.md-elektronik.com\/wp-content\/uploads\/2024\/01\/DSC07754-Bearbeitet-Richter-Anja-high.jpg 1000w, https:\/\/www.md-elektronik.com\/wp-content\/uploads\/2024\/01\/DSC07754-Bearbeitet-Richter-Anja-high-300x300.jpg 300w, https:\/\/www.md-elektronik.com\/wp-content\/uploads\/2024\/01\/DSC07754-Bearbeitet-Richter-Anja-high-150x150.jpg 150w, https:\/\/www.md-elektronik.com\/wp-content\/uploads\/2024\/01\/DSC07754-Bearbeitet-Richter-Anja-high-768x768.jpg 768w\" sizes=\"(max-width: 1000px) 100vw, 1000px\" \/>\t\t\t\t\t\t\n\t\t\t\t\t<\/div>\n\t\t\t\t\t\t\t\t\n<style>\n#image_1054583575 {\n  width: 99%;\n}\n<\/style>\n\t<\/div>\n\t\r\n\r\n\r\n\t\t<\/div>\n\t\t\t\t\t<\/div>\n\n\t\r\n\n\t<div id=\"col-2036681907\" class=\"col medium-9 small-12 large-9\"  >\n\t\t\t\t<div class=\"col-inner\"  >\n\t\t\t\n\t\t\t\r\n\r\n<p><span style=\"font-size: 130%;\"><strong>Anja Richter<\/strong><\/span><\/p>\r\n<p>Anja Richter, Director Business Development & Contract Management, comenz\u00f3 su carrera profesional en el \u00e1mbito de la planificaci\u00f3n y el control de la producci\u00f3n en la industria alimentaria hasta que, hace 13 a\u00f1os, su camino la llev\u00f3 a MD ELEKTRONIK y al sector automovil\u00edstico. La llegada de Anja al mundo de la automoci\u00f3n de MD comenz\u00f3 en el \u00e1rea de operaciones (Order Processing), y dos a\u00f1os despu\u00e9s pas\u00f3 a la organizaci\u00f3n de la distribuci\u00f3n. En los siguientes a\u00f1os, Anja profundiz\u00f3 sus conocimientos especializados en diferentes puestos operativos, estrat\u00e9gicos y directivos del \u00e1rea de distribuci\u00f3n empresarial y t\u00e9cnica. Desde hace m\u00e1s de cuatro a\u00f1os, desempe\u00f1a su labor como Director Business Development y Contract Management. En su \u00e1rea es responsable de los departamentos de Business Development & Contract Management, Sales Analytics, Project- & Program-Management Sales y, en especial, Sales & Operations Planning. Su misi\u00f3n consiste en crear transparencia como base para adoptar unas decisiones empresariales sostenibles a trav\u00e9s del an\u00e1lisis, la planificaci\u00f3n, la optimizaci\u00f3n de procesos y la digitalizaci\u00f3n, apoyando as\u00ed la continuidad del crecimiento global de la empresa. <\/p>\r\n\r\n\t\t<\/div>\n\t\t\t\t\t<\/div>\n\n\t\r\n\r\n\n<style>\n#row-932704548 > .col > .col-inner {\n  padding: 0 0px 0px 0px;\n}\n<\/style>\n<\/div>\r\n\r\n<\/div><\/div><\/div>\n\n<div class=\"message-box relative\" style=\"padding-top:30px;padding-bottom:30px;\"><div class=\"message-box-bg-image bg-fill fill\" ><\/div><div class=\"message-box-bg-overlay bg-fill fill\" style=\"background-color:rgb(245, 245, 247);\"><\/div><div class=\"container relative\"><div class=\"inner last-reset\">\r\n\r\n<div class=\"row align-equal align-center\"  id=\"row-152956544\">\r\n\r\n\n\t<div id=\"col-265820024\" class=\"col medium-3 small-12 large-3\"  >\n\t\t\t\t<div class=\"col-inner\"  >\n\t\t\t\n\t\t\t\r\n\r\n\t<div id=\"gap-69628420\" class=\"gap-element clearfix\" style=\"display:block; height:auto;\">\n\t\t\n<style>\n#gap-69628420 {\n  padding-top: 10px;\n}\n<\/style>\n\t<\/div>\n\t\r\n\r\n\t<div class=\"img has-hover img-rounded x md-x lg-x y md-y lg-y\" id=\"image_1319005952\">\n\t\t\t\t\t\t\t\t<div class=\"img-inner dark\" >\n\t\t\t<img decoding=\"async\" width=\"800\" height=\"800\" src=\"https:\/\/www.md-elektronik.com\/wp-content\/uploads\/2022\/11\/autor_christoph_zauner_md.png\" class=\"attachment-large size-large\" alt=\"\" srcset=\"https:\/\/www.md-elektronik.com\/wp-content\/uploads\/2022\/11\/autor_christoph_zauner_md.png 800w, https:\/\/www.md-elektronik.com\/wp-content\/uploads\/2022\/11\/autor_christoph_zauner_md-300x300.png 300w, https:\/\/www.md-elektronik.com\/wp-content\/uploads\/2022\/11\/autor_christoph_zauner_md-150x150.png 150w, https:\/\/www.md-elektronik.com\/wp-content\/uploads\/2022\/11\/autor_christoph_zauner_md-768x768.png 768w\" sizes=\"(max-width: 800px) 100vw, 800px\" \/>\t\t\t\t\t\t\n\t\t\t\t\t<\/div>\n\t\t\t\t\t\t\t\t\n<style>\n#image_1319005952 {\n  width: 99%;\n}\n<\/style>\n\t<\/div>\n\t\r\n\r\n\r\n\t\t<\/div>\n\t\t\t\t\t<\/div>\n\n\t\r\n\n\t<div id=\"col-1980107620\" class=\"col medium-9 small-12 large-9\"  >\n\t\t\t\t<div class=\"col-inner\"  >\n\t\t\t\n\t\t\t\r\n\r\n<p><span style=\"font-size: 130%;\"><strong>Acerca de Christoph Zauner<\/strong><\/span><\/p>\r\n<p>Christoph Zauner es m\u00e1nager en el departamento de Technical Product Management en MD. Su actividad se centra en el sector de los productos C-KLIC, los conectores PCB para automoci\u00f3n y los componentes electr\u00f3nicos. Su dilatada experiencia en el desarrollo de la electr\u00f3nica le caracteriza en este \u00e1mbito. Lo que m\u00e1s le gusta de su trabajo: \u00abPoder participar en el desarrollo de nuevos productos desde cero es un privilegio muy especial. El contacto estrecho con los clientes, el trabajo conjunto en un equipo internacional y las experiencias interculturales que conlleva hacen este trabajo especialmente interesante.\r\n<\/p>\r\n\r\n\t\t<\/div>\n\t\t\t\t\t<\/div>\n\n\t\r\n\r\n\n<style>\n#row-152956544 > .col > .col-inner {\n  padding: 0 0px 0px 0px;\n}\n<\/style>\n<\/div>\r\n\r\n<\/div><\/div><\/div>\n\n\n","protected":false},"excerpt":{"rendered":"","protected":false},"author":2,"featured_media":0,"parent":0,"menu_order":0,"comment_status":"closed","ping_status":"closed","template":"","meta":{"footnotes":""},"class_list":["post-21076","page","type-page","status-publish","hentry"],"_links":{"self":[{"href":"https:\/\/www.md-elektronik.com\/es\/wp-json\/wp\/v2\/pages\/21076","targetHints":{"allow":["GET"]}}],"collection":[{"href":"https:\/\/www.md-elektronik.com\/es\/wp-json\/wp\/v2\/pages"}],"about":[{"href":"https:\/\/www.md-elektronik.com\/es\/wp-json\/wp\/v2\/types\/page"}],"author":[{"embeddable":true,"href":"https:\/\/www.md-elektronik.com\/es\/wp-json\/wp\/v2\/users\/2"}],"replies":[{"embeddable":true,"href":"https:\/\/www.md-elektronik.com\/es\/wp-json\/wp\/v2\/comments?post=21076"}],"version-history":[{"count":0,"href":"https:\/\/www.md-elektronik.com\/es\/wp-json\/wp\/v2\/pages\/21076\/revisions"}],"wp:attachment":[{"href":"https:\/\/www.md-elektronik.com\/es\/wp-json\/wp\/v2\/media?parent=21076"}],"curies":[{"name":"wp","href":"https:\/\/api.w.org\/{rel}","templated":true}]}}