{"id":21302,"date":"2024-02-15T08:41:31","date_gmt":"2024-02-15T07:41:31","guid":{"rendered":"https:\/\/www.md-elektronik.com\/anna-maria-girschitzka\/"},"modified":"2024-02-15T08:42:26","modified_gmt":"2024-02-15T07:42:26","slug":"anna-maria-girschitzka","status":"publish","type":"page","link":"https:\/\/www.md-elektronik.com\/es\/anna-maria-girschitzka\/","title":{"rendered":"Anna-Maria Girschitzka"},"content":{"rendered":"\n<div class=\"message-box relative\" style=\"padding-top:30px;padding-bottom:30px;\"><div class=\"message-box-bg-image bg-fill fill\" ><\/div><div class=\"message-box-bg-overlay bg-fill fill\" style=\"background-color:rgb(245, 245, 247);\"><\/div><div class=\"container relative\"><div class=\"inner last-reset\">\r\n\r\n<div class=\"row align-equal align-center\"  id=\"row-1883621999\">\r\n\r\n\n\t<div id=\"col-677040920\" class=\"col medium-3 small-12 large-3\"  >\n\t\t\t\t<div class=\"col-inner\"  >\n\t\t\t\n\t\t\t\r\n\r\n\t<div id=\"gap-1379524948\" class=\"gap-element clearfix\" style=\"display:block; height:auto;\">\n\t\t\n<style>\n#gap-1379524948 {\n  padding-top: 10px;\n}\n<\/style>\n\t<\/div>\n\t\r\n\r\n\t<div class=\"img has-hover img-rounded x md-x lg-x y md-y lg-y\" id=\"image_507016378\">\n\t\t\t\t\t\t\t\t<div class=\"img-inner dark\" >\n\t\t\t<img decoding=\"async\" width=\"800\" height=\"800\" src=\"https:\/\/www.md-elektronik.com\/wp-content\/uploads\/2024\/02\/DSC08386-Girschitzka-Anna-Maria-high.png\" class=\"attachment-large size-large\" alt=\"\" srcset=\"https:\/\/www.md-elektronik.com\/wp-content\/uploads\/2024\/02\/DSC08386-Girschitzka-Anna-Maria-high.png 800w, https:\/\/www.md-elektronik.com\/wp-content\/uploads\/2024\/02\/DSC08386-Girschitzka-Anna-Maria-high-300x300.png 300w, https:\/\/www.md-elektronik.com\/wp-content\/uploads\/2024\/02\/DSC08386-Girschitzka-Anna-Maria-high-150x150.png 150w, https:\/\/www.md-elektronik.com\/wp-content\/uploads\/2024\/02\/DSC08386-Girschitzka-Anna-Maria-high-768x768.png 768w\" sizes=\"(max-width: 800px) 100vw, 800px\" \/>\t\t\t\t\t\t\n\t\t\t\t\t<\/div>\n\t\t\t\t\t\t\t\t\n<style>\n#image_507016378 {\n  width: 99%;\n}\n<\/style>\n\t<\/div>\n\t\r\n\r\n\r\n\t\t<\/div>\n\t\t\t\t\t<\/div>\n\n\t\r\n\n\t<div id=\"col-1604447377\" class=\"col medium-9 small-12 large-9\"  >\n\t\t\t\t<div class=\"col-inner\"  >\n\t\t\t\n\t\t\t\r\n\r\n<p><span style=\"font-size: 130%;\"><strong>Anna-Maria Girschitzka<\/strong><\/span><\/p>\r\n<p>Desde que finaliz\u00f3 sus estudios de ingenier\u00eda industrial en abril de 2023, Anna-Maria Girschitzka trabaja en el \u00e1rea de Application Engineering para los clientes internacionales, y all\u00ed se ocupa de su asesoramiento t\u00e9cnico. Su formaci\u00f3n profesional como gestora comercial en el sector automovil\u00edstico ya le allan\u00f3 el camino hacia la industria de la automoci\u00f3n. De su trabajo le gusta especialmente la comunicaci\u00f3n y la colaboraci\u00f3n con diferentes empresas OEM internacionales, as\u00ed como la posibilidad de participar en el desarrollo de soluciones innovadoras para desaf\u00edos tecnol\u00f3gicos complejos.<\/p>\r\n\r\n\t\t<\/div>\n\t\t\t\t\t<\/div>\n\n\t\r\n\r\n\n<style>\n#row-1883621999 > .col > .col-inner {\n  padding: 0 0px 0px 0px;\n}\n<\/style>\n<\/div>\r\n\r\n<\/div><\/div><\/div>\n","protected":false},"excerpt":{"rendered":"","protected":false},"author":1,"featured_media":0,"parent":0,"menu_order":0,"comment_status":"closed","ping_status":"closed","template":"","meta":{"footnotes":""},"class_list":["post-21302","page","type-page","status-publish","hentry"],"_links":{"self":[{"href":"https:\/\/www.md-elektronik.com\/es\/wp-json\/wp\/v2\/pages\/21302","targetHints":{"allow":["GET"]}}],"collection":[{"href":"https:\/\/www.md-elektronik.com\/es\/wp-json\/wp\/v2\/pages"}],"about":[{"href":"https:\/\/www.md-elektronik.com\/es\/wp-json\/wp\/v2\/types\/page"}],"author":[{"embeddable":true,"href":"https:\/\/www.md-elektronik.com\/es\/wp-json\/wp\/v2\/users\/1"}],"replies":[{"embeddable":true,"href":"https:\/\/www.md-elektronik.com\/es\/wp-json\/wp\/v2\/comments?post=21302"}],"version-history":[{"count":1,"href":"https:\/\/www.md-elektronik.com\/es\/wp-json\/wp\/v2\/pages\/21302\/revisions"}],"predecessor-version":[{"id":21307,"href":"https:\/\/www.md-elektronik.com\/es\/wp-json\/wp\/v2\/pages\/21302\/revisions\/21307"}],"wp:attachment":[{"href":"https:\/\/www.md-elektronik.com\/es\/wp-json\/wp\/v2\/media?parent=21302"}],"curies":[{"name":"wp","href":"https:\/\/api.w.org\/{rel}","templated":true}]}}