{"id":21550,"date":"2024-02-27T09:07:28","date_gmt":"2024-02-27T08:07:28","guid":{"rendered":"https:\/\/www.md-elektronik.com\/jochen-stein-frank-goetze\/"},"modified":"2024-02-27T09:08:17","modified_gmt":"2024-02-27T08:08:17","slug":"jochen-stein-frank-goetze","status":"publish","type":"page","link":"https:\/\/www.md-elektronik.com\/es\/jochen-stein-frank-goetze\/","title":{"rendered":"Jochen Stein &#8211; Frank Goetze"},"content":{"rendered":"\n<div class=\"message-box relative\" style=\"padding-top:30px;padding-bottom:30px;\"><div class=\"message-box-bg-image bg-fill fill\" ><\/div><div class=\"message-box-bg-overlay bg-fill fill\" style=\"background-color:rgb(245, 245, 247);\"><\/div><div class=\"container relative\"><div class=\"inner last-reset\">\r\n\r\n<div class=\"row align-equal align-center\"  id=\"row-27576888\">\r\n\r\n\n\t<div id=\"col-1642011108\" class=\"col medium-3 small-12 large-3\"  >\n\t\t\t\t<div class=\"col-inner\"  >\n\t\t\t\n\t\t\t\r\n\r\n\t<div id=\"gap-98363544\" class=\"gap-element clearfix\" style=\"display:block; height:auto;\">\n\t\t\n<style>\n#gap-98363544 {\n  padding-top: 10px;\n}\n<\/style>\n\t<\/div>\n\t\r\n\r\n\t<div class=\"img has-hover img-rounded x md-x lg-x y md-y lg-y\" id=\"image_359289795\">\n\t\t\t\t\t\t\t\t<div class=\"img-inner dark\" >\n\t\t\t<img decoding=\"async\" width=\"1020\" height=\"1020\" src=\"https:\/\/www.md-elektronik.com\/wp-content\/uploads\/2024\/02\/Jochen-Stein_qr-1024x1024.jpg\" class=\"attachment-large size-large\" alt=\"\" srcset=\"https:\/\/www.md-elektronik.com\/wp-content\/uploads\/2024\/02\/Jochen-Stein_qr-1024x1024.jpg 1024w, https:\/\/www.md-elektronik.com\/wp-content\/uploads\/2024\/02\/Jochen-Stein_qr-300x300.jpg 300w, https:\/\/www.md-elektronik.com\/wp-content\/uploads\/2024\/02\/Jochen-Stein_qr-150x150.jpg 150w, https:\/\/www.md-elektronik.com\/wp-content\/uploads\/2024\/02\/Jochen-Stein_qr-768x768.jpg 768w, https:\/\/www.md-elektronik.com\/wp-content\/uploads\/2024\/02\/Jochen-Stein_qr.jpg 1440w\" sizes=\"(max-width: 1020px) 100vw, 1020px\" \/>\t\t\t\t\t\t\n\t\t\t\t\t<\/div>\n\t\t\t\t\t\t\t\t\n<style>\n#image_359289795 {\n  width: 99%;\n}\n<\/style>\n\t<\/div>\n\t\r\n\r\n\r\n\t\t<\/div>\n\t\t\t\t\t<\/div>\n\n\t\r\n\n\t<div id=\"col-1785801849\" class=\"col medium-9 small-12 large-9\"  >\n\t\t\t\t<div class=\"col-inner\"  >\n\t\t\t\n\t\t\t\r\n\r\n<p><span style=\"font-size: 130%;\"><strong>Jochen Stein<\/strong><\/span><\/p>\r\n<p>Jochen Stein es Senior Key Account Quality Manager en MD ELEKTRONIK. Con m\u00e1s de 20 a\u00f1os de experiencia en la industria automotriz, ha superado algunos desaf\u00edos complejos y optimizado los procesos. Su pasi\u00f3n es la digitalizaci\u00f3n y la automatizaci\u00f3n de los procesos empresariales. Como m\u00e1nager experimentado en la producci\u00f3n y, posteriormente, en la gesti\u00f3n de calidad, est\u00e1 encantado de aportar su pasi\u00f3n por la innovaci\u00f3n y la mejora continua a su trabajo en MD para participar en la creaci\u00f3n de la movilidad del futuro. Desde hoy ya sue\u00f1a con poder utilizar coches totalmente aut\u00f3nomos en el futuro.<\/p>\r\n\r\n\t\t<\/div>\n\t\t\t\t\t<\/div>\n\n\t\r\n\r\n\n<style>\n#row-27576888 > .col > .col-inner {\n  padding: 0 0px 0px 0px;\n}\n<\/style>\n<\/div>\r\n\r\n<\/div><\/div><\/div>\r\n\r\n<div class=\"message-box relative\" style=\"padding-top:30px;padding-bottom:30px;\"><div class=\"message-box-bg-image bg-fill fill\" ><\/div><div class=\"message-box-bg-overlay bg-fill fill\" style=\"background-color:rgb(245, 245, 247);\"><\/div><div class=\"container relative\"><div class=\"inner last-reset\">\r\n\r\n<div class=\"row align-equal align-center\"  id=\"row-818380426\">\r\n\r\n\n\t<div id=\"col-1716928456\" class=\"col medium-3 small-12 large-3\"  >\n\t\t\t\t<div class=\"col-inner\"  >\n\t\t\t\n\t\t\t\r\n\r\n\t<div id=\"gap-1990203431\" class=\"gap-element clearfix\" style=\"display:block; height:auto;\">\n\t\t\n<style>\n#gap-1990203431 {\n  padding-top: 10px;\n}\n<\/style>\n\t<\/div>\n\t\r\n\r\n\t<div class=\"img has-hover img-rounded x md-x lg-x y md-y lg-y\" id=\"image_985521210\">\n\t\t\t\t\t\t\t\t<div class=\"img-inner dark\" >\n\t\t\t<img decoding=\"async\" width=\"1020\" height=\"1020\" src=\"https:\/\/www.md-elektronik.com\/wp-content\/uploads\/2024\/02\/Goetze-Frank_qr-1024x1024.jpg\" class=\"attachment-large size-large\" alt=\"\" srcset=\"https:\/\/www.md-elektronik.com\/wp-content\/uploads\/2024\/02\/Goetze-Frank_qr-1024x1024.jpg 1024w, https:\/\/www.md-elektronik.com\/wp-content\/uploads\/2024\/02\/Goetze-Frank_qr-300x300.jpg 300w, https:\/\/www.md-elektronik.com\/wp-content\/uploads\/2024\/02\/Goetze-Frank_qr-150x150.jpg 150w, https:\/\/www.md-elektronik.com\/wp-content\/uploads\/2024\/02\/Goetze-Frank_qr-768x768.jpg 768w, https:\/\/www.md-elektronik.com\/wp-content\/uploads\/2024\/02\/Goetze-Frank_qr.jpg 1520w\" sizes=\"(max-width: 1020px) 100vw, 1020px\" \/>\t\t\t\t\t\t\n\t\t\t\t\t<\/div>\n\t\t\t\t\t\t\t\t\n<style>\n#image_985521210 {\n  width: 99%;\n}\n<\/style>\n\t<\/div>\n\t\r\n\r\n\r\n\t\t<\/div>\n\t\t\t\t\t<\/div>\n\n\t\r\n\n\t<div id=\"col-1716763667\" class=\"col medium-9 small-12 large-9\"  >\n\t\t\t\t<div class=\"col-inner\"  >\n\t\t\t\n\t\t\t\r\n\r\n<p><span style=\"font-size: 130%;\"><strong>Frank G\u00f6tze<\/strong><\/span><\/p>\r\n<p>Frank G\u00f6tze es Director Quality Operations en MD ELEKTRONIK. Tras sus estudios universitarios de Ciencias de los materiales en la TU Dresden, su camino en la gesti\u00f3n de calidad lo llev\u00f3 por varias estaciones, entre otros, la construcci\u00f3n de veh\u00edculos utilitarios y el procesamiento del acero, hasta que lleg\u00f3 a MD. Su mayor inter\u00e9s se centra en campos como el liderazgo, la Inteligencia Artificial y los temas cient\u00edficos en general. En su vida privada, le gusta practicar deporte (bicicleta de monta\u00f1a, nataci\u00f3n) y leer biograf\u00edas. Su lema es: \u00abBE USEFUL\u00bb (Arnold Schwarzenegger).<\/p>\r\n\r\n\t\t<\/div>\n\t\t\t\t\t<\/div>\n\n\t\r\n\r\n\n<style>\n#row-818380426 > .col > .col-inner {\n  padding: 0 0px 0px 0px;\n}\n<\/style>\n<\/div>\r\n\r\n<\/div><\/div><\/div>\n","protected":false},"excerpt":{"rendered":"","protected":false},"author":2,"featured_media":0,"parent":0,"menu_order":0,"comment_status":"closed","ping_status":"closed","template":"","meta":{"footnotes":""},"class_list":["post-21550","page","type-page","status-publish","hentry"],"_links":{"self":[{"href":"https:\/\/www.md-elektronik.com\/es\/wp-json\/wp\/v2\/pages\/21550","targetHints":{"allow":["GET"]}}],"collection":[{"href":"https:\/\/www.md-elektronik.com\/es\/wp-json\/wp\/v2\/pages"}],"about":[{"href":"https:\/\/www.md-elektronik.com\/es\/wp-json\/wp\/v2\/types\/page"}],"author":[{"embeddable":true,"href":"https:\/\/www.md-elektronik.com\/es\/wp-json\/wp\/v2\/users\/2"}],"replies":[{"embeddable":true,"href":"https:\/\/www.md-elektronik.com\/es\/wp-json\/wp\/v2\/comments?post=21550"}],"version-history":[{"count":1,"href":"https:\/\/www.md-elektronik.com\/es\/wp-json\/wp\/v2\/pages\/21550\/revisions"}],"predecessor-version":[{"id":21555,"href":"https:\/\/www.md-elektronik.com\/es\/wp-json\/wp\/v2\/pages\/21550\/revisions\/21555"}],"wp:attachment":[{"href":"https:\/\/www.md-elektronik.com\/es\/wp-json\/wp\/v2\/media?parent=21550"}],"curies":[{"name":"wp","href":"https:\/\/api.w.org\/{rel}","templated":true}]}}