{"id":21865,"date":"2024-03-13T08:36:56","date_gmt":"2024-03-13T07:36:56","guid":{"rendered":"https:\/\/www.md-elektronik.com\/alexander-haas\/"},"modified":"2024-03-13T08:36:56","modified_gmt":"2024-03-13T07:36:56","slug":"alexander-haas","status":"publish","type":"page","link":"https:\/\/www.md-elektronik.com\/es\/alexander-haas\/","title":{"rendered":"Alexander Haas"},"content":{"rendered":"\n<div class=\"message-box relative\" style=\"padding-top:30px;padding-bottom:30px;\"><div class=\"message-box-bg-image bg-fill fill\" ><\/div><div class=\"message-box-bg-overlay bg-fill fill\" style=\"background-color:rgb(245, 245, 247);\"><\/div><div class=\"container relative\"><div class=\"inner last-reset\">\r\n\r\n<div class=\"row align-equal align-center\"  id=\"row-655401295\">\r\n\r\n\n\t<div id=\"col-1983813006\" class=\"col medium-3 small-12 large-3\"  >\n\t\t\t\t<div class=\"col-inner\"  >\n\t\t\t\n\t\t\t\r\n\r\n\t<div id=\"gap-544935850\" class=\"gap-element clearfix\" style=\"display:block; height:auto;\">\n\t\t\n<style>\n#gap-544935850 {\n  padding-top: 10px;\n}\n<\/style>\n\t<\/div>\n\t\r\n\r\n\t<div class=\"img has-hover img-rounded x md-x lg-x y md-y lg-y\" id=\"image_300850\">\n\t\t\t\t\t\t\t\t<div class=\"img-inner dark\" >\n\t\t\t<img decoding=\"async\" width=\"1020\" height=\"1020\" src=\"https:\/\/www.md-elektronik.com\/wp-content\/uploads\/2024\/03\/DSC09448-Haas_Alexander-high-1024x1024.jpg\" class=\"attachment-large size-large\" alt=\"\" srcset=\"https:\/\/www.md-elektronik.com\/wp-content\/uploads\/2024\/03\/DSC09448-Haas_Alexander-high-1024x1024.jpg 1024w, https:\/\/www.md-elektronik.com\/wp-content\/uploads\/2024\/03\/DSC09448-Haas_Alexander-high-300x300.jpg 300w, https:\/\/www.md-elektronik.com\/wp-content\/uploads\/2024\/03\/DSC09448-Haas_Alexander-high-150x150.jpg 150w, https:\/\/www.md-elektronik.com\/wp-content\/uploads\/2024\/03\/DSC09448-Haas_Alexander-high-768x768.jpg 768w, https:\/\/www.md-elektronik.com\/wp-content\/uploads\/2024\/03\/DSC09448-Haas_Alexander-high.jpg 1440w\" sizes=\"(max-width: 1020px) 100vw, 1020px\" \/>\t\t\t\t\t\t\n\t\t\t\t\t<\/div>\n\t\t\t\t\t\t\t\t\n<style>\n#image_300850 {\n  width: 99%;\n}\n<\/style>\n\t<\/div>\n\t\r\n\r\n\r\n\t\t<\/div>\n\t\t\t\t\t<\/div>\n\n\t\r\n\n\t<div id=\"col-1105036480\" class=\"col medium-9 small-12 large-9\"  >\n\t\t\t\t<div class=\"col-inner\"  >\n\t\t\t\n\t\t\t\r\n\r\n<p><span style=\"font-size: 130%;\"><strong>Dr. Alexander Haas<\/strong><\/span><\/p>\r\n<p>Despu\u00e9s de estudiar Tecnolog\u00eda electr\u00f3nica e inform\u00e1tica en la Universidad T\u00e9cnica de M\u00fanich, Alexander Haas hizo el doctorado sobre el tema \u00abMateriales en las redes de abordo\u00bb en colaboraci\u00f3n una importante empresa OEM. Desde 2014 es un alto cargo del grupo MD que tiene responsabilidad global sobre todos laboratorios de pruebas. De su trabajo, valora especialmente la colaboraci\u00f3n internacional y multicultural de todos los laboratorios del grupo, lo que lo convierte en una gran familia. En su vida privada, le apasiona tocar boogie-woogie al piano y es miembro de un grupo de rockabilly.<\/p>\r\n\r\n\t\t<\/div>\n\t\t\t\t\t<\/div>\n\n\t\r\n\r\n\n<style>\n#row-655401295 > .col > .col-inner {\n  padding: 0 0px 0px 0px;\n}\n<\/style>\n<\/div>\r\n\r\n<\/div><\/div><\/div>\n\n\n","protected":false},"excerpt":{"rendered":"","protected":false},"author":2,"featured_media":0,"parent":0,"menu_order":0,"comment_status":"closed","ping_status":"closed","template":"","meta":{"footnotes":""},"class_list":["post-21865","page","type-page","status-publish","hentry"],"_links":{"self":[{"href":"https:\/\/www.md-elektronik.com\/es\/wp-json\/wp\/v2\/pages\/21865","targetHints":{"allow":["GET"]}}],"collection":[{"href":"https:\/\/www.md-elektronik.com\/es\/wp-json\/wp\/v2\/pages"}],"about":[{"href":"https:\/\/www.md-elektronik.com\/es\/wp-json\/wp\/v2\/types\/page"}],"author":[{"embeddable":true,"href":"https:\/\/www.md-elektronik.com\/es\/wp-json\/wp\/v2\/users\/2"}],"replies":[{"embeddable":true,"href":"https:\/\/www.md-elektronik.com\/es\/wp-json\/wp\/v2\/comments?post=21865"}],"version-history":[{"count":0,"href":"https:\/\/www.md-elektronik.com\/es\/wp-json\/wp\/v2\/pages\/21865\/revisions"}],"wp:attachment":[{"href":"https:\/\/www.md-elektronik.com\/es\/wp-json\/wp\/v2\/media?parent=21865"}],"curies":[{"name":"wp","href":"https:\/\/api.w.org\/{rel}","templated":true}]}}