{"id":22117,"date":"2024-04-04T09:34:59","date_gmt":"2024-04-04T07:34:59","guid":{"rendered":"https:\/\/www.md-elektronik.com\/martin-pichlmeier\/"},"modified":"2024-04-04T09:35:53","modified_gmt":"2024-04-04T07:35:53","slug":"martin-pichlmeier","status":"publish","type":"page","link":"https:\/\/www.md-elektronik.com\/es\/martin-pichlmeier\/","title":{"rendered":"Martin Pichlmeier"},"content":{"rendered":"\n<div class=\"message-box relative\" style=\"padding-top:30px;padding-bottom:30px;\"><div class=\"message-box-bg-image bg-fill fill\" ><\/div><div class=\"message-box-bg-overlay bg-fill fill\" style=\"background-color:rgb(245, 245, 247);\"><\/div><div class=\"container relative\"><div class=\"inner last-reset\">\r\n\r\n<div class=\"row align-equal align-center\"  id=\"row-597473861\">\r\n\r\n\n\t<div id=\"col-1053528204\" class=\"col medium-3 small-12 large-3\"  >\n\t\t\t\t<div class=\"col-inner\"  >\n\t\t\t\n\t\t\t\r\n\r\n\t<div id=\"gap-426518806\" class=\"gap-element clearfix\" style=\"display:block; height:auto;\">\n\t\t\n<style>\n#gap-426518806 {\n  padding-top: 10px;\n}\n<\/style>\n\t<\/div>\n\t\r\n\r\n\t<div class=\"img has-hover img-rounded x md-x lg-x y md-y lg-y\" id=\"image_1307780223\">\n\t\t\t\t\t\t\t\t<div class=\"img-inner dark\" >\n\t\t\t<img decoding=\"async\" width=\"800\" height=\"800\" src=\"https:\/\/www.md-elektronik.com\/wp-content\/uploads\/2024\/04\/Pichlmeier-Martin.jpg\" class=\"attachment-original size-original\" alt=\"\" srcset=\"https:\/\/www.md-elektronik.com\/wp-content\/uploads\/2024\/04\/Pichlmeier-Martin.jpg 800w, https:\/\/www.md-elektronik.com\/wp-content\/uploads\/2024\/04\/Pichlmeier-Martin-300x300.jpg 300w, https:\/\/www.md-elektronik.com\/wp-content\/uploads\/2024\/04\/Pichlmeier-Martin-150x150.jpg 150w, https:\/\/www.md-elektronik.com\/wp-content\/uploads\/2024\/04\/Pichlmeier-Martin-768x768.jpg 768w\" sizes=\"(max-width: 800px) 100vw, 800px\" \/>\t\t\t\t\t\t\n\t\t\t\t\t<\/div>\n\t\t\t\t\t\t\t\t\n<style>\n#image_1307780223 {\n  width: 99%;\n}\n<\/style>\n\t<\/div>\n\t\r\n\r\n\r\n\t\t<\/div>\n\t\t\t\t\t<\/div>\n\n\t\r\n\n\t<div id=\"col-1648574596\" class=\"col medium-9 small-12 large-9\"  >\n\t\t\t\t<div class=\"col-inner\"  >\n\t\t\t\n\t\t\t\r\n\r\n<p><span style=\"font-size: 130%;\"><strong>Martin Pichlmeier<\/strong><\/span><\/p>\r\n<p>Martin Pichlmeier es m\u00e1nager del \u00e1rea Technical Product Management. Su misi\u00f3n es establecer MD como proveedor y colaborador en el desarrollo de componentes enchufables en el sector automovil\u00edstico. Con sus m\u00e1s de 14 a\u00f1os de experiencia en el sector de la fabricaci\u00f3n de cables y el desarrollo de componentes, es todo un experto en este campo. Tras sus inicios en el \u00e1rea de la fabricaci\u00f3n de cables, como Manager Development ha establecido y dirige un departamento de desarrollo de procesos. Lo que m\u00e1s aprecia de su trabajo es la comunicaci\u00f3n directa con clientes de todo el mundo, el desarrollo de nuevas soluciones t\u00e9cnicas y la introducci\u00f3n de productos en el mercado.<\/p>\r\n\r\n\t\t<\/div>\n\t\t\t\t\t<\/div>\n\n\t\r\n\r\n\n<style>\n#row-597473861 > .col > .col-inner {\n  padding: 0 0px 0px 0px;\n}\n<\/style>\n<\/div>\r\n\r\n<\/div><\/div><\/div>\n","protected":false},"excerpt":{"rendered":"","protected":false},"author":2,"featured_media":0,"parent":0,"menu_order":0,"comment_status":"closed","ping_status":"closed","template":"","meta":{"footnotes":""},"class_list":["post-22117","page","type-page","status-publish","hentry"],"_links":{"self":[{"href":"https:\/\/www.md-elektronik.com\/es\/wp-json\/wp\/v2\/pages\/22117","targetHints":{"allow":["GET"]}}],"collection":[{"href":"https:\/\/www.md-elektronik.com\/es\/wp-json\/wp\/v2\/pages"}],"about":[{"href":"https:\/\/www.md-elektronik.com\/es\/wp-json\/wp\/v2\/types\/page"}],"author":[{"embeddable":true,"href":"https:\/\/www.md-elektronik.com\/es\/wp-json\/wp\/v2\/users\/2"}],"replies":[{"embeddable":true,"href":"https:\/\/www.md-elektronik.com\/es\/wp-json\/wp\/v2\/comments?post=22117"}],"version-history":[{"count":1,"href":"https:\/\/www.md-elektronik.com\/es\/wp-json\/wp\/v2\/pages\/22117\/revisions"}],"predecessor-version":[{"id":22122,"href":"https:\/\/www.md-elektronik.com\/es\/wp-json\/wp\/v2\/pages\/22117\/revisions\/22122"}],"wp:attachment":[{"href":"https:\/\/www.md-elektronik.com\/es\/wp-json\/wp\/v2\/media?parent=22117"}],"curies":[{"name":"wp","href":"https:\/\/api.w.org\/{rel}","templated":true}]}}