{"id":22272,"date":"2024-04-24T09:06:55","date_gmt":"2024-04-24T07:06:55","guid":{"rendered":"https:\/\/www.md-elektronik.com\/benedikt-strauss-robert-lemaire\/"},"modified":"2024-04-24T09:06:55","modified_gmt":"2024-04-24T07:06:55","slug":"benedikt-strauss-robert-lemaire","status":"publish","type":"page","link":"https:\/\/www.md-elektronik.com\/es\/benedikt-strauss-robert-lemaire\/","title":{"rendered":"Benedikt Strauss &#8211; Robert Lemaire"},"content":{"rendered":"\n<div class=\"message-box relative\" style=\"padding-top:30px;padding-bottom:30px;\"><div class=\"message-box-bg-image bg-fill fill\" ><\/div><div class=\"message-box-bg-overlay bg-fill fill\" style=\"background-color:rgb(245, 245, 247);\"><\/div><div class=\"container relative\"><div class=\"inner last-reset\">\r\n\r\n<div class=\"row align-equal align-center\"  id=\"row-991401042\">\r\n\r\n\n\t<div id=\"col-1569327024\" class=\"col medium-3 small-12 large-3\"  >\n\t\t\t\t<div class=\"col-inner\"  >\n\t\t\t\n\t\t\t\r\n\r\n\t<div id=\"gap-1148704024\" class=\"gap-element clearfix\" style=\"display:block; height:auto;\">\n\t\t\n<style>\n#gap-1148704024 {\n  padding-top: 10px;\n}\n<\/style>\n\t<\/div>\n\t\r\n\r\n\t<div class=\"img has-hover img-rounded x md-x lg-x y md-y lg-y\" id=\"image_2005747187\">\n\t\t\t\t\t\t\t\t<div class=\"img-inner dark\" >\n\t\t\t<img decoding=\"async\" width=\"800\" height=\"800\" src=\"https:\/\/www.md-elektronik.com\/wp-content\/uploads\/2024\/04\/md_benedikt_strauss_qr.jpg\" class=\"attachment-large size-large\" alt=\"\" srcset=\"https:\/\/www.md-elektronik.com\/wp-content\/uploads\/2024\/04\/md_benedikt_strauss_qr.jpg 800w, https:\/\/www.md-elektronik.com\/wp-content\/uploads\/2024\/04\/md_benedikt_strauss_qr-300x300.jpg 300w, https:\/\/www.md-elektronik.com\/wp-content\/uploads\/2024\/04\/md_benedikt_strauss_qr-150x150.jpg 150w, https:\/\/www.md-elektronik.com\/wp-content\/uploads\/2024\/04\/md_benedikt_strauss_qr-768x768.jpg 768w\" sizes=\"(max-width: 800px) 100vw, 800px\" \/>\t\t\t\t\t\t\n\t\t\t\t\t<\/div>\n\t\t\t\t\t\t\t\t\n<style>\n#image_2005747187 {\n  width: 99%;\n}\n<\/style>\n\t<\/div>\n\t\r\n\r\n\r\n\t\t<\/div>\n\t\t\t\t\t<\/div>\n\n\t\r\n\n\t<div id=\"col-601346934\" class=\"col medium-9 small-12 large-9\"  >\n\t\t\t\t<div class=\"col-inner\"  >\n\t\t\t\n\t\t\t\r\n\r\n<p><span style=\"font-size: 130%;\"><strong>Benedikt Strau\u00df<\/strong><\/span><\/p>\r\n<p>Benedikt Strau\u00df es experto en automatizaci\u00f3n en el \u00e1rea de tecnolog\u00eda de MD. Su misi\u00f3n es seguir aumentando el nivel de automatizaci\u00f3n en el \u00e1mbito de la fabricaci\u00f3n de cables. Con m\u00e1s de 10 a\u00f1os de experiencia en el sector, es todo un experto en este campo. En sus inicios como dise\u00f1ador, particip\u00f3 en la construcci\u00f3n de la automatizaci\u00f3n interna de las instalaciones de MD, y tambi\u00e9n ha impulsado el desarrollo de nuevos conceptos de fabricaci\u00f3n. Adem\u00e1s del contacto estrecho con el \u00e1rea de producci\u00f3n y de trabajar en un equipo de expertos, de su trabajo valora especialmente la gran variedad de los requisitos.<\/p>\r\n\r\n\t\t<\/div>\n\t\t\t\t\t<\/div>\n\n\t\r\n\r\n\n<style>\n#row-991401042 > .col > .col-inner {\n  padding: 0 0px 0px 0px;\n}\n<\/style>\n<\/div>\r\n\r\n<\/div><\/div><\/div>\r\n\r\n<div class=\"message-box relative\" style=\"padding-top:30px;padding-bottom:30px;\"><div class=\"message-box-bg-image bg-fill fill\" ><\/div><div class=\"message-box-bg-overlay bg-fill fill\" style=\"background-color:rgb(245, 245, 247);\"><\/div><div class=\"container relative\"><div class=\"inner last-reset\">\r\n\r\n<div class=\"row align-equal align-center\"  id=\"row-1108286535\">\r\n\r\n\n\t<div id=\"col-155853221\" class=\"col medium-3 small-12 large-3\"  >\n\t\t\t\t<div class=\"col-inner\"  >\n\t\t\t\n\t\t\t\r\n\r\n\t<div id=\"gap-1899107750\" class=\"gap-element clearfix\" style=\"display:block; height:auto;\">\n\t\t\n<style>\n#gap-1899107750 {\n  padding-top: 10px;\n}\n<\/style>\n\t<\/div>\n\t\r\n\r\n\t<div class=\"img has-hover img-rounded x md-x lg-x y md-y lg-y\" id=\"image_823533964\">\n\t\t\t\t\t\t\t\t<div class=\"img-inner dark\" >\n\t\t\t<img decoding=\"async\" width=\"800\" height=\"800\" src=\"https:\/\/www.md-elektronik.com\/wp-content\/uploads\/2024\/04\/md_robert_lemaire.jpg\" class=\"attachment-large size-large\" alt=\"\" srcset=\"https:\/\/www.md-elektronik.com\/wp-content\/uploads\/2024\/04\/md_robert_lemaire.jpg 800w, https:\/\/www.md-elektronik.com\/wp-content\/uploads\/2024\/04\/md_robert_lemaire-300x300.jpg 300w, https:\/\/www.md-elektronik.com\/wp-content\/uploads\/2024\/04\/md_robert_lemaire-150x150.jpg 150w, https:\/\/www.md-elektronik.com\/wp-content\/uploads\/2024\/04\/md_robert_lemaire-768x768.jpg 768w\" sizes=\"(max-width: 800px) 100vw, 800px\" \/>\t\t\t\t\t\t\n\t\t\t\t\t<\/div>\n\t\t\t\t\t\t\t\t\n<style>\n#image_823533964 {\n  width: 99%;\n}\n<\/style>\n\t<\/div>\n\t\r\n\r\n\r\n\t\t<\/div>\n\t\t\t\t\t<\/div>\n\n\t\r\n\n\t<div id=\"col-762405684\" class=\"col medium-9 small-12 large-9\"  >\n\t\t\t\t<div class=\"col-inner\"  >\n\t\t\t\n\t\t\t\r\n\r\n<p><span style=\"font-size: 130%;\"><strong>Robert Lemaire<\/strong><\/span><\/p>\r\n<p>Robert Lemaire es Senior Manager en el departamento de Automation Solutions de MD Elektronik. Cuenta con m\u00e1s de 20 a\u00f1os de experiencia en la construcci\u00f3n de m\u00e1quinas especiales. Su trayectoria profesional lo ha llevado por distintos puestos, desde el desarrollo del software de control para las instalaciones altamente automatizadas hasta la direcci\u00f3n de equipos para proyectos de automatizaci\u00f3n complejos. Desde sus inicios en MD en el a\u00f1o 2015 mantiene su compromiso por la innovaci\u00f3n y la mejora continua para estar siempre a la \u00faltima en el \u00e1mbito tecnol\u00f3gico. Como Senior Manager ha trabajado con \u00e9xito en el desarrollo y la implementaci\u00f3n de soluciones de automatizaci\u00f3n flexibles que contribuyen a aumentar la capacidad de producci\u00f3n, mejorar la calidad, reducir los costes y, con ello, reforzar la competitividad de MD.\r\n<\/p>\r\n\r\n\t\t<\/div>\n\t\t\t\t\t<\/div>\n\n\t\r\n\r\n\n<style>\n#row-1108286535 > .col > .col-inner {\n  padding: 0 0px 0px 0px;\n}\n<\/style>\n<\/div>\r\n\r\n<\/div><\/div><\/div>\n\n\n","protected":false},"excerpt":{"rendered":"","protected":false},"author":2,"featured_media":0,"parent":0,"menu_order":0,"comment_status":"closed","ping_status":"closed","template":"","meta":{"footnotes":""},"class_list":["post-22272","page","type-page","status-publish","hentry"],"_links":{"self":[{"href":"https:\/\/www.md-elektronik.com\/es\/wp-json\/wp\/v2\/pages\/22272","targetHints":{"allow":["GET"]}}],"collection":[{"href":"https:\/\/www.md-elektronik.com\/es\/wp-json\/wp\/v2\/pages"}],"about":[{"href":"https:\/\/www.md-elektronik.com\/es\/wp-json\/wp\/v2\/types\/page"}],"author":[{"embeddable":true,"href":"https:\/\/www.md-elektronik.com\/es\/wp-json\/wp\/v2\/users\/2"}],"replies":[{"embeddable":true,"href":"https:\/\/www.md-elektronik.com\/es\/wp-json\/wp\/v2\/comments?post=22272"}],"version-history":[{"count":0,"href":"https:\/\/www.md-elektronik.com\/es\/wp-json\/wp\/v2\/pages\/22272\/revisions"}],"wp:attachment":[{"href":"https:\/\/www.md-elektronik.com\/es\/wp-json\/wp\/v2\/media?parent=22272"}],"curies":[{"name":"wp","href":"https:\/\/api.w.org\/{rel}","templated":true}]}}