{"id":2248,"date":"2020-01-27T09:51:31","date_gmt":"2020-01-27T08:51:31","guid":{"rendered":"https:\/\/www.md-elektronik.de\/?page_id=2248"},"modified":"2026-03-24T09:53:11","modified_gmt":"2026-03-24T08:53:11","slug":"certificados","status":"publish","type":"page","link":"https:\/\/www.md-elektronik.com\/es\/sobre-nosotros\/certificados\/","title":{"rendered":"Certificados"},"content":{"rendered":"\n<div class=\"row\"  id=\"row-704513893\">\n\n\n\t<div id=\"col-930284336\" class=\"col medium-4 small-12 large-4\"  >\n\t\t\t\t<div class=\"col-inner\"  >\n\t\t\t\n\t\t\t\n\n<header>\n<h2>CALIDAD\u00a0<\/h2>\n<\/header>\n<p><strong>MD ELEKTRONIK \u2013 Alemania\u00a0\u2013\u00a0ISO 9001<\/strong><\/p>\n<ul>\n<li><a href=\"https:\/\/www.md-elektronik.com\/wp-content\/uploads\/2024\/07\/16739ms_de.pdf\">Versi\u00f3n en alem\u00e1n<\/a><\/li>\n<li><a href=\"https:\/\/www.md-elektronik.com\/wp-content\/uploads\/2024\/07\/16739ms_en.pdf\">Versi\u00f3n en ingl\u00e9s<\/a><\/li>\n<\/ul>\n<p><strong>MD ELEKTRONIK \u2013 Rep\u00fablica Checa \u2013 IATF 16949<\/strong><\/p>\n<ul>\n<li><a href=\"https:\/\/www.md-elektronik.com\/wp-content\/uploads\/2025\/08\/16739msIATF_ts02.pdf\">Versi\u00f3n en checo<\/a><\/li>\n<li><a href=\"https:\/\/www.md-elektronik.com\/wp-content\/uploads\/2025\/08\/16739msIATF_en02.pdf\">Versi\u00f3n en ingl\u00e9s<\/a><\/li>\n<\/ul>\n<p><strong>MD ELECTRONICS \u2013 China (Beijing) \u2013 IATF 16949<\/strong><\/p>\n<ul>\n<li><a href=\"https:\/\/www.md-elektronik.com\/wp-content\/uploads\/2023\/12\/16739msIATF_chi03.pdf\">Versi\u00f3n en chino<\/a><\/li>\n<li><a href=\"https:\/\/www.md-elektronik.com\/wp-content\/uploads\/2023\/12\/16739msIATF_en03.pdf\">Versi\u00f3n en ingl\u00e9s<\/a><\/li>\n<\/ul>\n<p><strong>MD ELECTRONICS \u2013 China (Changzhou) \u2013 IATF 16949<\/strong><\/p>\n<ul>\n<li><a href=\"https:\/\/www.md-elektronik.com\/wp-content\/uploads\/2024\/11\/16739msIATF_chi06.pdf\">Versi\u00f3n en chino<\/a><\/li>\n<li><a href=\"https:\/\/www.md-elektronik.com\/wp-content\/uploads\/2024\/11\/16739msIATF_en06.pdf\">Versi\u00f3n en ingl\u00e9s<\/a><\/li>\n<\/ul>\n<p><strong>MD ELEKTRONIK \u2013 M\u00e9xico \u2013\u00a0 IATF 16949<\/strong><\/p>\n<ul>\n<li><a href=\"https:\/\/www.md-elektronik.com\/wp-content\/uploads\/2024\/07\/16739msIATF_sp05.pdf\">Versi\u00f3n en espa\u00f1ol<\/a><\/li>\n<li><a href=\"https:\/\/www.md-elektronik.com\/wp-content\/uploads\/2024\/07\/16739msIATF_en05.pdf\">Versi\u00f3n en ingl\u00e9s<\/a><\/li>\n<\/ul>\n<p><strong>MD ELEKTRONIK \u2013 Bulgaria \u2013\u00a0 IATF 16949<\/strong><\/p>\n<ul>\n<li><a href=\"https:\/\/www.md-elektronik.com\/wp-content\/uploads\/2024\/02\/16739msIATF_bul07.pdf\">Versi\u00f3n en b\u00falgaro<\/a><\/li>\n<li><a href=\"https:\/\/www.md-elektronik.com\/wp-content\/uploads\/2024\/02\/16739msIATF_en07.pdf\">Versi\u00f3n en ingl\u00e9s<\/a><\/li>\n<\/ul>\n\n\t\t<\/div>\n\t\t\t\t\t<\/div>\n\n\t\n\n\t<div id=\"col-1591009738\" class=\"col medium-4 small-12 large-4\"  >\n\t\t\t\t<div class=\"col-inner\"  >\n\t\t\t\n\t\t\t\n\n<header><\/header>\n<h2>MEDIO AMBIENTE, SEGURIDAD Y SALUD EN EL TRABAJO\u00a0<\/h2>\n<p><strong>MD ELEKTRONIK \u2013 Global \u2013 <b><span lang=\"de\" data-ogsc=\"rgb(31, 73, 125)\">ISO 14001\/ ISO 45001<\/span><\/b><\/strong><\/p>\n<ul>\n<li><a href=\"https:\/\/www.md-elektronik.com\/wp-content\/uploads\/2024\/11\/Hauptzertifikat_14001_45001_DE.pdf\">Certificado principal (Versi\u00f3n en alem\u00e1n)<\/a><\/li>\n<li><a href=\"https:\/\/www.md-elektronik.com\/wp-content\/uploads\/2024\/11\/Hauptzertifikat_14001_45001_EN.pdf\">Certificado principal (Versi\u00f3n en ingl\u00e9s)<\/a><\/li>\n<\/ul>\n<p><strong>MD ELEKTRONIK \u2013 Alemania \u2013 <b><span lang=\"de\" data-ogsc=\"rgb(31, 73, 125)\">ISO 14001\/ ISO 45001<\/span><\/b><\/strong><\/p>\n<ul>\n<li><a href=\"https:\/\/www.md-elektronik.com\/wp-content\/uploads\/2024\/02\/14001_45001_Waldkraiburg_20240214_de.pdf\">Versi\u00f3n en alem\u00e1n<\/a><\/li>\n<li><a href=\"https:\/\/www.md-elektronik.com\/wp-content\/uploads\/2024\/02\/14001_45001_Waldkraiburg_20240214_en.pdf\">Versi\u00f3n en ingl\u00e9s<\/a><\/li>\n<\/ul>\n<p><strong>MD ELEKTRONIK \u2013 Rep\u00fablica Checa (Chot\u011b\u0161ov) \u2013 <b><span lang=\"de\" data-ogsc=\"rgb(31, 73, 125)\">ISO 14001\/ ISO 45001<\/span><\/b><\/strong><\/p>\n<ul>\n<li><a href=\"https:\/\/www.md-elektronik.com\/wp-content\/uploads\/2024\/03\/14001_45001_CZ-Chotesov_20240803_cs.pdf\">Versi\u00f3n en checo<\/a><\/li>\n<li><a href=\"https:\/\/www.md-elektronik.com\/wp-content\/uploads\/2024\/03\/14001_45001_CZ-Chotesov_20240803_en.pdf\">Versi\u00f3n en ingl\u00e9s<\/a><\/li>\n<\/ul>\n<p><strong>MD ELEKTRONIK \u2013 Rep\u00fablica Checa \u2013 (Pilsen, \u00dan\u011b\u0161ovsk\u00e1) <b><span lang=\"de\" data-ogsc=\"rgb(31, 73, 125)\">ISO 14001\/ ISO 45001<\/span><\/b><\/strong><\/p>\n<ul>\n<li><a href=\"https:\/\/www.md-elektronik.com\/wp-content\/uploads\/2024\/03\/14001_45001_CZ-Plzen_U_20240803_cs.pdf\">Versi\u00f3n en checo<\/a><\/li>\n<li><a href=\"https:\/\/www.md-elektronik.com\/wp-content\/uploads\/2024\/03\/14001_45001_CZ-Plzen_U_20240803_en.pdf\">Versi\u00f3n en ingl\u00e9s<\/a><\/li>\n<\/ul>\n<p><strong>MD ELEKTRONIK \u2013 Rep\u00fablica Checa (Pilsen, Obchodn\u00ed) \u2013 <b><span lang=\"de\" data-ogsc=\"rgb(31, 73, 125)\">ISO 14001\/ ISO 45001<\/span><\/b><\/strong><\/p>\n<ul>\n<li><a href=\"https:\/\/www.md-elektronik.com\/wp-content\/uploads\/2024\/03\/14001_45001_CZ-Plzen_O_20240803_cs.pdf\">Versi\u00f3n en checo<\/a><\/li>\n<li><a href=\"https:\/\/www.md-elektronik.com\/wp-content\/uploads\/2024\/03\/14001_45001_CZ-Plzen_O_20240803_en.pdf\">Versi\u00f3n en ingl\u00e9s<\/a><\/li>\n<\/ul>\n<p><strong>MD ELECTRONICS \u2013 China (Beijing) \u2013 <b><span lang=\"de\" data-ogsc=\"rgb(31, 73, 125)\">ISO 14001\/ ISO 45001<\/span><\/b><\/strong><\/p>\n<ul>\n<li><a href=\"https:\/\/www.md-elektronik.com\/wp-content\/uploads\/2024\/02\/14001_45001_CN-Beijing_20241502_cn.pdf\">Versi\u00f3n en chino<\/a><\/li>\n<li><a href=\"https:\/\/www.md-elektronik.com\/wp-content\/uploads\/2024\/02\/14001_45001_CN-Beijing_20241502_en.pdf\">Versi\u00f3n en ingl\u00e9s<\/a><\/li>\n<\/ul>\n<p><strong>MD ELECTRONICS \u2013 China (Changzhou) \u2013 <b><span lang=\"de\" data-ogsc=\"rgb(31, 73, 125)\">ISO 14001\/ ISO 45001<\/span><\/b><\/strong><\/p>\n<ul>\n<li><a href=\"https:\/\/www.md-elektronik.com\/wp-content\/uploads\/2024\/02\/14001_45001_CN-Changzhou_20240214_cn.pdf\">Versi\u00f3n en chino<\/a><\/li>\n<li><a href=\"https:\/\/www.md-elektronik.com\/wp-content\/uploads\/2024\/02\/14001_45001_CN-Changzhou_20240214_en.pdf\">Versi\u00f3n en ingl\u00e9s<\/a><\/li>\n<\/ul>\n<p><strong>MD ELEKTRONIK \u2013 M\u00e9xico \u2013 <b><span lang=\"de\" data-ogsc=\"rgb(31, 73, 125)\">ISO 14001\/ ISO 45001<\/span><\/b><\/strong><\/p>\n<ul>\n<li><a href=\"https:\/\/www.md-elektronik.com\/wp-content\/uploads\/2024\/11\/Zertifikat-MDMX_ES_14001_45001.pdf\">Versi\u00f3n en espa\u00f1ol<\/a><\/li>\n<li><a href=\"https:\/\/www.md-elektronik.com\/wp-content\/uploads\/2024\/11\/Zertifikat-MDMX_EN14001_45001-2.pdf\">Versi\u00f3n en ingl\u00e9s<\/a><\/li>\n<li><a href=\"https:\/\/www.md-elektronik.com\/wp-content\/uploads\/2024\/11\/Zertifikat-MDMX_DE_14001_45001.pdf\">Versi\u00f3n en alem\u00e1n<\/a><\/li>\n<\/ul>\n<p><strong>MD ELEKTRONIK \u2013 Bulgaria \u2013 <b><span lang=\"de\" data-ogsc=\"rgb(31, 73, 125)\">ISO 14001\/ ISO 45001<\/span><\/b><\/strong><\/p>\n<ul>\n<li><a href=\"https:\/\/www.md-elektronik.com\/wp-content\/uploads\/2024\/02\/16739ms_08_EOOD_141_451_DIN_EN_ISO_14001_45001_bg.pdf\">Versi\u00f3n en b\u00falgaro<\/a><\/li>\n<li><a href=\"https:\/\/www.md-elektronik.com\/wp-content\/uploads\/2024\/02\/16739ms_08_EOOD_141_451_DIN_EN_ISO_14001_45001_en.pdf\">Versi\u00f3n en ingl\u00e9s<\/a><\/li>\n<\/ul>\n\n\t\t<\/div>\n\t\t\t\t\t<\/div>\n\n\t\n\n\t<div id=\"col-1289742445\" class=\"col medium-4 small-12 large-4\"  >\n\t\t\t\t<div class=\"col-inner\"  >\n\t\t\t\n\t\t\t\n\n<header><\/header>\n<h2>Laboratorios acreditados:<\/h2>\n<p><strong>MD ELEKTRONIK \u2013 Germany<\/strong><\/p>\n<ul>\n<li><a href=\"https:\/\/www.md-elektronik.com\/wp-content\/uploads\/2024\/03\/Akkreditierungsurkunde-DAkkS-D-PL-19548-01-01.pdf\">Acreditaci\u00f3n por el organismo de acreditaci\u00f3n alem\u00e1n (DAkkS) D-PL-19548-01-01(en alem\u00e1n)<\/a><\/li>\n<li><a href=\"https:\/\/www.md-elektronik.com\/wp-content\/uploads\/2024\/03\/Akkreditierungsurkunde-DAkkS-D-PL-19548-01-03.pdf\">Acreditaci\u00f3n por el organismo de acreditaci\u00f3n alem\u00e1n (DAkkS)\u00a0 D-PL-19548-01-03 (en alem\u00e1n)<\/a><\/li>\n<li><a href=\"https:\/\/www.md-elektronik.com\/wp-content\/uploads\/2026\/01\/C43615-DE-LALG-70098652-Liste-der-Verfahren-Standort-MDD.pdf\">Lista de procedimientos: ubicaci\u00f3n MD(D)<\/a><\/li>\n<li><a href=\"https:\/\/www.md-elektronik.com\/wp-content\/uploads\/2024\/01\/MD-Test-laboratory-EN-decision-rule-20180622.pdf\">Reglas de decisi\u00f3n (<\/a><a href=\"https:\/\/www.md-elektronik.com\/wp-content\/uploads\/2021\/12\/C10543-EN-LAG-10216751-List-of-accredited-test-methods.pdf\">en ingl\u00e9s<\/a><a href=\"https:\/\/www.md-elektronik.com\/wp-content\/uploads\/2024\/01\/MD-Test-laboratory-EN-decision-rule-20180622.pdf\">)<\/a><\/li>\n<\/ul>\n<p><img decoding=\"async\" class=\"alignnone  wp-image-9026\" src=\"https:\/\/www.md-elektronik.com\/wp-content\/uploads\/2024\/07\/D-PL-19548-01-00_DAkkS_Symbol_ILAC_RGB_2.1-scaled.jpg\" alt=\"\" width=\"160\" height=\"61\" \/><\/p>\n<p><sub><em>La acreditaci\u00f3n es v\u00e1lida para el \u00e1mbito definido en el documento anexo D-PL-22492-01-01 y D-PL-22492-01-03<\/em><\/sub><\/p>\n<p><strong><br \/>MD ELEKTRONIK \u2013 Rep\u00fablica Checa<\/strong><\/p>\n<ul>\n<li><a href=\"https:\/\/www.md-elektronik.com\/wp-content\/uploads\/2025\/03\/Akkreditierungsurkunde-DAkkS-D-PL-19548-01-02.pdf\">Acreditaci\u00f3n por el organismo de acreditaci\u00f3n alem\u00e1n (DAkkS) D-PL-19548-01-02 (en alem\u00e1n)<\/a><\/li>\n<li><a href=\"https:\/\/www.md-elektronik.com\/wp-content\/uploads\/2024\/10\/List-of-test-methods-location-MDCZ.pdf\">Lista de m\u00e9todos de ensayo &#8211; localizaci\u00f3n MD(CZ)<\/a>\u00a0<\/li>\n<li><a href=\"https:\/\/www.md-elektronik.com\/wp-content\/uploads\/2025\/01\/MD-Test-Laboratory-decision-rules.pdf\">Reglas de decisi\u00f3n (en ingl\u00e9s)<\/a><\/li>\n<\/ul>\n<p><img decoding=\"async\" class=\"alignnone  wp-image-9020\" src=\"https:\/\/www.md-elektronik.com\/wp-content\/uploads\/2022\/02\/DAkkS_Symbol_ILAC_RGB_2.1_CZ_small-300x117.jpg\" alt=\"\" width=\"160\" height=\"61\" \/><\/p>\n<p><em><span style=\"font-size: 80%;\">La acreditaci\u00f3n es v\u00e1lida para el \u00e1mbito determinado en el anexo D-PL-19548-01-02 del certificado<\/span><\/em><\/p>\n<p>\u00a0<\/p>\n<p><strong>MD ELECTRONICS \u2013 China (Changzhou)<\/strong><\/p>\n<ul>\n<li><a href=\"https:\/\/www.md-elektronik.com\/wp-content\/uploads\/2026\/03\/Accreditation-of-the-German-National-Accreditation-Body-DAkkS-D-PL-22492-01-00.pdf\">Acreditaci\u00f3n por el organismo de acreditaci\u00f3n alem\u00e1n (DAkkS) D-PL-22492-01-00 (en ingl\u00e9s)<\/a><\/li>\n<li><a href=\"https:\/\/www.md-elektronik.com\/wp-content\/uploads\/2025\/01\/List-of-Test-Methods-Location-MDCN.C.pdf\">Lista de procedimientos \u2013 Localizaci\u00f3n MD(CN.C) (en ingl\u00e9s)<\/a>\u00a0<\/li>\n<li><a href=\"https:\/\/www.md-elektronik.com\/wp-content\/uploads\/2025\/01\/MD-Test-Laboratory-decision-rules.pdf\">Reglas de decisi\u00f3n (en ingl\u00e9s)<\/a><\/li>\n<\/ul>\n<p><img decoding=\"async\" class=\"alignnone  wp-image-9020\" src=\"https:\/\/www.md-elektronik.com\/wp-content\/uploads\/2026\/03\/ILACDAKKS-RGB_D-PL-22492-01-00-scaled.jpg\" alt=\"\" width=\"160\" height=\"61\" \/><\/p>\n<p><em><span style=\"font-size: 80%;\">La acreditaci\u00f3n es v\u00e1lida para el \u00e1mbito determinado en el anexo D-PL-19548-01-01-00 del certificado <\/span><\/em><\/p>\n<p>\u00a0<\/p>\n<h2><strong>Laboratorios no acreditados:<\/strong><\/h2>\n<p><strong>MD ELEKTRONIK \u2013 Mexico<\/strong>\u00a0<\/p>\n<ul>\n<li><a href=\"https:\/\/www.md-elektronik.com\/wp-content\/uploads\/2025\/01\/MD-Test-Laboratory-decision-rules.pdf\">Decisive rules\u00a0<\/a>\u00a0<\/li>\n<li><a href=\"https:\/\/www.md-elektronik.com\/wp-content\/uploads\/2025\/02\/List-of-test-methods-location-MDMX.pdf\">Lista de m\u00e9todos de prueba &#8211; Localizaci\u00f3n MD(MX) (en ingl\u00e9s)<\/a><\/li>\n<\/ul>\n<p>\u00a0<\/p>\n\n\t\t<\/div>\n\t\t\t\t\t<\/div>\n\n\t\n\n<\/div>\n\n","protected":false},"excerpt":{"rendered":"","protected":false},"author":2,"featured_media":0,"parent":5725,"menu_order":3,"comment_status":"closed","ping_status":"closed","template":"","meta":{"footnotes":""},"class_list":["post-2248","page","type-page","status-publish","hentry"],"_links":{"self":[{"href":"https:\/\/www.md-elektronik.com\/es\/wp-json\/wp\/v2\/pages\/2248","targetHints":{"allow":["GET"]}}],"collection":[{"href":"https:\/\/www.md-elektronik.com\/es\/wp-json\/wp\/v2\/pages"}],"about":[{"href":"https:\/\/www.md-elektronik.com\/es\/wp-json\/wp\/v2\/types\/page"}],"author":[{"embeddable":true,"href":"https:\/\/www.md-elektronik.com\/es\/wp-json\/wp\/v2\/users\/2"}],"replies":[{"embeddable":true,"href":"https:\/\/www.md-elektronik.com\/es\/wp-json\/wp\/v2\/comments?post=2248"}],"version-history":[{"count":110,"href":"https:\/\/www.md-elektronik.com\/es\/wp-json\/wp\/v2\/pages\/2248\/revisions"}],"predecessor-version":[{"id":31779,"href":"https:\/\/www.md-elektronik.com\/es\/wp-json\/wp\/v2\/pages\/2248\/revisions\/31779"}],"up":[{"embeddable":true,"href":"https:\/\/www.md-elektronik.com\/es\/wp-json\/wp\/v2\/pages\/5725"}],"wp:attachment":[{"href":"https:\/\/www.md-elektronik.com\/es\/wp-json\/wp\/v2\/media?parent=2248"}],"curies":[{"name":"wp","href":"https:\/\/api.w.org\/{rel}","templated":true}]}}