{"id":22512,"date":"2024-05-14T08:43:48","date_gmt":"2024-05-14T06:43:48","guid":{"rendered":"https:\/\/www.md-elektronik.com\/sabrina-boehler-michael-mayerhofer\/"},"modified":"2024-05-14T08:43:48","modified_gmt":"2024-05-14T06:43:48","slug":"sabrina-boehler-michael-mayerhofer","status":"publish","type":"page","link":"https:\/\/www.md-elektronik.com\/es\/sabrina-boehler-michael-mayerhofer\/","title":{"rendered":"Sabrina Boehler &#8211; Michael Mayerhofer"},"content":{"rendered":"\n<div class=\"message-box relative\" style=\"padding-top:30px;padding-bottom:30px;\"><div class=\"message-box-bg-image bg-fill fill\" ><\/div><div class=\"message-box-bg-overlay bg-fill fill\" style=\"background-color:rgb(245, 245, 247);\"><\/div><div class=\"container relative\"><div class=\"inner last-reset\">\r\n\r\n<div class=\"row align-equal align-center\"  id=\"row-590417803\">\r\n\r\n\n\t<div id=\"col-248370764\" class=\"col medium-3 small-12 large-3\"  >\n\t\t\t\t<div class=\"col-inner\"  >\n\t\t\t\n\t\t\t\r\n\r\n\t<div id=\"gap-2140824261\" class=\"gap-element clearfix\" style=\"display:block; height:auto;\">\n\t\t\n<style>\n#gap-2140824261 {\n  padding-top: 10px;\n}\n<\/style>\n\t<\/div>\n\t\r\n\r\n\t<div class=\"img has-hover img-rounded x md-x lg-x y md-y lg-y\" id=\"image_1415058160\">\n\t\t\t\t\t\t\t\t<div class=\"img-inner dark\" >\n\t\t\t<img decoding=\"async\" width=\"1020\" height=\"1020\" src=\"https:\/\/www.md-elektronik.com\/wp-content\/uploads\/2024\/05\/3.3.jpg\" class=\"attachment-large size-large\" alt=\"\" srcset=\"https:\/\/www.md-elektronik.com\/wp-content\/uploads\/2024\/05\/3.3.jpg 1024w, https:\/\/www.md-elektronik.com\/wp-content\/uploads\/2024\/05\/3.3-300x300.jpg 300w, https:\/\/www.md-elektronik.com\/wp-content\/uploads\/2024\/05\/3.3-150x150.jpg 150w, https:\/\/www.md-elektronik.com\/wp-content\/uploads\/2024\/05\/3.3-768x768.jpg 768w\" sizes=\"(max-width: 1020px) 100vw, 1020px\" \/>\t\t\t\t\t\t\n\t\t\t\t\t<\/div>\n\t\t\t\t\t\t\t\t\n<style>\n#image_1415058160 {\n  width: 99%;\n}\n<\/style>\n\t<\/div>\n\t\r\n\r\n\r\n\t\t<\/div>\n\t\t\t\t\t<\/div>\n\n\t\r\n\n\t<div id=\"col-1967774350\" class=\"col medium-9 small-12 large-9\"  >\n\t\t\t\t<div class=\"col-inner\"  >\n\t\t\t\n\t\t\t\r\n\r\n<p><span style=\"font-size: 130%;\"><strong>Sabrina B\u00f6hler<\/strong><\/span><\/p>\r\n<p>Sabrina B\u00f6hler es m\u00e1nager de Gesti\u00f3n de la innovaci\u00f3n en MD ELEKTRONIK. Durante sus estudios en la Technische Universit\u00e4t de M\u00fanich descubri\u00f3 su pasi\u00f3n por la innovaci\u00f3n y, a continuaci\u00f3n, realiz\u00f3 su doctorado sobre plataformas de innovaci\u00f3n basadas en TI en la universidad Friedrich-Alexander-Universit\u00e4t Erlangen-N\u00fcrnberg. Desde 2019 apoya a los compa\u00f1eros de las \u00e1reas t\u00e9cnicas de MD en el desarrollo de soluciones del futuro a trav\u00e9s de diferentes m\u00e9todos y formatos de innovaci\u00f3n. Las innovaciones requieren una gran motivaci\u00f3n intr\u00ednseca. Por ello, su motor es reunir a personas y motivarlas y capacitarlas para la innovaci\u00f3n. <\/p>\r\n\r\n\t\t<\/div>\n\t\t\t\t\t<\/div>\n\n\t\r\n\r\n\n<style>\n#row-590417803 > .col > .col-inner {\n  padding: 0 0px 0px 0px;\n}\n<\/style>\n<\/div>\r\n\r\n<\/div><\/div><\/div>\n\n<div class=\"message-box relative\" style=\"padding-top:30px;padding-bottom:30px;\"><div class=\"message-box-bg-image bg-fill fill\" ><\/div><div class=\"message-box-bg-overlay bg-fill fill\" style=\"background-color:rgb(245, 245, 247);\"><\/div><div class=\"container relative\"><div class=\"inner last-reset\">\r\n\r\n<div class=\"row align-equal align-center\"  id=\"row-359078492\">\r\n\r\n\n\t<div id=\"col-1874197909\" class=\"col medium-3 small-12 large-3\"  >\n\t\t\t\t<div class=\"col-inner\"  >\n\t\t\t\n\t\t\t\r\n\r\n\t<div id=\"gap-1763900191\" class=\"gap-element clearfix\" style=\"display:block; height:auto;\">\n\t\t\n<style>\n#gap-1763900191 {\n  padding-top: 10px;\n}\n<\/style>\n\t<\/div>\n\t\r\n\r\n\t<div class=\"img has-hover img-rounded x md-x lg-x y md-y lg-y\" id=\"image_424715615\">\n\t\t\t\t\t\t\t\t<div class=\"img-inner dark\" >\n\t\t\t<img decoding=\"async\" width=\"1020\" height=\"1020\" src=\"https:\/\/www.md-elektronik.com\/wp-content\/uploads\/2024\/05\/2.jpg\" class=\"attachment-large size-large\" alt=\"\" srcset=\"https:\/\/www.md-elektronik.com\/wp-content\/uploads\/2024\/05\/2.jpg 1024w, https:\/\/www.md-elektronik.com\/wp-content\/uploads\/2024\/05\/2-300x300.jpg 300w, https:\/\/www.md-elektronik.com\/wp-content\/uploads\/2024\/05\/2-150x150.jpg 150w, https:\/\/www.md-elektronik.com\/wp-content\/uploads\/2024\/05\/2-768x768.jpg 768w\" sizes=\"(max-width: 1020px) 100vw, 1020px\" \/>\t\t\t\t\t\t\n\t\t\t\t\t<\/div>\n\t\t\t\t\t\t\t\t\n<style>\n#image_424715615 {\n  width: 99%;\n}\n<\/style>\n\t<\/div>\n\t\r\n\r\n\r\n\t\t<\/div>\n\t\t\t\t\t<\/div>\n\n\t\r\n\n\t<div id=\"col-429668862\" class=\"col medium-9 small-12 large-9\"  >\n\t\t\t\t<div class=\"col-inner\"  >\n\t\t\t\n\t\t\t\r\n\r\n<p><span style=\"font-size: 130%;\"><strong>Michael Mayerhofer<\/strong><\/span><\/p>\r\n<p>Michael es consultor de innovaci\u00f3n en MD y tiene experiencia profesional en las \u00e1reas de tecnolog\u00eda e innovaci\u00f3n. Fue cofundador de la primera startup del mundo de drones de limpieza y, desde entonces, ha trabajado en Amazon y como arquitecto de innovaci\u00f3n e intraemprendedor. En MD, Michael aprovecha su experiencia ayudando a los expertos a desarrollar soluciones innovadoras. Se implica con pasi\u00f3n en las innovaciones y est\u00e1 comprometido con el fomento de un entorno colaborativo en el que puedan prosperar las ideas.<\/p>\r\n\r\n\t\t<\/div>\n\t\t\t\t\t<\/div>\n\n\t\r\n\r\n\n<style>\n#row-359078492 > .col > .col-inner {\n  padding: 0 0px 0px 0px;\n}\n<\/style>\n<\/div>\r\n\r\n<\/div><\/div><\/div>\n","protected":false},"excerpt":{"rendered":"","protected":false},"author":2,"featured_media":0,"parent":0,"menu_order":0,"comment_status":"closed","ping_status":"closed","template":"","meta":{"footnotes":""},"class_list":["post-22512","page","type-page","status-publish","hentry"],"_links":{"self":[{"href":"https:\/\/www.md-elektronik.com\/es\/wp-json\/wp\/v2\/pages\/22512","targetHints":{"allow":["GET"]}}],"collection":[{"href":"https:\/\/www.md-elektronik.com\/es\/wp-json\/wp\/v2\/pages"}],"about":[{"href":"https:\/\/www.md-elektronik.com\/es\/wp-json\/wp\/v2\/types\/page"}],"author":[{"embeddable":true,"href":"https:\/\/www.md-elektronik.com\/es\/wp-json\/wp\/v2\/users\/2"}],"replies":[{"embeddable":true,"href":"https:\/\/www.md-elektronik.com\/es\/wp-json\/wp\/v2\/comments?post=22512"}],"version-history":[{"count":0,"href":"https:\/\/www.md-elektronik.com\/es\/wp-json\/wp\/v2\/pages\/22512\/revisions"}],"wp:attachment":[{"href":"https:\/\/www.md-elektronik.com\/es\/wp-json\/wp\/v2\/media?parent=22512"}],"curies":[{"name":"wp","href":"https:\/\/api.w.org\/{rel}","templated":true}]}}